{"id":217268,"date":"2024-08-16T16:52:16","date_gmt":"2024-08-16T14:52:16","guid":{"rendered":"https:\/\/www.qxworld.eu\/?page_id=217268"},"modified":"2025-06-16T16:16:27","modified_gmt":"2025-06-16T14:16:27","slug":"gebed-app","status":"publish","type":"page","link":"https:\/\/www.qxworld.eu\/af\/products\/prayer-app\/","title":{"rendered":"Gebeds-app"},"content":{"rendered":"<div data-elementor-type=\"wp-page\" data-elementor-id=\"217268\" class=\"elementor elementor-217268\" data-elementor-post-type=\"page\">\n\t\t\t\t<div class=\"elementor-element elementor-element-d49e75c e-flex e-con-boxed e-con e-parent\" data-id=\"d49e75c\" data-element_type=\"container\" data-e-type=\"container\" data-settings=\"{&quot;background_background&quot;:&quot;classic&quot;,&quot;jet_parallax_layout_list&quot;:[]}\">\n\t\t\t\t\t<div class=\"e-con-inner\">\n\t\t<div class=\"elementor-element elementor-element-0005cf0 e-con-full e-flex e-con e-child\" data-id=\"0005cf0\" data-element_type=\"container\" data-e-type=\"container\" data-settings=\"{&quot;jet_parallax_layout_list&quot;:[]}\">\n\t\t\t\t<div class=\"elementor-element elementor-element-c001b64 elementor-widget elementor-widget-image\" data-id=\"c001b64\" data-element_type=\"widget\" data-e-type=\"widget\" data-widget_type=\"image.default\">\n\t\t\t\t<div class=\"elementor-widget-container\">\n\t\t\t\t\t\t\t\t\t\t\t\t\t\t\t<img fetchpriority=\"high\" decoding=\"async\" width=\"477\" height=\"170\" src=\"https:\/\/www.qxworld.eu\/wp-content\/uploads\/2024\/08\/prayer-top-logo.png\" class=\"attachment-large size-large wp-image-217279\" alt=\"Tekslogo Energy Air\" srcset=\"https:\/\/www.qxworld.eu\/wp-content\/uploads\/2024\/08\/prayer-top-logo.png 477w, https:\/\/www.qxworld.eu\/wp-content\/uploads\/2024\/08\/prayer-top-logo-300x107.png 300w, https:\/\/www.qxworld.eu\/wp-content\/uploads\/2024\/08\/prayer-top-logo-18x6.png 18w\" sizes=\"(max-width: 477px) 100vw, 477px\" \/>\t\t\t\t\t\t\t\t\t\t\t\t\t\t\t<\/div>\n\t\t\t\t<\/div>\n\t\t\t\t<\/div>\n\t\t<div class=\"elementor-element elementor-element-1f73045 e-con-full e-flex e-con e-child\" data-id=\"1f73045\" data-element_type=\"container\" data-e-type=\"container\" data-settings=\"{&quot;jet_parallax_layout_list&quot;:[]}\">\n\t\t\t\t<div class=\"elementor-element elementor-element-b95f4a6 elementor-widget elementor-widget-heading\" data-id=\"b95f4a6\" data-element_type=\"widget\" data-e-type=\"widget\" data-widget_type=\"heading.default\">\n\t\t\t\t<div class=\"elementor-widget-container\">\n\t\t\t\t\t<h1 class=\"elementor-heading-title elementor-size-default\">Gebed 24\/7 Geestelik<br \/> Ondersteun sagteware<\/h1>\t\t\t\t<\/div>\n\t\t\t\t<\/div>\n\t\t\t\t<\/div>\n\t\t\t\t\t<\/div>\n\t\t\t\t<\/div>\n\t\t<div class=\"elementor-element elementor-element-f37a514 e-con-full e-flex e-con e-parent\" data-id=\"f37a514\" data-element_type=\"container\" data-e-type=\"container\" data-settings=\"{&quot;jet_parallax_layout_list&quot;:[]}\">\n\t\t\t\t<div class=\"elementor-element elementor-element-09e4aad elementor-widget elementor-widget-heading\" data-id=\"09e4aad\" data-element_type=\"widget\" data-e-type=\"widget\" data-widget_type=\"heading.default\">\n\t\t\t\t<div class=\"elementor-widget-container\">\n\t\t\t\t\t<h2 class=\"elementor-heading-title elementor-size-default\">Ervaar geestelike en emosionele harmonie soos nog nooit tevore nie met die Gebed, jou sleutel tot diep ontspanning, stresvermindering en gebalanseerde lewe.<\/h2>\t\t\t\t<\/div>\n\t\t\t\t<\/div>\n\t\t\t\t<\/div>\n\t\t<div class=\"elementor-element elementor-element-fbc9c4c e-flex e-con-boxed e-con e-parent\" data-id=\"fbc9c4c\" data-element_type=\"container\" data-e-type=\"container\" data-settings=\"{&quot;jet_parallax_layout_list&quot;:[]}\">\n\t\t\t\t\t<div class=\"e-con-inner\">\n\t\t<div class=\"elementor-element elementor-element-837963d e-con-full e-flex e-con e-child\" data-id=\"837963d\" data-element_type=\"container\" data-e-type=\"container\" data-settings=\"{&quot;jet_parallax_layout_list&quot;:[]}\">\n\t\t\t\t<div class=\"elementor-element elementor-element-ee4afa8 elementor-widget elementor-widget-heading\" data-id=\"ee4afa8\" data-element_type=\"widget\" data-e-type=\"widget\" data-widget_type=\"heading.default\">\n\t\t\t\t<div class=\"elementor-widget-container\">\n\t\t\t\t\t<h2 class=\"elementor-heading-title elementor-size-default\">Hier is hoe dit werk<\/h2>\t\t\t\t<\/div>\n\t\t\t\t<\/div>\n\t\t\t\t<div class=\"elementor-element elementor-element-ebd2eeb elementor-widget elementor-widget-text-editor\" data-id=\"ebd2eeb\" data-element_type=\"widget\" data-e-type=\"widget\" data-widget_type=\"text-editor.default\">\n\t\t\t\t<div class=\"elementor-widget-container\">\n\t\t\t\t\t\t\t\t\t<p>The Prayer is &#039;n revolusion\u00eare sagteware wat ontwerp is om onafhanklik van jou Bioterugvoer toestel te werk, en loop 24\/7 naatloos in die agtergrond. Deur die konsep van subtiele energievelde rondom elke persoon te benut, integreer hierdie instrument kragtige hololinguistiese frekwensies wat deur jou SVE gegenereer word, aangepas vir jou unieke insette en di\u00e9 van jou kli\u00ebnte.<\/p>\t\t\t\t\t\t\t\t<\/div>\n\t\t\t\t<\/div>\n\t\t\t\t<\/div>\n\t\t<div class=\"elementor-element elementor-element-c93c1d9 e-con-full e-flex e-con e-child\" data-id=\"c93c1d9\" data-element_type=\"container\" data-e-type=\"container\" data-settings=\"{&quot;background_background&quot;:&quot;classic&quot;,&quot;jet_parallax_layout_list&quot;:[]}\">\n\t\t\t\t<\/div>\n\t\t\t\t\t<\/div>\n\t\t\t\t<\/div>\n\t\t<div class=\"elementor-element elementor-element-17f64c9 e-flex e-con-boxed e-con e-parent\" data-id=\"17f64c9\" data-element_type=\"container\" data-e-type=\"container\" data-settings=\"{&quot;jet_parallax_layout_list&quot;:[]}\">\n\t\t\t\t\t<div class=\"e-con-inner\">\n\t\t<div class=\"elementor-element elementor-element-0661532 e-con-full e-flex e-con e-child\" data-id=\"0661532\" data-element_type=\"container\" data-e-type=\"container\" data-settings=\"{&quot;jet_parallax_layout_list&quot;:[]}\">\n\t\t\t\t<div class=\"elementor-element elementor-element-0f8a663 elementor-widget elementor-widget-heading\" data-id=\"0f8a663\" data-element_type=\"widget\" data-e-type=\"widget\" data-widget_type=\"heading.default\">\n\t\t\t\t<div class=\"elementor-widget-container\">\n\t\t\t\t\t<h2 class=\"elementor-heading-title elementor-size-default\">Omhels ou wysheid<\/h2>\t\t\t\t<\/div>\n\t\t\t\t<\/div>\n\t\t\t\t<div class=\"elementor-element elementor-element-d06c91b elementor-widget elementor-widget-text-editor\" data-id=\"d06c91b\" data-element_type=\"widget\" data-e-type=\"widget\" data-widget_type=\"text-editor.default\">\n\t\t\t\t<div class=\"elementor-widget-container\">\n\t\t\t\t\t\t\t\t\t<p>Omhels antieke Tibetaanse filosofie op &#039;n moderne manier met die Gebed. Hierdie sagteware laat jou toe om jou eie gebede, mantras en bevestigings by te voeg, groepsessies te skep en die ervaring te personaliseer om by jou behoeftes te pas. Deur &#039;n kombinasie van inligting en energieke golwe te versprei, bring die Gebed &#039;n deurlopende vloei van positiewe energie in jou lewe.<\/p>\t\t\t\t\t\t\t\t<\/div>\n\t\t\t\t<\/div>\n\t\t\t\t<\/div>\n\t\t<div class=\"elementor-element elementor-element-637c497 e-con-full e-flex e-con e-child\" data-id=\"637c497\" data-element_type=\"container\" data-e-type=\"container\" data-settings=\"{&quot;background_background&quot;:&quot;classic&quot;,&quot;jet_parallax_layout_list&quot;:[]}\">\n\t\t\t\t<\/div>\n\t\t\t\t\t<\/div>\n\t\t\t\t<\/div>\n\t\t<div class=\"elementor-element elementor-element-79ae133 e-con-full e-flex e-con e-parent\" data-id=\"79ae133\" data-element_type=\"container\" data-e-type=\"container\" data-settings=\"{&quot;jet_parallax_layout_list&quot;:[],&quot;background_background&quot;:&quot;classic&quot;}\">\n\t\t<div class=\"elementor-element elementor-element-e3e5833 e-flex e-con-boxed e-con e-child\" data-id=\"e3e5833\" data-element_type=\"container\" data-e-type=\"container\" data-settings=\"{&quot;jet_parallax_layout_list&quot;:[]}\">\n\t\t\t\t\t<div class=\"e-con-inner\">\n\t\t\t\t<div class=\"elementor-element elementor-element-fe0fbf8 elementor-widget elementor-widget-image\" data-id=\"fe0fbf8\" data-element_type=\"widget\" data-e-type=\"widget\" data-widget_type=\"image.default\">\n\t\t\t\t<div class=\"elementor-widget-container\">\n\t\t\t\t\t\t\t\t\t\t\t\t\t\t\t<img decoding=\"async\" width=\"300\" height=\"107\" src=\"https:\/\/www.qxworld.eu\/wp-content\/uploads\/2024\/08\/prayer-top-logo-300x107.png\" class=\"attachment-medium size-medium wp-image-217279\" alt=\"Tekslogo Energy Air\" srcset=\"https:\/\/www.qxworld.eu\/wp-content\/uploads\/2024\/08\/prayer-top-logo-300x107.png 300w, https:\/\/www.qxworld.eu\/wp-content\/uploads\/2024\/08\/prayer-top-logo-18x6.png 18w, https:\/\/www.qxworld.eu\/wp-content\/uploads\/2024\/08\/prayer-top-logo.png 477w\" sizes=\"(max-width: 300px) 100vw, 300px\" \/>\t\t\t\t\t\t\t\t\t\t\t\t\t\t\t<\/div>\n\t\t\t\t<\/div>\n\t\t\t\t<div class=\"elementor-element elementor-element-5592119 elementor-widget elementor-widget-heading\" data-id=\"5592119\" data-element_type=\"widget\" data-e-type=\"widget\" data-widget_type=\"heading.default\">\n\t\t\t\t<div class=\"elementor-widget-container\">\n\t\t\t\t\t<h2 class=\"elementor-heading-title elementor-size-default\">Transformeer jou geestelike praktyke en vind balans in jou alledaagse lewe met die Gebed<sup>\u00ae<\/sup><\/h2>\t\t\t\t<\/div>\n\t\t\t\t<\/div>\n\t\t\t\t<div class=\"elementor-element elementor-element-23a382d elementor-widget elementor-widget-text-editor\" data-id=\"23a382d\" data-element_type=\"widget\" data-e-type=\"widget\" data-widget_type=\"text-editor.default\">\n\t\t\t\t<div class=\"elementor-widget-container\">\n\t\t\t\t\t\t\t\t\t<p>Begin vandag jou reis na innerlike vrede.<\/p>\t\t\t\t\t\t\t\t<\/div>\n\t\t\t\t<\/div>\n\t\t\t\t<div class=\"elementor-element elementor-element-3314a50 elementor-align-center elementor-widget elementor-widget-button\" data-id=\"3314a50\" data-element_type=\"widget\" data-e-type=\"widget\" data-widget_type=\"button.default\">\n\t\t\t\t<div class=\"elementor-widget-container\">\n\t\t\t\t\t\t\t\t\t<div class=\"elementor-button-wrapper\">\n\t\t\t\t\t<a class=\"elementor-button elementor-button-link elementor-size-sm elementor-animation-grow\" href=\"\/representative\/\">\n\t\t\t\t\t\t<span class=\"elementor-button-content-wrapper\">\n\t\t\t\t\t\t\t\t\t<span class=\"elementor-button-text\">Kontak<\/span>\n\t\t\t\t\t<\/span>\n\t\t\t\t\t<\/a>\n\t\t\t\t<\/div>\n\t\t\t\t\t\t\t\t<\/div>\n\t\t\t\t<\/div>\n\t\t\t\t\t<\/div>\n\t\t\t\t<\/div>\n\t\t\t\t<\/div>\n\t\t<div class=\"elementor-element elementor-element-d9d5a4b e-flex e-con-boxed e-con e-parent\" data-id=\"d9d5a4b\" data-element_type=\"container\" data-e-type=\"container\" data-settings=\"{&quot;jet_parallax_layout_list&quot;:[]}\">\n\t\t\t\t\t<div class=\"e-con-inner\">\n\t\t<div class=\"elementor-element elementor-element-d9a8726 e-con-full e-flex e-con e-child\" data-id=\"d9a8726\" data-element_type=\"container\" data-e-type=\"container\" data-settings=\"{&quot;jet_parallax_layout_list&quot;:[]}\">\n\t\t\t\t<div class=\"elementor-element elementor-element-fea3b5d elementor-widget elementor-widget-heading\" data-id=\"fea3b5d\" data-element_type=\"widget\" data-e-type=\"widget\" data-widget_type=\"heading.default\">\n\t\t\t\t<div class=\"elementor-widget-container\">\n\t\t\t\t\t<h2 class=\"elementor-heading-title elementor-size-default\">Hoekom kies Gebed?<\/h2>\t\t\t\t<\/div>\n\t\t\t\t<\/div>\n\t\t\t\t<\/div>\n\t\t<div class=\"elementor-element elementor-element-b2a7458 e-con-full e-flex e-con e-child\" data-id=\"b2a7458\" data-element_type=\"container\" data-e-type=\"container\" data-settings=\"{&quot;jet_parallax_layout_list&quot;:[]}\">\n\t\t<div class=\"elementor-element elementor-element-c9491b1 e-con-full e-flex e-con e-child\" data-id=\"c9491b1\" data-element_type=\"container\" data-e-type=\"container\" data-settings=\"{&quot;jet_parallax_layout_list&quot;:[]}\">\n\t\t<div class=\"elementor-element elementor-element-f793893 e-con-full e-flex e-con e-child\" data-id=\"f793893\" data-element_type=\"container\" data-e-type=\"container\" data-settings=\"{&quot;background_background&quot;:&quot;classic&quot;,&quot;jet_parallax_layout_list&quot;:[]}\">\n\t\t\t\t<\/div>\n\t\t<div class=\"elementor-element elementor-element-ba6ddb2 e-con-full e-flex e-con e-child\" data-id=\"ba6ddb2\" data-element_type=\"container\" data-e-type=\"container\" data-settings=\"{&quot;jet_parallax_layout_list&quot;:[]}\">\n\t\t\t\t<div class=\"elementor-element elementor-element-6bff5ea elementor-widget elementor-widget-heading\" data-id=\"6bff5ea\" data-element_type=\"widget\" data-e-type=\"widget\" data-widget_type=\"heading.default\">\n\t\t\t\t<div class=\"elementor-widget-container\">\n\t\t\t\t\t<h3 class=\"elementor-heading-title elementor-size-default\">\"Quantum Prayer\"<br \/> Wiel<\/h3>\t\t\t\t<\/div>\n\t\t\t\t<\/div>\n\t\t\t\t<\/div>\n\t\t<div class=\"elementor-element elementor-element-ead736c e-con-full e-flex e-con e-child\" data-id=\"ead736c\" data-element_type=\"container\" data-e-type=\"container\" data-settings=\"{&quot;jet_parallax_layout_list&quot;:[]}\">\n\t\t\t\t<div class=\"elementor-element elementor-element-38ee13e elementor-widget__width-initial elementor-widget elementor-widget-text-editor\" data-id=\"38ee13e\" data-element_type=\"widget\" data-e-type=\"widget\" data-widget_type=\"text-editor.default\">\n\t\t\t\t<div class=\"elementor-widget-container\">\n\t\t\t\t\t\t\t\t\t<p>&#039;n Dinamiese gebedsvisualiseringsinstrument wat voortdurend energie sirkuleer, bedoelings en geestelike belyning versterk. Ge\u00efnspireer deur Tibetaanse gebedswiele, maak hierdie kenmerk die energieke uitsaai van gebede, mantras en bevestigings moontlik.<\/p>\t\t\t\t\t\t\t\t<\/div>\n\t\t\t\t<\/div>\n\t\t\t\t<\/div>\n\t\t\t\t<\/div>\n\t\t<div class=\"elementor-element elementor-element-f632a18 e-con-full e-flex e-con e-child\" data-id=\"f632a18\" data-element_type=\"container\" data-e-type=\"container\" data-settings=\"{&quot;jet_parallax_layout_list&quot;:[]}\">\n\t\t<div class=\"elementor-element elementor-element-a5a0e9b e-con-full e-flex e-con e-child\" data-id=\"a5a0e9b\" data-element_type=\"container\" data-e-type=\"container\" data-settings=\"{&quot;background_background&quot;:&quot;classic&quot;,&quot;jet_parallax_layout_list&quot;:[]}\">\n\t\t\t\t<\/div>\n\t\t<div class=\"elementor-element elementor-element-128f808 e-con-full e-flex e-con e-child\" data-id=\"128f808\" data-element_type=\"container\" data-e-type=\"container\" data-settings=\"{&quot;jet_parallax_layout_list&quot;:[]}\">\n\t\t\t\t<div class=\"elementor-element elementor-element-d90b2ad elementor-widget elementor-widget-heading\" data-id=\"d90b2ad\" data-element_type=\"widget\" data-e-type=\"widget\" data-widget_type=\"heading.default\">\n\t\t\t\t<div class=\"elementor-widget-container\">\n\t\t\t\t\t<h3 class=\"elementor-heading-title elementor-size-default\">Klankterapie en frekwensiebalansering<\/h3>\t\t\t\t<\/div>\n\t\t\t\t<\/div>\n\t\t\t\t<\/div>\n\t\t<div class=\"elementor-element elementor-element-6cdef94 e-con-full e-flex e-con e-child\" data-id=\"6cdef94\" data-element_type=\"container\" data-e-type=\"container\" data-settings=\"{&quot;jet_parallax_layout_list&quot;:[]}\">\n\t\t\t\t<div class=\"elementor-element elementor-element-b981a01 elementor-widget__width-initial elementor-widget elementor-widget-text-editor\" data-id=\"b981a01\" data-element_type=\"widget\" data-e-type=\"widget\" data-widget_type=\"text-editor.default\">\n\t\t\t\t<div class=\"elementor-widget-container\">\n\t\t\t\t\t\t\t\t\t<p>&#039;n Ingeboude klankterapie-module wat &#039;n reeks natuurlike frekwensies bied, soos: Vo\u00eblliedjies, re\u00ebnwoudgeluide, walvisroepe en donderstorms vir diep ontspanning. Rimpelmusiek en harmoniese frekwensies om balans te herstel. Ontwerp om meditasie te verbeter, stres te verminder en energieke belyning te ondersteun.<\/p>\t\t\t\t\t\t\t\t<\/div>\n\t\t\t\t<\/div>\n\t\t\t\t<\/div>\n\t\t\t\t<\/div>\n\t\t\t\t<\/div>\n\t\t<div class=\"elementor-element elementor-element-b748751 e-con-full e-flex e-con e-child\" data-id=\"b748751\" data-element_type=\"container\" data-e-type=\"container\" data-settings=\"{&quot;jet_parallax_layout_list&quot;:[]}\">\n\t\t<div class=\"elementor-element elementor-element-f96e320 e-con-full e-flex e-con e-child\" data-id=\"f96e320\" data-element_type=\"container\" data-e-type=\"container\" data-settings=\"{&quot;jet_parallax_layout_list&quot;:[]}\">\n\t\t<div class=\"elementor-element elementor-element-7efc7f5 e-con-full e-flex e-con e-child\" data-id=\"7efc7f5\" data-element_type=\"container\" data-e-type=\"container\" data-settings=\"{&quot;background_background&quot;:&quot;classic&quot;,&quot;jet_parallax_layout_list&quot;:[]}\">\n\t\t\t\t<\/div>\n\t\t<div class=\"elementor-element elementor-element-b468706 e-con-full e-flex e-con e-child\" data-id=\"b468706\" data-element_type=\"container\" data-e-type=\"container\" data-settings=\"{&quot;jet_parallax_layout_list&quot;:[]}\">\n\t\t\t\t<div class=\"elementor-element elementor-element-beba6ae elementor-widget elementor-widget-heading\" data-id=\"beba6ae\" data-element_type=\"widget\" data-e-type=\"widget\" data-widget_type=\"heading.default\">\n\t\t\t\t<div class=\"elementor-widget-container\">\n\t\t\t\t\t<h3 class=\"elementor-heading-title elementor-size-default\">Ge\u00efntegreerde kli\u00ebntre\u00eblbreekBestuur<\/h3>\t\t\t\t<\/div>\n\t\t\t\t<\/div>\n\t\t\t\t<\/div>\n\t\t<div class=\"elementor-element elementor-element-4a215e8 e-con-full e-flex e-con e-child\" data-id=\"4a215e8\" data-element_type=\"container\" data-e-type=\"container\" data-settings=\"{&quot;jet_parallax_layout_list&quot;:[]}\">\n\t\t\t\t<div class=\"elementor-element elementor-element-2e70a9b elementor-widget__width-initial elementor-widget elementor-widget-text-editor\" data-id=\"2e70a9b\" data-element_type=\"widget\" data-e-type=\"widget\" data-widget_type=\"text-editor.default\">\n\t\t\t\t<div class=\"elementor-widget-container\">\n\t\t\t\t\t\t\t\t\t<p>Stoor en bestuur kli\u00ebntprofiele, insluitend persoonlike besonderhede, energiestatistieke en gebedsgeskiedenis.<\/p>\t\t\t\t\t\t\t\t<\/div>\n\t\t\t\t<\/div>\n\t\t\t\t<\/div>\n\t\t\t\t<\/div>\n\t\t<div class=\"elementor-element elementor-element-f880733 e-con-full e-flex e-con e-child\" data-id=\"f880733\" data-element_type=\"container\" data-e-type=\"container\" data-settings=\"{&quot;jet_parallax_layout_list&quot;:[]}\">\n\t\t<div class=\"elementor-element elementor-element-97309c8 e-con-full e-flex e-con e-child\" data-id=\"97309c8\" data-element_type=\"container\" data-e-type=\"container\" data-settings=\"{&quot;background_background&quot;:&quot;classic&quot;,&quot;jet_parallax_layout_list&quot;:[]}\">\n\t\t\t\t<\/div>\n\t\t<div class=\"elementor-element elementor-element-c79f415 e-con-full e-flex e-con e-child\" data-id=\"c79f415\" data-element_type=\"container\" data-e-type=\"container\" data-settings=\"{&quot;jet_parallax_layout_list&quot;:[]}\">\n\t\t\t\t<div class=\"elementor-element elementor-element-082f44b elementor-widget elementor-widget-heading\" data-id=\"082f44b\" data-element_type=\"widget\" data-e-type=\"widget\" data-widget_type=\"heading.default\">\n\t\t\t\t<div class=\"elementor-widget-container\">\n\t\t\t\t\t<h3 class=\"elementor-heading-title elementor-size-default\">Schumann-golf en harmoniese resonansie<\/h3>\t\t\t\t<\/div>\n\t\t\t\t<\/div>\n\t\t\t\t<\/div>\n\t\t<div class=\"elementor-element elementor-element-fc0e2c6 e-con-full e-flex e-con e-child\" data-id=\"fc0e2c6\" data-element_type=\"container\" data-e-type=\"container\" data-settings=\"{&quot;jet_parallax_layout_list&quot;:[]}\">\n\t\t\t\t<div class=\"elementor-element elementor-element-dc21d65 elementor-widget__width-initial elementor-widget elementor-widget-text-editor\" data-id=\"dc21d65\" data-element_type=\"widget\" data-e-type=\"widget\" data-widget_type=\"text-editor.default\">\n\t\t\t\t<div class=\"elementor-widget-container\">\n\t\t\t\t\t\t\t\t\t<p>Gebruik Schumann-resonansies (7.83 Hz en variasies) om begronding en stabiliteit te bevorder. Bied UHF Harmonics, Cybernetic Loops, Radionika-aktivering en Orgone-veldintegrasie vir verbeterde energieveldsinchronisasie.<\/p>\t\t\t\t\t\t\t\t<\/div>\n\t\t\t\t<\/div>\n\t\t\t\t<\/div>\n\t\t\t\t<\/div>\n\t\t<div class=\"elementor-element elementor-element-89e4f80 e-con-full e-flex e-con e-child\" data-id=\"89e4f80\" data-element_type=\"container\" data-e-type=\"container\" data-settings=\"{&quot;jet_parallax_layout_list&quot;:[]}\">\n\t\t<div class=\"elementor-element elementor-element-be11942 e-con-full e-flex e-con e-child\" data-id=\"be11942\" data-element_type=\"container\" data-e-type=\"container\" data-settings=\"{&quot;background_background&quot;:&quot;classic&quot;,&quot;jet_parallax_layout_list&quot;:[]}\">\n\t\t\t\t<\/div>\n\t\t<div class=\"elementor-element elementor-element-a805dd3 e-con-full e-flex e-con e-child\" data-id=\"a805dd3\" data-element_type=\"container\" data-e-type=\"container\" data-settings=\"{&quot;jet_parallax_layout_list&quot;:[]}\">\n\t\t\t\t<div class=\"elementor-element elementor-element-6729f8e elementor-widget elementor-widget-heading\" data-id=\"6729f8e\" data-element_type=\"widget\" data-e-type=\"widget\" data-widget_type=\"heading.default\">\n\t\t\t\t<div class=\"elementor-widget-container\">\n\t\t\t\t\t<h3 class=\"elementor-heading-title elementor-size-default\">Gepersonaliseerde Gebed- en Bevestigingstelsel<\/h3>\t\t\t\t<\/div>\n\t\t\t\t<\/div>\n\t\t\t\t<\/div>\n\t\t<div class=\"elementor-element elementor-element-2a26b9c e-con-full e-flex e-con e-child\" data-id=\"2a26b9c\" data-element_type=\"container\" data-e-type=\"container\" data-settings=\"{&quot;jet_parallax_layout_list&quot;:[]}\">\n\t\t\t\t<div class=\"elementor-element elementor-element-0fd4988 elementor-widget__width-initial elementor-widget elementor-widget-text-editor\" data-id=\"0fd4988\" data-element_type=\"widget\" data-e-type=\"widget\" data-widget_type=\"text-editor.default\">\n\t\t\t\t<div class=\"elementor-widget-container\">\n\t\t\t\t\t\t\t\t\t<p>Skep en pasmaak jou eie gebede of kies uit &#039;n databasis van geleide bevestigings. Stoor gebede en organiseer dit in persoonlike of groepsessies. Gebruik die Quantum Prayer-stelsel om voornemens te versterk.<\/p>\t\t\t\t\t\t\t\t<\/div>\n\t\t\t\t<\/div>\n\t\t\t\t<\/div>\n\t\t\t\t<\/div>\n\t\t\t\t<\/div>\n\t\t\t\t\t<\/div>\n\t\t\t\t<\/div>\n\t\t\t\t<\/div>","protected":false},"excerpt":{"rendered":"<p>Die Gebeds-app bied begeleide meditatiewe praktyke om jou holistiese gesondheidsreis te ondersteun, en integreer bewustheid in jou daaglikse roetine.<\/p>","protected":false},"author":1664,"featured_media":291809,"parent":1195,"menu_order":0,"comment_status":"closed","ping_status":"closed","template":"","meta":{"_acf_changed":false,"_seopress_robots_primary_cat":"","_seopress_titles_title":"Elevate Meditation with Prayer\u00ae: Inner Peace & Harmony","_seopress_titles_desc":"Unlock spiritual harmony with Prayer\u00ae, the software inspired by Tibetan philosophy. Deep relaxation and balanced living await!","_seopress_robots_index":"","footnotes":""},"class_list":["post-217268","page","type-page","status-publish","has-post-thumbnail","hentry"],"acf":[],"_links":{"self":[{"href":"https:\/\/www.qxworld.eu\/af\/wp-json\/wp\/v2\/pages\/217268","targetHints":{"allow":["GET"]}}],"collection":[{"href":"https:\/\/www.qxworld.eu\/af\/wp-json\/wp\/v2\/pages"}],"about":[{"href":"https:\/\/www.qxworld.eu\/af\/wp-json\/wp\/v2\/types\/page"}],"author":[{"embeddable":true,"href":"https:\/\/www.qxworld.eu\/af\/wp-json\/wp\/v2\/users\/1664"}],"replies":[{"embeddable":true,"href":"https:\/\/www.qxworld.eu\/af\/wp-json\/wp\/v2\/comments?post=217268"}],"version-history":[{"count":126,"href":"https:\/\/www.qxworld.eu\/af\/wp-json\/wp\/v2\/pages\/217268\/revisions"}],"predecessor-version":[{"id":323138,"href":"https:\/\/www.qxworld.eu\/af\/wp-json\/wp\/v2\/pages\/217268\/revisions\/323138"}],"up":[{"embeddable":true,"href":"https:\/\/www.qxworld.eu\/af\/wp-json\/wp\/v2\/pages\/1195"}],"wp:featuredmedia":[{"embeddable":true,"href":"https:\/\/www.qxworld.eu\/af\/wp-json\/wp\/v2\/media\/291809"}],"wp:attachment":[{"href":"https:\/\/www.qxworld.eu\/af\/wp-json\/wp\/v2\/media?parent=217268"}],"curies":[{"name":"wp","href":"https:\/\/api.w.org\/{rel}","templated":true}]}}