{"id":293341,"date":"2025-02-14T10:38:17","date_gmt":"2025-02-14T09:38:17","guid":{"rendered":"https:\/\/www.qxworld.eu\/?page_id=293341"},"modified":"2025-04-07T15:36:43","modified_gmt":"2025-04-07T13:36:43","slug":"esemenyadat-kezelesi-informaciok","status":"publish","type":"page","link":"https:\/\/www.qxworld.eu\/ar\/esemenyadat-kezelesi-informaciok\/","title":{"rendered":"esem\u00e9nyadat-kezel\u00e9si inform\u00e1ci\u00f3k"},"content":{"rendered":"<div data-elementor-type=\"wp-page\" data-elementor-id=\"293341\" class=\"elementor elementor-293341\" data-elementor-post-type=\"page\">\n\t\t\t\t<div class=\"elementor-element elementor-element-3819aac e-flex e-con-boxed e-con e-parent\" data-id=\"3819aac\" data-element_type=\"container\" data-e-type=\"container\" data-settings=\"{&quot;background_background&quot;:&quot;classic&quot;,&quot;jet_parallax_layout_list&quot;:[]}\">\n\t\t\t\t\t<div class=\"e-con-inner\">\n\t\t<div class=\"elementor-element elementor-element-034d400 e-con-full e-flex e-con e-child\" data-id=\"034d400\" data-element_type=\"container\" data-e-type=\"container\" data-settings=\"{&quot;jet_parallax_layout_list&quot;:[]}\">\n\t\t\t\t<div class=\"elementor-element elementor-element-61dc0f5 elementor-widget elementor-widget-heading\" data-id=\"61dc0f5\" data-element_type=\"widget\" data-e-type=\"widget\" data-widget_type=\"heading.default\">\n\t\t\t\t<div class=\"elementor-widget-container\">\n\t\t\t\t\t<h1 class=\"elementor-heading-title elementor-size-default\">esem\u00e9nyadat-kezel\u00e9si inform\u00e1ci\u00f3k<\/h1>\t\t\t\t<\/div>\n\t\t\t\t<\/div>\n\t\t\t\t<\/div>\n\t\t\t\t\t<\/div>\n\t\t\t\t<\/div>\n\t\t<div class=\"elementor-element elementor-element-fe67599 e-flex e-con-boxed e-con e-parent\" data-id=\"fe67599\" data-element_type=\"container\" data-e-type=\"container\" data-settings=\"{&quot;jet_parallax_layout_list&quot;:[]}\">\n\t\t\t\t\t<div class=\"e-con-inner\">\n\t\t\t\t<div class=\"elementor-element elementor-element-506b1b5 elementor-widget elementor-widget-text-editor\" data-id=\"506b1b5\" data-element_type=\"widget\" data-e-type=\"widget\" data-widget_type=\"text-editor.default\">\n\t\t\t\t<div class=\"elementor-widget-container\">\n\t\t\t\t\t\t\t\t\t<p>\u0648\u0642\u062f \u062a\u0645 \u0625\u0646\u0634\u0627\u0621 \u0645\u0624\u062a\u0645\u0631 \u0645\u0627\u062c\u064a\u0627\u0631 \u0644\u0644\u0627\u0631\u062a\u062c\u0627\u0639 \u0627\u0644\u0628\u064a\u0648\u0644\u0648\u062c\u064a \u0641\u064a \u0643\u064a\u0648 \u0625\u0643\u0633 \u0648\u0648\u0631\u0644\u062f \u0643\u0641\u062a\u060c \u0648\u0647\u0648 \u0645\u0624\u062a\u0645\u0631 \u0645\u0627\u062c\u064a\u0627\u0631 \u0644\u0644\u0627\u0631\u062a\u062c\u0627\u0639 \u0627\u0644\u0628\u064a\u0648\u0644\u0648\u062c\u064a (\u0641\u064a \u0645\u0624\u062a\u0645\u0631 \u0645\u0627\u062c\u064a\u0627\u0631 \u0644\u0644\u0627\u0631\u062a\u062c\u0627\u0639 \u0627\u0644\u0628\u064a\u0648\u0644\u0648\u062c\u064a).<\/p><p><strong>1\u060c ADATKEZZELZELZ\u150e<\/strong><\/p><p>Az adatkezel\u0151 a QX WORLD Kft. (sz\u00e9khelye: sz\u00e9khelye: 1095 Budapest, Tin\u00f3di utca 1-3. A. \u00e9p\u00fclet, 4. emelet, 93. ajt\u00f3; \u0627\u0644\u0628\u0631\u064a\u062f \u0627\u0644\u0625\u0644\u0643\u062a\u0631\u0648\u0646\u064a: bettina.szucs@qxworld.eu)\u060c a tov\u00e1bbiakban: \"Adatkezel\u0151\", \"QX World\" vagy \"mi\".<\/p><p><strong>2, milyen c\u00e9lb\u00f3l c\u00e9lb\u00f3l \u00e9s milyen szem\u00e9lyes adatokat kezel\u00fcnk? mi a jogalapja a az \u00f6n szem\u00e9lyes adatainak feldolgoz\u00e1s\u00e1s\u00e1nak?<\/strong><\/p><p>\u0623) \u0623) \u0644\u0642\u062f \u062a\u0645 \u062a\u0633\u062c\u064a\u0644 \u062c\u0645\u064a\u0639 \u0627\u0644\u0628\u064a\u0627\u0646\u0627\u062a \u0627\u0644\u062e\u0627\u0635\u0629 \u0628\u0640 Rendezv\u00e9nnyel \u0641\u064a \u0633\u062c\u0644\u0627\u062a \u0627\u0644\u0627\u062a\u0635\u0627\u0644\u0627\u062a \u0641\u064a \u062c\u0645\u064a\u0639 \u0623\u0646\u062d\u0627\u0621 \u0627\u0644\u0639\u0627\u0644\u0645 \u0645\u0646 \u062e\u0644\u0627\u0644 \u0627\u0644\u0628\u0631\u064a\u062f \u0627\u0644\u0625\u0644\u0643\u062a\u0631\u0648\u0646\u064a. \u0643\u0645\u0627 \u0623\u0646 \u0647\u0646\u0627\u0643 \u0627\u0644\u0643\u062b\u064a\u0631 \u0645\u0646 \u0627\u0644\u0623\u0645\u0648\u0631 \u0627\u0644\u062a\u064a \u064a\u062c\u0628 \u0623\u0646 \u064a\u062a\u0645 \u0627\u0644\u062a\u0639\u0627\u0645\u0644 \u0645\u0639\u0647\u0627.<\/p><p>\u0641\u064a 679\/2016\/EU rendelet (a tov\u00e1bbiakban: \"GDPR\") 6. cikkeke (1) bekezdd\u00e9sd\u00e9s\u00e9nek b) pontj\u00e1ra t\u00e1maszkodkodunk\u060c mivel a ilyen feldololgoz\u00e1s sz\u00fcks\u00e9ges egy szerz\u0151d\u00e9s teljes\u00edt\u00e9s\u00e9z.<\/p><p>\u0648\u062e\u062f\u0645\u0629 \u0627\u0644\u0641\u064a\u062f\u064a\u0648 \u0639\u0628\u0631 \u0627\u0644\u0625\u0646\u062a\u0631\u0646\u062a (\u0627\u0644\u0625\u0646\u062a\u0631\u0627\u0646\u062a) \u0647\u064a \u0648\u0633\u064a\u0644\u0629 \u0627\u062a\u0635\u0627\u0644 \u0645\u0628\u0627\u0634\u0631\u0629 \u0628\u064a\u0646\u0643 \u0648\u0628\u064a\u0646 \u0634\u0628\u0643\u0629 \u0627\u0644\u0625\u0646\u062a\u0631\u0646\u062a (\u0627\u0644\u0625\u0646\u062a\u0631\u0627\u0646\u062a).<\/p><p>\u0644\u0643\u0646 \u0647\u0630\u0627 \u0644\u0627 \u064a\u0639\u0646\u064a \u0623\u0646 \u0647\u0630\u0627 \u0644\u0627 \u064a\u0639\u0646\u064a \u0623\u0646 \u0647\u0630\u0627 \u0627\u0644\u0642\u0627\u0646\u0648\u0646 \u0633\u064a\u0624\u062b\u0631 \u0639\u0644\u0649 \u0627\u0644\u0646\u0638\u0627\u0645 \u0627\u0644\u0639\u0627\u0645 \u0644\u062d\u0645\u0627\u064a\u0629 \u0627\u0644\u0628\u064a\u0627\u0646\u0627\u062a \u0627\u0644\u0634\u062e\u0635\u064a\u0629 \u0623\u0648 \u0639\u0644\u0649 \u0627\u0644\u0646\u0638\u0627\u0645 \u0627\u0644\u0639\u0627\u0645 \u0644\u062d\u0645\u0627\u064a\u0629 \u0627\u0644\u0628\u064a\u0627\u0646\u0627\u062a \u0627\u0644\u0634\u062e\u0635\u064a\u0629. \u0643\u0645\u0627 \u0623\u0646 \u0627\u0644\u0644\u0627\u0626\u062d\u0629 \u0627\u0644\u0639\u0627\u0645\u0629 \u0644\u062d\u0645\u0627\u064a\u0629 \u0627\u0644\u0628\u064a\u0627\u0646\u0627\u062a (1) \u0642\u062f \u0644\u0627 \u062a\u0643\u0648\u0646 \u0642\u062f \u062d\u0635\u0644\u062a \u0639\u0644\u0649 \u0623\u064a \u0645\u0639\u0644\u0648\u0645\u0627\u062a \u0639\u0646 \u0647\u0630\u0627 \u0627\u0644\u0645\u0648\u0636\u0648\u0639.<\/p><p><strong>3.mennyi ideig \u0151 rizz\u00fck meg az \u00f6n szem\u00e9lyes adatait?<\/strong><\/p><p>A jelen adatkezelizel\u00e9si t\u00e1j\u00e9koztat\u00f3 2.A. pontj\u00e1ban meghat\u00e1rozl\u00e9s szem\u00e9lyes adatokat a Rendezv\u00e9ny befejjez\u00e9s\u00e9s\u00e9t k\u00f6vet\u0151 \u00f6t\u00f6t\u00f6dik \u00e9v v\u00e9g\u00e9ig \u0151 rizz\u00fck meg, kiv\u00e9ve, ha jogszab\u00e1ly m\u00e1sk\u00e9nt rendelkezek.<\/p><p>Ha az \u00d6n szem\u00e9lyes adatait az \u00d6n hozz\u00e1j\u00e1rul\u00e1sa alapj\u00e1n kezelj\u00fck, akkor az \u00d6n szem\u00e9lyes adatait mindaddig meg\u0151rizz\u00fck \u00e9s kezelj\u00fck, am\u00edg \u00d6n vissza nem vonja a hozz\u00e1j\u00e1rul\u00e1s\u00e1t.<\/p><p>\u0648\u0642\u062f \u064a\u0643\u0648\u0646 \u0645\u0646 \u0627\u0644\u0645\u0641\u064a\u062f \u0623\u0646 \u0646\u0623\u062e\u0630 \u0641\u064a \u0627\u0644\u0627\u0639\u062a\u0628\u0627\u0631 \u0623\u0646 \u0647\u0630\u0627 \u0627\u0644\u0623\u0645\u0631 \u0644\u0627 \u064a\u0639\u0646\u064a \u0623\u0646 \u0646\u0646\u0633\u0649 \u0623\u0646 \u0647\u0646\u0627\u0643 \u0627\u0644\u0643\u062b\u064a\u0631 \u0645\u0646 \u0627\u0644\u0623\u0645\u0648\u0631 \u0627\u0644\u062a\u064a \u064a\u0645\u0643\u0646 \u0623\u0646 \u062a\u0643\u0648\u0646 \u0642\u062f \u062d\u062f\u062b\u062a \u0641\u064a \u0627\u0644\u0645\u0627\u0636\u064a.<\/p><p><strong>4, ki f\u00e9rhet hozz\u00e1 az az \u00f6n szem\u00e9lyes adataihoz?<\/strong><\/p><p>Kiz\u00e1r\u00e1r\u00f3lag az arra felhatalmazott munkat\u00e1rsaink f\u00e9rhetnek hozz\u00e1z az \u00d6n szem\u00e9lyes adataihoz.<\/p><p>\u0641\u064a \u062d\u064a\u0646 \u0623\u0646 \u0647\u0630\u0627 \u0644\u0627 \u064a\u0639\u0646\u064a \u0623\u0646 \u0647\u0646\u0627\u0643 \u062d\u0627\u062c\u0629 \u0625\u0644\u0649 \u0645\u0632\u064a\u062f \u0645\u0646 \u0627\u0644\u062a\u0648\u0636\u064a\u062d\u060c \u062d\u064a\u062b \u0623\u0646 \u0647\u0646\u0627\u0643 \u0627\u0644\u0643\u062b\u064a\u0631 \u0645\u0646 \u0627\u0644\u0623\u0645\u0648\u0631 \u0627\u0644\u062a\u064a \u064a\u0645\u0643\u0646 \u0623\u0646 \u062a\u0643\u0648\u0646 \u0642\u062f \u062a\u0645 \u062d\u0644\u0647\u0627.<\/p><p><strong>5\u060c az \u00f6n jogai az adatfeldolgoz\u00e1ssal kapcsolatban<\/strong><\/p><p>\u0623) \u0623) A hozz\u00e1j\u00e1rul\u00e1s visszavon\u00e1s\u00e1s\u00e1hoz val\u00f3 jog: \u0647\u0627 \u00d6n hozz\u00e1r\u00e1rul\u00e1s\u00e1t adta szem\u00e9lyes adatainak feldolgoz\u00e1s\u00e1s\u00e1hoz\u060c akkor a hozz\u00e1r\u00e1rul\u00e1s\u00e1t b\u00e1rmikor visszavonhatja a j\u00f6v\u0151re n\u00e9zve.<\/p><p>(\u0628) Hozz\u00e1f\u00e9r\u00e9si jog: \u00d6nnek joga van arra, hogy meger\u0151s\u00edt\u00e9t\u00e9st kapjon t\u0151l\u00fcnk arr\u00f3l, hogy szem\u00e9lyes adatainak feldolgoz\u00e1sa folyamatban van-e, \u00c9 \u00c9 \u00c9t higen, akkor joga van arra, hogy hozz\u00e1f\u00e9rjen szem\u00e9lyes adataihoz. \u0648\u0642\u062f \u062a\u0645\u0643\u0646\u0627 \u0645\u0646 \u0627\u0644\u062d\u0635\u0648\u0644 \u0639\u0644\u0649 \u0645\u0639\u0644\u0648\u0645\u0627\u062a \u0639\u0646 \u0647\u0630\u0647 \u0627\u0644\u0645\u0639\u0644\u0648\u0645\u0627\u062a \u0645\u0646 \u062e\u0644\u0627\u0644 \u0647\u0630\u0627 \u0627\u0644\u062a\u0642\u0631\u064a\u0631\u060c \u0648\u0644\u0643\u0646\u0646\u0627 \u0644\u0645 \u0646\u062a\u0645\u0643\u0646 \u0645\u0646 \u0627\u0644\u062d\u0635\u0648\u0644 \u0639\u0644\u0649 \u0645\u0639\u0644\u0648\u0645\u0627\u062a \u0643\u0627\u0641\u064a\u0629.<\/p><p>\u062c) A helyesb\u00edt\u00e9shez val\u00f3 jog: \u00d6n jogosult az \u00d6nre vonatkoz\u00f3 pontatatlan szem\u00e9lyes adatok helyesb\u00edt\u00e9s\u00e9s\u00e9t k\u00e9rni.<\/p><p>(\u062f) T\u00f6rll\u00e9shez val\u00f3 jog (az elfeledtetet\u00e9shez val\u00f3 jog): Bizonyos esetekben joga van ahhoz, hogy k\u00e9rje szem\u00e9lyes adatainak t\u00f6rl\u00e9s\u00e9t.<\/p><p>\u0647) Az adatkezel\u00e9s korl\u00e1toz\u00e1s\u00e1s\u00e1s\u00e1s\u00e1z val\u00f3 jog: Bizonyos esetekben joga van k\u00e9rni, hogy korl\u00e1tozzuk az \u00d6n szem\u00e9lyes adatainak feldolgoz\u00e1s\u00e1s\u00e1t. Ilyen esetekben az adatokat csak bizonyos, a t\u00f6rv\u00e9nyben meghat\u00e1rozott korl\u00e1tozott c\u00e9lokra lehet feldolgogoz\u00e1sni.<\/p><p>\u0648) Az adathordordozhat\u00f3s\u00e1s\u00e1ghoz val\u00f3 jog:<\/p><p>\u0632) Tiltakoz\u00e1shoz val\u00f3 jog: \u00d6n jogososult arra\u060c hogy a GDPR 6. cikke (1) bekezd\u00e9sd\u00e9s\u00e9nek f) pontja alapj\u00e1n b\u00e1rmikor tiltakoz\u00e1zon szem\u00e9lyes adatainak kezel\u00e9se ellen a \u00d6n k\u00fcl\u00f6nleges helyzet\u00e9vel kapcsolatos okokb\u00f3l. \u0644\u0627 \u064a\u0645\u0643\u0646 \u0623\u0646 \u064a\u0643\u0648\u0646 \u0647\u0646\u0627\u0643 \u0623\u064a \u0634\u064a\u0621 \u0622\u062e\u0631 \u063a\u064a\u0631 \u0630\u0644\u0643 \u0641\u064a \u0627\u0644\u0648\u0642\u062a \u0627\u0644\u0631\u0627\u0647\u0646\u060c \u0648\u0644\u0643\u0646 \u064a\u0645\u0643\u0646 \u0623\u0646 \u064a\u0643\u0648\u0646 \u0647\u0646\u0627\u0643 \u0623\u064a \u0634\u064a\u0621 \u0622\u062e\u0631 \u063a\u064a\u0631 \u0630\u0644\u0643 \u0641\u064a \u0627\u0644\u0648\u0642\u062a \u0627\u0644\u0631\u0627\u0647\u0646, \u0648a amelyek els\u0151bbs\u00e9get \u00e9lveznek az \u00d6n \u00e9rdekekeivel, jogaival \u00e9s szabads\u00e1gaival szemben, vagy amelyek jogi ig\u00e9nyek el\u0151terjeszt\u00e9s\u00e9z, \u00e9rv\u00e9nyes\u00edt\u00e9s\u00e9s\u00e9z vagy v\u00e9delm\u00e9hez kapcsol\u00f3dnak.<\/p><p>\u062d) Panaszt\u00e9telhez val\u00f3 jog: Ha \u00fagy v\u00e9li, hogy jogait megs\u00e9rtettett\u00e9k, joga van panaszt tenni a Nemzeti Adatv\u00e9delmi \u00e9s Inform\u00e1ci\u00f3szabads\u00e1g Hat\u00f3s\u00e1gn\u00e1l (levelez\u00e9si c\u00edm: 1363 Budapest, Pf.: 9., c\u00edm: Falk Miksa utca 9-11., tel: +36-1-391-1410, e-mail: ugyfelszolgalat@naih.hu).<\/p><p>Jogai gyakorl\u00e1s\u00e1s\u00e1hoz k\u00e9rj\u00fck, l\u00e9pjen kapcsolatba vel\u00fcnk a info@qxworld.eu c\u00edmen. \u0648\u0642\u062f \u062a\u0645 \u0627\u0633\u062a\u062e\u062f\u0627\u0645 \u0647\u0630\u0627 \u0627\u0644\u0645\u0635\u0637\u0644\u062d \u0641\u064a \u0628\u0639\u0636 \u0627\u0644\u0623\u062d\u064a\u0627\u0646 \u0641\u064a \u0628\u0639\u0636 \u0627\u0644\u0623\u062d\u064a\u0627\u0646 \u0641\u064a \u0628\u0639\u0636 \u0627\u0644\u0623\u062d\u064a\u0627\u0646 \u0641\u064a \u0628\u0639\u0636 \u0627\u0644\u0623\u062d\u064a\u0627\u0646 \u0641\u064a \u0628\u0639\u0636 \u0627\u0644\u0623\u062d\u064a\u0627\u0646 \u0641\u064a \u0628\u0639\u0636 \u0627\u0644\u0623\u062d\u064a\u0627\u0646:<\/p><p>-<\/p><p>\u0628\u0648\u0633\u062a\u0627\u062a\u0634\u064a\u0645: 1095 \u0628\u0648\u062f\u0627\u0628\u0633\u062a\u060c \u062a\u064a\u0646\u0648\u062f\u064a \u0623\u0648\u062a\u0643\u0627 1-3. A. \u00e9p\u00fclet, 4. emelet, 93-as ajt\u00f3<\/p><p>-<\/p><p>\u0627\u0644\u0628\u0631\u064a\u062f \u0627\u0644\u0625\u0644\u0643\u062a\u0631\u0648\u0646\u064a: bettina.szucs@qxworld.eu<\/p><p>Jelen adatkezel\u00e9si t\u00e1j\u00e9koztat\u00f3 2025. janu\u00e1r 1-t\u0151l hat\u00e1lyos.<\/p><p><strong>hozz\u00e1j\u00e1rul\u00f3 nyilatkozat<\/strong><\/p><p>Jelen nyilatkozat vastagon szed\u00e9s\u00e9vel hozz\u00e1j\u00e1rulok ahhoz, hogy a QX WORLD Kft. (bejegygyzett sz\u00e9khelye: ) 1095 Budapest, Tin\u00f3di utca 1-3. A. \u00e9p\u00fclet, 4. emelet, 93. ajt\u00f3; a tov\u00e1bbiakban: \"QX World\") \u00e9s \/ vagy megb\u00edzott k\u00e9pvisel\u0151je a 2025. \u00e1prilis 10-11. \u0645\u0624\u062a\u0645\u0631 QX World QX World Magyar Biofeednci\u00e1n \u0645\u0624\u062a\u0645\u0631 \u0627\u0644\u0627\u0631\u062a\u062c\u0627\u0639 \u0627\u0644\u0628\u064a\u0648\u0644\u0648\u062c\u064a \u0627\u0644\u0639\u0627\u0644\u0645\u064a \u0627\u0644\u0630\u064a \u0633\u064a\u0639\u0642\u062f \u0641\u064a \u0645\u0624\u062a\u0645\u0631 QX World\u060c \u062d\u064a\u062b \u0633\u064a\u062a\u0645 \u0639\u0631\u0636 \u0645\u0642\u0627\u0637\u0639 \u0641\u064a\u062f\u064a\u0648 \u0639\u0646 \u0637\u0631\u064a\u0642 \u0627\u0644\u0641\u064a\u062f\u064a\u0648\u060c \u0643\u0645\u0627 \u0633\u064a\u062a\u0645 \u0639\u0631\u0636 \u0645\u0642\u0627\u0637\u0639 \u0641\u064a\u062f\u064a\u0648 \u0639\u0646 \u0637\u0631\u064a\u0642 \u0627\u0644\u0641\u064a\u062f\u064a\u0648\u060c \u0643\u0645\u0627 \u0633\u064a\u062a\u0645 \u0639\u0631\u0636 \u0645\u0642\u0627\u0637\u0639 \u0641\u064a\u062f\u064a\u0648 \u0639\u0646 \u0637\u0631\u064a\u0642 \u0627\u0644\u0641\u064a\u062f\u064a\u0648\u060c \u0643\u0645\u0627 \u0633\u064a\u062a\u0645 \u0639\u0631\u0636 \u0645\u0642\u0627\u0637\u0639 \u0641\u064a\u062f\u064a\u0648 \u0639\u0646 \u0637\u0631\u064a\u0642 \u0627\u0644\u0641\u064a\u062f\u064a\u0648\u060c \u0643\u0645\u0627 \u0633\u064a\u062a\u0645 \u0639\u0631\u0636 \u0645\u0642\u0627\u0637\u0639 \u0641\u064a\u062f\u064a\u0648 \u0639\u0646 \u0637\u0631\u064a\u0642 \u0627\u0644\u0641\u064a\u062f\u064a\u0648.<\/p><p>\u0648\u0644\u0643\u0646 \u0641\u064a \u0627\u0644\u0648\u0642\u062a \u0646\u0641\u0633\u0647\u060c \u0641\u0625\u0646 \u0647\u0630\u0627 \u0644\u0627 \u064a\u0639\u0646\u064a \u0623\u0646 \u0647\u0646\u0627\u0643 \u062d\u0627\u062c\u0629 \u0625\u0644\u0649 \u0623\u0646 \u064a\u0643\u0648\u0646 \u0647\u0646\u0627\u0643 \u0623\u064a \u0634\u064a\u0621 \u0622\u062e\u0631 \u063a\u064a\u0631 \u0630\u0644\u0643 \u0641\u064a \u0639\u0627\u0644\u0645 QX World\u060c \u062d\u064a\u062b \u0623\u0646 \u0647\u0646\u0627\u0643 \u0627\u0644\u0643\u062b\u064a\u0631 \u0645\u0646 \u0627\u0644\u0623\u0634\u064a\u0627\u0621 \u0627\u0644\u062a\u064a \u064a\u0645\u0643\u0646 \u0623\u0646 \u062a\u0643\u0648\u0646 \u0642\u062f \u062a\u0645 \u0639\u0631\u0636\u0647\u0627 \u0639\u0644\u0649 \u0645\u0646\u0635\u0629 QX \u0627\u0644\u0639\u0627\u0644\u0645\u064a\u0629.<\/p><p>\u0645\u0627 \u064a\u0647\u0645\u0646\u0627 \u0647\u0646\u0627 \u0647\u0648 \u0623\u0646 QX World \u0641\u064a QX World \u0642\u062f \u062a\u0645 \u062a\u0631\u062a\u064a\u0628\u0647\u0627 \u0645\u0646 \u0642\u0628\u0644 QX World\u060c \u062d\u064a\u062b \u0623\u0646 \u0647\u0630\u0647 \u0647\u064a \u0627\u0644\u0637\u0631\u064a\u0642\u0629 \u0627\u0644\u062a\u064a \u064a\u0645\u0643\u0646 \u0623\u0646 \u062a\u0643\u0648\u0646 \u0628\u0647\u0627 \u0647\u0630\u0647 \u0627\u0644\u0645\u0642\u0627\u0637\u0639 \u0641\u064a\u062f\u064a\u0648\u0647\u0627\u062a \u0627\u0644\u0641\u064a\u062f\u064a\u0648 \u0627\u0644\u062a\u064a \u064a\u062a\u0645 \u0639\u0631\u0636\u0647\u0627 \u0641\u064a \u0647\u0630\u0627 \u0627\u0644\u0645\u062c\u0627\u0644,  \u0648 \u0644\u0643\u0646 \u0647\u0630\u0627 \u0644\u0627 \u064a\u0639\u0646\u064a \u0623\u0646\u0647 \u0644\u0627 \u064a\u0645\u0643\u0646 \u0623\u0646 \u064a\u0643\u0648\u0646 \u0647\u0646\u0627\u0643 \u0623\u064a \u0634\u064a\u0621 \u0622\u062e\u0631 \u063a\u064a\u0631 \u0630\u0644\u0643.<\/p>\t\t\t\t\t\t\t\t<\/div>\n\t\t\t\t<\/div>\n\t\t\t\t\t<\/div>\n\t\t\t\t<\/div>\n\t\t\t\t<\/div>","protected":false},"excerpt":{"rendered":"<p>Jelen adatkezel\u00e9si t\u00e1j\u00e9koztat\u00f3 c\u00e9lja, hogy elmagyar\u00e1zza, hogyan \u00e9s milyen szem\u00e9lyes adatokat kezel \u00d6nr\u0151l a QX WORLD Kft. a Magyar Biofeedback Konferenci\u00e1val (a tov\u00e1bbiakban: \u201eRendezv\u00e9ny\u201d) kapcsolatban. 1, ADATKEZEL\u0150 Az adatkezel\u0151 a QX WORLD Kft. (sz\u00e9khelye: sz\u00e9khelye: 1095 Budapest, Tin\u00f3di utca 1-3. A. \u00e9p\u00fclet, 4. emelet, 93. ajt\u00f3; e-mail: bettina.szucs@qxworld.eu), a tov\u00e1bbiakban: \u201eAdatkezel\u0151\u201d, \u201eQX World\u201d vagy \u201emi\u201d. [&hellip;]<\/p>\n","protected":false},"author":18,"featured_media":0,"parent":0,"menu_order":0,"comment_status":"closed","ping_status":"closed","template":"","meta":{"_acf_changed":false,"_seopress_robots_primary_cat":"","_seopress_titles_title":"","_seopress_titles_desc":"","_seopress_robots_index":"","footnotes":""},"class_list":["post-293341","page","type-page","status-publish","hentry"],"acf":[],"_links":{"self":[{"href":"https:\/\/www.qxworld.eu\/ar\/wp-json\/wp\/v2\/pages\/293341","targetHints":{"allow":["GET"]}}],"collection":[{"href":"https:\/\/www.qxworld.eu\/ar\/wp-json\/wp\/v2\/pages"}],"about":[{"href":"https:\/\/www.qxworld.eu\/ar\/wp-json\/wp\/v2\/types\/page"}],"author":[{"embeddable":true,"href":"https:\/\/www.qxworld.eu\/ar\/wp-json\/wp\/v2\/users\/18"}],"replies":[{"embeddable":true,"href":"https:\/\/www.qxworld.eu\/ar\/wp-json\/wp\/v2\/comments?post=293341"}],"version-history":[{"count":10,"href":"https:\/\/www.qxworld.eu\/ar\/wp-json\/wp\/v2\/pages\/293341\/revisions"}],"predecessor-version":[{"id":308336,"href":"https:\/\/www.qxworld.eu\/ar\/wp-json\/wp\/v2\/pages\/293341\/revisions\/308336"}],"wp:attachment":[{"href":"https:\/\/www.qxworld.eu\/ar\/wp-json\/wp\/v2\/media?parent=293341"}],"curies":[{"name":"\u062f\u0628\u0644\u064a\u0648 \u0628\u064a","href":"https:\/\/api.w.org\/{rel}","templated":true}]}}