{"id":323179,"date":"2025-06-17T13:54:15","date_gmt":"2025-06-17T11:54:15","guid":{"rendered":"https:\/\/www.qxworld.eu\/?post_type=product&#038;p=323179"},"modified":"2025-06-17T13:57:37","modified_gmt":"2025-06-17T11:57:37","slug":"%d8%a7%d9%84%d8%a7%d8%b1%d8%aa%d8%ac%d8%a7%d8%b9-%d8%a7%d9%84%d8%a8%d9%8a%d9%88%d9%84%d9%88%d8%ac%d9%8a-%d8%a7%d9%84%d9%83%d9%85%d9%8a-%d9%85%d8%a7%d8%ac%d9%8a%d8%a7%d8%b1-%d9%83%d9%88%d9%86%d9%81","status":"publish","type":"product","link":"https:\/\/www.qxworld.eu\/ar\/product\/quantum-biofeedback-magyar-konferencia\/","title":{"rendered":"\u0645\u0624\u062a\u0645\u0631 \u0627\u0644\u0627\u0631\u062a\u062c\u0627\u0639 \u0627\u0644\u0628\u064a\u0648\u0644\u0648\u062c\u064a \u0627\u0644\u0643\u0645\u064a \u0627\u0644\u0645\u062c\u0631\u064a - \u0645\u0624\u062a\u0645\u0631 \u0627\u0644\u0627\u0631\u062a\u062c\u0627\u0639 \u0627\u0644\u0628\u064a\u0648\u0644\u0648\u062c\u064a \u0627\u0644\u0643\u0645\u064a \u0627\u0644\u0645\u062c\u0631\u064a"},"content":{"rendered":"<p>\u0641\u064a \u0627\u0644\u0641\u062a\u0631\u0629 \u0645\u0646 10 \u0625\u0644\u0649 11 \u0623\u0628\u0631\u064a\u0644 2025\u060c \u0639\u0642\u062f \u0645\u0624\u062a\u0645\u0631 \u0641\u064a \u0627\u0644\u0641\u062a\u0631\u0629 \u0645\u0646 10 \u0625\u0644\u0649 11 \u0623\u0628\u0631\u064a\u0644 2025\u060c \u062d\u064a\u062b \u062a\u0645 \u0639\u0631\u0636 \u0634\u0631\u064a\u0637 \u0641\u064a\u062f\u064a\u0648 \u0639\u0646 \u0627\u0644\u0645\u0624\u062a\u0645\u0631. \u0648\u0645\u0646 \u0627\u0644\u0645\u0642\u0631\u0631 \u0623\u0646 \u064a\u0646\u0627\u0642\u0634 \u0627\u0644\u0645\u0624\u062a\u0645\u0631 \u0647\u0630\u0627 \u0627\u0644\u0639\u0627\u0645 \u0645\u0648\u0636\u0648\u0639 \"\u0627\u0644\u0627\u0631\u062a\u062c\u0627\u0639 \u0627\u0644\u0628\u064a\u0648\u0644\u0648\u062c\u064a \u0627\u0644\u0643\u0645\u064a\"\u060c \u062d\u064a\u062b \u0633\u064a\u062a\u0646\u0627\u0648\u0644 \u0627\u0644\u0645\u0624\u062a\u0645\u0631 \u0628\u0631\u0646\u0627\u0645\u062c\u0627\u064b \u0645\u062a\u0643\u0627\u0645\u0644\u0627\u064b \u0644\u0644\u0627\u0631\u062a\u062c\u0627\u0639 \u0627\u0644\u0628\u064a\u0648\u0644\u0648\u062c\u064a \u0627\u0644\u0643\u0645\u064a \u0641\u064a \u0627\u0644\u0645\u0624\u062a\u0645\u0631\u060c \u0648\u0633\u064a\u062a\u0636\u0645\u0646 \u0627\u0644\u0645\u0624\u062a\u0645\u0631 \u0623\u064a\u0636\u0627\u064b \u0639\u0631\u0636\u0627\u064b \u0644\u0644\u0628\u0631\u0646\u0627\u0645\u062c \u0627\u0644\u0630\u064a \u062a\u0645 \u0625\u0639\u062f\u0627\u062f\u0647 \u0641\u064a \u0627\u0644\u0645\u0624\u062a\u0645\u0631.<\/p>\n<p>\u0625\u0644\u0648\u0627\u062f\u0648\u0643: \u062f. \u0633\u064a\u0645\u0648\u0646 \u0645\u0627\u0631\u062a\u0627\u060c \u0628\u0648\u0644\u0634\u0643\u064a \u0645\u0648\u0646\u064a\u0643\u0627<\/p>\n<p>&nbsp;<\/p>\n<p>\u064a\u0645\u0643\u0646\u0643 \u0627\u0644\u0639\u062b\u0648\u0631 \u0639\u0644\u0649 \u062a\u0633\u062c\u064a\u0644\u0627\u062a \u0645\u0624\u062a\u0645\u0631\u0646\u0627 \u0627\u0644\u0630\u064a \u0639\u064f\u0642\u062f \u0641\u064a 10-11 \u0623\u0628\u0631\u064a\u0644 2025 \u0647\u0646\u0627 \u0641\u064a \u0647\u0630\u0647 \u0627\u0644\u062f\u0648\u0631\u0629 \u0627\u0644\u062a\u062f\u0631\u064a\u0628\u064a\u0629. \u062a\u0628\u062f\u0623 \u0645\u0648\u0627\u062f \u0627\u0644\u0645\u0624\u062a\u0645\u0631 \u0645\u0646 \u0627\u0644\u0623\u0633\u0627\u0633\u064a\u0627\u062a \u0648\u062a\u0648\u0641\u0631 \u0645\u0639\u0631\u0641\u0629 \u0634\u0627\u0645\u0644\u0629 \u062d\u0648\u0644 \u0627\u0644\u0627\u0631\u062a\u062c\u0627\u0639 \u0627\u0644\u0628\u064a\u0648\u0644\u0648\u062c\u064a \u0627\u0644\u0643\u0645\u064a\u060c \u0648\u0627\u0644\u0628\u0631\u0627\u0645\u062c \u0627\u0644\u062a\u0623\u0633\u064a\u0633\u064a\u0629 \u0644\u0644\u0628\u062f\u0621 \u0628\u0647\u0627 \u0648\u062a\u062a\u0637\u0631\u0642 \u0625\u0644\u0649 \u0644\u0648\u062d\u0627\u062a \u0645\u0647\u0645\u0629 \u0644\u0627\u0633\u062a\u062e\u062f\u0627\u0645\u0647\u0627. \u0636\u0639 \u0641\u064a \u0627\u0639\u062a\u0628\u0627\u0631\u0643 \u0623\u0646 \u0627\u0644\u062a\u0633\u062c\u064a\u0644\u0627\u062a \u0645\u062a\u0627\u062d\u0629 \u0628\u0627\u0644\u0644\u063a\u0629 \u0627\u0644\u0645\u062c\u0631\u064a\u0629 \u0627\u0644\u0623\u0635\u0644\u064a\u0629 \u0641\u0642\u0637.<\/p>\n<p>\u0627\u0644\u0645\u062a\u062d\u062f\u062b\u0648\u0646: \u062f. \u0645\u0627\u0631\u062b\u0627 \u0633\u064a\u0645\u0648\u0646\u060c \u0645\u0648\u0646\u064a\u0643\u0627 \u0628\u0648\u0644\u0634\u0643\u064a<\/p>","protected":false},"excerpt":{"rendered":"<p>Tekintse meg a 2025 \u00e1prilis 10-11 k\u00f6z\u00f6tt megrendez\u00e9sre ker\u00fcl\u0151 konferenci\u00e1nk vide\u00f3s felv\u00e9teleit. A konferencia az alapokt\u00f3l indult \u00e9s ad \u00e1tfog\u00f3 tud\u00e1st a Quantum Biofeedback ismeretekr\u0151l, hogy milyen alapoz\u00f3 programokkal kezdj\u00fcnk \u00e9s mely panelt milyen szintig fontos j\u00f3l haszn\u00e1lni. El\u0151ad\u00f3k: dr Simon M\u00e1rta, B\u00f6lcskei M\u00f3nika &nbsp; You can find the recordings of our conference held on [&hellip;]<\/p>\n","protected":false},"featured_media":322452,"template":"","meta":{"_acf_changed":false,"_seopress_robots_primary_cat":"none","_seopress_titles_title":"","_seopress_titles_desc":"","_seopress_robots_index":""},"product_brand":[],"product_cat":[197,57],"product_tag":[],"class_list":{"0":"post-323179","1":"product","2":"type-product","3":"status-publish","4":"has-post-thumbnail","6":"product_cat-conference-ticket","7":"product_cat-courses","9":"first","10":"instock","11":"taxable","12":"shipping-taxable","13":"purchasable","14":"product-type-simple"},"bundled_by":[],"bundle_stock_status":"instock","bundle_stock_quantity":null,"bundle_virtual":false,"bundle_layout":"","bundle_add_to_cart_form_location":"","bundle_editable_in_cart":false,"bundle_sold_individually_context":"","bundle_item_grouping":"","bundle_min_size":"","bundle_max_size":"","bundle_price":[],"bundled_items":[],"bundle_sell_ids":[],"acf":[],"_links":{"self":[{"href":"https:\/\/www.qxworld.eu\/ar\/wp-json\/wp\/v2\/product\/323179","targetHints":{"allow":["GET"]}}],"collection":[{"href":"https:\/\/www.qxworld.eu\/ar\/wp-json\/wp\/v2\/product"}],"about":[{"href":"https:\/\/www.qxworld.eu\/ar\/wp-json\/wp\/v2\/types\/product"}],"wp:featuredmedia":[{"embeddable":true,"href":"https:\/\/www.qxworld.eu\/ar\/wp-json\/wp\/v2\/media\/322452"}],"wp:attachment":[{"href":"https:\/\/www.qxworld.eu\/ar\/wp-json\/wp\/v2\/media?parent=323179"}],"wp:term":[{"taxonomy":"product_brand","embeddable":true,"href":"https:\/\/www.qxworld.eu\/ar\/wp-json\/wp\/v2\/product_brand?post=323179"},{"taxonomy":"product_cat","embeddable":true,"href":"https:\/\/www.qxworld.eu\/ar\/wp-json\/wp\/v2\/product_cat?post=323179"},{"taxonomy":"product_tag","embeddable":true,"href":"https:\/\/www.qxworld.eu\/ar\/wp-json\/wp\/v2\/product_tag?post=323179"}],"curies":[{"name":"\u062f\u0628\u0644\u064a\u0648 \u0628\u064a","href":"https:\/\/api.w.org\/{rel}","templated":true}]}}