{"id":18294,"date":"2021-10-15T14:02:02","date_gmt":"2021-10-15T12:02:02","guid":{"rendered":"https:\/\/www.qxworld.eu\/?page_id=18294"},"modified":"2021-10-19T11:09:36","modified_gmt":"2021-10-19T09:09:36","slug":"omnis-update-old","status":"publish","type":"page","link":"https:\/\/www.qxworld.eu\/de\/omnis-update-old\/","title":{"rendered":"Omnis Update [OLD]"},"content":{"rendered":"<h1 style=\"\">Machen Sie einen Sprung und besuchen Sie die brandneue Website von QX World!<\/h1>\n<h1 style=\"\">Machen Sie einen Sprung und besuchen Sie die brandneue Website von QX World!<\/h1>\n<p><span><img loading=\"lazy\" decoding=\"async\" alt=\"\" data-id=\"71\" data-init-width=\"1000\" data-init-height=\"417\" title=\"omnis_logo_wh\" src=\"https:\/\/www.qxworld.eu\/wp-content\/uploads\/2021\/10\/omnis_logo_wh-1.png\" data-width=\"457\" data-height=\"191\" style=\"\" width=\"457\" height=\"191\"><\/span><\/p>\n<h1 style=\"text-align: center;\">OMNIS IST DA<\/h1>\n<p style=\"text-align: center;\">UPDATE YOUR SCIO, EDUCTOR &amp; INDIGO DEVICES NOW!<\/p>\n<h2 style=\"text-align: center;\">WARUM UPGRADE?<\/h2>\n<p><span style=\"\"><img loading=\"lazy\" decoding=\"async\" alt=\"\" data-id=\"18403\" data-init-width=\"1920\" data-init-height=\"1403\" title=\"webside_01\" src=\"https:\/\/www.qxworld.eu\/wp-content\/uploads\/2021\/10\/webside_01.jpg\" data-width=\"422\" data-height=\"308\" style=\"\" width=\"422\" height=\"308\" ml-d=\"0\" mt-d=\"-350.5315\"><\/span><\/p>\n<h4 style=\"\">BRANDNEUES AUSSEHEN UND NEUE BENUTZERFREUNDLICHKEIT<\/h4>\n<p>An amazing facelift providing user friendliness, visually more attractive, using uniform backgrounds, reorganized and same size buttons, categorizing by\u00a0color\u00a0use background and much more!<\/p>\n<h4 style=\"\">AUTOMATISCHE GER\u00c4TEERKENNUNG<\/h4>\n<p>Automatische Ger\u00e4teerkennung: Das Programm erkennt automatisch das angeschlossene Ger\u00e4t, ohne dass Sie den Kommunikationsanschluss einstellen m\u00fcssen. Sie k\u00f6nnen das Ger\u00e4t w\u00e4hrend der Sitzung ein- und ausstecken, ohne das Hauptprogramm schlie\u00dfen zu m\u00fcssen!<\/p>\n<h4 style=\"\">OPTIMIERTE AKTIVIERUNG<\/h4>\n<p>Centralized update and activation from the QXSUBSPACE App. What does that mean? You will no longer need to start the program to activate!<\/p>\n<p>Activate in the App, then run your program with no interruptions, quick and easy!&nbsp;<\/p>\n<h4 style=\"\">ERWEITERTE BERICHTERSTATTUNG<\/h4>\n<p style=\"\">Mehrschichtige Smart-Report-Funktion, die dem Klienten und dem Therapeuten wertvolle und rechtssichere Informationen bietet!<\/p>\n<p><span><img loading=\"lazy\" decoding=\"async\" alt=\"\" data-id=\"18418\" data-init-width=\"1920\" data-init-height=\"1403\" title=\"webside_02\" src=\"https:\/\/www.qxworld.eu\/wp-content\/uploads\/2021\/10\/webside_02.jpg\" data-width=\"488\" data-height=\"357\" style=\"\" width=\"488\" height=\"357\" mt-d=\"0\"><\/span><span style=\"\"><img loading=\"lazy\" decoding=\"async\" alt=\"\" data-id=\"19422\" data-init-width=\"1920\" data-init-height=\"1403\" title=\"webside_03\" src=\"https:\/\/www.qxworld.eu\/wp-content\/uploads\/2021\/10\/webside_03.jpg\" data-width=\"534\" data-height=\"390\" style=\"\" width=\"534\" height=\"390\" ml-d=\"0\" mt-d=\"-350.5315\"><\/span><\/p>\n<h4>SPRACHE IM HANDUMDREHEN WECHSELN<\/h4>\n<p dir=\"ltr\">Live-Sprachumschaltung: Wechseln Sie von Englisch zu einer anderen Sprache, w\u00e4hrend Ihre Sitzung l\u00e4uft!&nbsp;<\/p>\n<h4 style=\"\">FUNKTIONIERT MIT NOCH MEHR GER\u00c4TEN!<\/h4>\n<p dir=\"ltr\">Communication with the device completely rewritten to be faster, more efficient and adaptable to create compatibility with other operating systems like iOS, Mac, Linux, Android.<\/p>\n<h2 style=\"text-align: center;\">WIE KANN ICH AUFR\u00dcSTEN?<\/h2>\n<h1 style=\"\">Machen Sie sich mit allen neuen Funktionen vertraut!<\/h1>\n<p style=\"\">Laden Sie den OMNIS-Kickstart-Leitfaden herunter!<\/p>\n<h2 style=\"text-align: center;\">Bonuses!<\/h2>\n<p style=\"text-align: center;\">Wir haben einige zus\u00e4tzliche Leckerbissen f\u00fcr Sie vorbereitet!<\/p>\n<h4 data-hide=\"true\" style=\"text-align: center;\">OMNIS \u2013 A PORTAL TO A NEW DIMENSION<\/h4>\n<h4 data-hide=\"true\" style=\"text-align: center;\">AUSF\u00dcHRLICHES UPGRADE-HANDBUCH<\/h4>\n<h4 data-hide=\"true\" style=\"text-align: center;\">OMNIS SMART REPORT HANDBUCH<\/h4>\n<h4 data-hide=\"true\" style=\"text-align: center;\">DAS NEUE DEGEN SCAN MANUAL<\/h4>\n<h2 style=\"text-align: center;\">QXSTRIANS, DIE OMNIS LIEBEN<\/h2>\n<p><span><img loading=\"lazy\" decoding=\"async\" alt=\"\" data-id=\"2999\" data-init-width=\"250\" data-init-height=\"250\" title=\"Ommi_testimonial-7\" src=\"https:\/\/www.qxworld.eu\/wp-content\/uploads\/2021\/10\/Ommi_testimonial-7.jpg\" data-width=\"100\" data-height=\"100\" style=\"\" width=\"100\" height=\"100\"><\/span><\/p>\n<h5 style=\"text-align: center;\">Dr. Julia S., Baltimore<\/h5>\n<p style=\"\">\"OMNIS vertieft wirklich den Einblick, den wir w\u00e4hrend unserer Sitzungen gewinnen, es ist sicherlich eine Verbesserung gegen\u00fcber EDUCTOR64\".<\/p>\n<p><span><img loading=\"lazy\" decoding=\"async\" alt=\"\" data-id=\"2997\" data-init-width=\"250\" data-init-height=\"250\" title=\"Ommi_testimonial-5\" src=\"https:\/\/www.qxworld.eu\/wp-content\/uploads\/2021\/10\/Ommi_testimonial-5.jpg\" data-width=\"100\" data-height=\"100\" style=\"\" width=\"100\" height=\"100\"><\/span><\/p>\n<h5 style=\"text-align: center;\">Dr. Muhammad D., Neu-Delhi<\/h5>\n<p style=\"\">\"Was mir an OMNIS besonders gef\u00e4llt, ist die Art und Weise, wie es all diese komplexen Module einbindet.\"<\/p>\n<p><span><img loading=\"lazy\" decoding=\"async\" alt=\"\" data-id=\"3001\" data-init-width=\"250\" data-init-height=\"250\" title=\"Ommi_testimonial-10\" src=\"https:\/\/www.qxworld.eu\/wp-content\/uploads\/2021\/10\/Ommi_testimonial-10.jpg\" data-width=\"100\" data-height=\"100\" style=\"\" width=\"100\" height=\"100\"><\/span><\/p>\n<h5 style=\"text-align: center;\">Genevieve A., Paris<\/h5>\n<p style=\"\">\"Einfach zu bedienen, schwer zu beherrschen. Zum Gl\u00fcck helfen mir die Leute von QX und die enorme Menge an Schulungsmaterial dabei, mit den neuen Funktionen Schritt zu halten.\"<\/p>\n<p style=\"text-align: center;\">Disclaimer on privacyTo respect the law on patient privacy and medical confidentiality, some names and illustrations were altered<\/p>\n<h2 style=\"\">Werden Sie ein QXstrianer!<\/h2>\n<p style=\"\">Abonnieren Sie unseren Newsletter!<\/p>","protected":false},"excerpt":{"rendered":"<p>Take a leap and check out the brand new website of QX World! Take a leap and check out the brand new website of QX World! OMNIS IS HERE UPDATE YOUR SCIO, EDUCTOR &amp; INDIGO DEVICES NOW! WHY UPGRADE? BRAND NEW LOOKS AND USER EXPERIENCE An amazing facelift providing user friendliness, visually more attractive, using [&hellip;]<\/p>\n","protected":false},"author":28,"featured_media":0,"parent":0,"menu_order":0,"comment_status":"closed","ping_status":"closed","template":"","meta":{"_acf_changed":false,"_seopress_robots_primary_cat":"","_seopress_titles_title":"","_seopress_titles_desc":"","_seopress_robots_index":"","footnotes":""},"class_list":["post-18294","page","type-page","status-publish","hentry"],"acf":[],"_links":{"self":[{"href":"https:\/\/www.qxworld.eu\/de\/wp-json\/wp\/v2\/pages\/18294","targetHints":{"allow":["GET"]}}],"collection":[{"href":"https:\/\/www.qxworld.eu\/de\/wp-json\/wp\/v2\/pages"}],"about":[{"href":"https:\/\/www.qxworld.eu\/de\/wp-json\/wp\/v2\/types\/page"}],"author":[{"embeddable":true,"href":"https:\/\/www.qxworld.eu\/de\/wp-json\/wp\/v2\/users\/28"}],"replies":[{"embeddable":true,"href":"https:\/\/www.qxworld.eu\/de\/wp-json\/wp\/v2\/comments?post=18294"}],"version-history":[{"count":0,"href":"https:\/\/www.qxworld.eu\/de\/wp-json\/wp\/v2\/pages\/18294\/revisions"}],"wp:attachment":[{"href":"https:\/\/www.qxworld.eu\/de\/wp-json\/wp\/v2\/media?parent=18294"}],"curies":[{"name":"wp","href":"https:\/\/api.w.org\/{rel}","templated":true}]}}