{"id":202569,"date":"2022-09-20T11:58:26","date_gmt":"2022-09-20T09:58:26","guid":{"rendered":"https:\/\/www.qxworld.eu\/product\/omnis-power-session-manifest-your-inherent-beauty-within-by-gage-tarrant\/"},"modified":"2023-01-17T10:55:29","modified_gmt":"2023-01-17T08:55:29","slug":"omnis-power-session-manifest-your-inherent-beauty-within-by-gage-tarrant-2","status":"publish","type":"product","link":"https:\/\/www.qxworld.eu\/de\/product\/omnis-power-session-manifest-your-inherent-beauty-within-by-gage-tarrant\/","title":{"rendered":"Omnis Power Session \u2013 Manifest your inherent beauty within! by Gage Tarrant"},"content":{"rendered":"<p>Discover how inner health leads to outer beauty with our S-enso, an innovative approach to non invasive beauty enhancement protocols.<\/p>\n<p>Winner of several awards in the cosmetic industry, S-enso will make your practice grow and evolve successfully towards a truly holistic center with the most advanced and comprehensive range of services on the market!<\/p>","protected":false},"excerpt":{"rendered":"<p>Entdecken Sie, wie innere Gesundheit zu \u00e4u\u00dferer Sch\u00f6nheit f\u00fchrt - mit unserem S-enso, einem innovativen Ansatz f\u00fcr nicht-invasive Protokolle zur Verbesserung der Sch\u00f6nheit. S-enso wurde in der Kosmetikbranche mehrfach ausgezeichnet und wird Ihre Praxis zu einem wahrhaft ganzheitlichen Zentrum mit dem fortschrittlichsten und umfassendsten Leistungsangebot auf dem Markt machen!<\/p>","protected":false},"featured_media":204241,"template":"","meta":{"_acf_changed":false,"_seopress_robots_primary_cat":"","_seopress_titles_title":"","_seopress_titles_desc":"","_seopress_robots_index":""},"product_brand":[],"product_cat":[101],"product_tag":[],"class_list":{"0":"post-202569","1":"product","2":"type-product","3":"status-publish","4":"has-post-thumbnail","6":"product_cat-ticket","8":"first","9":"instock","10":"virtual","11":"taxable","12":"purchasable","13":"product-type-simple"},"bundled_by":[],"bundle_stock_status":"instock","bundle_stock_quantity":null,"bundle_virtual":false,"bundle_layout":"","bundle_add_to_cart_form_location":"","bundle_editable_in_cart":false,"bundle_sold_individually_context":"","bundle_item_grouping":"","bundle_min_size":"","bundle_max_size":"","bundle_price":[],"bundled_items":[],"bundle_sell_ids":[],"acf":[],"_links":{"self":[{"href":"https:\/\/www.qxworld.eu\/de\/wp-json\/wp\/v2\/product\/202569","targetHints":{"allow":["GET"]}}],"collection":[{"href":"https:\/\/www.qxworld.eu\/de\/wp-json\/wp\/v2\/product"}],"about":[{"href":"https:\/\/www.qxworld.eu\/de\/wp-json\/wp\/v2\/types\/product"}],"wp:featuredmedia":[{"embeddable":true,"href":"https:\/\/www.qxworld.eu\/de\/wp-json\/wp\/v2\/media\/204241"}],"wp:attachment":[{"href":"https:\/\/www.qxworld.eu\/de\/wp-json\/wp\/v2\/media?parent=202569"}],"wp:term":[{"taxonomy":"product_brand","embeddable":true,"href":"https:\/\/www.qxworld.eu\/de\/wp-json\/wp\/v2\/product_brand?post=202569"},{"taxonomy":"product_cat","embeddable":true,"href":"https:\/\/www.qxworld.eu\/de\/wp-json\/wp\/v2\/product_cat?post=202569"},{"taxonomy":"product_tag","embeddable":true,"href":"https:\/\/www.qxworld.eu\/de\/wp-json\/wp\/v2\/product_tag?post=202569"}],"curies":[{"name":"wp","href":"https:\/\/api.w.org\/{rel}","templated":true}]}}