{"id":212337,"date":"2024-03-08T11:55:27","date_gmt":"2024-03-08T09:55:27","guid":{"rendered":"https:\/\/www.qxworld.eu\/?post_type=product&#038;p=212337"},"modified":"2025-05-26T00:00:03","modified_gmt":"2025-05-25T22:00:03","slug":"omnis-unveiled-step-into-the-fusion-of-holistic-health-science-anfangerhandbuch","status":"publish","type":"product","link":"https:\/\/www.qxworld.eu\/de\/product\/omnis-unveiled-step-into-the-fusion-of-holistic-health-science-beginners-manual\/","title":{"rendered":"OMNIS enth\u00fcllt: Die Fusion von ganzheitlicher Gesundheit und Wissenschaft - Handbuch f\u00fcr Anf\u00e4nger"},"content":{"rendered":"<div class=\"elementor-element elementor-element-6b40c3a elementor-widget elementor-widget-text-editor\" data-id=\"6b40c3a\" data-element_type=\"widget\" data-widget_type=\"text-editor.default\">\n<div class=\"elementor-widget-container\">\n<div class=\"elementor-element elementor-element-6b40c3a elementor-widget elementor-widget-text-editor\" data-id=\"6b40c3a\" data-element_type=\"widget\" data-widget_type=\"text-editor.default\">\n<div class=\"elementor-widget-container\">\n<p>Tauchen Sie ein in einen brandneuen Kurs, angereichert mit noch nie dagewesenen Inhalten, essentiellen Tipps, umfangreichem Lesematerial und lebenswichtigen Informationen, die alle elegant im Leseformat und in einem sch\u00f6nen Design pr\u00e4sentiert werden und Sie zu ganzheitlichem Wohlbefinden f\u00fchren. Ein Videokurs ist zusammen mit dem Handbuch auch auf folgenden Seiten verf\u00fcgbar <a href=\"https:\/\/www.qxworld.eu\/product\/omnis-unveiled-step-into-the-fusion-of-holistic-health-science-beginners-guide\/\" target=\"_blank\" rel=\"noopener\">Link<\/a>.<\/p>\n<p>&nbsp;<\/p>\n<\/div>\n<\/div>\n<div class=\"elementor-element elementor-element-2589c76 elementor-widget elementor-widget-text-editor\" data-id=\"2589c76\" data-element_type=\"widget\" data-widget_type=\"text-editor.default\">\n<div class=\"elementor-widget-container\">\n<p>Unser Ziel ist es, Sie in die Lage zu versetzen, sich in den Bereichen ganzheitliche Gesundheitspflege, Lifestyle-Coaching und Ern\u00e4hrungsberatung auszuzeichnen. Am Ende Ihrer Reise mit diesem Leitfaden werden Sie gut ger\u00fcstet sein, um den Menschen, die Sie betreuen, umfassende Ratschl\u00e4ge und Interventionen zu geben.<\/p>\n<p>&nbsp;<\/p>\n<\/div>\n<\/div>\n<div class=\"elementor-element elementor-element-22eff2c elementor-widget elementor-widget-text-editor\" data-id=\"22eff2c\" data-element_type=\"widget\" data-widget_type=\"text-editor.default\">\n<div class=\"elementor-widget-container\">\n<p>Der Kurs f\u00fchrt Sie durch das Verst\u00e4ndnis der komplizierten Beziehungen zwischen den zentralen Systemen im menschlichen K\u00f6rper, wobei Sie unsere OMNIS-Software verwenden und Einblicke in diese Wechselwirkungen gewinnen. So k\u00f6nnen Sie einen vielseitigen Ansatz anwenden, um die Herausforderungen zu bew\u00e4ltigen, denen Sie in Ihrer Praxis begegnen.<\/p>\n<\/div>\n<p>&nbsp;<\/p>\n<div class=\"elementor-element elementor-element-6b40c3a elementor-widget elementor-widget-text-editor\" data-id=\"6b40c3a\" data-element_type=\"widget\" data-widget_type=\"text-editor.default\">\n<div class=\"elementor-widget-container\">\n<h4><strong>3 schnelle Schritte zum Erhalt Ihrer <\/strong><b>Digitales Handbuch<\/b><\/h4>\n<p>&nbsp;<\/p>\n<h5><strong>SCHRITT 1, Erstellen Sie Ihr kostenloses Adobe-Konto<\/strong><\/h5>\n<p>Dadurch wird eine\u00a0<a href=\"https:\/\/account.adobe.com\/\" target=\"_blank\" rel=\"noopener\">kostenloses Adobe-Konto<\/a>\u00a0die Sie f\u00fcr den Zugriff auf Ihre B\u00fccher verwenden k\u00f6nnen<\/p>\n<p>&nbsp;<\/p>\n<h5><strong>SCHRITT 2, Installieren Sie Adobe Digital Editions f\u00fcr Ihr Ger\u00e4t<\/strong><\/h5>\n<p>Sie m\u00fcssen die\u00a0<a href=\"https:\/\/www.adobe.com\/solutions\/ebook\/digital-editions\/download.html\" target=\"_blank\" rel=\"noopener\">Adobe Digital Editions-Reader-Anwendung<\/a>\u00a0um Ihre B\u00fccher anzusehen.<\/p>\n<p><a href=\"https:\/\/adedownload.adobe.com\/pub\/adobe\/digitaleditions\/ADE_4.5_Installer.exe\" target=\"_blank\" rel=\"noopener\">Digitale Ausgabe f\u00fcr Windows herunterladen<\/a><\/p>\n<p><a href=\"https:\/\/adedownload.adobe.com\/pub\/adobe\/digitaleditions\/ADE_4.5_Installer.dmg\" target=\"_blank\" rel=\"noopener\">Digitale Ausgabe f\u00fcr Macintosh herunterladen<\/a><\/p>\n<p>Weitere Ger\u00e4teoptionen finden Sie unter\u00a0<a href=\"https:\/\/www.adobe.com\/solutions\/ebook\/digital-editions\/download.html\" target=\"_blank\" rel=\"noopener\">Adobe Digital Editions Download-Seite<\/a>.<\/p>\n<p>&nbsp;<\/p>\n<\/div>\n<\/div>\n<p>Bitte achten Sie darauf, dass Sie nicht\u00a0<strong>MacAfee Antivirus installieren<\/strong>\u00a0w\u00e4hrend des Installationsvorgangs, ist dieses Antivirenprogramm nicht mit unserer Software kompatibel.<\/p>\n<p>\u00d6ffnen Sie nach der Installation von Adobe Digital Editions Adobe Digital Editions, gehen Sie zu Hilfe, w\u00e4hlen Sie Computer autorisieren und melden Sie sich mit Ihrem Adobe-Konto an, das Sie in Schritt 1 erstellt haben.<\/p>\n<p>&nbsp;<\/p>\n<div class=\"elementor-element elementor-element-6b40c3a elementor-widget elementor-widget-text-editor\" data-id=\"6b40c3a\" data-element_type=\"widget\" data-widget_type=\"text-editor.default\">\n<div class=\"elementor-widget-container\">\n<h5><strong>SCHRITT 3, Laden Sie Ihre Buchzugangsdatei aus Ihrem Download-Men\u00fc herunter<\/strong><\/h5>\n<p>Rufen Sie Ihre Buchzugangsdatei entweder \u00fcber die\u00a0<a href=\"https:\/\/www.qxworld.eu\/members\/downloads\/\" target=\"_blank\" rel=\"noopener\">Download-Men\u00fc<\/a>\u00a0oder \u00fcber den oben angegebenen Link. Nach dem Herunterladen \u00f6ffnen Sie die ACSM-Datei mit Adobe Digital Editions, um Ihr Buch zu genie\u00dfen.<\/p>\n<\/div>\n<\/div>\n<\/div>\n<\/div>\n<\/div>","protected":false},"excerpt":{"rendered":"<div class=\"elementor-element elementor-element-6b40c3a elementor-widget elementor-widget-text-editor\" data-id=\"6b40c3a\" data-element_type=\"widget\" data-widget_type=\"text-editor.default\">\n<div class=\"elementor-widget-container\">\n<p>Tauchen Sie ein in einen brandneuen Kurs, angereichert mit noch nie dagewesenen Inhalten, essentiellen Tipps, umfangreichem Lesematerial und lebenswichtigen Informationen, die alle elegant im Leseformat und in einem sch\u00f6nen Design pr\u00e4sentiert werden und Sie zu ganzheitlichem Wohlbefinden f\u00fchren. Ein Videokurs ist zusammen mit dem Handbuch auch auf folgenden Seiten verf\u00fcgbar <a href=\"https:\/\/www.qxworld.eu\/product\/omnis-unveiled-step-into-the-fusion-of-holistic-health-science-beginners-guide\/\" target=\"_blank\" rel=\"noopener\">Link<\/a>.<\/p>\n<\/div>\n<\/div>","protected":false},"featured_media":212895,"template":"","meta":{"_acf_changed":false,"_seopress_robots_primary_cat":"none","_seopress_titles_title":"","_seopress_titles_desc":"Immerse yourself in a brand-new course, enriched with never seen before content, essential tips, a vast expanse of reading material, and vital information, all elegantly presented in both video and reading format with a beautiful design, guiding you towards holistic wellness.Our aim is to empower you to excel in holistic healthcare, lifestyle coaching, and nutritional guidance. By the end of your journey with this guide, you\u2019ll be well-equipped to provide comprehensive advice and interventions to those you serve.The course will guide you through understanding the intricate relationships between the pivotal systems within the human body, using our OMNIS software, and gaining insights into these interactions, helping you apply a multifaceted approach to address the challenges you encounter in your practice.","_seopress_robots_index":""},"product_brand":[],"product_cat":[35],"product_tag":[],"class_list":{"0":"post-212337","1":"product","2":"type-product","3":"status-publish","4":"has-post-thumbnail","6":"product_cat-uncategorized","8":"first","9":"instock","10":"downloadable","11":"sold-individually","12":"taxable","13":"shipping-taxable","14":"purchasable","15":"product-type-simple"},"bundled_by":[],"bundle_stock_status":"instock","bundle_stock_quantity":null,"bundle_virtual":false,"bundle_layout":"","bundle_add_to_cart_form_location":"","bundle_editable_in_cart":false,"bundle_sold_individually_context":"","bundle_item_grouping":"","bundle_min_size":"","bundle_max_size":"","bundle_price":[],"bundled_items":[],"bundle_sell_ids":[],"acf":[],"_links":{"self":[{"href":"https:\/\/www.qxworld.eu\/de\/wp-json\/wp\/v2\/product\/212337","targetHints":{"allow":["GET"]}}],"collection":[{"href":"https:\/\/www.qxworld.eu\/de\/wp-json\/wp\/v2\/product"}],"about":[{"href":"https:\/\/www.qxworld.eu\/de\/wp-json\/wp\/v2\/types\/product"}],"wp:featuredmedia":[{"embeddable":true,"href":"https:\/\/www.qxworld.eu\/de\/wp-json\/wp\/v2\/media\/212895"}],"wp:attachment":[{"href":"https:\/\/www.qxworld.eu\/de\/wp-json\/wp\/v2\/media?parent=212337"}],"wp:term":[{"taxonomy":"product_brand","embeddable":true,"href":"https:\/\/www.qxworld.eu\/de\/wp-json\/wp\/v2\/product_brand?post=212337"},{"taxonomy":"product_cat","embeddable":true,"href":"https:\/\/www.qxworld.eu\/de\/wp-json\/wp\/v2\/product_cat?post=212337"},{"taxonomy":"product_tag","embeddable":true,"href":"https:\/\/www.qxworld.eu\/de\/wp-json\/wp\/v2\/product_tag?post=212337"}],"curies":[{"name":"wp","href":"https:\/\/api.w.org\/{rel}","templated":true}]}}