{"id":216051,"date":"2024-06-21T16:44:37","date_gmt":"2024-06-21T14:44:37","guid":{"rendered":"https:\/\/www.qxworld.eu\/?post_type=product&#038;p=216051"},"modified":"2025-05-26T00:00:05","modified_gmt":"2025-05-25T22:00:05","slug":"omnis-explored-advancing-your-journey-in-holistic-health-technology-an-intermediate-manual","status":"publish","type":"product","link":"https:\/\/www.qxworld.eu\/de\/product\/omnis-explored-advancing-your-journey-in-holistic-health-technology-an-intermediate-manual\/","title":{"rendered":"OMNIS Explored: Advancing Your Journey in Holistic Health &amp; Technology \u2013 An Intermediate Manual"},"content":{"rendered":"<div class=\"elementor-element elementor-element-6b40c3a elementor-widget elementor-widget-text-editor\" data-id=\"6b40c3a\" data-element_type=\"widget\" data-widget_type=\"text-editor.default\">\n<div class=\"elementor-widget-container\">\n<div class=\"elementor-element elementor-element-6b40c3a elementor-widget elementor-widget-text-editor\" data-id=\"6b40c3a\" data-element_type=\"widget\" data-widget_type=\"text-editor.default\">\n<div class=\"elementor-widget-container\">\n<p>Das Training und der Leitfaden f\u00fcr Fortgeschrittene wurde entwickelt, um Ihr Verst\u00e4ndnis und Ihre Navigationsf\u00e4higkeiten auf eine tiefere Ebene zu heben. Durch die Kombination der in der Anf\u00e4ngerschulung erworbenen F\u00e4higkeiten werden Sie neue Methoden f\u00fcr die Durchf\u00fchrung von Sitzungen entdecken und ein tieferes Verst\u00e4ndnis f\u00fcr die Grundlagen Ihrer Reise mit Quantum Biofeedback erlangen. Ein Videokurs ist zusammen mit dem Handbuch auch auf den folgenden Seiten verf\u00fcgbar <a href=\"https:\/\/www.qxworld.eu\/product\/omnis-unveiled-step-into-the-fusion-of-holistic-health-science-beginners-guide\/\" target=\"_blank\" rel=\"noopener\">Link<\/a>.<\/p>\n<\/div>\n<\/div>\n<div class=\"elementor-element elementor-element-22eff2c elementor-widget elementor-widget-text-editor\" data-id=\"22eff2c\" data-element_type=\"widget\" data-widget_type=\"text-editor.default\">\n<p>&nbsp;<\/p>\n<div class=\"elementor-element elementor-element-6b40c3a elementor-widget elementor-widget-text-editor\" data-id=\"6b40c3a\" data-element_type=\"widget\" data-widget_type=\"text-editor.default\">\n<div class=\"elementor-widget-container\">\n<h4><strong>3 schnelle Schritte zum Erhalt Ihrer <\/strong><b>Digitales Handbuch<\/b><\/h4>\n<p>&nbsp;<\/p>\n<h5><strong>SCHRITT 1, Erstellen Sie Ihr kostenloses Adobe-Konto<\/strong><\/h5>\n<p>Dadurch wird eine\u00a0<a href=\"https:\/\/account.adobe.com\/\" target=\"_blank\" rel=\"noopener\">kostenloses Adobe-Konto<\/a>\u00a0die Sie f\u00fcr den Zugriff auf Ihre B\u00fccher verwenden k\u00f6nnen<\/p>\n<p>&nbsp;<\/p>\n<h5><strong>SCHRITT 2, Installieren Sie Adobe Digital Editions f\u00fcr Ihr Ger\u00e4t<\/strong><\/h5>\n<p>Sie m\u00fcssen die\u00a0<a href=\"https:\/\/www.adobe.com\/solutions\/ebook\/digital-editions\/download.html\" target=\"_blank\" rel=\"noopener\">Adobe Digital Editions-Reader-Anwendung<\/a>\u00a0um Ihre B\u00fccher anzusehen.<\/p>\n<p><a href=\"https:\/\/adedownload.adobe.com\/pub\/adobe\/digitaleditions\/ADE_4.5_Installer.exe\" target=\"_blank\" rel=\"noopener\">Digitale Ausgabe f\u00fcr Windows herunterladen<\/a><\/p>\n<p><a href=\"https:\/\/adedownload.adobe.com\/pub\/adobe\/digitaleditions\/ADE_4.5_Installer.dmg\" target=\"_blank\" rel=\"noopener\">Digitale Ausgabe f\u00fcr Macintosh herunterladen<\/a><\/p>\n<p>Weitere Ger\u00e4teoptionen finden Sie unter\u00a0<a href=\"https:\/\/www.adobe.com\/solutions\/ebook\/digital-editions\/download.html\" target=\"_blank\" rel=\"noopener\">Adobe Digital Editions Download-Seite<\/a>.<\/p>\n<p>&nbsp;<\/p>\n<\/div>\n<\/div>\n<p>Bitte achten Sie darauf, dass Sie nicht\u00a0<strong>MacAfee Antivirus installieren<\/strong>\u00a0w\u00e4hrend des Installationsvorgangs, ist dieses Antivirenprogramm nicht mit unserer Software kompatibel.<\/p>\n<p>\u00d6ffnen Sie nach der Installation von Adobe Digital Editions Adobe Digital Editions, gehen Sie zu Hilfe, w\u00e4hlen Sie Computer autorisieren und melden Sie sich mit Ihrem Adobe-Konto an, das Sie in Schritt 1 erstellt haben.<\/p>\n<p>&nbsp;<\/p>\n<div class=\"elementor-element elementor-element-6b40c3a elementor-widget elementor-widget-text-editor\" data-id=\"6b40c3a\" data-element_type=\"widget\" data-widget_type=\"text-editor.default\">\n<div class=\"elementor-widget-container\">\n<h5><strong>SCHRITT 3, Laden Sie Ihre Buchzugangsdatei aus Ihrem Download-Men\u00fc herunter<\/strong><\/h5>\n<p>Rufen Sie Ihre Buchzugangsdatei entweder \u00fcber die\u00a0<a href=\"https:\/\/www.qxworld.eu\/members\/downloads\/\" target=\"_blank\" rel=\"noopener\">Download-Men\u00fc<\/a>\u00a0oder \u00fcber den oben angegebenen Link. Nach dem Herunterladen \u00f6ffnen Sie die ACSM-Datei mit Adobe Digital Editions, um Ihr Buch zu genie\u00dfen.<\/p>\n<\/div>\n<\/div>\n<\/div>\n<\/div>\n<\/div>","protected":false},"excerpt":{"rendered":"<p>Das Training und der Leitfaden f\u00fcr Fortgeschrittene wurde entwickelt, um Ihr Verst\u00e4ndnis und Ihre Navigationsf\u00e4higkeiten auf eine tiefere Ebene zu heben. Durch die Kombination der in der Anf\u00e4ngerschulung erworbenen F\u00e4higkeiten werden Sie neue Methoden f\u00fcr die Durchf\u00fchrung von Sitzungen entdecken und ein tieferes Verst\u00e4ndnis f\u00fcr die Grundlagen Ihrer Reise mit Quantum Biofeedback erlangen.<\/p>","protected":false},"featured_media":216054,"template":"","meta":{"_acf_changed":false,"_seopress_robots_primary_cat":"none","_seopress_titles_title":"","_seopress_titles_desc":"","_seopress_robots_index":""},"product_brand":[],"product_cat":[35],"product_tag":[],"class_list":{"0":"post-216051","1":"product","2":"type-product","3":"status-publish","4":"has-post-thumbnail","6":"product_cat-uncategorized","8":"first","9":"instock","10":"downloadable","11":"sold-individually","12":"taxable","13":"shipping-taxable","14":"purchasable","15":"product-type-simple"},"bundled_by":[],"bundle_stock_status":"instock","bundle_stock_quantity":null,"bundle_virtual":false,"bundle_layout":"","bundle_add_to_cart_form_location":"","bundle_editable_in_cart":false,"bundle_sold_individually_context":"","bundle_item_grouping":"","bundle_min_size":"","bundle_max_size":"","bundle_price":[],"bundled_items":[],"bundle_sell_ids":[],"acf":[],"_links":{"self":[{"href":"https:\/\/www.qxworld.eu\/de\/wp-json\/wp\/v2\/product\/216051","targetHints":{"allow":["GET"]}}],"collection":[{"href":"https:\/\/www.qxworld.eu\/de\/wp-json\/wp\/v2\/product"}],"about":[{"href":"https:\/\/www.qxworld.eu\/de\/wp-json\/wp\/v2\/types\/product"}],"wp:featuredmedia":[{"embeddable":true,"href":"https:\/\/www.qxworld.eu\/de\/wp-json\/wp\/v2\/media\/216054"}],"wp:attachment":[{"href":"https:\/\/www.qxworld.eu\/de\/wp-json\/wp\/v2\/media?parent=216051"}],"wp:term":[{"taxonomy":"product_brand","embeddable":true,"href":"https:\/\/www.qxworld.eu\/de\/wp-json\/wp\/v2\/product_brand?post=216051"},{"taxonomy":"product_cat","embeddable":true,"href":"https:\/\/www.qxworld.eu\/de\/wp-json\/wp\/v2\/product_cat?post=216051"},{"taxonomy":"product_tag","embeddable":true,"href":"https:\/\/www.qxworld.eu\/de\/wp-json\/wp\/v2\/product_tag?post=216051"}],"curies":[{"name":"wp","href":"https:\/\/api.w.org\/{rel}","templated":true}]}}