{"id":289691,"date":"2025-01-28T12:54:53","date_gmt":"2025-01-28T11:54:53","guid":{"rendered":"https:\/\/www.qxworld.eu\/?post_type=product&#038;p=289691"},"modified":"2025-06-09T00:00:03","modified_gmt":"2025-06-08T22:00:03","slug":"mastering-advanced-quantum-biofeedback-and-omnis-integration-an-advanced-guide","status":"publish","type":"product","link":"https:\/\/www.qxworld.eu\/de\/product\/mastering-advanced-quantum-biofeedback-and-omnis-integration-an-advanced-guide\/","title":{"rendered":"Meisterung des fortgeschrittenen Quanten-Biofeedbacks und der OMNIS-Integration - Ein Leitfaden f\u00fcr Fortgeschrittene"},"content":{"rendered":"<div class=\"elementor-element elementor-element-6b40c3a elementor-widget elementor-widget-text-editor\" data-id=\"6b40c3a\" data-element_type=\"widget\" data-widget_type=\"text-editor.default\">\n<div class=\"elementor-widget-container\">\n<div class=\"elementor-element elementor-element-6b40c3a elementor-widget elementor-widget-text-editor\" data-id=\"6b40c3a\" data-element_type=\"widget\" data-widget_type=\"text-editor.default\">\n<div class=\"elementor-widget-container\">\n<div class=\"elementor-element elementor-element-22eff2c elementor-widget elementor-widget-text-editor\" data-id=\"22eff2c\" data-element_type=\"widget\" data-widget_type=\"text-editor.default\">\n<p>Bringen Sie Ihr Fachwissen \u00fcber ganzheitliche Gesundheit mit diesem fortgeschrittenen Training und Leitfaden auf die n\u00e4chste Stufe. Dieser Kurs ist perfekt f\u00fcr diejenigen, die bereit sind, das volle Potenzial der OMNIS-Software zu erschlie\u00dfen, indem sie in die fortschrittlichsten Panels und Werkzeuge eintauchen, um die komplizierten Verbindungen zwischen K\u00f6rper, Geist, Emotionen und Seele aufzudecken.<\/p>\n<p>Sie werden lernen, wie man detaillierte Untersuchungen durchf\u00fchrt, komplexe Gesundheitspuzzle zusammensetzt und modernste Techniken anwendet, um tiefgreifende Erkenntnisse zu gewinnen und sinnvolle Interventionen zu entwickeln.<br \/>\nDieses Programm geht \u00fcber die Grundlagen hinaus und vermittelt Ihnen die F\u00e4higkeiten, die anspruchsvollsten Funktionen von OMNIS zu navigieren und zu nutzen. Durch die Beherrschung dieser Tools werden Sie Ihre Pr\u00e4zision und Effektivit\u00e4t steigern und Ihren Kunden eine personalisierte, wirkungsvolle Betreuung bieten k\u00f6nnen.<\/p>\n<p>Mit dieser Schulung gewinnen Sie das Selbstvertrauen, die F\u00e4higkeiten von OMNIS voll auszusch\u00f6pfen und neue M\u00f6glichkeiten der ganzheitlichen Gesundheit zu erschlie\u00dfen. Ganz gleich, ob es um die L\u00f6sung komplizierter Herausforderungen oder um tiefere Einblicke geht, dieser Kurs wird Ihnen helfen, Ihre Praxis auf eine v\u00f6llig neue Ebene zu heben.<\/p>\n<\/div>\n<p>You can access the course under the <a href=\"https:\/\/www.qxworld.eu\/all-courses\/\" target=\"_blank\" rel=\"noopener\">alle Kurse<\/a> menu or in the following <a href=\"https:\/\/www.qxworld.eu\/courses\/omnis-deep-dive-expert-strategies-in-biofeedback-wellness-and-holistic-science\/\" target=\"_blank\" rel=\"noopener\">Link<\/a><\/p>\n<p>&nbsp;<\/p>\n<h4><strong>3 schnelle Schritte zum Erhalt Ihrer <\/strong><b>Digitales Handbuch<\/b><\/h4>\n<p>&nbsp;<\/p>\n<h5><strong>SCHRITT 1, Erstellen Sie Ihr kostenloses Adobe-Konto<\/strong><\/h5>\n<p>Dadurch wird eine <a href=\"https:\/\/account.adobe.com\/\" target=\"_blank\" rel=\"noopener\">kostenloses Adobe-Konto<\/a> die Sie f\u00fcr den Zugriff auf Ihre B\u00fccher verwenden k\u00f6nnen<\/p>\n<p>&nbsp;<\/p>\n<h5><strong>SCHRITT 2, Installieren Sie Adobe Digital Editions f\u00fcr Ihr Ger\u00e4t<\/strong><\/h5>\n<p>Sie m\u00fcssen die <a href=\"https:\/\/www.adobe.com\/solutions\/ebook\/digital-editions\/download.html\" target=\"_blank\" rel=\"noopener\">Adobe Digital Editions-Reader-Anwendung<\/a> um Ihre B\u00fccher anzusehen.<\/p>\n<p><a href=\"https:\/\/adedownload.adobe.com\/pub\/adobe\/digitaleditions\/ADE_4.5_Installer.exe\" target=\"_blank\" rel=\"noopener\">Digitale Ausgabe f\u00fcr Windows herunterladen<\/a><\/p>\n<p><a href=\"https:\/\/adedownload.adobe.com\/pub\/adobe\/digitaleditions\/ADE_4.5_Installer.dmg\" target=\"_blank\" rel=\"noopener\">Digitale Ausgabe f\u00fcr Macintosh herunterladen<\/a><\/p>\n<p>Weitere Ger\u00e4teoptionen finden Sie unter <a href=\"https:\/\/www.adobe.com\/solutions\/ebook\/digital-editions\/download.html\" target=\"_blank\" rel=\"noopener\">Adobe Digital Editions Download-Seite<\/a>.<\/p>\n<p>&nbsp;<\/p>\n<\/div>\n<\/div>\n<p>Bitte achten Sie darauf, dass Sie nicht <strong>MacAfee Antivirus installieren<\/strong> w\u00e4hrend des Installationsvorgangs, ist dieses Antivirenprogramm nicht mit unserer Software kompatibel.<\/p>\n<p>\u00d6ffnen Sie nach der Installation von Adobe Digital Editions Adobe Digital Editions, gehen Sie zu Hilfe, w\u00e4hlen Sie Computer autorisieren und melden Sie sich mit Ihrem Adobe-Konto an, das Sie in Schritt 1 erstellt haben.<\/p>\n<p>&nbsp;<\/p>\n<div class=\"elementor-element elementor-element-6b40c3a elementor-widget elementor-widget-text-editor\" data-id=\"6b40c3a\" data-element_type=\"widget\" data-widget_type=\"text-editor.default\">\n<div class=\"elementor-widget-container\">\n<h5><strong>SCHRITT 3, Laden Sie Ihre Buchzugangsdatei aus Ihrem Download-Men\u00fc herunter<\/strong><\/h5>\n<p>Rufen Sie Ihre Buchzugangsdatei entweder \u00fcber die <a href=\"https:\/\/www.qxworld.eu\/members\/downloads\/ \" target=\"_blank\" rel=\"noopener\">Download-Men\u00fc<\/a> oder \u00fcber den oben angegebenen Link. Nach dem Herunterladen \u00f6ffnen Sie die ACSM-Datei mit Adobe Digital Editions, um Ihr Buch zu genie\u00dfen.<\/p>\n<\/div>\n<\/div>\n<\/div>\n<\/div>","protected":false},"excerpt":{"rendered":"<p>Bringen Sie Ihr Fachwissen \u00fcber ganzheitliche Gesundheit mit diesem fortgeschrittenen Training und Leitfaden auf die n\u00e4chste Stufe. Dieser Kurs ist perfekt f\u00fcr diejenigen, die bereit sind, das volle Potenzial der OMNIS-Software zu erschlie\u00dfen, indem sie in die fortschrittlichsten Panels und Werkzeuge eintauchen, um die komplizierten Verbindungen zwischen K\u00f6rper, Geist, Emotionen und Seele aufzudecken.<\/p>","protected":false},"featured_media":289707,"template":"","meta":{"_acf_changed":false,"_seopress_robots_primary_cat":"none","_seopress_titles_title":"","_seopress_titles_desc":"","_seopress_robots_index":""},"product_brand":[],"product_cat":[35],"product_tag":[],"class_list":{"0":"post-289691","1":"product","2":"type-product","3":"status-publish","4":"has-post-thumbnail","6":"product_cat-uncategorized","8":"first","9":"instock","10":"downloadable","11":"sold-individually","12":"taxable","13":"shipping-taxable","14":"purchasable","15":"product-type-simple"},"bundled_by":[],"bundle_stock_status":"instock","bundle_stock_quantity":null,"bundle_virtual":false,"bundle_layout":"","bundle_add_to_cart_form_location":"","bundle_editable_in_cart":false,"bundle_sold_individually_context":"","bundle_item_grouping":"","bundle_min_size":"","bundle_max_size":"","bundle_price":[],"bundled_items":[],"bundle_sell_ids":[],"acf":[],"_links":{"self":[{"href":"https:\/\/www.qxworld.eu\/de\/wp-json\/wp\/v2\/product\/289691","targetHints":{"allow":["GET"]}}],"collection":[{"href":"https:\/\/www.qxworld.eu\/de\/wp-json\/wp\/v2\/product"}],"about":[{"href":"https:\/\/www.qxworld.eu\/de\/wp-json\/wp\/v2\/types\/product"}],"wp:featuredmedia":[{"embeddable":true,"href":"https:\/\/www.qxworld.eu\/de\/wp-json\/wp\/v2\/media\/289707"}],"wp:attachment":[{"href":"https:\/\/www.qxworld.eu\/de\/wp-json\/wp\/v2\/media?parent=289691"}],"wp:term":[{"taxonomy":"product_brand","embeddable":true,"href":"https:\/\/www.qxworld.eu\/de\/wp-json\/wp\/v2\/product_brand?post=289691"},{"taxonomy":"product_cat","embeddable":true,"href":"https:\/\/www.qxworld.eu\/de\/wp-json\/wp\/v2\/product_cat?post=289691"},{"taxonomy":"product_tag","embeddable":true,"href":"https:\/\/www.qxworld.eu\/de\/wp-json\/wp\/v2\/product_tag?post=289691"}],"curies":[{"name":"wp","href":"https:\/\/api.w.org\/{rel}","templated":true}]}}