{"id":301621,"date":"2025-03-11T13:47:25","date_gmt":"2025-03-11T12:47:25","guid":{"rendered":"https:\/\/www.qxworld.eu\/?post_type=product&#038;p=301621"},"modified":"2025-03-11T13:54:49","modified_gmt":"2025-03-11T12:54:49","slug":"ganzheitlicher-weg-kundenkommunikation-meistern","status":"publish","type":"product","link":"https:\/\/www.qxworld.eu\/de\/product\/holistic-path-mastering-client-communication\/","title":{"rendered":"Ganzheitlicher Weg - Kundenkommunikation meistern"},"content":{"rendered":"<p><strong>Willkommen auf dem holistischen Weg: Klientenkommunikation meistern Training<\/strong><\/p>\n<p>Effektive Kommunikation ist das Herzst\u00fcck einer erfolgreichen Biofeedback-Praxis. Dieser Kurs vermittelt Ihnen die F\u00e4higkeiten, eine klare, wirkungsvolle Sprache zu verwenden, die das Verst\u00e4ndnis, die Motivation und das Engagement der Klienten f\u00f6rdert. Sie werden auch die wichtige Rolle der Ausbildung bei der Bef\u00e4higung von Klienten und der Verbesserung der Ergebnisse erkunden.<\/p>\n<p>Am Ende dieses Kurses verf\u00fcgen Sie \u00fcber das n\u00f6tige R\u00fcstzeug, um wirksame Kommunikationsstrategien und p\u00e4dagogische Grunds\u00e4tze in Ihre Praxis zu integrieren und so st\u00e4rkere Kundenbeziehungen und bessere Ergebnisse zu f\u00f6rdern.  Lassen Sie uns gemeinsam auf diese transformative Lernreise gehen!<\/p>","protected":false},"excerpt":{"rendered":"<p>Welcome to the Holistic Path: Mastering Client Communication Training Effective communication is at the heart of successful biofeedback practice. This course will equip you with the skills to use clear, impactful language that enhances client understanding, motivation, and engagement. You&#8217;ll also explore the vital role of education in empowering clients and improving outcomes. By the [&hellip;]<\/p>\n","protected":false},"featured_media":301615,"template":"","meta":{"_acf_changed":false,"_seopress_robots_primary_cat":"none","_seopress_titles_title":"","_seopress_titles_desc":"","_seopress_robots_index":""},"product_brand":[],"product_cat":[57],"product_tag":[],"class_list":{"0":"post-301621","1":"product","2":"type-product","3":"status-publish","4":"has-post-thumbnail","6":"product_cat-courses","8":"first","9":"instock","10":"taxable","11":"shipping-taxable","12":"purchasable","13":"product-type-simple"},"bundled_by":[],"bundle_stock_status":"instock","bundle_stock_quantity":null,"bundle_virtual":false,"bundle_layout":"","bundle_add_to_cart_form_location":"","bundle_editable_in_cart":false,"bundle_sold_individually_context":"","bundle_item_grouping":"","bundle_min_size":"","bundle_max_size":"","bundle_price":[],"bundled_items":[],"bundle_sell_ids":[],"acf":[],"_links":{"self":[{"href":"https:\/\/www.qxworld.eu\/de\/wp-json\/wp\/v2\/product\/301621","targetHints":{"allow":["GET"]}}],"collection":[{"href":"https:\/\/www.qxworld.eu\/de\/wp-json\/wp\/v2\/product"}],"about":[{"href":"https:\/\/www.qxworld.eu\/de\/wp-json\/wp\/v2\/types\/product"}],"wp:featuredmedia":[{"embeddable":true,"href":"https:\/\/www.qxworld.eu\/de\/wp-json\/wp\/v2\/media\/301615"}],"wp:attachment":[{"href":"https:\/\/www.qxworld.eu\/de\/wp-json\/wp\/v2\/media?parent=301621"}],"wp:term":[{"taxonomy":"product_brand","embeddable":true,"href":"https:\/\/www.qxworld.eu\/de\/wp-json\/wp\/v2\/product_brand?post=301621"},{"taxonomy":"product_cat","embeddable":true,"href":"https:\/\/www.qxworld.eu\/de\/wp-json\/wp\/v2\/product_cat?post=301621"},{"taxonomy":"product_tag","embeddable":true,"href":"https:\/\/www.qxworld.eu\/de\/wp-json\/wp\/v2\/product_tag?post=301621"}],"curies":[{"name":"wp","href":"https:\/\/api.w.org\/{rel}","templated":true}]}}