{"id":346544,"date":"2025-09-22T13:52:47","date_gmt":"2025-09-22T11:52:47","guid":{"rendered":"https:\/\/www.qxworld.eu\/?post_type=product&#038;p=346544"},"modified":"2026-03-16T16:14:56","modified_gmt":"2026-03-16T15:14:56","slug":"tierisches-webinar-2026-februar","status":"publish","type":"product","link":"https:\/\/www.qxworld.eu\/de\/product\/animal-webinar-2026-february\/","title":{"rendered":"Tier-Webinar - Lahmheit der Hintergliedma\u00dfen bei Hund, Katze und Pferd"},"content":{"rendered":"<div data-v-85776206=\"\">\n<div data-v-85776206=\"\">\n<div class=\"split-line topic4Detail-item detail-item\" data-v-102c4052=\"\" data-v-85776206=\"\">\n<div class=\"zm-form-item mgb-md is-no-asterisk\" data-v-102c4052=\"\">\n<div class=\"zm-form-item__content\">\n<p>Lahmheiten der Hintergliedma\u00dfen sind h\u00e4ufig auf orthop\u00e4dische, neurologische oder Weichteil-Dysfunktionen zur\u00fcckzuf\u00fchren. Auf welche Weise kann die integrative Pflege dieses Problem angehen, um Schmerzlinderung und funktionelle Wiederherstellung zu f\u00f6rdern?<\/p>\n<\/div>\n<\/div>\n<\/div>\n<\/div>\n<\/div>","protected":false},"excerpt":{"rendered":"<p>Lahmheiten der Hintergliedma\u00dfen sind h\u00e4ufig auf orthop\u00e4dische, neurologische oder Weichteil-Dysfunktionen zur\u00fcckzuf\u00fchren. Auf welche Weise kann die integrative Pflege dieses Problem angehen, um Schmerzlinderung und funktionelle Wiederherstellung zu f\u00f6rdern?<\/p>","protected":false},"featured_media":346546,"template":"","meta":{"_acf_changed":false,"_seopress_robots_primary_cat":"none","_seopress_titles_title":"Fundamentals of equine and canine skeleton.","_seopress_titles_desc":"","_seopress_robots_index":""},"product_brand":[],"product_cat":[101],"product_tag":[],"class_list":{"0":"post-346544","1":"product","2":"type-product","3":"status-publish","4":"has-post-thumbnail","6":"product_cat-ticket","8":"first","9":"instock","10":"virtual","11":"taxable","12":"purchasable","13":"product-type-simple"},"bundled_by":[],"bundle_stock_status":"instock","bundle_stock_quantity":null,"bundle_virtual":false,"bundle_layout":"","bundle_add_to_cart_form_location":"","bundle_editable_in_cart":false,"bundle_sold_individually_context":"","bundle_item_grouping":"","bundle_min_size":"","bundle_max_size":"","bundle_price":[],"bundled_items":[],"bundle_sell_ids":[],"acf":[],"_links":{"self":[{"href":"https:\/\/www.qxworld.eu\/de\/wp-json\/wp\/v2\/product\/346544","targetHints":{"allow":["GET"]}}],"collection":[{"href":"https:\/\/www.qxworld.eu\/de\/wp-json\/wp\/v2\/product"}],"about":[{"href":"https:\/\/www.qxworld.eu\/de\/wp-json\/wp\/v2\/types\/product"}],"wp:featuredmedia":[{"embeddable":true,"href":"https:\/\/www.qxworld.eu\/de\/wp-json\/wp\/v2\/media\/346546"}],"wp:attachment":[{"href":"https:\/\/www.qxworld.eu\/de\/wp-json\/wp\/v2\/media?parent=346544"}],"wp:term":[{"taxonomy":"product_brand","embeddable":true,"href":"https:\/\/www.qxworld.eu\/de\/wp-json\/wp\/v2\/product_brand?post=346544"},{"taxonomy":"product_cat","embeddable":true,"href":"https:\/\/www.qxworld.eu\/de\/wp-json\/wp\/v2\/product_cat?post=346544"},{"taxonomy":"product_tag","embeddable":true,"href":"https:\/\/www.qxworld.eu\/de\/wp-json\/wp\/v2\/product_tag?post=346544"}],"curies":[{"name":"wp","href":"https:\/\/api.w.org\/{rel}","templated":true}]}}