{"id":361648,"date":"2026-01-19T15:19:55","date_gmt":"2026-01-19T14:19:55","guid":{"rendered":"https:\/\/www.qxworld.eu\/?post_type=product&#038;p=361648"},"modified":"2026-01-19T15:27:10","modified_gmt":"2026-01-19T14:27:10","slug":"sommer-webinar-zum-organsystem-2026","status":"publish","type":"product","link":"https:\/\/www.qxworld.eu\/de\/product\/summer-organ-system-webinar-2026\/","title":{"rendered":"Sommer - Webinar zum Organsystem"},"content":{"rendered":"<p>\u2600\ufe0f <strong>Sommer<\/strong><br \/>\n<em>Entdecken Sie, wie Herz und D\u00fcnndarm den Kreislauf, das hormonelle Gleichgewicht, die geistige Klarheit und die Vitalit\u00e4t pr\u00e4gen, die zu Verbindung und Freude f\u00fchren.<\/em><\/p>\n<p>Bitte beachten Sie, dass Sie ein registriertes Zoom-Konto haben m\u00fcssen, um an diesem Webinar teilnehmen zu k\u00f6nnen. Sie k\u00f6nnen sich registrieren <a href=\"https:\/\/zoom.us\/signup\" data-type=\"link\" data-id=\"https:\/\/zoom.us\/signup\"><strong>hier<\/strong><\/a>. Bitte beachten Sie au\u00dferdem, dass die Registrierung f\u00fcr das Webinar 30 Minuten vor dem geplanten Beginn beendet wird.<\/p>","protected":false},"excerpt":{"rendered":"<p>\u2600\ufe0f Summer Discover how the heart and small intestine shape circulation, hormonal balance, mental clarity, and the vitality that fuels connection and joy. Please note that you will need to have a registered Zoom account in order to participate in this webinar. You may register here. Additionally, please note that webinar registration will stop 30 [&hellip;]<\/p>\n","protected":false},"featured_media":361642,"template":"","meta":{"_acf_changed":false,"_seopress_robots_primary_cat":"none","_seopress_titles_title":"","_seopress_titles_desc":"","_seopress_robots_index":""},"product_brand":[],"product_cat":[101],"product_tag":[],"class_list":{"0":"post-361648","1":"product","2":"type-product","3":"status-publish","4":"has-post-thumbnail","6":"product_cat-ticket","8":"first","9":"instock","10":"virtual","11":"taxable","12":"purchasable","13":"product-type-simple"},"bundled_by":[],"bundle_stock_status":"instock","bundle_stock_quantity":null,"bundle_virtual":false,"bundle_layout":"","bundle_add_to_cart_form_location":"","bundle_editable_in_cart":false,"bundle_sold_individually_context":"","bundle_item_grouping":"","bundle_min_size":"","bundle_max_size":"","bundle_price":[],"bundled_items":[],"bundle_sell_ids":[],"acf":[],"_links":{"self":[{"href":"https:\/\/www.qxworld.eu\/de\/wp-json\/wp\/v2\/product\/361648","targetHints":{"allow":["GET"]}}],"collection":[{"href":"https:\/\/www.qxworld.eu\/de\/wp-json\/wp\/v2\/product"}],"about":[{"href":"https:\/\/www.qxworld.eu\/de\/wp-json\/wp\/v2\/types\/product"}],"wp:featuredmedia":[{"embeddable":true,"href":"https:\/\/www.qxworld.eu\/de\/wp-json\/wp\/v2\/media\/361642"}],"wp:attachment":[{"href":"https:\/\/www.qxworld.eu\/de\/wp-json\/wp\/v2\/media?parent=361648"}],"wp:term":[{"taxonomy":"product_brand","embeddable":true,"href":"https:\/\/www.qxworld.eu\/de\/wp-json\/wp\/v2\/product_brand?post=361648"},{"taxonomy":"product_cat","embeddable":true,"href":"https:\/\/www.qxworld.eu\/de\/wp-json\/wp\/v2\/product_cat?post=361648"},{"taxonomy":"product_tag","embeddable":true,"href":"https:\/\/www.qxworld.eu\/de\/wp-json\/wp\/v2\/product_tag?post=361648"}],"curies":[{"name":"wp","href":"https:\/\/api.w.org\/{rel}","templated":true}]}}