{"id":95987,"date":"2022-01-14T15:15:46","date_gmt":"2022-01-14T13:15:46","guid":{"rendered":"https:\/\/www.qxworld.eu\/?post_type=product&#038;p=95987"},"modified":"2022-01-14T15:46:41","modified_gmt":"2022-01-14T13:46:41","slug":"qx-world-online-congress-2021-how-to-improve-performance-with-the-sports-program-by-margret-margretardottir-2","status":"publish","type":"product","link":"https:\/\/www.qxworld.eu\/el\/product\/qx-world-online-congress-2021-how-to-improve-performance-with-the-sports-program-by-margret-margretardottir\/","title":{"rendered":"QX World Online Congress 2021 \u2013 How To Improve Performance with the Sports Program by Margr\u00e9t Margr\u00e9tard\u00f3ttir"},"content":{"rendered":"<p>\u0397 Margr\u00e9t \u03c0\u03c1\u03cc\u03ba\u03b5\u03b9\u03c4\u03b1\u03b9 \u03bd\u03b1 <strong>\u03be\u03b5\u03bd\u03b1\u03b3\u03ae\u03c3\u03c4\u03b5 \u03bc\u03b1\u03c2 \u03c3\u03c4\u03b1 \u03c0\u03b9\u03bf \u03c3\u03b7\u03bc\u03b1\u03bd\u03c4\u03b9\u03ba\u03ac \u03c0\u03ac\u03bd\u03b5\u03bb Sport<\/strong>, \u03c0\u03bf\u03c5 \u03b1\u03bd\u03b1\u03c0\u03c4\u03cd\u03c7\u03b8\u03b7\u03ba\u03b5 \u03b5\u03b9\u03b4\u03b9\u03ba\u03ac \u03b3\u03b9\u03b1 \u03b1\u03b8\u03bb\u03b7\u03c4\u03ad\u03c2 \u03c0\u03bf\u03c5 \u03b8\u03b1 \u03ae\u03b8\u03b5\u03bb\u03b1\u03bd \u03bd\u03b1 <strong>\u03bd\u03b1 \u03bc\u03b5\u03b3\u03b9\u03c3\u03c4\u03bf\u03c0\u03bf\u03b9\u03ae\u03c3\u03bf\u03c5\u03bd \u03c4\u03b7\u03bd \u03b1\u03c0\u03cc\u03b4\u03bf\u03c3\u03ae \u03c4\u03bf\u03c5\u03c2 \u03c4\u03cc\u03c3\u03bf \u03c3\u03c9\u03bc\u03b1\u03c4\u03b9\u03ba\u03ac \u03cc\u03c3\u03bf \u03ba\u03b1\u03b9 \u03c0\u03bd\u03b5\u03c5\u03bc\u03b1\u03c4\u03b9\u03ba\u03ac.<\/strong><\/p>\n<p>&nbsp;<\/p>\n<p>*Local taxes may apply<\/p>","protected":false},"excerpt":{"rendered":"<p>\u0397 Margr\u00e9t \u03b8\u03b1 \u03bc\u03b1\u03c2 \u03be\u03b5\u03bd\u03b1\u03b3\u03ae\u03c3\u03b5\u03b9 \u03c3\u03c4\u03b1 \u03c0\u03b9\u03bf \u03c3\u03b7\u03bc\u03b1\u03bd\u03c4\u03b9\u03ba\u03ac \u03c0\u03ac\u03bd\u03b5\u03bb Sport, \u03c0\u03bf\u03c5 \u03b1\u03bd\u03b1\u03c0\u03c4\u03cd\u03c7\u03b8\u03b7\u03ba\u03b1\u03bd \u03b5\u03b9\u03b4\u03b9\u03ba\u03ac \u03b3\u03b9\u03b1 \u03b1\u03b8\u03bb\u03b7\u03c4\u03ad\u03c2 \u03c0\u03bf\u03c5 \u03b8\u03ad\u03bb\u03bf\u03c5\u03bd \u03bd\u03b1 \u03bc\u03b5\u03b3\u03b9\u03c3\u03c4\u03bf\u03c0\u03bf\u03b9\u03ae\u03c3\u03bf\u03c5\u03bd \u03c4\u03b7\u03bd \u03b1\u03c0\u03cc\u03b4\u03bf\u03c3\u03ae \u03c4\u03bf\u03c5\u03c2 \u03c4\u03cc\u03c3\u03bf \u03c3\u03c9\u03bc\u03b1\u03c4\u03b9\u03ba\u03ac \u03cc\u03c3\u03bf \u03ba\u03b1\u03b9 \u03c0\u03bd\u03b5\u03c5\u03bc\u03b1\u03c4\u03b9\u03ba\u03ac.   *\u039c\u03c0\u03bf\u03c1\u03b5\u03af \u03bd\u03b1 \u03b9\u03c3\u03c7\u03cd\u03bf\u03c5\u03bd \u03c4\u03bf\u03c0\u03b9\u03ba\u03bf\u03af \u03c6\u03cc\u03c1\u03bf\u03b9<\/p>","protected":false},"featured_media":95521,"template":"","meta":{"_acf_changed":false,"_seopress_robots_primary_cat":"57","_seopress_titles_title":"","_seopress_titles_desc":"","_seopress_robots_index":""},"product_brand":[],"product_cat":[57],"product_tag":[],"class_list":{"0":"post-95987","1":"product","2":"type-product","3":"status-publish","4":"has-post-thumbnail","6":"product_cat-courses","8":"first","9":"instock","10":"taxable","11":"shipping-taxable","12":"purchasable","13":"product-type-simple"},"bundled_by":[],"bundle_stock_status":"instock","bundle_stock_quantity":null,"bundle_virtual":false,"bundle_layout":"","bundle_add_to_cart_form_location":"","bundle_editable_in_cart":false,"bundle_sold_individually_context":"","bundle_item_grouping":"","bundle_min_size":"","bundle_max_size":"","bundle_price":[],"bundled_items":[],"bundle_sell_ids":[],"acf":[],"_links":{"self":[{"href":"https:\/\/www.qxworld.eu\/el\/wp-json\/wp\/v2\/product\/95987","targetHints":{"allow":["GET"]}}],"collection":[{"href":"https:\/\/www.qxworld.eu\/el\/wp-json\/wp\/v2\/product"}],"about":[{"href":"https:\/\/www.qxworld.eu\/el\/wp-json\/wp\/v2\/types\/product"}],"wp:featuredmedia":[{"embeddable":true,"href":"https:\/\/www.qxworld.eu\/el\/wp-json\/wp\/v2\/media\/95521"}],"wp:attachment":[{"href":"https:\/\/www.qxworld.eu\/el\/wp-json\/wp\/v2\/media?parent=95987"}],"wp:term":[{"taxonomy":"product_brand","embeddable":true,"href":"https:\/\/www.qxworld.eu\/el\/wp-json\/wp\/v2\/product_brand?post=95987"},{"taxonomy":"product_cat","embeddable":true,"href":"https:\/\/www.qxworld.eu\/el\/wp-json\/wp\/v2\/product_cat?post=95987"},{"taxonomy":"product_tag","embeddable":true,"href":"https:\/\/www.qxworld.eu\/el\/wp-json\/wp\/v2\/product_tag?post=95987"}],"curies":[{"name":"wp","href":"https:\/\/api.w.org\/{rel}","templated":true}]}}