{"id":18294,"date":"2021-10-15T14:02:02","date_gmt":"2021-10-15T12:02:02","guid":{"rendered":"https:\/\/www.qxworld.eu\/?page_id=18294"},"modified":"2021-10-19T11:09:36","modified_gmt":"2021-10-19T09:09:36","slug":"omnis-actualizacion-antigua","status":"publish","type":"page","link":"https:\/\/www.qxworld.eu\/es\/omnis-update-old\/","title":{"rendered":"Omnis Update [OLD]"},"content":{"rendered":"<h1 style=\"\">An\u00edmese y visite el nuevo sitio web de QX World.<\/h1>\n<h1 style=\"\">An\u00edmese y visite el nuevo sitio web de QX World.<\/h1>\n<p><span><img loading=\"lazy\" decoding=\"async\" alt=\"\" data-id=\"71\" data-init-width=\"1000\" data-init-height=\"417\" title=\"omnis_logo_wh\" src=\"https:\/\/www.qxworld.eu\/wp-content\/uploads\/2021\/10\/omnis_logo_wh-1.png\" data-width=\"457\" data-height=\"191\" style=\"\" width=\"457\" height=\"191\"><\/span><\/p>\n<h1 style=\"text-align: center;\">OMNIS EST\u00c1 AQU\u00cd<\/h1>\n<p style=\"text-align: center;\">\u00a1ACTUALICE YA SUS DISPOSITIVOS SCIO, EDUCTOR E INDIGO!<\/p>\n<h2 style=\"text-align: center;\">\u00bfPOR QU\u00c9 ACTUALIZAR?<\/h2>\n<p><span style=\"\"><img loading=\"lazy\" decoding=\"async\" alt=\"\" data-id=\"18403\" data-init-width=\"1920\" data-init-height=\"1403\" title=\"p\u00e1gina_01\" src=\"https:\/\/www.qxworld.eu\/wp-content\/uploads\/2021\/10\/webside_01.jpg\" data-width=\"422\" data-height=\"308\" style=\"\" width=\"422\" height=\"308\" ml-d=\"0\" mt-d=\"-350.5315\"><\/span><\/p>\n<h4 style=\"\">NUEVA IMAGEN Y EXPERIENCIA DE USUARIO<\/h4>\n<p>Un incre\u00edble lavado de cara que proporciona facilidad de uso, visualmente m\u00e1s atractivo, utilizando fondos uniformes, botones reorganizados y del mismo tama\u00f1o, categorizaci\u00f3n por color de uso de fondo y \u00a1mucho m\u00e1s!<\/p>\n<h4 style=\"\">RECONOCIMIENTO AUTOM\u00c1TICO DE DISPOSITIVOS<\/h4>\n<p>Reconocimiento autom\u00e1tico del dispositivo: el programa reconoce autom\u00e1ticamente el dispositivo conectado, sin necesidad de configurar el puerto de comunicaci\u00f3n, \u00a1puedes enchufar y desenchufar el dispositivo durante la sesi\u00f3n sin tener que cerrar el programa principal!<\/p>\n<h4 style=\"\">ACTIVACI\u00d3N SIMPLIFICADA<\/h4>\n<p>Actualizaci\u00f3n y activaci\u00f3n centralizadas desde la App QXSUBSPACE. \u00bfQu\u00e9 significa esto? \u00a1Que ya no tendr\u00e1s que iniciar el programa para activarlo!<\/p>\n<p>Act\u00edvelo en la App y ejecute su programa sin interrupciones, \u00a1r\u00e1pido y f\u00e1cil!&nbsp;<\/p>\n<h4 style=\"\">INFORMES MEJORADOS<\/h4>\n<p style=\"\">Funci\u00f3n de informe inteligente de varios niveles, que ofrece al cliente y al terapeuta informaci\u00f3n valiosa y conforme.<\/p>\n<p><span><img loading=\"lazy\" decoding=\"async\" alt=\"\" data-id=\"18418\" data-init-width=\"1920\" data-init-height=\"1403\" title=\"p\u00e1gina web_02\" src=\"https:\/\/www.qxworld.eu\/wp-content\/uploads\/2021\/10\/webside_02.jpg\" data-width=\"488\" data-height=\"357\" style=\"\" width=\"488\" height=\"357\" mt-d=\"0\"><\/span><span style=\"\"><img loading=\"lazy\" decoding=\"async\" alt=\"\" data-id=\"19422\" data-init-width=\"1920\" data-init-height=\"1403\" title=\"p\u00e1gina web_03\" src=\"https:\/\/www.qxworld.eu\/wp-content\/uploads\/2021\/10\/webside_03.jpg\" data-width=\"534\" data-height=\"390\" style=\"\" width=\"534\" height=\"390\" ml-d=\"0\" mt-d=\"-350.5315\"><\/span><\/p>\n<h4>CAMBIAR DE IDIOMA SOBRE LA MARCHA<\/h4>\n<p dir=\"ltr\">Conmutador de idiomas en directo: \u00a1cambia del ingl\u00e9s a otro idioma MIENTRAS se ejecuta la sesi\u00f3n!&nbsp;<\/p>\n<h4 style=\"\">\u00a1FUNCIONA CON A\u00daN M\u00c1S DISPOSITIVOS!<\/h4>\n<p dir=\"ltr\">Comunicaci\u00f3n con el dispositivo completamente reescrito para ser m\u00e1s r\u00e1pido, m\u00e1s eficiente y adaptable para crear compatibilidad con otros sistemas operativos como iOS, Mac, Linux, Android.<\/p>\n<h2 style=\"text-align: center;\">\u00bfC\u00d3MO ACTUALIZAR?<\/h2>\n<h1 style=\"\">Familiar\u00edcese con todas las novedades.<\/h1>\n<p style=\"\">Descargue la gu\u00eda de inicio de OMNIS.<\/p>\n<h2 style=\"text-align: center;\">\u00a1Bonificaciones!<\/h2>\n<p style=\"text-align: center;\">Hemos preparado algunas golosinas adicionales para usted.<\/p>\n<h4 data-hide=\"true\" style=\"text-align: center;\">OMNIS - UN PORTAL A UNA NUEVA DIMENSI\u00d3N<\/h4>\n<h4 data-hide=\"true\" style=\"text-align: center;\">MANUAL DETALLADO DE ACTUALIZACI\u00d3N<\/h4>\n<h4 data-hide=\"true\" style=\"text-align: center;\">MANUAL OMNIS SMART REPORT<\/h4>\n<h4 data-hide=\"true\" style=\"text-align: center;\">EL NUEVO MANUAL DEGEN SCAN<\/h4>\n<h2 style=\"text-align: center;\">QXSTRIANOS AMANTES DE LOS OMNIS<\/h2>\n<p><span><img loading=\"lazy\" decoding=\"async\" alt=\"\" data-id=\"2999\" data-init-width=\"250\" data-init-height=\"250\" title=\"Ommi_testimonial-7\" src=\"https:\/\/www.qxworld.eu\/wp-content\/uploads\/2021\/10\/Ommi_testimonial-7.jpg\" data-width=\"100\" data-height=\"100\" style=\"\" width=\"100\" height=\"100\"><\/span><\/p>\n<h5 style=\"text-align: center;\">Dra. Julia S., Baltimore<\/h5>\n<p style=\"\">\"OMNIS profundiza realmente en los conocimientos que obtenemos durante nuestras sesiones, es sin duda una mejora con respecto a EDUCTOR64\"<\/p>\n<p><span><img loading=\"lazy\" decoding=\"async\" alt=\"\" data-id=\"2997\" data-init-width=\"250\" data-init-height=\"250\" title=\"Ommi_testimonial-5\" src=\"https:\/\/www.qxworld.eu\/wp-content\/uploads\/2021\/10\/Ommi_testimonial-5.jpg\" data-width=\"100\" data-height=\"100\" style=\"\" width=\"100\" height=\"100\"><\/span><\/p>\n<h5 style=\"text-align: center;\">Dr. Muhammad D., Nueva Delhi<\/h5>\n<p style=\"\">\"Lo que me gusta especialmente de OMNIS es la forma en que incorpora todos estos m\u00f3dulos complejos\".<\/p>\n<p><span><img loading=\"lazy\" decoding=\"async\" alt=\"\" data-id=\"3001\" data-init-width=\"250\" data-init-height=\"250\" title=\"Ommi_testimonial-10\" src=\"https:\/\/www.qxworld.eu\/wp-content\/uploads\/2021\/10\/Ommi_testimonial-10.jpg\" data-width=\"100\" data-height=\"100\" style=\"\" width=\"100\" height=\"100\"><\/span><\/p>\n<h5 style=\"text-align: center;\">Genevieve A., Par\u00eds<\/h5>\n<p style=\"\">\"F\u00e1cil de usar, dif\u00edcil de dominar. Afortunadamente, la gente de QX y la enorme cantidad de material educativo me ayudan a mantenerme al d\u00eda con las nuevas funciones.\"<\/p>\n<p style=\"text-align: center;\">Descargo de responsabilidad sobre la privacidadPara respetar la ley sobre la privacidad del paciente y la confidencialidad m\u00e9dica, se han alterado algunos nombres e ilustraciones.<\/p>\n<h2 style=\"\">Hazte QXstrian<\/h2>\n<p style=\"\">Suscr\u00edbase a nuestro bolet\u00edn<\/p>","protected":false},"excerpt":{"rendered":"<p>Take a leap and check out the brand new website of QX World! Take a leap and check out the brand new website of QX World! OMNIS IS HERE UPDATE YOUR SCIO, EDUCTOR &amp; INDIGO DEVICES NOW! WHY UPGRADE? BRAND NEW LOOKS AND USER EXPERIENCE An amazing facelift providing user friendliness, visually more attractive, using [&hellip;]<\/p>\n","protected":false},"author":28,"featured_media":0,"parent":0,"menu_order":0,"comment_status":"closed","ping_status":"closed","template":"","meta":{"_acf_changed":false,"_seopress_robots_primary_cat":"","_seopress_titles_title":"","_seopress_titles_desc":"","_seopress_robots_index":"","footnotes":""},"class_list":["post-18294","page","type-page","status-publish","hentry"],"acf":[],"_links":{"self":[{"href":"https:\/\/www.qxworld.eu\/es\/wp-json\/wp\/v2\/pages\/18294","targetHints":{"allow":["GET"]}}],"collection":[{"href":"https:\/\/www.qxworld.eu\/es\/wp-json\/wp\/v2\/pages"}],"about":[{"href":"https:\/\/www.qxworld.eu\/es\/wp-json\/wp\/v2\/types\/page"}],"author":[{"embeddable":true,"href":"https:\/\/www.qxworld.eu\/es\/wp-json\/wp\/v2\/users\/28"}],"replies":[{"embeddable":true,"href":"https:\/\/www.qxworld.eu\/es\/wp-json\/wp\/v2\/comments?post=18294"}],"version-history":[{"count":0,"href":"https:\/\/www.qxworld.eu\/es\/wp-json\/wp\/v2\/pages\/18294\/revisions"}],"wp:attachment":[{"href":"https:\/\/www.qxworld.eu\/es\/wp-json\/wp\/v2\/media?parent=18294"}],"curies":[{"name":"wp","href":"https:\/\/api.w.org\/{rel}","templated":true}]}}