{"id":217268,"date":"2024-08-16T16:52:16","date_gmt":"2024-08-16T14:52:16","guid":{"rendered":"https:\/\/www.qxworld.eu\/?page_id=217268"},"modified":"2025-06-16T16:16:27","modified_gmt":"2025-06-16T14:16:27","slug":"aplicacion-de-oracion","status":"publish","type":"page","link":"https:\/\/www.qxworld.eu\/es\/products\/prayer-app\/","title":{"rendered":"Aplicaci\u00f3n de oraci\u00f3n"},"content":{"rendered":"<div data-elementor-type=\"wp-page\" data-elementor-id=\"217268\" class=\"elementor elementor-217268\" data-elementor-post-type=\"page\">\n\t\t\t\t<div class=\"elementor-element elementor-element-d49e75c e-flex e-con-boxed e-con e-parent\" data-id=\"d49e75c\" data-element_type=\"container\" data-e-type=\"container\" data-settings=\"{&quot;background_background&quot;:&quot;classic&quot;,&quot;jet_parallax_layout_list&quot;:[]}\">\n\t\t\t\t\t<div class=\"e-con-inner\">\n\t\t<div class=\"elementor-element elementor-element-0005cf0 e-con-full e-flex e-con e-child\" data-id=\"0005cf0\" data-element_type=\"container\" data-e-type=\"container\" data-settings=\"{&quot;jet_parallax_layout_list&quot;:[]}\">\n\t\t\t\t<div class=\"elementor-element elementor-element-c001b64 elementor-widget elementor-widget-image\" data-id=\"c001b64\" data-element_type=\"widget\" data-e-type=\"widget\" data-widget_type=\"image.default\">\n\t\t\t\t<div class=\"elementor-widget-container\">\n\t\t\t\t\t\t\t\t\t\t\t\t\t\t\t<img fetchpriority=\"high\" decoding=\"async\" width=\"477\" height=\"170\" src=\"https:\/\/www.qxworld.eu\/wp-content\/uploads\/2024\/08\/prayer-top-logo.png\" class=\"attachment-large size-large wp-image-217279\" alt=\"Texto del logotipo Energy Air\" srcset=\"https:\/\/www.qxworld.eu\/wp-content\/uploads\/2024\/08\/prayer-top-logo.png 477w, https:\/\/www.qxworld.eu\/wp-content\/uploads\/2024\/08\/prayer-top-logo-300x107.png 300w, https:\/\/www.qxworld.eu\/wp-content\/uploads\/2024\/08\/prayer-top-logo-18x6.png 18w\" sizes=\"(max-width: 477px) 100vw, 477px\" \/>\t\t\t\t\t\t\t\t\t\t\t\t\t\t\t<\/div>\n\t\t\t\t<\/div>\n\t\t\t\t<\/div>\n\t\t<div class=\"elementor-element elementor-element-1f73045 e-con-full e-flex e-con e-child\" data-id=\"1f73045\" data-element_type=\"container\" data-e-type=\"container\" data-settings=\"{&quot;jet_parallax_layout_list&quot;:[]}\">\n\t\t\t\t<div class=\"elementor-element elementor-element-b95f4a6 elementor-widget elementor-widget-heading\" data-id=\"b95f4a6\" data-element_type=\"widget\" data-e-type=\"widget\" data-widget_type=\"heading.default\">\n\t\t\t\t<div class=\"elementor-widget-container\">\n\t\t\t\t\t<h1 class=\"elementor-heading-title elementor-size-default\">Oraci\u00f3n 24\/7 Espiritual<br \/> Software de apoyo<\/h1>\t\t\t\t<\/div>\n\t\t\t\t<\/div>\n\t\t\t\t<\/div>\n\t\t\t\t\t<\/div>\n\t\t\t\t<\/div>\n\t\t<div class=\"elementor-element elementor-element-f37a514 e-con-full e-flex e-con e-parent\" data-id=\"f37a514\" data-element_type=\"container\" data-e-type=\"container\" data-settings=\"{&quot;jet_parallax_layout_list&quot;:[]}\">\n\t\t\t\t<div class=\"elementor-element elementor-element-09e4aad elementor-widget elementor-widget-heading\" data-id=\"09e4aad\" data-element_type=\"widget\" data-e-type=\"widget\" data-widget_type=\"heading.default\">\n\t\t\t\t<div class=\"elementor-widget-container\">\n\t\t\t\t\t<h2 class=\"elementor-heading-title elementor-size-default\">Experimente la armon\u00eda espiritual y emocional como nunca antes con la Oraci\u00f3n, su clave para la relajaci\u00f3n profunda, la reducci\u00f3n del estr\u00e9s y la vida equilibrada.<\/h2>\t\t\t\t<\/div>\n\t\t\t\t<\/div>\n\t\t\t\t<\/div>\n\t\t<div class=\"elementor-element elementor-element-fbc9c4c e-flex e-con-boxed e-con e-parent\" data-id=\"fbc9c4c\" data-element_type=\"container\" data-e-type=\"container\" data-settings=\"{&quot;jet_parallax_layout_list&quot;:[]}\">\n\t\t\t\t\t<div class=\"e-con-inner\">\n\t\t<div class=\"elementor-element elementor-element-837963d e-con-full e-flex e-con e-child\" data-id=\"837963d\" data-element_type=\"container\" data-e-type=\"container\" data-settings=\"{&quot;jet_parallax_layout_list&quot;:[]}\">\n\t\t\t\t<div class=\"elementor-element elementor-element-ee4afa8 elementor-widget elementor-widget-heading\" data-id=\"ee4afa8\" data-element_type=\"widget\" data-e-type=\"widget\" data-widget_type=\"heading.default\">\n\t\t\t\t<div class=\"elementor-widget-container\">\n\t\t\t\t\t<h2 class=\"elementor-heading-title elementor-size-default\">As\u00ed es como funciona<\/h2>\t\t\t\t<\/div>\n\t\t\t\t<\/div>\n\t\t\t\t<div class=\"elementor-element elementor-element-ebd2eeb elementor-widget elementor-widget-text-editor\" data-id=\"ebd2eeb\" data-element_type=\"widget\" data-e-type=\"widget\" data-widget_type=\"text-editor.default\">\n\t\t\t\t<div class=\"elementor-widget-container\">\n\t\t\t\t\t\t\t\t\t<p>The Prayer es un software revolucionario dise\u00f1ado para funcionar independientemente de su dispositivo de Biofeedback, ejecut\u00e1ndose sin problemas en segundo plano las 24 horas del d\u00eda, los 7 d\u00edas de la semana. Aprovechando el concepto de los campos de energ\u00eda sutiles que rodean a cada persona, esta herramienta integra potentes frecuencias hololing\u00fc\u00edsticas generadas por su CPU, adaptadas a sus entradas \u00fanicas y a las de sus clientes.<\/p>\t\t\t\t\t\t\t\t<\/div>\n\t\t\t\t<\/div>\n\t\t\t\t<\/div>\n\t\t<div class=\"elementor-element elementor-element-c93c1d9 e-con-full e-flex e-con e-child\" data-id=\"c93c1d9\" data-element_type=\"container\" data-e-type=\"container\" data-settings=\"{&quot;background_background&quot;:&quot;classic&quot;,&quot;jet_parallax_layout_list&quot;:[]}\">\n\t\t\t\t<\/div>\n\t\t\t\t\t<\/div>\n\t\t\t\t<\/div>\n\t\t<div class=\"elementor-element elementor-element-17f64c9 e-flex e-con-boxed e-con e-parent\" data-id=\"17f64c9\" data-element_type=\"container\" data-e-type=\"container\" data-settings=\"{&quot;jet_parallax_layout_list&quot;:[]}\">\n\t\t\t\t\t<div class=\"e-con-inner\">\n\t\t<div class=\"elementor-element elementor-element-0661532 e-con-full e-flex e-con e-child\" data-id=\"0661532\" data-element_type=\"container\" data-e-type=\"container\" data-settings=\"{&quot;jet_parallax_layout_list&quot;:[]}\">\n\t\t\t\t<div class=\"elementor-element elementor-element-0f8a663 elementor-widget elementor-widget-heading\" data-id=\"0f8a663\" data-element_type=\"widget\" data-e-type=\"widget\" data-widget_type=\"heading.default\">\n\t\t\t\t<div class=\"elementor-widget-container\">\n\t\t\t\t\t<h2 class=\"elementor-heading-title elementor-size-default\">Abrazar la sabidur\u00eda ancestral<\/h2>\t\t\t\t<\/div>\n\t\t\t\t<\/div>\n\t\t\t\t<div class=\"elementor-element elementor-element-d06c91b elementor-widget elementor-widget-text-editor\" data-id=\"d06c91b\" data-element_type=\"widget\" data-e-type=\"widget\" data-widget_type=\"text-editor.default\">\n\t\t\t\t<div class=\"elementor-widget-container\">\n\t\t\t\t\t\t\t\t\t<p>Abraza la antigua filosof\u00eda tibetana de una forma moderna con la Oraci\u00f3n. Este software te permite a\u00f1adir tus propias oraciones, mantras y afirmaciones, crear sesiones de grupo y personalizar la experiencia para adaptarla a tus necesidades. Al difundir una combinaci\u00f3n de informaci\u00f3n y ondas energ\u00e9ticas, la Oraci\u00f3n aporta un flujo continuo de energ\u00eda positiva a tu vida.<\/p>\t\t\t\t\t\t\t\t<\/div>\n\t\t\t\t<\/div>\n\t\t\t\t<\/div>\n\t\t<div class=\"elementor-element elementor-element-637c497 e-con-full e-flex e-con e-child\" data-id=\"637c497\" data-element_type=\"container\" data-e-type=\"container\" data-settings=\"{&quot;background_background&quot;:&quot;classic&quot;,&quot;jet_parallax_layout_list&quot;:[]}\">\n\t\t\t\t<\/div>\n\t\t\t\t\t<\/div>\n\t\t\t\t<\/div>\n\t\t<div class=\"elementor-element elementor-element-79ae133 e-con-full e-flex e-con e-parent\" data-id=\"79ae133\" data-element_type=\"container\" data-e-type=\"container\" data-settings=\"{&quot;jet_parallax_layout_list&quot;:[],&quot;background_background&quot;:&quot;classic&quot;}\">\n\t\t<div class=\"elementor-element elementor-element-e3e5833 e-flex e-con-boxed e-con e-child\" data-id=\"e3e5833\" data-element_type=\"container\" data-e-type=\"container\" data-settings=\"{&quot;jet_parallax_layout_list&quot;:[]}\">\n\t\t\t\t\t<div class=\"e-con-inner\">\n\t\t\t\t<div class=\"elementor-element elementor-element-fe0fbf8 elementor-widget elementor-widget-image\" data-id=\"fe0fbf8\" data-element_type=\"widget\" data-e-type=\"widget\" data-widget_type=\"image.default\">\n\t\t\t\t<div class=\"elementor-widget-container\">\n\t\t\t\t\t\t\t\t\t\t\t\t\t\t\t<img decoding=\"async\" width=\"300\" height=\"107\" src=\"https:\/\/www.qxworld.eu\/wp-content\/uploads\/2024\/08\/prayer-top-logo-300x107.png\" class=\"attachment-medium size-medium wp-image-217279\" alt=\"Texto del logotipo Energy Air\" srcset=\"https:\/\/www.qxworld.eu\/wp-content\/uploads\/2024\/08\/prayer-top-logo-300x107.png 300w, https:\/\/www.qxworld.eu\/wp-content\/uploads\/2024\/08\/prayer-top-logo-18x6.png 18w, https:\/\/www.qxworld.eu\/wp-content\/uploads\/2024\/08\/prayer-top-logo.png 477w\" sizes=\"(max-width: 300px) 100vw, 300px\" \/>\t\t\t\t\t\t\t\t\t\t\t\t\t\t\t<\/div>\n\t\t\t\t<\/div>\n\t\t\t\t<div class=\"elementor-element elementor-element-5592119 elementor-widget elementor-widget-heading\" data-id=\"5592119\" data-element_type=\"widget\" data-e-type=\"widget\" data-widget_type=\"heading.default\">\n\t\t\t\t<div class=\"elementor-widget-container\">\n\t\t\t\t\t<h2 class=\"elementor-heading-title elementor-size-default\">Transforme sus pr\u00e1cticas espirituales y encuentre el equilibrio en su vida cotidiana con la Oraci\u00f3n<sup>\u00ae<\/sup><\/h2>\t\t\t\t<\/div>\n\t\t\t\t<\/div>\n\t\t\t\t<div class=\"elementor-element elementor-element-23a382d elementor-widget elementor-widget-text-editor\" data-id=\"23a382d\" data-element_type=\"widget\" data-e-type=\"widget\" data-widget_type=\"text-editor.default\">\n\t\t\t\t<div class=\"elementor-widget-container\">\n\t\t\t\t\t\t\t\t\t<p>Comienza hoy tu viaje hacia la paz interior.<\/p>\t\t\t\t\t\t\t\t<\/div>\n\t\t\t\t<\/div>\n\t\t\t\t<div class=\"elementor-element elementor-element-3314a50 elementor-align-center elementor-widget elementor-widget-button\" data-id=\"3314a50\" data-element_type=\"widget\" data-e-type=\"widget\" data-widget_type=\"button.default\">\n\t\t\t\t<div class=\"elementor-widget-container\">\n\t\t\t\t\t\t\t\t\t<div class=\"elementor-button-wrapper\">\n\t\t\t\t\t<a class=\"elementor-button elementor-button-link elementor-size-sm elementor-animation-grow\" href=\"\/representative\/\">\n\t\t\t\t\t\t<span class=\"elementor-button-content-wrapper\">\n\t\t\t\t\t\t\t\t\t<span class=\"elementor-button-text\">Ponte en contacto<\/span>\n\t\t\t\t\t<\/span>\n\t\t\t\t\t<\/a>\n\t\t\t\t<\/div>\n\t\t\t\t\t\t\t\t<\/div>\n\t\t\t\t<\/div>\n\t\t\t\t\t<\/div>\n\t\t\t\t<\/div>\n\t\t\t\t<\/div>\n\t\t<div class=\"elementor-element elementor-element-d9d5a4b e-flex e-con-boxed e-con e-parent\" data-id=\"d9d5a4b\" data-element_type=\"container\" data-e-type=\"container\" data-settings=\"{&quot;jet_parallax_layout_list&quot;:[]}\">\n\t\t\t\t\t<div class=\"e-con-inner\">\n\t\t<div class=\"elementor-element elementor-element-d9a8726 e-con-full e-flex e-con e-child\" data-id=\"d9a8726\" data-element_type=\"container\" data-e-type=\"container\" data-settings=\"{&quot;jet_parallax_layout_list&quot;:[]}\">\n\t\t\t\t<div class=\"elementor-element elementor-element-fea3b5d elementor-widget elementor-widget-heading\" data-id=\"fea3b5d\" data-element_type=\"widget\" data-e-type=\"widget\" data-widget_type=\"heading.default\">\n\t\t\t\t<div class=\"elementor-widget-container\">\n\t\t\t\t\t<h2 class=\"elementor-heading-title elementor-size-default\">\u00bfPor qu\u00e9 elegir la oraci\u00f3n?<\/h2>\t\t\t\t<\/div>\n\t\t\t\t<\/div>\n\t\t\t\t<\/div>\n\t\t<div class=\"elementor-element elementor-element-b2a7458 e-con-full e-flex e-con e-child\" data-id=\"b2a7458\" data-element_type=\"container\" data-e-type=\"container\" data-settings=\"{&quot;jet_parallax_layout_list&quot;:[]}\">\n\t\t<div class=\"elementor-element elementor-element-c9491b1 e-con-full e-flex e-con e-child\" data-id=\"c9491b1\" data-element_type=\"container\" data-e-type=\"container\" data-settings=\"{&quot;jet_parallax_layout_list&quot;:[]}\">\n\t\t<div class=\"elementor-element elementor-element-f793893 e-con-full e-flex e-con e-child\" data-id=\"f793893\" data-element_type=\"container\" data-e-type=\"container\" data-settings=\"{&quot;background_background&quot;:&quot;classic&quot;,&quot;jet_parallax_layout_list&quot;:[]}\">\n\t\t\t\t<\/div>\n\t\t<div class=\"elementor-element elementor-element-ba6ddb2 e-con-full e-flex e-con e-child\" data-id=\"ba6ddb2\" data-element_type=\"container\" data-e-type=\"container\" data-settings=\"{&quot;jet_parallax_layout_list&quot;:[]}\">\n\t\t\t\t<div class=\"elementor-element elementor-element-6bff5ea elementor-widget elementor-widget-heading\" data-id=\"6bff5ea\" data-element_type=\"widget\" data-e-type=\"widget\" data-widget_type=\"heading.default\">\n\t\t\t\t<div class=\"elementor-widget-container\">\n\t\t\t\t\t<h3 class=\"elementor-heading-title elementor-size-default\">Quantum Prayer<br \/> Rueda<\/h3>\t\t\t\t<\/div>\n\t\t\t\t<\/div>\n\t\t\t\t<\/div>\n\t\t<div class=\"elementor-element elementor-element-ead736c e-con-full e-flex e-con e-child\" data-id=\"ead736c\" data-element_type=\"container\" data-e-type=\"container\" data-settings=\"{&quot;jet_parallax_layout_list&quot;:[]}\">\n\t\t\t\t<div class=\"elementor-element elementor-element-38ee13e elementor-widget__width-initial elementor-widget elementor-widget-text-editor\" data-id=\"38ee13e\" data-element_type=\"widget\" data-e-type=\"widget\" data-widget_type=\"text-editor.default\">\n\t\t\t\t<div class=\"elementor-widget-container\">\n\t\t\t\t\t\t\t\t\t<p>Una herramienta din\u00e1mica de visualizaci\u00f3n de oraciones que hace circular energ\u00eda continuamente, reforzando las intenciones y la alineaci\u00f3n espiritual. Inspirada en las ruedas de oraci\u00f3n tibetanas, esta funci\u00f3n permite la difusi\u00f3n energ\u00e9tica de oraciones, mantras y afirmaciones.<\/p>\t\t\t\t\t\t\t\t<\/div>\n\t\t\t\t<\/div>\n\t\t\t\t<\/div>\n\t\t\t\t<\/div>\n\t\t<div class=\"elementor-element elementor-element-f632a18 e-con-full e-flex e-con e-child\" data-id=\"f632a18\" data-element_type=\"container\" data-e-type=\"container\" data-settings=\"{&quot;jet_parallax_layout_list&quot;:[]}\">\n\t\t<div class=\"elementor-element elementor-element-a5a0e9b e-con-full e-flex e-con e-child\" data-id=\"a5a0e9b\" data-element_type=\"container\" data-e-type=\"container\" data-settings=\"{&quot;background_background&quot;:&quot;classic&quot;,&quot;jet_parallax_layout_list&quot;:[]}\">\n\t\t\t\t<\/div>\n\t\t<div class=\"elementor-element elementor-element-128f808 e-con-full e-flex e-con e-child\" data-id=\"128f808\" data-element_type=\"container\" data-e-type=\"container\" data-settings=\"{&quot;jet_parallax_layout_list&quot;:[]}\">\n\t\t\t\t<div class=\"elementor-element elementor-element-d90b2ad elementor-widget elementor-widget-heading\" data-id=\"d90b2ad\" data-element_type=\"widget\" data-e-type=\"widget\" data-widget_type=\"heading.default\">\n\t\t\t\t<div class=\"elementor-widget-container\">\n\t\t\t\t\t<h3 class=\"elementor-heading-title elementor-size-default\">Terapia de sonido y equilibrio de frecuencias<\/h3>\t\t\t\t<\/div>\n\t\t\t\t<\/div>\n\t\t\t\t<\/div>\n\t\t<div class=\"elementor-element elementor-element-6cdef94 e-con-full e-flex e-con e-child\" data-id=\"6cdef94\" data-element_type=\"container\" data-e-type=\"container\" data-settings=\"{&quot;jet_parallax_layout_list&quot;:[]}\">\n\t\t\t\t<div class=\"elementor-element elementor-element-b981a01 elementor-widget__width-initial elementor-widget elementor-widget-text-editor\" data-id=\"b981a01\" data-element_type=\"widget\" data-e-type=\"widget\" data-widget_type=\"text-editor.default\">\n\t\t\t\t<div class=\"elementor-widget-container\">\n\t\t\t\t\t\t\t\t\t<p>Un m\u00f3dulo de terapia de sonido incorporado que ofrece una gama de frecuencias naturales, tales como: Cantos de p\u00e1jaros, sonidos de la selva tropical, cantos de ballenas y tormentas el\u00e9ctricas para una relajaci\u00f3n profunda. M\u00fasica ondulante y frecuencias arm\u00f3nicas para restablecer el equilibrio. Dise\u00f1ado para mejorar la meditaci\u00f3n, reducir el estr\u00e9s y favorecer la alineaci\u00f3n energ\u00e9tica.<\/p>\t\t\t\t\t\t\t\t<\/div>\n\t\t\t\t<\/div>\n\t\t\t\t<\/div>\n\t\t\t\t<\/div>\n\t\t\t\t<\/div>\n\t\t<div class=\"elementor-element elementor-element-b748751 e-con-full e-flex e-con e-child\" data-id=\"b748751\" data-element_type=\"container\" data-e-type=\"container\" data-settings=\"{&quot;jet_parallax_layout_list&quot;:[]}\">\n\t\t<div class=\"elementor-element elementor-element-f96e320 e-con-full e-flex e-con e-child\" data-id=\"f96e320\" data-element_type=\"container\" data-e-type=\"container\" data-settings=\"{&quot;jet_parallax_layout_list&quot;:[]}\">\n\t\t<div class=\"elementor-element elementor-element-7efc7f5 e-con-full e-flex e-con e-child\" data-id=\"7efc7f5\" data-element_type=\"container\" data-e-type=\"container\" data-settings=\"{&quot;background_background&quot;:&quot;classic&quot;,&quot;jet_parallax_layout_list&quot;:[]}\">\n\t\t\t\t<\/div>\n\t\t<div class=\"elementor-element elementor-element-b468706 e-con-full e-flex e-con e-child\" data-id=\"b468706\" data-element_type=\"container\" data-e-type=\"container\" data-settings=\"{&quot;jet_parallax_layout_list&quot;:[]}\">\n\t\t\t\t<div class=\"elementor-element elementor-element-beba6ae elementor-widget elementor-widget-heading\" data-id=\"beba6ae\" data-element_type=\"widget\" data-e-type=\"widget\" data-widget_type=\"heading.default\">\n\t\t\t\t<div class=\"elementor-widget-container\">\n\t\t\t\t\t<h3 class=\"elementor-heading-title elementor-size-default\">Cliente integrado<\/br>Gesti\u00f3n<\/h3>\t\t\t\t<\/div>\n\t\t\t\t<\/div>\n\t\t\t\t<\/div>\n\t\t<div class=\"elementor-element elementor-element-4a215e8 e-con-full e-flex e-con e-child\" data-id=\"4a215e8\" data-element_type=\"container\" data-e-type=\"container\" data-settings=\"{&quot;jet_parallax_layout_list&quot;:[]}\">\n\t\t\t\t<div class=\"elementor-element elementor-element-2e70a9b elementor-widget__width-initial elementor-widget elementor-widget-text-editor\" data-id=\"2e70a9b\" data-element_type=\"widget\" data-e-type=\"widget\" data-widget_type=\"text-editor.default\">\n\t\t\t\t<div class=\"elementor-widget-container\">\n\t\t\t\t\t\t\t\t\t<p>Almacene y gestione los perfiles de los clientes, incluidos los datos personales, las m\u00e9tricas energ\u00e9ticas y el historial de oraciones.<\/p>\t\t\t\t\t\t\t\t<\/div>\n\t\t\t\t<\/div>\n\t\t\t\t<\/div>\n\t\t\t\t<\/div>\n\t\t<div class=\"elementor-element elementor-element-f880733 e-con-full e-flex e-con e-child\" data-id=\"f880733\" data-element_type=\"container\" data-e-type=\"container\" data-settings=\"{&quot;jet_parallax_layout_list&quot;:[]}\">\n\t\t<div class=\"elementor-element elementor-element-97309c8 e-con-full e-flex e-con e-child\" data-id=\"97309c8\" data-element_type=\"container\" data-e-type=\"container\" data-settings=\"{&quot;background_background&quot;:&quot;classic&quot;,&quot;jet_parallax_layout_list&quot;:[]}\">\n\t\t\t\t<\/div>\n\t\t<div class=\"elementor-element elementor-element-c79f415 e-con-full e-flex e-con e-child\" data-id=\"c79f415\" data-element_type=\"container\" data-e-type=\"container\" data-settings=\"{&quot;jet_parallax_layout_list&quot;:[]}\">\n\t\t\t\t<div class=\"elementor-element elementor-element-082f44b elementor-widget elementor-widget-heading\" data-id=\"082f44b\" data-element_type=\"widget\" data-e-type=\"widget\" data-widget_type=\"heading.default\">\n\t\t\t\t<div class=\"elementor-widget-container\">\n\t\t\t\t\t<h3 class=\"elementor-heading-title elementor-size-default\">Onda Schumann y resonancia arm\u00f3nica<\/h3>\t\t\t\t<\/div>\n\t\t\t\t<\/div>\n\t\t\t\t<\/div>\n\t\t<div class=\"elementor-element elementor-element-fc0e2c6 e-con-full e-flex e-con e-child\" data-id=\"fc0e2c6\" data-element_type=\"container\" data-e-type=\"container\" data-settings=\"{&quot;jet_parallax_layout_list&quot;:[]}\">\n\t\t\t\t<div class=\"elementor-element elementor-element-dc21d65 elementor-widget__width-initial elementor-widget elementor-widget-text-editor\" data-id=\"dc21d65\" data-element_type=\"widget\" data-e-type=\"widget\" data-widget_type=\"text-editor.default\">\n\t\t\t\t<div class=\"elementor-widget-container\">\n\t\t\t\t\t\t\t\t\t<p>Utiliza Resonancias Schumann (7,83 Hz y variaciones) para promover la conexi\u00f3n a tierra y la estabilidad. Ofrece arm\u00f3nicos UHF, bucles cibern\u00e9ticos, activaci\u00f3n radi\u00f3nica e integraci\u00f3n del campo org\u00f3nico para mejorar la sincronizaci\u00f3n del campo energ\u00e9tico.<\/p>\t\t\t\t\t\t\t\t<\/div>\n\t\t\t\t<\/div>\n\t\t\t\t<\/div>\n\t\t\t\t<\/div>\n\t\t<div class=\"elementor-element elementor-element-89e4f80 e-con-full e-flex e-con e-child\" data-id=\"89e4f80\" data-element_type=\"container\" data-e-type=\"container\" data-settings=\"{&quot;jet_parallax_layout_list&quot;:[]}\">\n\t\t<div class=\"elementor-element elementor-element-be11942 e-con-full e-flex e-con e-child\" data-id=\"be11942\" data-element_type=\"container\" data-e-type=\"container\" data-settings=\"{&quot;background_background&quot;:&quot;classic&quot;,&quot;jet_parallax_layout_list&quot;:[]}\">\n\t\t\t\t<\/div>\n\t\t<div class=\"elementor-element elementor-element-a805dd3 e-con-full e-flex e-con e-child\" data-id=\"a805dd3\" data-element_type=\"container\" data-e-type=\"container\" data-settings=\"{&quot;jet_parallax_layout_list&quot;:[]}\">\n\t\t\t\t<div class=\"elementor-element elementor-element-6729f8e elementor-widget elementor-widget-heading\" data-id=\"6729f8e\" data-element_type=\"widget\" data-e-type=\"widget\" data-widget_type=\"heading.default\">\n\t\t\t\t<div class=\"elementor-widget-container\">\n\t\t\t\t\t<h3 class=\"elementor-heading-title elementor-size-default\">Sistema personalizado de oraciones y afirmaciones<\/h3>\t\t\t\t<\/div>\n\t\t\t\t<\/div>\n\t\t\t\t<\/div>\n\t\t<div class=\"elementor-element elementor-element-2a26b9c e-con-full e-flex e-con e-child\" data-id=\"2a26b9c\" data-element_type=\"container\" data-e-type=\"container\" data-settings=\"{&quot;jet_parallax_layout_list&quot;:[]}\">\n\t\t\t\t<div class=\"elementor-element elementor-element-0fd4988 elementor-widget__width-initial elementor-widget elementor-widget-text-editor\" data-id=\"0fd4988\" data-element_type=\"widget\" data-e-type=\"widget\" data-widget_type=\"text-editor.default\">\n\t\t\t\t<div class=\"elementor-widget-container\">\n\t\t\t\t\t\t\t\t\t<p>Crea y personaliza tus propias oraciones o selecci\u00f3nalas de una base de datos de afirmaciones guiadas. Guarde las oraciones y organ\u00edcelas en sesiones personales o de grupo. Aprovecha el sistema Quantum Prayer para amplificar las intenciones.<\/p>\t\t\t\t\t\t\t\t<\/div>\n\t\t\t\t<\/div>\n\t\t\t\t<\/div>\n\t\t\t\t<\/div>\n\t\t\t\t<\/div>\n\t\t\t\t\t<\/div>\n\t\t\t\t<\/div>\n\t\t\t\t<\/div>","protected":false},"excerpt":{"rendered":"<p>La aplicaci\u00f3n Oraci\u00f3n ofrece pr\u00e1cticas meditativas guiadas para ayudarte en tu camino hacia la salud hol\u00edstica, integrando la atenci\u00f3n plena en tu rutina diaria.<\/p>","protected":false},"author":1664,"featured_media":291809,"parent":1195,"menu_order":0,"comment_status":"closed","ping_status":"closed","template":"","meta":{"_acf_changed":false,"_seopress_robots_primary_cat":"","_seopress_titles_title":"Elevate Meditation with Prayer\u00ae: Inner Peace & Harmony","_seopress_titles_desc":"Unlock spiritual harmony with Prayer\u00ae, the software inspired by Tibetan philosophy. Deep relaxation and balanced living await!","_seopress_robots_index":"","footnotes":""},"class_list":["post-217268","page","type-page","status-publish","has-post-thumbnail","hentry"],"acf":[],"_links":{"self":[{"href":"https:\/\/www.qxworld.eu\/es\/wp-json\/wp\/v2\/pages\/217268","targetHints":{"allow":["GET"]}}],"collection":[{"href":"https:\/\/www.qxworld.eu\/es\/wp-json\/wp\/v2\/pages"}],"about":[{"href":"https:\/\/www.qxworld.eu\/es\/wp-json\/wp\/v2\/types\/page"}],"author":[{"embeddable":true,"href":"https:\/\/www.qxworld.eu\/es\/wp-json\/wp\/v2\/users\/1664"}],"replies":[{"embeddable":true,"href":"https:\/\/www.qxworld.eu\/es\/wp-json\/wp\/v2\/comments?post=217268"}],"version-history":[{"count":126,"href":"https:\/\/www.qxworld.eu\/es\/wp-json\/wp\/v2\/pages\/217268\/revisions"}],"predecessor-version":[{"id":323138,"href":"https:\/\/www.qxworld.eu\/es\/wp-json\/wp\/v2\/pages\/217268\/revisions\/323138"}],"up":[{"embeddable":true,"href":"https:\/\/www.qxworld.eu\/es\/wp-json\/wp\/v2\/pages\/1195"}],"wp:featuredmedia":[{"embeddable":true,"href":"https:\/\/www.qxworld.eu\/es\/wp-json\/wp\/v2\/media\/291809"}],"wp:attachment":[{"href":"https:\/\/www.qxworld.eu\/es\/wp-json\/wp\/v2\/media?parent=217268"}],"curies":[{"name":"wp","href":"https:\/\/api.w.org\/{rel}","templated":true}]}}