{"id":293341,"date":"2025-02-14T10:38:17","date_gmt":"2025-02-14T09:38:17","guid":{"rendered":"https:\/\/www.qxworld.eu\/?page_id=293341"},"modified":"2025-04-07T15:36:43","modified_gmt":"2025-04-07T13:36:43","slug":"esemenyadat-kezelesi-informaciok","status":"publish","type":"page","link":"https:\/\/www.qxworld.eu\/es\/esemenyadat-kezelesi-informaciok\/","title":{"rendered":"ESEM\u00c9NYADAT-KEZEL\u00c9SI INFORM\u00c1CI\u00d3K"},"content":{"rendered":"<div data-elementor-type=\"wp-page\" data-elementor-id=\"293341\" class=\"elementor elementor-293341\" data-elementor-post-type=\"page\">\n\t\t\t\t<div class=\"elementor-element elementor-element-3819aac e-flex e-con-boxed e-con e-parent\" data-id=\"3819aac\" data-element_type=\"container\" data-e-type=\"container\" data-settings=\"{&quot;background_background&quot;:&quot;classic&quot;,&quot;jet_parallax_layout_list&quot;:[]}\">\n\t\t\t\t\t<div class=\"e-con-inner\">\n\t\t<div class=\"elementor-element elementor-element-034d400 e-con-full e-flex e-con e-child\" data-id=\"034d400\" data-element_type=\"container\" data-e-type=\"container\" data-settings=\"{&quot;jet_parallax_layout_list&quot;:[]}\">\n\t\t\t\t<div class=\"elementor-element elementor-element-61dc0f5 elementor-widget elementor-widget-heading\" data-id=\"61dc0f5\" data-element_type=\"widget\" data-e-type=\"widget\" data-widget_type=\"heading.default\">\n\t\t\t\t<div class=\"elementor-widget-container\">\n\t\t\t\t\t<h1 class=\"elementor-heading-title elementor-size-default\">ESEM\u00c9NYADAT-KEZEL\u00c9SI INFORM\u00c1CI\u00d3K<\/h1>\t\t\t\t<\/div>\n\t\t\t\t<\/div>\n\t\t\t\t<\/div>\n\t\t\t\t\t<\/div>\n\t\t\t\t<\/div>\n\t\t<div class=\"elementor-element elementor-element-fe67599 e-flex e-con-boxed e-con e-parent\" data-id=\"fe67599\" data-element_type=\"container\" data-e-type=\"container\" data-settings=\"{&quot;jet_parallax_layout_list&quot;:[]}\">\n\t\t\t\t\t<div class=\"e-con-inner\">\n\t\t\t\t<div class=\"elementor-element elementor-element-506b1b5 elementor-widget elementor-widget-text-editor\" data-id=\"506b1b5\" data-element_type=\"widget\" data-e-type=\"widget\" data-widget_type=\"text-editor.default\">\n\t\t\t\t<div class=\"elementor-widget-container\">\n\t\t\t\t\t\t\t\t\t<p>Jelen adatkezel\u00e9si t\u00e1j\u00e9koztat\u00f3 c\u00e9lja, hogy elmagyar\u00e1zza, hogyan \u00e9s milyen szem\u00e9lyes adatokat kezel \u00d6nr\u0151l a QX WORLD Kft. a Magyar Biofeedback Konferenci\u00e1val (a tov\u00e1bbiakban: \"Rendezv\u00e9ny\") kapcsolatban.<\/p><p><strong>1, ADATKEZEL\u0150<\/strong><\/p><p>La empresa QX WORLD Kft. (sz\u00e9khelye: sz\u00e9khelye: 1095 Budapest, Tin\u00f3di utca 1-3. A. \u00e9p\u00fclet, 4. emelet, 93. ajt\u00f3; e-mail: bettina.szucs@qxworld.eu), a tov\u00e1bbiakban: \"Adatkezel\u0151\", \"QX World\" vagy \"mi\".<\/p><p><strong>2, MILYEN C\u00c9LB\u00d3L \u00c9S MILYEN SZEM\u00c9LYES ADATOKAT KEZEL\u00dcNK? MI A JOGALAPJA AZ \u00d6N SZEM\u00c9LYES ADATAINAK FELDOLGOZ\u00c1S\u00c1NAK?<\/strong><\/p><p>a) Az \u00d6n szem\u00e9lyes adatait az \u00d6n regisztr\u00e1ci\u00f3j\u00e1nak feldolgoz\u00e1s\u00e1hoz \u00e9s a Rendezv\u00e9nnyel kapcsolatos kommunik\u00e1ci\u00f3hoz haszn\u00e1ljuk fel az \u00d6n \u00e1ltal megadott el\u00e9rhet\u0151s\u00e9geken kereszt\u00fcl, hogy a Rendezv\u00e9ny szervez\u0151jek\u00e9nt teljes\u00edteni tudjuk feladatainkat. Ebb\u0151l a c\u00e9lb\u00f3l feldolgozzuk az \u00d6n nev\u00e9t \u00e9s e-mail c\u00edm\u00e9t.<\/p><p>Az \u00d6n szem\u00e9lyes adatainak a fenti c\u00e9lb\u00f3l t\u00f6rt\u00e9n\u0151 feldolgoz\u00e1sa sor\u00e1n jogalapk\u00e9nt a 679\/2016\/EU rendelet (a tov\u00e1bbiakban: \"GDPR\") 6. cikke (1) bekezd\u00e9s\u00e9nek b) pontj\u00e1ra t\u00e1maszkodunk, mivel az ilyen feldolgoz\u00e1s sz\u00fcks\u00e9ges egy szerz\u0151d\u00e9s teljes\u00edt\u00e9s\u00e9hez.<\/p><p>b) A QX World vagy meghatalmazott k\u00e9pvisel\u0151je f\u00e9nyk\u00e9p- \u00e9s videofelv\u00e9teleket k\u00e9sz\u00edthet \u00d6nr\u0151l a rendezv\u00e9nyen val\u00f3 r\u00e9szv\u00e9tele sor\u00e1n, \u00e9s a k\u00e9peket \u00e9s\/vagy vide\u00f3kat felhaszn\u00e1lhatjuk a k\u00f6z\u00f6ss\u00e9gi m\u00e9diaoldalainkon \u00e9s m\u00e1s kommunik\u00e1ci\u00f3s platformokon, valamint bels\u0151 weboldalunkon (intranet) is k\u00f6zz\u00e9tehetj\u00fck.<\/p><p>Felh\u00edvjuk figyelm\u00e9t, hogy a felv\u00e9telek k\u00e9sz\u00edt\u00e9s\u00e9nek \u00e9s k\u00f6zz\u00e9t\u00e9tel\u00e9nek c\u00e9lja nem az \u00d6n egy\u00e9ni bemutat\u00e1sa, hanem az esem\u00e9ny \u00f6sszhat\u00e1s\u00e1nak meg\u00f6r\u00f6k\u00edt\u00e9se. E c\u00e9lb\u00f3l a QX World jogalapk\u00e9nt a GDPR 6. cikke (1) bekezd\u00e9s\u00e9nek f) pontja szerinti jogos \u00e9rdek\u00e9re hivatkozik.<\/p><p><strong>3.MENNYI IDEIG \u0150RIZZ\u00dcK MEG AZ \u00d6N SZEM\u00c9LYES ADATAIT?<\/strong><\/p><p>A jelen adatkezel\u00e9si t\u00e1j\u00e9koztat\u00f3 2.A. pontj\u00e1ban meghat\u00e1rozott szem\u00e9lyes adatokat a Rendezv\u00e9ny befejez\u00e9s\u00e9t k\u00f6vet\u0151 \u00f6t\u00f6dik \u00e9v v\u00e9g\u00e9ig \u0151rizz\u00fck meg, kiv\u00e9ve, ha jogszab\u00e1ly m\u00e1sk\u00e9nt rendelkezik.<\/p><p>Ha az \u00d6n szem\u00e9lyes adatait az \u00d6n hozz\u00e1j\u00e1rul\u00e1sa alapj\u00e1n kezelj\u00fck, akkor az \u00d6n szem\u00e9lyes adatait mindaddig meg\u0151rizz\u00fck \u00e9s kezelj\u00fck, am\u00edg \u00d6n vissza nem vonja a hozz\u00e1j\u00e1rul\u00e1s\u00e1t.<\/p><p>A f\u00e9nyk\u00e9peket \u00e9s felv\u00e9teleket mindaddig meg\u0151rizz\u00fck, am\u00edg az \u00e9rintett f\u00e9l nem tiltakozik azok felhaszn\u00e1l\u00e1sa ellen.<\/p><p><strong>4, KI F\u00c9RHET HOZZ\u00c1 AZ \u00d6N SZEM\u00c9LYES ADATAIHOZ?<\/strong><\/p><p>Kiz\u00e1r\u00f3lag az arra felhatalmazott munkat\u00e1rsaink f\u00e9rhetnek hozz\u00e1 az \u00d6n szem\u00e9lyes adataihoz.<\/p><p>Felh\u00edvjuk figyelm\u00e9t, hogy szem\u00e9lyes adatait nem tov\u00e1bb\u00edtjuk az Eur\u00f3pai Gazdas\u00e1gi T\u00e9rs\u00e9gen (EGT) k\u00edv\u00fcli felek r\u00e9sz\u00e9re.<\/p><p><strong>5, AZ \u00d6N JOGAI AZ ADATFELDOLGOZ\u00c1SSAL KAPCSOLATBAN<\/strong><\/p><p>a) A hozz\u00e1j\u00e1rul\u00e1s visszavon\u00e1s\u00e1hoz val\u00f3 jog: Ha \u00d6n hozz\u00e1j\u00e1rul\u00e1s\u00e1t adta szem\u00e9lyes adatainak feldolgoz\u00e1s\u00e1hoz, akkor a hozz\u00e1j\u00e1rul\u00e1s\u00e1t b\u00e1rmikor visszavonhatja a j\u00f6v\u0151re n\u00e9zve.<\/p><p>b) Hozz\u00e1f\u00e9r\u00e9si jog: \u00d6nnek joga van arra, hogy meger\u0151s\u00edt\u00e9st kapjon t\u0151l\u00fcnk arr\u00f3l, hogy szem\u00e9lyes adatainak feldolgoz\u00e1sa folyamatban van-e, \u00e9s ha igen, akkor joga van arra, hogy hozz\u00e1f\u00e9rjen szem\u00e9lyes adataihoz. Azonos\u00edt\u00e1s c\u00e9lj\u00e1b\u00f3l tov\u00e1bbi inform\u00e1ci\u00f3kat k\u00e9rhet\u00fcnk \u00d6nt\u0151l, \u00e9s a tov\u00e1bbi m\u00e1solatok\u00e9rt \u00e9sszer\u0171 d\u00edjat sz\u00e1m\u00edthatunk fel.<\/p><p>c) A helyesb\u00edt\u00e9shez val\u00f3 jog: \u00d6n jogosult az \u00d6nre vonatkoz\u00f3 pontatlan szem\u00e9lyes adatok helyesb\u00edt\u00e9s\u00e9t k\u00e9rni.<\/p><p>d) T\u00f6rl\u00e9shez val\u00f3 jog (az elfeledtet\u00e9shez val\u00f3 jog): Bizonyos esetekben joga van ahhoz, hogy k\u00e9rje szem\u00e9lyes adatainak t\u00f6rl\u00e9s\u00e9t.<\/p><p>e) Az adatkezel\u00e9s korl\u00e1toz\u00e1s\u00e1hoz val\u00f3 jog: Bizonyos esetekben joga van k\u00e9rni, hogy korl\u00e1tozzuk az \u00d6n szem\u00e9lyes adatainak feldolgoz\u00e1s\u00e1t. Ilyen esetekben az adatokat csak bizonyos, a t\u00f6rv\u00e9nyben meghat\u00e1rozott korl\u00e1tozott c\u00e9lokra lehet feldolgozni.<\/p><p>f) Az adathordozhat\u00f3s\u00e1ghoz val\u00f3 jog: \u00d6n jogosult arra, hogy szem\u00e9lyes adatait tagolt, \u00e1ltal\u00e1nosan haszn\u00e1lt \u00e9s g\u00e9ppel olvashat\u00f3 form\u00e1tumban megkapja, \u00e9s jogosult arra, hogy ezeket az adatokat egy m\u00e1sik adatkezel\u0151nek tov\u00e1bb\u00edtsa.<\/p><p>g) Tiltakoz\u00e1shoz val\u00f3 jog: \u00d6n jogosult arra, hogy a GDPR 6. cikke (1) bekezd\u00e9s\u00e9nek f) pontja alapj\u00e1n b\u00e1rmikor tiltakozzon szem\u00e9lyes adatainak kezel\u00e9se ellen az \u00d6n k\u00fcl\u00f6nleges helyzet\u00e9vel kapcsolatos okokb\u00f3l. Ebben az esetben az Adatkezel\u0151 nem kezeli tov\u00e1bb az \u00d6n szem\u00e9lyes adatait, kiv\u00e9ve, ha az adatkezel\u00e9sre vonatkoz\u00f3an olyan k\u00e9nyszer\u00edt\u0151 erej\u0171 jogos okokat igazol, amelyek els\u0151bbs\u00e9get \u00e9lveznek az \u00d6n \u00e9rdekeivel, jogaival \u00e9s szabads\u00e1gaival szemben, vagy amelyek jogi ig\u00e9nyek el\u0151terjeszt\u00e9s\u00e9hez, \u00e9rv\u00e9nyes\u00edt\u00e9s\u00e9hez vagy v\u00e9delm\u00e9hez kapcsol\u00f3dnak.<\/p><p>h) Panaszt\u00e9telhez val\u00f3 jog: Ha \u00fagy v\u00e9li, hogy jogait megs\u00e9rtett\u00e9k, joga van panaszt tenni a Nemzeti Adatv\u00e9delmi \u00e9s Inform\u00e1ci\u00f3szabads\u00e1g Hat\u00f3s\u00e1gn\u00e1l (levelez\u00e9si c\u00edm: 1363 Budapest, Pf.: 9., c\u00edm: Falk Miksa utca 9-11., tel: +36-1-391-1410, e-mail: ugyfelszolgalat@naih.hu).<\/p><p>Jogai gyakorl\u00e1s\u00e1hoz k\u00e9rj\u00fck, l\u00e9pjen kapcsolatba vel\u00fcnk a info@qxworld.eu c\u00edmen. Ha tov\u00e1bbi k\u00e9rd\u00e9sei vannak a szem\u00e9lyes adatok v\u00e9delm\u00e9vel kapcsolatban, a k\u00f6vetkez\u0151 c\u00edmeken fordulhat hozz\u00e1nk:<\/p><p>-<\/p><p>Postac\u00edm: 1095 Budapest, Tin\u00f3di utca 1-3. A. \u00e9p\u00fclet, 4. emelet, 93-as ajt\u00f3<\/p><p>-<\/p><p>Correo electr\u00f3nico: bettina.szucs@qxworld.eu<\/p><p>Jelen adatkezel\u00e9si t\u00e1j\u00e9koztat\u00f3 2025. janu\u00e1r 1-t\u0151l hat\u00e1lyos.<\/p><p><strong>HOZZ\u00c1J\u00c1RUL\u00d3 NYILATKOZAT<\/strong><\/p><p>Jelen nyilatkozat vastagon szed\u00e9s\u00e9vel hozz\u00e1j\u00e1rulok ahhoz, hogy a QX WORLD Kft. (bejegyzett sz\u00e9khelye: ) 1095 Budapest, Tin\u00f3di utca 1-3. A. \u00e9p\u00fclet, 4. emelet, 93. ajt\u00f3; a tov\u00e1bbiakban: \"QX World\") \u00e9s\/vagy megb\u00edzott k\u00e9pvisel\u0151je a 2025. \u00e1prilis 10-11. k\u00f6z\u00f6tt megrendez\u00e9sre ker\u00fcl\u0151 QX World Magyar Biofeedback Konferenci\u00e1n r\u00f3lam f\u00e9nyk\u00e9p- \u00e9s\/vagy videofelv\u00e9teleket k\u00e9sz\u00edtsen, \u00e9s azokat a vonatkoz\u00f3 adatkezel\u00e9si t\u00e1j\u00e9koztat\u00f3ban meghat\u00e1rozott c\u00e9lokra, id\u0151korl\u00e1toz\u00e1s n\u00e9lk\u00fcl, d\u00edjmentesen felhaszn\u00e1lja.<\/p><p>Tudom\u00e1sul veszem, hogy ezeket a f\u00e9nyk\u00e9peket \u00e9s\/vagy vide\u00f3kat riport- \u00e9s\/vagy prom\u00f3ci\u00f3s c\u00e9llal k\u00f6zz\u00e9 lehet tenni, k\u00fcl\u00f6n\u00f6sen, de nem kiz\u00e1r\u00f3lagosan a QX World k\u00f6z\u00f6ss\u00e9gi m\u00e9diaplatformjain \u00e9s egy\u00e9b kommunik\u00e1ci\u00f3s csatorn\u00e1in.<\/p><p>Meger\u0151s\u00edtem, hogy a QX World t\u00e1j\u00e9koztatott arr\u00f3l, hogy a f\u00e9nyk\u00e9pek \u00e9s\/vagy videofelv\u00e9telek k\u00e9sz\u00edt\u00e9s\u00e9hez \u00e9s felhaszn\u00e1l\u00e1s\u00e1hoz val\u00f3 hozz\u00e1j\u00e1rul\u00e1som \u00f6nk\u00e9ntes, \u00e9s hogy ezt a hozz\u00e1j\u00e1rul\u00e1st b\u00e1rmikor visszavonhatom, miut\u00e1n felvettem a kapcsolatot a QX Worlddel; a hozz\u00e1j\u00e1rul\u00e1s visszavon\u00e1sa azonban nem \u00e9rinti a visszavon\u00e1s el\u0151tti adatkezel\u00e9s jogszer\u0171s\u00e9g\u00e9t.<\/p>\t\t\t\t\t\t\t\t<\/div>\n\t\t\t\t<\/div>\n\t\t\t\t\t<\/div>\n\t\t\t\t<\/div>\n\t\t\t\t<\/div>","protected":false},"excerpt":{"rendered":"<p>Jelen adatkezel\u00e9si t\u00e1j\u00e9koztat\u00f3 c\u00e9lja, hogy elmagyar\u00e1zza, hogyan \u00e9s milyen szem\u00e9lyes adatokat kezel \u00d6nr\u0151l a QX WORLD Kft. a Magyar Biofeedback Konferenci\u00e1val (a tov\u00e1bbiakban: \u201eRendezv\u00e9ny\u201d) kapcsolatban. 1, ADATKEZEL\u0150 Az adatkezel\u0151 a QX WORLD Kft. (sz\u00e9khelye: sz\u00e9khelye: 1095 Budapest, Tin\u00f3di utca 1-3. A. \u00e9p\u00fclet, 4. emelet, 93. ajt\u00f3; e-mail: bettina.szucs@qxworld.eu), a tov\u00e1bbiakban: \u201eAdatkezel\u0151\u201d, \u201eQX World\u201d vagy \u201emi\u201d. [&hellip;]<\/p>\n","protected":false},"author":18,"featured_media":0,"parent":0,"menu_order":0,"comment_status":"closed","ping_status":"closed","template":"","meta":{"_acf_changed":false,"_seopress_robots_primary_cat":"","_seopress_titles_title":"","_seopress_titles_desc":"","_seopress_robots_index":"","footnotes":""},"class_list":["post-293341","page","type-page","status-publish","hentry"],"acf":[],"_links":{"self":[{"href":"https:\/\/www.qxworld.eu\/es\/wp-json\/wp\/v2\/pages\/293341","targetHints":{"allow":["GET"]}}],"collection":[{"href":"https:\/\/www.qxworld.eu\/es\/wp-json\/wp\/v2\/pages"}],"about":[{"href":"https:\/\/www.qxworld.eu\/es\/wp-json\/wp\/v2\/types\/page"}],"author":[{"embeddable":true,"href":"https:\/\/www.qxworld.eu\/es\/wp-json\/wp\/v2\/users\/18"}],"replies":[{"embeddable":true,"href":"https:\/\/www.qxworld.eu\/es\/wp-json\/wp\/v2\/comments?post=293341"}],"version-history":[{"count":10,"href":"https:\/\/www.qxworld.eu\/es\/wp-json\/wp\/v2\/pages\/293341\/revisions"}],"predecessor-version":[{"id":308336,"href":"https:\/\/www.qxworld.eu\/es\/wp-json\/wp\/v2\/pages\/293341\/revisions\/308336"}],"wp:attachment":[{"href":"https:\/\/www.qxworld.eu\/es\/wp-json\/wp\/v2\/media?parent=293341"}],"curies":[{"name":"wp","href":"https:\/\/api.w.org\/{rel}","templated":true}]}}