{"id":208991,"date":"2023-08-17T10:47:48","date_gmt":"2023-08-17T08:47:48","guid":{"rendered":"https:\/\/www.qxworld.eu\/?post_type=product&#038;p=208991"},"modified":"2023-08-17T10:47:50","modified_gmt":"2023-08-17T08:47:50","slug":"la-sesion-omnis-power-arroja-luz-sobre-el-programa-de-analisis-de-campo-oscuro-de-botan-diler-2","status":"publish","type":"product","link":"https:\/\/www.qxworld.eu\/es\/product\/omnis-power-session-shedding-light-on-the-dark-field-analysis-program-by-botan-diler\/","title":{"rendered":"Omnis Power Session - El programa de an\u00e1lisis del campo oscuro, por Botan Diler"},"content":{"rendered":"<p>Convi\u00e9rtase en un profesional de OMNIS descubriendo el funcionamiento del programa de An\u00e1lisis del Campo Oscuro, una parte avanzada e intrincada de nuestra Sesi\u00f3n Hol\u00edstica de Biofeedback. Desde los pasos m\u00e1s sencillos hasta las partes entrelazadas y complejas del protocolo, tendr\u00e1s una perspectiva diferente sobre c\u00f3mo acercarte a tus clientes y ofrecer la mayor eficacia posible en tus sesiones.<\/p>","protected":false},"excerpt":{"rendered":"<p>Become a Professional in OMNIS by uncovering the workings of the Dark Field Analysis program, an advanced and intricate part of our Biofeedback Holistic Session. From the simplest steps to the entwined and complex parts of the protocol, you will have a different perspective on how to approach your clients and offer the highest possible [&hellip;]<\/p>\n","protected":false},"featured_media":208968,"template":"","meta":{"_acf_changed":false,"_seopress_robots_primary_cat":"57","_seopress_titles_title":"","_seopress_titles_desc":"","_seopress_robots_index":"","_seopress_analysis_target_kw":""},"product_brand":[],"product_cat":[57],"product_tag":[],"class_list":{"0":"post-208991","1":"product","2":"type-product","3":"status-publish","4":"has-post-thumbnail","6":"product_cat-courses","8":"first","9":"instock","10":"taxable","11":"shipping-taxable","12":"purchasable","13":"product-type-simple"},"bundled_by":[],"bundle_stock_status":"instock","bundle_stock_quantity":null,"bundle_virtual":false,"bundle_layout":"","bundle_add_to_cart_form_location":"","bundle_editable_in_cart":false,"bundle_sold_individually_context":"","bundle_item_grouping":"","bundle_min_size":"","bundle_max_size":"","bundle_price":[],"bundled_items":[],"bundle_sell_ids":[],"acf":[],"_links":{"self":[{"href":"https:\/\/www.qxworld.eu\/es\/wp-json\/wp\/v2\/product\/208991","targetHints":{"allow":["GET"]}}],"collection":[{"href":"https:\/\/www.qxworld.eu\/es\/wp-json\/wp\/v2\/product"}],"about":[{"href":"https:\/\/www.qxworld.eu\/es\/wp-json\/wp\/v2\/types\/product"}],"wp:featuredmedia":[{"embeddable":true,"href":"https:\/\/www.qxworld.eu\/es\/wp-json\/wp\/v2\/media\/208968"}],"wp:attachment":[{"href":"https:\/\/www.qxworld.eu\/es\/wp-json\/wp\/v2\/media?parent=208991"}],"wp:term":[{"taxonomy":"product_brand","embeddable":true,"href":"https:\/\/www.qxworld.eu\/es\/wp-json\/wp\/v2\/product_brand?post=208991"},{"taxonomy":"product_cat","embeddable":true,"href":"https:\/\/www.qxworld.eu\/es\/wp-json\/wp\/v2\/product_cat?post=208991"},{"taxonomy":"product_tag","embeddable":true,"href":"https:\/\/www.qxworld.eu\/es\/wp-json\/wp\/v2\/product_tag?post=208991"}],"curies":[{"name":"wp","href":"https:\/\/api.w.org\/{rel}","templated":true}]}}