{"id":212337,"date":"2024-03-08T11:55:27","date_gmt":"2024-03-08T09:55:27","guid":{"rendered":"https:\/\/www.qxworld.eu\/?post_type=product&#038;p=212337"},"modified":"2025-05-26T00:00:03","modified_gmt":"2025-05-25T22:00:03","slug":"omnis-unveiled-step-into-the-fusion-of-holistic-health-science-manual-para-principiantes","status":"publish","type":"product","link":"https:\/\/www.qxworld.eu\/es\/product\/omnis-unveiled-step-into-the-fusion-of-holistic-health-science-beginners-manual\/","title":{"rendered":"OMNIS Desvelado: Entra en la Fusi\u00f3n de la Salud Hol\u00edstica y la Ciencia Manual para Principiantes"},"content":{"rendered":"<div class=\"elementor-element elementor-element-6b40c3a elementor-widget elementor-widget-text-editor\" data-id=\"6b40c3a\" data-element_type=\"widget\" data-widget_type=\"text-editor.default\">\n<div class=\"elementor-widget-container\">\n<div class=\"elementor-element elementor-element-6b40c3a elementor-widget elementor-widget-text-editor\" data-id=\"6b40c3a\" data-element_type=\"widget\" data-widget_type=\"text-editor.default\">\n<div class=\"elementor-widget-container\">\n<p>Sum\u00e9rjase en un curso totalmente nuevo, enriquecido con contenidos nunca vistos, consejos esenciales, una vasta extensi\u00f3n de material de lectura e informaci\u00f3n vital, todo ello elegantemente presentado en formato de lectura con un bello dise\u00f1o, que le guiar\u00e1 hacia el bienestar hol\u00edstico. Tambi\u00e9n hay disponible un curso en v\u00eddeo con el manual incluido en <a href=\"https:\/\/www.qxworld.eu\/product\/omnis-unveiled-step-into-the-fusion-of-holistic-health-science-beginners-guide\/\" target=\"_blank\" rel=\"noopener\">enlace<\/a>.<\/p>\n<p>&nbsp;<\/p>\n<\/div>\n<\/div>\n<div class=\"elementor-element elementor-element-2589c76 elementor-widget elementor-widget-text-editor\" data-id=\"2589c76\" data-element_type=\"widget\" data-widget_type=\"text-editor.default\">\n<div class=\"elementor-widget-container\">\n<p>Nuestro objetivo es capacitarle para sobresalir en la atenci\u00f3n sanitaria hol\u00edstica, el asesoramiento sobre estilos de vida y la orientaci\u00f3n nutricional. Al final de su viaje con esta gu\u00eda, usted estar\u00e1 bien equipado para proporcionar asesoramiento integral y las intervenciones a los que sirven.<\/p>\n<p>&nbsp;<\/p>\n<\/div>\n<\/div>\n<div class=\"elementor-element elementor-element-22eff2c elementor-widget elementor-widget-text-editor\" data-id=\"22eff2c\" data-element_type=\"widget\" data-widget_type=\"text-editor.default\">\n<div class=\"elementor-widget-container\">\n<p>El curso le guiar\u00e1 a trav\u00e9s de la comprensi\u00f3n de las intrincadas relaciones entre los sistemas fundamentales dentro del cuerpo humano, utilizando nuestro software OMNIS, y la obtenci\u00f3n de conocimientos sobre estas interacciones, ayud\u00e1ndole a aplicar un enfoque multifac\u00e9tico para hacer frente a los desaf\u00edos que encuentre en su pr\u00e1ctica.<\/p>\n<\/div>\n<p>&nbsp;<\/p>\n<div class=\"elementor-element elementor-element-6b40c3a elementor-widget elementor-widget-text-editor\" data-id=\"6b40c3a\" data-element_type=\"widget\" data-widget_type=\"text-editor.default\">\n<div class=\"elementor-widget-container\">\n<h4><strong>3 pasos r\u00e1pidos para <\/strong><b>Manual digital<\/b><\/h4>\n<p>&nbsp;<\/p>\n<h5><strong>PASO 1, Cree su cuenta gratuita de Adobe<\/strong><\/h5>\n<p>Esto crear\u00e1 un\u00a0<a href=\"https:\/\/account.adobe.com\/\" target=\"_blank\" rel=\"noopener\">cuenta gratuita de Adobe<\/a>\u00a0que puede utilizar para acceder a sus libros<\/p>\n<p>&nbsp;<\/p>\n<h5><strong>PASO 2, Instale Adobe Digital Editions en su dispositivo<\/strong><\/h5>\n<p>Deber\u00e1 utilizar la funci\u00f3n\u00a0<a href=\"https:\/\/www.adobe.com\/solutions\/ebook\/digital-editions\/download.html\" target=\"_blank\" rel=\"noopener\">Aplicaci\u00f3n de lectura Adobe Digital Editions<\/a>\u00a0para ver sus libros.<\/p>\n<p><a href=\"https:\/\/adedownload.adobe.com\/pub\/adobe\/digitaleditions\/ADE_4.5_Installer.exe\" target=\"_blank\" rel=\"noopener\">Descargar Edici\u00f3n Digital Windows<\/a><\/p>\n<p><a href=\"https:\/\/adedownload.adobe.com\/pub\/adobe\/digitaleditions\/ADE_4.5_Installer.dmg\" target=\"_blank\" rel=\"noopener\">Descargar Edici\u00f3n Digital Macintosh<\/a><\/p>\n<p>Para m\u00e1s opciones de dispositivos, visite\u00a0<a href=\"https:\/\/www.adobe.com\/solutions\/ebook\/digital-editions\/download.html\" target=\"_blank\" rel=\"noopener\">P\u00e1gina de descarga de Adobe Digital Editions<\/a>.<\/p>\n<p>&nbsp;<\/p>\n<\/div>\n<\/div>\n<p>Aseg\u00farese de no seleccionar\u00a0<strong>Instalar MacAfee Antivirus<\/strong>\u00a0durante el proceso de instalaci\u00f3n, este programa antivirus no es compatible con nuestro software.<\/p>\n<p>Despu\u00e9s de instalar Adobe Digital Editions, abra Adobe Digital Editions, luego vaya a Ayuda, seleccione Autorizar equipo, luego inicie sesi\u00f3n con el nombre de usuario de su cuenta de Adobe como se cre\u00f3 en el PASO 1.<\/p>\n<p>&nbsp;<\/p>\n<div class=\"elementor-element elementor-element-6b40c3a elementor-widget elementor-widget-text-editor\" data-id=\"6b40c3a\" data-element_type=\"widget\" data-widget_type=\"text-editor.default\">\n<div class=\"elementor-widget-container\">\n<h5><strong>PASO 3, Descargue el archivo de acceso al libro desde el men\u00fa de descargas<\/strong><\/h5>\n<p>Recupere su fichero de acceso al libro a trav\u00e9s de la p\u00e1gina\u00a0<a href=\"https:\/\/www.qxworld.eu\/members\/downloads\/\" target=\"_blank\" rel=\"noopener\">men\u00fa de descarga<\/a>\u00a0o utilizando el enlace proporcionado m\u00e1s arriba. Una vez descargado, abra el archivo ACSM con Adobe Digital Editions para empezar a disfrutar de su libro.<\/p>\n<\/div>\n<\/div>\n<\/div>\n<\/div>\n<\/div>","protected":false},"excerpt":{"rendered":"<div class=\"elementor-element elementor-element-6b40c3a elementor-widget elementor-widget-text-editor\" data-id=\"6b40c3a\" data-element_type=\"widget\" data-widget_type=\"text-editor.default\">\n<div class=\"elementor-widget-container\">\n<p>Sum\u00e9rjase en un curso totalmente nuevo, enriquecido con contenidos nunca vistos, consejos esenciales, una vasta extensi\u00f3n de material de lectura e informaci\u00f3n vital, todo ello elegantemente presentado en formato de lectura con un bello dise\u00f1o, que le guiar\u00e1 hacia el bienestar hol\u00edstico. Tambi\u00e9n hay disponible un curso en v\u00eddeo con el manual incluido en <a href=\"https:\/\/www.qxworld.eu\/product\/omnis-unveiled-step-into-the-fusion-of-holistic-health-science-beginners-guide\/\" target=\"_blank\" rel=\"noopener\">enlace<\/a>.<\/p>\n<\/div>\n<\/div>","protected":false},"featured_media":212895,"template":"","meta":{"_acf_changed":false,"_seopress_robots_primary_cat":"none","_seopress_titles_title":"","_seopress_titles_desc":"Immerse yourself in a brand-new course, enriched with never seen before content, essential tips, a vast expanse of reading material, and vital information, all elegantly presented in both video and reading format with a beautiful design, guiding you towards holistic wellness.Our aim is to empower you to excel in holistic healthcare, lifestyle coaching, and nutritional guidance. By the end of your journey with this guide, you\u2019ll be well-equipped to provide comprehensive advice and interventions to those you serve.The course will guide you through understanding the intricate relationships between the pivotal systems within the human body, using our OMNIS software, and gaining insights into these interactions, helping you apply a multifaceted approach to address the challenges you encounter in your practice.","_seopress_robots_index":""},"product_brand":[],"product_cat":[35],"product_tag":[],"class_list":{"0":"post-212337","1":"product","2":"type-product","3":"status-publish","4":"has-post-thumbnail","6":"product_cat-uncategorized","8":"first","9":"instock","10":"downloadable","11":"sold-individually","12":"taxable","13":"shipping-taxable","14":"purchasable","15":"product-type-simple"},"bundled_by":[],"bundle_stock_status":"instock","bundle_stock_quantity":null,"bundle_virtual":false,"bundle_layout":"","bundle_add_to_cart_form_location":"","bundle_editable_in_cart":false,"bundle_sold_individually_context":"","bundle_item_grouping":"","bundle_min_size":"","bundle_max_size":"","bundle_price":[],"bundled_items":[],"bundle_sell_ids":[],"acf":[],"_links":{"self":[{"href":"https:\/\/www.qxworld.eu\/es\/wp-json\/wp\/v2\/product\/212337","targetHints":{"allow":["GET"]}}],"collection":[{"href":"https:\/\/www.qxworld.eu\/es\/wp-json\/wp\/v2\/product"}],"about":[{"href":"https:\/\/www.qxworld.eu\/es\/wp-json\/wp\/v2\/types\/product"}],"wp:featuredmedia":[{"embeddable":true,"href":"https:\/\/www.qxworld.eu\/es\/wp-json\/wp\/v2\/media\/212895"}],"wp:attachment":[{"href":"https:\/\/www.qxworld.eu\/es\/wp-json\/wp\/v2\/media?parent=212337"}],"wp:term":[{"taxonomy":"product_brand","embeddable":true,"href":"https:\/\/www.qxworld.eu\/es\/wp-json\/wp\/v2\/product_brand?post=212337"},{"taxonomy":"product_cat","embeddable":true,"href":"https:\/\/www.qxworld.eu\/es\/wp-json\/wp\/v2\/product_cat?post=212337"},{"taxonomy":"product_tag","embeddable":true,"href":"https:\/\/www.qxworld.eu\/es\/wp-json\/wp\/v2\/product_tag?post=212337"}],"curies":[{"name":"wp","href":"https:\/\/api.w.org\/{rel}","templated":true}]}}