{"id":213539,"date":"2024-04-15T12:10:32","date_gmt":"2024-04-15T10:10:32","guid":{"rendered":"https:\/\/www.qxworld.eu\/product\/metamind-8-aging-beauty-through-inner-health-and-bi-face-the-multifaceted-symmetry\/"},"modified":"2024-05-16T09:55:20","modified_gmt":"2024-05-16T07:55:20","slug":"metamind-8-envejecimiento-belleza-a-traves-de-la-salud-interior-y-bi-face-la-simetria-multifacetica-2","status":"publish","type":"product","link":"https:\/\/www.qxworld.eu\/es\/product\/metamind-8-aging-beauty-through-inner-health-and-bi-face-the-multifaceted-symmetry\/","title":{"rendered":"METAMIND #8 - Envejecimiento: La belleza a trav\u00e9s de la salud interior y Bi-Face, la simetr\u00eda multifac\u00e9tica"},"content":{"rendered":"<p><span class=\"NormalTextRun SCXW54474130 BCX9\">Tenga en cuenta que necesitar\u00e1 tener una cuenta de Zoom registrada <\/span><span class=\"NormalTextRun AdvancedProofingIssueV2Themed SCXW54474130 BCX9\">para<\/span> <span class=\"NormalTextRun SCXW54474130 BCX9\">participar<\/span><span class=\"NormalTextRun SCXW54474130 BCX9\"> en este <\/span><span class=\"NormalTextRun SCXW54474130 BCX9\">seminario web<\/span><span class=\"NormalTextRun SCXW54474130 BCX9\">. Puede registrarse aqu\u00ed: https:\/\/zoom.us\/signup. No olvide conectarse a su cuenta QX antes de <\/span><span class=\"NormalTextRun SCXW54474130 BCX9\">compras<\/span><span class=\"NormalTextRun SCXW54474130 BCX9\"> su entrada, para que pueda acceder a la reuni\u00f3n grabada una vez que se <\/span><span class=\"NormalTextRun ContextualSpellingAndGrammarErrorV2Themed SCXW54474130 BCX9\">tendr\u00e1<\/span><span class=\"NormalTextRun SCXW54474130 BCX9\"> se ha cargado.<\/span><\/p>","protected":false},"excerpt":{"rendered":"<p>Por favor, tenga en cuenta que necesitar\u00e1 tener una cuenta Zoom registrada para poder participar en este webinar. Puede registrarse aqu\u00ed: https:\/\/zoom.us\/signup. No olvide conectarse a su cuenta QX antes de comprar su entrada, para poder acceder a la grabaci\u00f3n de la reuni\u00f3n una vez que se haya cargado.<\/p>","protected":false},"featured_media":213540,"template":"","meta":{"_acf_changed":false,"_seopress_robots_primary_cat":"","_seopress_titles_title":"","_seopress_titles_desc":"","_seopress_robots_index":"","_seopress_analysis_target_kw":""},"product_brand":[],"product_cat":[101],"product_tag":[],"class_list":{"0":"post-213539","1":"product","2":"type-product","3":"status-publish","4":"has-post-thumbnail","6":"product_cat-ticket","8":"first","9":"instock","10":"virtual","11":"taxable","12":"purchasable","13":"product-type-simple"},"bundled_by":[],"bundle_stock_status":"instock","bundle_stock_quantity":null,"bundle_virtual":false,"bundle_layout":"","bundle_add_to_cart_form_location":"","bundle_editable_in_cart":false,"bundle_sold_individually_context":"","bundle_item_grouping":"","bundle_min_size":"","bundle_max_size":"","bundle_price":[],"bundled_items":[],"bundle_sell_ids":[],"acf":[],"_links":{"self":[{"href":"https:\/\/www.qxworld.eu\/es\/wp-json\/wp\/v2\/product\/213539","targetHints":{"allow":["GET"]}}],"collection":[{"href":"https:\/\/www.qxworld.eu\/es\/wp-json\/wp\/v2\/product"}],"about":[{"href":"https:\/\/www.qxworld.eu\/es\/wp-json\/wp\/v2\/types\/product"}],"wp:featuredmedia":[{"embeddable":true,"href":"https:\/\/www.qxworld.eu\/es\/wp-json\/wp\/v2\/media\/213540"}],"wp:attachment":[{"href":"https:\/\/www.qxworld.eu\/es\/wp-json\/wp\/v2\/media?parent=213539"}],"wp:term":[{"taxonomy":"product_brand","embeddable":true,"href":"https:\/\/www.qxworld.eu\/es\/wp-json\/wp\/v2\/product_brand?post=213539"},{"taxonomy":"product_cat","embeddable":true,"href":"https:\/\/www.qxworld.eu\/es\/wp-json\/wp\/v2\/product_cat?post=213539"},{"taxonomy":"product_tag","embeddable":true,"href":"https:\/\/www.qxworld.eu\/es\/wp-json\/wp\/v2\/product_tag?post=213539"}],"curies":[{"name":"wp","href":"https:\/\/api.w.org\/{rel}","templated":true}]}}