{"id":216055,"date":"2024-06-21T17:02:08","date_gmt":"2024-06-21T15:02:08","guid":{"rendered":"https:\/\/www.qxworld.eu\/?post_type=product&#038;p=216055"},"modified":"2025-06-09T00:00:04","modified_gmt":"2025-06-08T22:00:04","slug":"omnis-explored-advancing-your-journey-in-holistic-health-technology-una-guia-intermedia","status":"publish","type":"product","link":"https:\/\/www.qxworld.eu\/es\/product\/omnis-explored-advancing-your-journey-in-holistic-health-technology-an-intermediate-guide\/","title":{"rendered":"OMNIS Explorado: Avanzando en su viaje por la salud hol\u00edstica y la tecnolog\u00eda - Gu\u00eda intermedia"},"content":{"rendered":"<div class=\"elementor-element elementor-element-6b40c3a elementor-widget elementor-widget-text-editor\" data-id=\"6b40c3a\" data-element_type=\"widget\" data-widget_type=\"text-editor.default\">\n<div class=\"elementor-widget-container\">\n<div class=\"elementor-element elementor-element-22eff2c elementor-widget elementor-widget-text-editor\" data-id=\"22eff2c\" data-element_type=\"widget\" data-widget_type=\"text-editor.default\">\n<p>El entrenamiento intermedio y la gu\u00eda est\u00e1n dise\u00f1ados para elevar su comprensi\u00f3n y habilidades de navegaci\u00f3n a niveles m\u00e1s profundos. Combinando las habilidades adquiridas en la formaci\u00f3n para principiantes, descubrir\u00e1s nuevos m\u00e9todos para llevar a cabo las sesiones y adquirir\u00e1s una comprensi\u00f3n m\u00e1s profunda de los fundamentos en tu viaje de Quantum Biofeedback.<\/p>\n<\/div>\n<p>Puede acceder al curso en <a href=\"https:\/\/www.qxworld.eu\/all-courses\/\" target=\"_blank\" rel=\"noopener\">todos los cursos<\/a> o en <a href=\"https:\/\/www.qxworld.eu\/courses\/intermediate-training\/\" target=\"_blank\" rel=\"noopener\">enlace<\/a><\/p>\n<p>&nbsp;<\/p>\n<h4><strong>3 pasos r\u00e1pidos para <\/strong><b>Manual digital<\/b><\/h4>\n<p>&nbsp;<\/p>\n<h5><strong>PASO 1, Cree su cuenta gratuita de Adobe<\/strong><\/h5>\n<p>Esto crear\u00e1 un <a href=\"https:\/\/account.adobe.com\/\" target=\"_blank\" rel=\"noopener\">cuenta gratuita de Adobe<\/a> que puede utilizar para acceder a sus libros<\/p>\n<p>&nbsp;<\/p>\n<h5><strong>PASO 2, Instale Adobe Digital Editions en su dispositivo<\/strong><\/h5>\n<p>Deber\u00e1 utilizar la funci\u00f3n <a href=\"https:\/\/www.adobe.com\/solutions\/ebook\/digital-editions\/download.html\" target=\"_blank\" rel=\"noopener\">Aplicaci\u00f3n de lectura Adobe Digital Editions<\/a> para ver sus libros.<\/p>\n<p><a href=\"https:\/\/adedownload.adobe.com\/pub\/adobe\/digitaleditions\/ADE_4.5_Installer.exe\" target=\"_blank\" rel=\"noopener\">Descargar Edici\u00f3n Digital Windows<\/a><\/p>\n<p><a href=\"https:\/\/adedownload.adobe.com\/pub\/adobe\/digitaleditions\/ADE_4.5_Installer.dmg\" target=\"_blank\" rel=\"noopener\">Descargar Edici\u00f3n Digital Macintosh<\/a><\/p>\n<p>Para m\u00e1s opciones de dispositivos, visite <a href=\"https:\/\/www.adobe.com\/solutions\/ebook\/digital-editions\/download.html\" target=\"_blank\" rel=\"noopener\">P\u00e1gina de descarga de Adobe Digital Editions<\/a>.<\/p>\n<p>&nbsp;<\/p>\n<\/div>\n<\/div>\n<p>Aseg\u00farese de no seleccionar <strong>Instalar MacAfee Antivirus<\/strong> durante el proceso de instalaci\u00f3n, este programa antivirus no es compatible con nuestro software.<\/p>\n<p>Despu\u00e9s de instalar Adobe Digital Editions, abra Adobe Digital Editions, luego vaya a Ayuda, seleccione Autorizar equipo, luego inicie sesi\u00f3n con el nombre de usuario de su cuenta de Adobe como se cre\u00f3 en el PASO 1.<\/p>\n<p>&nbsp;<\/p>\n<div class=\"elementor-element elementor-element-6b40c3a elementor-widget elementor-widget-text-editor\" data-id=\"6b40c3a\" data-element_type=\"widget\" data-widget_type=\"text-editor.default\">\n<div class=\"elementor-widget-container\">\n<h5><strong>PASO 3, Descargue el archivo de acceso al libro desde el men\u00fa de descargas<\/strong><\/h5>\n<p>Recupere su fichero de acceso al libro a trav\u00e9s de la p\u00e1gina <a href=\"https:\/\/www.qxworld.eu\/members\/downloads\/ \" target=\"_blank\" rel=\"noopener\">men\u00fa de descarga<\/a> o utilizando el enlace proporcionado m\u00e1s arriba. Una vez descargado, abra el archivo ACSM con Adobe Digital Editions para empezar a disfrutar de su libro.<\/p>\n<\/div>\n<\/div>","protected":false},"excerpt":{"rendered":"<p>El entrenamiento intermedio y la gu\u00eda est\u00e1n dise\u00f1ados para elevar su comprensi\u00f3n y habilidades de navegaci\u00f3n a niveles m\u00e1s profundos. Combinando las habilidades adquiridas en la formaci\u00f3n para principiantes, descubrir\u00e1s nuevos m\u00e9todos para llevar a cabo las sesiones y adquirir\u00e1s una comprensi\u00f3n m\u00e1s profunda de los fundamentos en tu viaje de Quantum Biofeedback.<\/p>","protected":false},"featured_media":216054,"template":"","meta":{"_acf_changed":false,"_seopress_robots_primary_cat":"none","_seopress_titles_title":"","_seopress_titles_desc":"","_seopress_robots_index":"","_seopress_analysis_target_kw":""},"product_brand":[],"product_cat":[35],"product_tag":[],"class_list":{"0":"post-216055","1":"product","2":"type-product","3":"status-publish","4":"has-post-thumbnail","6":"product_cat-uncategorized","8":"first","9":"instock","10":"downloadable","11":"sold-individually","12":"taxable","13":"shipping-taxable","14":"purchasable","15":"product-type-simple"},"bundled_by":[],"bundle_stock_status":"instock","bundle_stock_quantity":null,"bundle_virtual":false,"bundle_layout":"","bundle_add_to_cart_form_location":"","bundle_editable_in_cart":false,"bundle_sold_individually_context":"","bundle_item_grouping":"","bundle_min_size":"","bundle_max_size":"","bundle_price":[],"bundled_items":[],"bundle_sell_ids":[],"acf":[],"_links":{"self":[{"href":"https:\/\/www.qxworld.eu\/es\/wp-json\/wp\/v2\/product\/216055","targetHints":{"allow":["GET"]}}],"collection":[{"href":"https:\/\/www.qxworld.eu\/es\/wp-json\/wp\/v2\/product"}],"about":[{"href":"https:\/\/www.qxworld.eu\/es\/wp-json\/wp\/v2\/types\/product"}],"wp:featuredmedia":[{"embeddable":true,"href":"https:\/\/www.qxworld.eu\/es\/wp-json\/wp\/v2\/media\/216054"}],"wp:attachment":[{"href":"https:\/\/www.qxworld.eu\/es\/wp-json\/wp\/v2\/media?parent=216055"}],"wp:term":[{"taxonomy":"product_brand","embeddable":true,"href":"https:\/\/www.qxworld.eu\/es\/wp-json\/wp\/v2\/product_brand?post=216055"},{"taxonomy":"product_cat","embeddable":true,"href":"https:\/\/www.qxworld.eu\/es\/wp-json\/wp\/v2\/product_cat?post=216055"},{"taxonomy":"product_tag","embeddable":true,"href":"https:\/\/www.qxworld.eu\/es\/wp-json\/wp\/v2\/product_tag?post=216055"}],"curies":[{"name":"wp","href":"https:\/\/api.w.org\/{rel}","templated":true}]}}