{"id":251680,"date":"2024-11-28T15:24:23","date_gmt":"2024-11-28T14:24:23","guid":{"rendered":"https:\/\/www.qxworld.eu\/product\/menopause-and-andropause-understanding-the-role-of-hormones-copy\/"},"modified":"2025-04-28T13:54:45","modified_gmt":"2025-04-28T11:54:45","slug":"metamind-8-envejecimiento-belleza-a-traves-de-la-salud-interior-y-bi-face-la-simetria-multifacetica-13","status":"publish","type":"product","link":"https:\/\/www.qxworld.eu\/es\/product\/degenerative-disorders\/","title":{"rendered":"Trastornos degenerativos: Avances en la comprensi\u00f3n y el tratamiento de las enfermedades cr\u00f3nicas"},"content":{"rendered":"<p>Conozca ideas de apoyo para tratar trastornos degenerativos, mejorar la calidad de vida y promover la curaci\u00f3n. Comprenda c\u00f3mo el Quantum Biofeedback puede ralentizar la progresi\u00f3n de enfermedades como la artritis, el Parkinson y el Alzheimer.<\/p>\n<p>&nbsp;<\/p>\n<p>Por favor, tenga en cuenta que necesitar\u00e1 tener una cuenta Zoom registrada para poder participar en este webinar. Puede registrarse aqu\u00ed: https:\/\/zoom.us\/signup. No olvide conectarse a su cuenta QX antes de comprar su entrada, para poder acceder a la grabaci\u00f3n de la reuni\u00f3n una vez que se haya cargado. Adem\u00e1s, tenga en cuenta que la venta de entradas se interrumpir\u00e1 30 minutos antes del inicio previsto.<\/p>","protected":false},"excerpt":{"rendered":"<p>Learn about supportive ideas on managing degenerative disorders, improving quality of life, and promoting healing. Understand how Quantum Biofeedback can slow the progression of conditions like arthritis, Parkinson&#8217;s, and Alzheimer&#8217;s. &nbsp; Please note that you will need to have a registered Zoom account in order to participate in this webinar. You may register here: https:\/\/zoom.us\/signup. [&hellip;]<\/p>\n","protected":false},"featured_media":251638,"template":"","meta":{"_acf_changed":false,"_seopress_robots_primary_cat":"none","_seopress_titles_title":"","_seopress_titles_desc":"","_seopress_robots_index":""},"product_brand":[],"product_cat":[57],"product_tag":[],"class_list":{"0":"post-251680","1":"product","2":"type-product","3":"status-publish","4":"has-post-thumbnail","6":"product_cat-courses","8":"first","9":"instock","10":"virtual","11":"taxable","12":"purchasable","13":"product-type-simple"},"bundled_by":[],"bundle_stock_status":"instock","bundle_stock_quantity":null,"bundle_virtual":false,"bundle_layout":"","bundle_add_to_cart_form_location":"","bundle_editable_in_cart":false,"bundle_sold_individually_context":"","bundle_item_grouping":"","bundle_min_size":"","bundle_max_size":"","bundle_price":[],"bundled_items":[],"bundle_sell_ids":[],"acf":[],"_links":{"self":[{"href":"https:\/\/www.qxworld.eu\/es\/wp-json\/wp\/v2\/product\/251680","targetHints":{"allow":["GET"]}}],"collection":[{"href":"https:\/\/www.qxworld.eu\/es\/wp-json\/wp\/v2\/product"}],"about":[{"href":"https:\/\/www.qxworld.eu\/es\/wp-json\/wp\/v2\/types\/product"}],"wp:featuredmedia":[{"embeddable":true,"href":"https:\/\/www.qxworld.eu\/es\/wp-json\/wp\/v2\/media\/251638"}],"wp:attachment":[{"href":"https:\/\/www.qxworld.eu\/es\/wp-json\/wp\/v2\/media?parent=251680"}],"wp:term":[{"taxonomy":"product_brand","embeddable":true,"href":"https:\/\/www.qxworld.eu\/es\/wp-json\/wp\/v2\/product_brand?post=251680"},{"taxonomy":"product_cat","embeddable":true,"href":"https:\/\/www.qxworld.eu\/es\/wp-json\/wp\/v2\/product_cat?post=251680"},{"taxonomy":"product_tag","embeddable":true,"href":"https:\/\/www.qxworld.eu\/es\/wp-json\/wp\/v2\/product_tag?post=251680"}],"curies":[{"name":"wp","href":"https:\/\/api.w.org\/{rel}","templated":true}]}}