{"id":289691,"date":"2025-01-28T12:54:53","date_gmt":"2025-01-28T11:54:53","guid":{"rendered":"https:\/\/www.qxworld.eu\/?post_type=product&#038;p=289691"},"modified":"2025-06-09T00:00:03","modified_gmt":"2025-06-08T22:00:03","slug":"guia-avanzada-para-dominar-el-biofeedback-cuantico-avanzado-y-la-integracion-omnis","status":"publish","type":"product","link":"https:\/\/www.qxworld.eu\/es\/product\/mastering-advanced-quantum-biofeedback-and-omnis-integration-an-advanced-guide\/","title":{"rendered":"Dominio de la biorretroalimentaci\u00f3n cu\u00e1ntica avanzada y de la integraci\u00f3n OMNIS - Gu\u00eda avanzada"},"content":{"rendered":"<div class=\"elementor-element elementor-element-6b40c3a elementor-widget elementor-widget-text-editor\" data-id=\"6b40c3a\" data-element_type=\"widget\" data-widget_type=\"text-editor.default\">\n<div class=\"elementor-widget-container\">\n<div class=\"elementor-element elementor-element-6b40c3a elementor-widget elementor-widget-text-editor\" data-id=\"6b40c3a\" data-element_type=\"widget\" data-widget_type=\"text-editor.default\">\n<div class=\"elementor-widget-container\">\n<div class=\"elementor-element elementor-element-22eff2c elementor-widget elementor-widget-text-editor\" data-id=\"22eff2c\" data-element_type=\"widget\" data-widget_type=\"text-editor.default\">\n<p>Lleva tu experiencia en salud hol\u00edstica al siguiente nivel con esta formaci\u00f3n y gu\u00eda avanzadas. Este curso es perfecto para aquellos listos para desbloquear todo el potencial del software OMNIS, sumergi\u00e9ndose en sus paneles y herramientas m\u00e1s avanzadas para descubrir las intrincadas conexiones entre el cuerpo, la mente, las emociones y el esp\u00edritu.<\/p>\n<p>Aprender\u00e1 a investigar en detalle, a reconstruir complejos rompecabezas sanitarios y a aplicar t\u00e9cnicas de vanguardia para obtener conocimientos profundos y crear intervenciones significativas.<br \/>\nEste programa va m\u00e1s all\u00e1 de los conceptos b\u00e1sicos, dot\u00e1ndole de las habilidades necesarias para navegar y utilizar las funciones m\u00e1s sofisticadas de OMNIS. Al dominar estas herramientas, mejorar\u00e1 su precisi\u00f3n y eficacia, lo que le permitir\u00e1 ofrecer una atenci\u00f3n personalizada e impactante a sus clientes.<\/p>\n<p>Con esta formaci\u00f3n, adquirir\u00e1 la confianza necesaria para aprovechar al m\u00e1ximo las capacidades de OMNIS y desbloquear nuevas posibilidades en el \u00e1mbito de la salud hol\u00edstica. Este curso le ayudar\u00e1 a elevar su pr\u00e1ctica a un nivel completamente nuevo, tanto si se trata de resolver retos complejos como de proporcionar una visi\u00f3n m\u00e1s profunda.<\/p>\n<\/div>\n<p>Puede acceder al curso en <a href=\"https:\/\/www.qxworld.eu\/all-courses\/\" target=\"_blank\" rel=\"noopener\">todos los cursos<\/a> o en <a href=\"https:\/\/www.qxworld.eu\/courses\/omnis-deep-dive-expert-strategies-in-biofeedback-wellness-and-holistic-science\/\" target=\"_blank\" rel=\"noopener\">enlace<\/a><\/p>\n<p>&nbsp;<\/p>\n<h4><strong>3 pasos r\u00e1pidos para <\/strong><b>Manual digital<\/b><\/h4>\n<p>&nbsp;<\/p>\n<h5><strong>PASO 1, Cree su cuenta gratuita de Adobe<\/strong><\/h5>\n<p>Esto crear\u00e1 un <a href=\"https:\/\/account.adobe.com\/\" target=\"_blank\" rel=\"noopener\">cuenta gratuita de Adobe<\/a> que puede utilizar para acceder a sus libros<\/p>\n<p>&nbsp;<\/p>\n<h5><strong>PASO 2, Instale Adobe Digital Editions en su dispositivo<\/strong><\/h5>\n<p>Deber\u00e1 utilizar la funci\u00f3n <a href=\"https:\/\/www.adobe.com\/solutions\/ebook\/digital-editions\/download.html\" target=\"_blank\" rel=\"noopener\">Aplicaci\u00f3n de lectura Adobe Digital Editions<\/a> para ver sus libros.<\/p>\n<p><a href=\"https:\/\/adedownload.adobe.com\/pub\/adobe\/digitaleditions\/ADE_4.5_Installer.exe\" target=\"_blank\" rel=\"noopener\">Descargar Edici\u00f3n Digital Windows<\/a><\/p>\n<p><a href=\"https:\/\/adedownload.adobe.com\/pub\/adobe\/digitaleditions\/ADE_4.5_Installer.dmg\" target=\"_blank\" rel=\"noopener\">Descargar Edici\u00f3n Digital Macintosh<\/a><\/p>\n<p>Para m\u00e1s opciones de dispositivos, visite <a href=\"https:\/\/www.adobe.com\/solutions\/ebook\/digital-editions\/download.html\" target=\"_blank\" rel=\"noopener\">P\u00e1gina de descarga de Adobe Digital Editions<\/a>.<\/p>\n<p>&nbsp;<\/p>\n<\/div>\n<\/div>\n<p>Aseg\u00farese de no seleccionar <strong>Instalar MacAfee Antivirus<\/strong> durante el proceso de instalaci\u00f3n, este programa antivirus no es compatible con nuestro software.<\/p>\n<p>Despu\u00e9s de instalar Adobe Digital Editions, abra Adobe Digital Editions, luego vaya a Ayuda, seleccione Autorizar equipo, luego inicie sesi\u00f3n con el nombre de usuario de su cuenta de Adobe como se cre\u00f3 en el PASO 1.<\/p>\n<p>&nbsp;<\/p>\n<div class=\"elementor-element elementor-element-6b40c3a elementor-widget elementor-widget-text-editor\" data-id=\"6b40c3a\" data-element_type=\"widget\" data-widget_type=\"text-editor.default\">\n<div class=\"elementor-widget-container\">\n<h5><strong>PASO 3, Descargue el archivo de acceso al libro desde el men\u00fa de descargas<\/strong><\/h5>\n<p>Recupere su fichero de acceso al libro a trav\u00e9s de la p\u00e1gina <a href=\"https:\/\/www.qxworld.eu\/members\/downloads\/ \" target=\"_blank\" rel=\"noopener\">men\u00fa de descarga<\/a> o utilizando el enlace proporcionado m\u00e1s arriba. Una vez descargado, abra el archivo ACSM con Adobe Digital Editions para empezar a disfrutar de su libro.<\/p>\n<\/div>\n<\/div>\n<\/div>\n<\/div>","protected":false},"excerpt":{"rendered":"<p>Lleva tu experiencia en salud hol\u00edstica al siguiente nivel con esta formaci\u00f3n y gu\u00eda avanzadas. Este curso es perfecto para aquellos listos para desbloquear todo el potencial del software OMNIS, sumergi\u00e9ndose en sus paneles y herramientas m\u00e1s avanzadas para descubrir las intrincadas conexiones entre el cuerpo, la mente, las emociones y el esp\u00edritu.<\/p>","protected":false},"featured_media":289707,"template":"","meta":{"_acf_changed":false,"_seopress_robots_primary_cat":"none","_seopress_titles_title":"","_seopress_titles_desc":"","_seopress_robots_index":""},"product_brand":[],"product_cat":[35],"product_tag":[],"class_list":{"0":"post-289691","1":"product","2":"type-product","3":"status-publish","4":"has-post-thumbnail","6":"product_cat-uncategorized","8":"first","9":"instock","10":"downloadable","11":"sold-individually","12":"taxable","13":"shipping-taxable","14":"purchasable","15":"product-type-simple"},"bundled_by":[],"bundle_stock_status":"instock","bundle_stock_quantity":null,"bundle_virtual":false,"bundle_layout":"","bundle_add_to_cart_form_location":"","bundle_editable_in_cart":false,"bundle_sold_individually_context":"","bundle_item_grouping":"","bundle_min_size":"","bundle_max_size":"","bundle_price":[],"bundled_items":[],"bundle_sell_ids":[],"acf":[],"_links":{"self":[{"href":"https:\/\/www.qxworld.eu\/es\/wp-json\/wp\/v2\/product\/289691","targetHints":{"allow":["GET"]}}],"collection":[{"href":"https:\/\/www.qxworld.eu\/es\/wp-json\/wp\/v2\/product"}],"about":[{"href":"https:\/\/www.qxworld.eu\/es\/wp-json\/wp\/v2\/types\/product"}],"wp:featuredmedia":[{"embeddable":true,"href":"https:\/\/www.qxworld.eu\/es\/wp-json\/wp\/v2\/media\/289707"}],"wp:attachment":[{"href":"https:\/\/www.qxworld.eu\/es\/wp-json\/wp\/v2\/media?parent=289691"}],"wp:term":[{"taxonomy":"product_brand","embeddable":true,"href":"https:\/\/www.qxworld.eu\/es\/wp-json\/wp\/v2\/product_brand?post=289691"},{"taxonomy":"product_cat","embeddable":true,"href":"https:\/\/www.qxworld.eu\/es\/wp-json\/wp\/v2\/product_cat?post=289691"},{"taxonomy":"product_tag","embeddable":true,"href":"https:\/\/www.qxworld.eu\/es\/wp-json\/wp\/v2\/product_tag?post=289691"}],"curies":[{"name":"wp","href":"https:\/\/api.w.org\/{rel}","templated":true}]}}