{"id":301621,"date":"2025-03-11T13:47:25","date_gmt":"2025-03-11T12:47:25","guid":{"rendered":"https:\/\/www.qxworld.eu\/?post_type=product&#038;p=301621"},"modified":"2025-03-11T13:54:49","modified_gmt":"2025-03-11T12:54:49","slug":"camino-holistico-dominar-la-comunicacion-con-el-cliente","status":"publish","type":"product","link":"https:\/\/www.qxworld.eu\/es\/product\/holistic-path-mastering-client-communication\/","title":{"rendered":"Holistic Path - Dominar la comunicaci\u00f3n con el cliente"},"content":{"rendered":"<p><strong>Bienvenido al Camino Hol\u00edstico: Dominar la comunicaci\u00f3n con el cliente Formaci\u00f3n<\/strong><\/p>\n<p>La comunicaci\u00f3n eficaz es la base del \u00e9xito de la pr\u00e1ctica de la biorretroalimentaci\u00f3n. Este curso le dotar\u00e1 de las habilidades necesarias para utilizar un lenguaje claro e impactante que mejore la comprensi\u00f3n, la motivaci\u00f3n y el compromiso del cliente. Tambi\u00e9n explorar\u00e1 el papel vital de la educaci\u00f3n en el empoderamiento de los clientes y la mejora de los resultados.<\/p>\n<p>Al final de este curso, dispondr\u00e1 de las herramientas necesarias para integrar estrategias de comunicaci\u00f3n eficaces y principios educativos en su pr\u00e1ctica, fomentando relaciones m\u00e1s s\u00f3lidas con los clientes y mejores resultados.  Emprendamos juntos este viaje de aprendizaje transformador.<\/p>","protected":false},"excerpt":{"rendered":"<p>Welcome to the Holistic Path: Mastering Client Communication Training Effective communication is at the heart of successful biofeedback practice. This course will equip you with the skills to use clear, impactful language that enhances client understanding, motivation, and engagement. You&#8217;ll also explore the vital role of education in empowering clients and improving outcomes. By the [&hellip;]<\/p>\n","protected":false},"featured_media":301615,"template":"","meta":{"_acf_changed":false,"_seopress_robots_primary_cat":"none","_seopress_titles_title":"","_seopress_titles_desc":"","_seopress_robots_index":""},"product_brand":[],"product_cat":[57],"product_tag":[],"class_list":{"0":"post-301621","1":"product","2":"type-product","3":"status-publish","4":"has-post-thumbnail","6":"product_cat-courses","8":"first","9":"instock","10":"taxable","11":"shipping-taxable","12":"purchasable","13":"product-type-simple"},"bundled_by":[],"bundle_stock_status":"instock","bundle_stock_quantity":null,"bundle_virtual":false,"bundle_layout":"","bundle_add_to_cart_form_location":"","bundle_editable_in_cart":false,"bundle_sold_individually_context":"","bundle_item_grouping":"","bundle_min_size":"","bundle_max_size":"","bundle_price":[],"bundled_items":[],"bundle_sell_ids":[],"acf":[],"_links":{"self":[{"href":"https:\/\/www.qxworld.eu\/es\/wp-json\/wp\/v2\/product\/301621","targetHints":{"allow":["GET"]}}],"collection":[{"href":"https:\/\/www.qxworld.eu\/es\/wp-json\/wp\/v2\/product"}],"about":[{"href":"https:\/\/www.qxworld.eu\/es\/wp-json\/wp\/v2\/types\/product"}],"wp:featuredmedia":[{"embeddable":true,"href":"https:\/\/www.qxworld.eu\/es\/wp-json\/wp\/v2\/media\/301615"}],"wp:attachment":[{"href":"https:\/\/www.qxworld.eu\/es\/wp-json\/wp\/v2\/media?parent=301621"}],"wp:term":[{"taxonomy":"product_brand","embeddable":true,"href":"https:\/\/www.qxworld.eu\/es\/wp-json\/wp\/v2\/product_brand?post=301621"},{"taxonomy":"product_cat","embeddable":true,"href":"https:\/\/www.qxworld.eu\/es\/wp-json\/wp\/v2\/product_cat?post=301621"},{"taxonomy":"product_tag","embeddable":true,"href":"https:\/\/www.qxworld.eu\/es\/wp-json\/wp\/v2\/product_tag?post=301621"}],"curies":[{"name":"wp","href":"https:\/\/api.w.org\/{rel}","templated":true}]}}