{"id":319541,"date":"2025-06-02T11:50:53","date_gmt":"2025-06-02T09:50:53","guid":{"rendered":"https:\/\/www.qxworld.eu\/?post_type=product&#038;p=319541"},"modified":"2025-07-18T16:03:09","modified_gmt":"2025-07-18T14:03:09","slug":"sangre-y-biofeedback-campo-oscuro","status":"publish","type":"product","link":"https:\/\/www.qxworld.eu\/es\/product\/blood-and-biofeedback-dark-field\/","title":{"rendered":"Sangre y biorretroalimentaci\u00f3n: La salud al alcance de la mano"},"content":{"rendered":"<div data-v-85776206=\"\">\n<div data-v-85776206=\"\">\n<div class=\"split-line topic4Detail-item detail-item\" data-v-102c4052=\"\" data-v-85776206=\"\">\n<div class=\"zm-form-item mgb-md is-no-asterisk\" data-v-102c4052=\"\">\n<div class=\"zm-form-item__content\">\n<p id=\"agenda\" class=\"pdt-xs pdb-xs w-sp\" data-v-102c4052=\"\">\u00danase a nuestro webinar para una introducci\u00f3n pr\u00e1ctica al uso del programa de Campo Oscuro dentro de su Software OMNIS. Aprender\u00e1 a evaluar visualmente el terreno interno del cuerpo a trav\u00e9s de los indicadores de reactividad sangu\u00ednea: c\u00f3mo conectar con la inflamaci\u00f3n, la toxicidad, el estr\u00e9s inmunol\u00f3gico y los patrones de vitalidad. Ideal para profesionales que desean a\u00f1adir una capa m\u00e1s profunda de conocimiento a sus sesiones.<\/p>\n<\/div>\n<\/div>\n<\/div>\n<\/div>\n<\/div>","protected":false},"excerpt":{"rendered":"<p>Join our webinar for a practical introduction to using the Dark Field program within your OMNIS Software. You\u2019ll learn how to visually assess the body\u2019s internal terrain through blood reactivity indicators\u2014 how to connect to inflammation, toxicity, immune stress, and vitality patterns. Ideal for practitioners wanting to add a deeper layer of insight to their [&hellip;]<\/p>\n","protected":false},"featured_media":319546,"template":"","meta":{"_acf_changed":false,"_seopress_robots_primary_cat":"none","_seopress_titles_title":"","_seopress_titles_desc":"","_seopress_robots_index":""},"product_brand":[],"product_cat":[101],"product_tag":[],"class_list":{"0":"post-319541","1":"product","2":"type-product","3":"status-publish","4":"has-post-thumbnail","6":"product_cat-ticket","8":"first","9":"instock","10":"virtual","11":"taxable","12":"purchasable","13":"product-type-simple"},"bundled_by":[],"bundle_stock_status":"instock","bundle_stock_quantity":null,"bundle_virtual":false,"bundle_layout":"","bundle_add_to_cart_form_location":"","bundle_editable_in_cart":false,"bundle_sold_individually_context":"","bundle_item_grouping":"","bundle_min_size":"","bundle_max_size":"","bundle_price":[],"bundled_items":[],"bundle_sell_ids":[],"acf":[],"_links":{"self":[{"href":"https:\/\/www.qxworld.eu\/es\/wp-json\/wp\/v2\/product\/319541","targetHints":{"allow":["GET"]}}],"collection":[{"href":"https:\/\/www.qxworld.eu\/es\/wp-json\/wp\/v2\/product"}],"about":[{"href":"https:\/\/www.qxworld.eu\/es\/wp-json\/wp\/v2\/types\/product"}],"wp:featuredmedia":[{"embeddable":true,"href":"https:\/\/www.qxworld.eu\/es\/wp-json\/wp\/v2\/media\/319546"}],"wp:attachment":[{"href":"https:\/\/www.qxworld.eu\/es\/wp-json\/wp\/v2\/media?parent=319541"}],"wp:term":[{"taxonomy":"product_brand","embeddable":true,"href":"https:\/\/www.qxworld.eu\/es\/wp-json\/wp\/v2\/product_brand?post=319541"},{"taxonomy":"product_cat","embeddable":true,"href":"https:\/\/www.qxworld.eu\/es\/wp-json\/wp\/v2\/product_cat?post=319541"},{"taxonomy":"product_tag","embeddable":true,"href":"https:\/\/www.qxworld.eu\/es\/wp-json\/wp\/v2\/product_tag?post=319541"}],"curies":[{"name":"wp","href":"https:\/\/api.w.org\/{rel}","templated":true}]}}