{"id":323179,"date":"2025-06-17T13:54:15","date_gmt":"2025-06-17T11:54:15","guid":{"rendered":"https:\/\/www.qxworld.eu\/?post_type=product&#038;p=323179"},"modified":"2025-06-17T13:57:37","modified_gmt":"2025-06-17T11:57:37","slug":"quantum-biofeedback-magyar-konferencia","status":"publish","type":"product","link":"https:\/\/www.qxworld.eu\/es\/product\/quantum-biofeedback-magyar-konferencia\/","title":{"rendered":"Quantum Biofeedback Magyar Konferencia - Conferencia H\u00fangara de Biofeedback Cu\u00e1ntico"},"content":{"rendered":"<p>Tekintse meg a 2025 \u00e1prilis 10-11 k\u00f6z\u00f6tt megrendez\u00e9sre ker\u00fcl\u0151 konferenci\u00e1nk vide\u00f3s felv\u00e9teleit. A konferencia az alapokt\u00f3l indult \u00e9s ad \u00e1tfog\u00f3 tud\u00e1st a Quantum Biofeedback ismeretekr\u0151l, hogy milyen alapoz\u00f3 programokkal kezdj\u00fcnk \u00e9s mely panelt milyen szintig fontos j\u00f3l haszn\u00e1lni.<\/p>\n<p>El\u0151ad\u00f3k: dr Simon M\u00e1rta, B\u00f6lcskei M\u00f3nika<\/p>\n<p>&nbsp;<\/p>\n<p>Puede encontrar las grabaciones de nuestra conferencia celebrada los d\u00edas 10 y 11 de abril de 2025 aqu\u00ed en este curso. Los materiales de la conferencia empiezan por lo b\u00e1sico y proporcionan un amplio conocimiento sobre el Biofeedback Cu\u00e1ntico, programas fundacionales para empezar y toques en paneles significativos para usar. Tenga en cuenta que las grabaciones s\u00f3lo est\u00e1n disponibles en h\u00fangaro nativo.<\/p>\n<p>Ponentes: Dra. M\u00e1rta Simon, M\u00f3nika B\u00f6lcskei<\/p>","protected":false},"excerpt":{"rendered":"<p>Tekintse meg a 2025 \u00e1prilis 10-11 k\u00f6z\u00f6tt megrendez\u00e9sre ker\u00fcl\u0151 konferenci\u00e1nk vide\u00f3s felv\u00e9teleit. A konferencia az alapokt\u00f3l indult \u00e9s ad \u00e1tfog\u00f3 tud\u00e1st a Quantum Biofeedback ismeretekr\u0151l, hogy milyen alapoz\u00f3 programokkal kezdj\u00fcnk \u00e9s mely panelt milyen szintig fontos j\u00f3l haszn\u00e1lni. El\u0151ad\u00f3k: dr Simon M\u00e1rta, B\u00f6lcskei M\u00f3nika &nbsp; You can find the recordings of our conference held on [&hellip;]<\/p>\n","protected":false},"featured_media":322452,"template":"","meta":{"_acf_changed":false,"_seopress_robots_primary_cat":"none","_seopress_titles_title":"","_seopress_titles_desc":"","_seopress_robots_index":""},"product_brand":[],"product_cat":[197,57],"product_tag":[],"class_list":{"0":"post-323179","1":"product","2":"type-product","3":"status-publish","4":"has-post-thumbnail","6":"product_cat-conference-ticket","7":"product_cat-courses","9":"first","10":"instock","11":"taxable","12":"shipping-taxable","13":"purchasable","14":"product-type-simple"},"bundled_by":[],"bundle_stock_status":"instock","bundle_stock_quantity":null,"bundle_virtual":false,"bundle_layout":"","bundle_add_to_cart_form_location":"","bundle_editable_in_cart":false,"bundle_sold_individually_context":"","bundle_item_grouping":"","bundle_min_size":"","bundle_max_size":"","bundle_price":[],"bundled_items":[],"bundle_sell_ids":[],"acf":[],"_links":{"self":[{"href":"https:\/\/www.qxworld.eu\/es\/wp-json\/wp\/v2\/product\/323179","targetHints":{"allow":["GET"]}}],"collection":[{"href":"https:\/\/www.qxworld.eu\/es\/wp-json\/wp\/v2\/product"}],"about":[{"href":"https:\/\/www.qxworld.eu\/es\/wp-json\/wp\/v2\/types\/product"}],"wp:featuredmedia":[{"embeddable":true,"href":"https:\/\/www.qxworld.eu\/es\/wp-json\/wp\/v2\/media\/322452"}],"wp:attachment":[{"href":"https:\/\/www.qxworld.eu\/es\/wp-json\/wp\/v2\/media?parent=323179"}],"wp:term":[{"taxonomy":"product_brand","embeddable":true,"href":"https:\/\/www.qxworld.eu\/es\/wp-json\/wp\/v2\/product_brand?post=323179"},{"taxonomy":"product_cat","embeddable":true,"href":"https:\/\/www.qxworld.eu\/es\/wp-json\/wp\/v2\/product_cat?post=323179"},{"taxonomy":"product_tag","embeddable":true,"href":"https:\/\/www.qxworld.eu\/es\/wp-json\/wp\/v2\/product_tag?post=323179"}],"curies":[{"name":"wp","href":"https:\/\/api.w.org\/{rel}","templated":true}]}}