{"id":345819,"date":"2025-09-15T11:24:19","date_gmt":"2025-09-15T09:24:19","guid":{"rendered":"https:\/\/www.qxworld.eu\/?post_type=product&#038;p=345819"},"modified":"2025-09-15T11:24:52","modified_gmt":"2025-09-15T09:24:52","slug":"anatomia-fisiologia-patologia-2","status":"publish","type":"product","link":"https:\/\/www.qxworld.eu\/es\/product\/anatomy-physiology-pathology\/","title":{"rendered":"Anatom\u00eda, fisiolog\u00eda, patolog\u00eda"},"content":{"rendered":"<p>Este completo curso en l\u00ednea con Carol Wilcock sobre Anatom\u00eda, Fisiolog\u00eda y Patolog\u00eda Humanas abarca todos los sistemas corporales principales y las afecciones m\u00e1s comunes. Est\u00e1 especialmente dise\u00f1ado para los profesionales de la biorretroalimentaci\u00f3n que buscan una comprensi\u00f3n m\u00e1s profunda de la dimensi\u00f3n f\u00edsica. Con explicaciones claras, abundantes recursos visuales y el beneficio a\u00f1adido de la visi\u00f3n experta de Carol, este curso ampliar\u00e1 tus conocimientos y aumentar\u00e1 tu confianza a la hora de trabajar con el cuerpo.<\/p>","protected":false},"excerpt":{"rendered":"<p>This comprehensive online course with Carol Wilcock in Human Anatomy, Physiology, and Pathology covers all major body systems and common conditions. It is specially designed for biofeedback practitioners seeking a deeper understanding of the physical dimension. With clear explanations, rich visual resources, and the added benefit of Carol\u2019s expert insight, this course will expand your [&hellip;]<\/p>\n","protected":false},"featured_media":340712,"template":"","meta":{"_acf_changed":false,"_seopress_robots_primary_cat":"none","_seopress_titles_title":"","_seopress_titles_desc":"","_seopress_robots_index":""},"product_brand":[],"product_cat":[57],"product_tag":[],"class_list":{"0":"post-345819","1":"product","2":"type-product","3":"status-publish","4":"has-post-thumbnail","6":"product_cat-courses","8":"first","9":"instock","10":"taxable","11":"shipping-taxable","12":"purchasable","13":"product-type-simple"},"bundled_by":[],"bundle_stock_status":"instock","bundle_stock_quantity":null,"bundle_virtual":false,"bundle_layout":"","bundle_add_to_cart_form_location":"","bundle_editable_in_cart":false,"bundle_sold_individually_context":"","bundle_item_grouping":"","bundle_min_size":"","bundle_max_size":"","bundle_price":[],"bundled_items":[],"bundle_sell_ids":[],"acf":[],"_links":{"self":[{"href":"https:\/\/www.qxworld.eu\/es\/wp-json\/wp\/v2\/product\/345819","targetHints":{"allow":["GET"]}}],"collection":[{"href":"https:\/\/www.qxworld.eu\/es\/wp-json\/wp\/v2\/product"}],"about":[{"href":"https:\/\/www.qxworld.eu\/es\/wp-json\/wp\/v2\/types\/product"}],"wp:featuredmedia":[{"embeddable":true,"href":"https:\/\/www.qxworld.eu\/es\/wp-json\/wp\/v2\/media\/340712"}],"wp:attachment":[{"href":"https:\/\/www.qxworld.eu\/es\/wp-json\/wp\/v2\/media?parent=345819"}],"wp:term":[{"taxonomy":"product_brand","embeddable":true,"href":"https:\/\/www.qxworld.eu\/es\/wp-json\/wp\/v2\/product_brand?post=345819"},{"taxonomy":"product_cat","embeddable":true,"href":"https:\/\/www.qxworld.eu\/es\/wp-json\/wp\/v2\/product_cat?post=345819"},{"taxonomy":"product_tag","embeddable":true,"href":"https:\/\/www.qxworld.eu\/es\/wp-json\/wp\/v2\/product_tag?post=345819"}],"curies":[{"name":"wp","href":"https:\/\/api.w.org\/{rel}","templated":true}]}}