{"id":346551,"date":"2025-09-22T14:04:48","date_gmt":"2025-09-22T12:04:48","guid":{"rendered":"https:\/\/www.qxworld.eu\/?post_type=product&#038;p=346551"},"modified":"2026-03-02T10:22:19","modified_gmt":"2026-03-02T09:22:19","slug":"homeopatia-y-cuidados-holisticos-parte-3","status":"publish","type":"product","link":"https:\/\/www.qxworld.eu\/es\/product\/homeopathy-and-holistic-care-part-3\/","title":{"rendered":"Volver a lo b\u00e1sico: Homeopat\u00eda y cuidados hol\u00edsticos - Parte 3."},"content":{"rendered":"<p id=\"agenda\">Elimine el ruido y vuelva a la ra\u00edz de la curaci\u00f3n con homeopat\u00eda y cuidados hol\u00edsticos.<\/p>\n<p><!-- \/wp:post-content --><\/p>","protected":false},"excerpt":{"rendered":"<p>Elimine el ruido y vuelva a la ra\u00edz de la curaci\u00f3n con homeopat\u00eda y cuidados hol\u00edsticos.<\/p>","protected":false},"featured_media":346555,"template":"","meta":{"_acf_changed":false,"_seopress_robots_primary_cat":"none","_seopress_titles_title":"","_seopress_titles_desc":"","_seopress_robots_index":""},"product_brand":[],"product_cat":[101],"product_tag":[],"class_list":{"0":"post-346551","1":"product","2":"type-product","3":"status-publish","4":"has-post-thumbnail","6":"product_cat-ticket","8":"first","9":"instock","10":"virtual","11":"taxable","12":"purchasable","13":"product-type-simple"},"bundled_by":[],"bundle_stock_status":"instock","bundle_stock_quantity":null,"bundle_virtual":false,"bundle_layout":"","bundle_add_to_cart_form_location":"","bundle_editable_in_cart":false,"bundle_sold_individually_context":"","bundle_item_grouping":"","bundle_min_size":"","bundle_max_size":"","bundle_price":[],"bundled_items":[],"bundle_sell_ids":[],"acf":[],"_links":{"self":[{"href":"https:\/\/www.qxworld.eu\/es\/wp-json\/wp\/v2\/product\/346551","targetHints":{"allow":["GET"]}}],"collection":[{"href":"https:\/\/www.qxworld.eu\/es\/wp-json\/wp\/v2\/product"}],"about":[{"href":"https:\/\/www.qxworld.eu\/es\/wp-json\/wp\/v2\/types\/product"}],"wp:featuredmedia":[{"embeddable":true,"href":"https:\/\/www.qxworld.eu\/es\/wp-json\/wp\/v2\/media\/346555"}],"wp:attachment":[{"href":"https:\/\/www.qxworld.eu\/es\/wp-json\/wp\/v2\/media?parent=346551"}],"wp:term":[{"taxonomy":"product_brand","embeddable":true,"href":"https:\/\/www.qxworld.eu\/es\/wp-json\/wp\/v2\/product_brand?post=346551"},{"taxonomy":"product_cat","embeddable":true,"href":"https:\/\/www.qxworld.eu\/es\/wp-json\/wp\/v2\/product_cat?post=346551"},{"taxonomy":"product_tag","embeddable":true,"href":"https:\/\/www.qxworld.eu\/es\/wp-json\/wp\/v2\/product_tag?post=346551"}],"curies":[{"name":"wp","href":"https:\/\/api.w.org\/{rel}","templated":true}]}}