{"id":361648,"date":"2026-01-19T15:19:55","date_gmt":"2026-01-19T14:19:55","guid":{"rendered":"https:\/\/www.qxworld.eu\/?post_type=product&#038;p=361648"},"modified":"2026-01-19T15:27:10","modified_gmt":"2026-01-19T14:27:10","slug":"seminario-de-verano-sobre-el-sistema-de-organos-2026","status":"publish","type":"product","link":"https:\/\/www.qxworld.eu\/es\/product\/summer-organ-system-webinar-2026\/","title":{"rendered":"Verano - Webinar sobre el sistema de \u00f3rganos"},"content":{"rendered":"<p>\u2600\ufe0f <strong>Verano<\/strong><br \/>\n<em>Descubra c\u00f3mo el coraz\u00f3n y el intestino delgado determinan la circulaci\u00f3n, el equilibrio hormonal, la claridad mental y la vitalidad que alimenta la conexi\u00f3n y la alegr\u00eda.<\/em><\/p>\n<p>Tenga en cuenta que para participar en este seminario web deber\u00e1 tener una cuenta de Zoom registrada. Puede registrarse en <a href=\"https:\/\/zoom.us\/signup\" data-type=\"link\" data-id=\"https:\/\/zoom.us\/signup\"><strong>aqu\u00ed<\/strong><\/a>. Adem\u00e1s, tenga en cuenta que la inscripci\u00f3n al seminario web se interrumpir\u00e1 30 minutos antes del inicio previsto.<\/p>","protected":false},"excerpt":{"rendered":"<p>\u2600\ufe0f Summer Discover how the heart and small intestine shape circulation, hormonal balance, mental clarity, and the vitality that fuels connection and joy. Please note that you will need to have a registered Zoom account in order to participate in this webinar. You may register here. Additionally, please note that webinar registration will stop 30 [&hellip;]<\/p>\n","protected":false},"featured_media":361642,"template":"","meta":{"_acf_changed":false,"_seopress_robots_primary_cat":"none","_seopress_titles_title":"","_seopress_titles_desc":"","_seopress_robots_index":""},"product_brand":[],"product_cat":[101],"product_tag":[],"class_list":{"0":"post-361648","1":"product","2":"type-product","3":"status-publish","4":"has-post-thumbnail","6":"product_cat-ticket","8":"first","9":"instock","10":"virtual","11":"taxable","12":"purchasable","13":"product-type-simple"},"bundled_by":[],"bundle_stock_status":"instock","bundle_stock_quantity":null,"bundle_virtual":false,"bundle_layout":"","bundle_add_to_cart_form_location":"","bundle_editable_in_cart":false,"bundle_sold_individually_context":"","bundle_item_grouping":"","bundle_min_size":"","bundle_max_size":"","bundle_price":[],"bundled_items":[],"bundle_sell_ids":[],"acf":[],"_links":{"self":[{"href":"https:\/\/www.qxworld.eu\/es\/wp-json\/wp\/v2\/product\/361648","targetHints":{"allow":["GET"]}}],"collection":[{"href":"https:\/\/www.qxworld.eu\/es\/wp-json\/wp\/v2\/product"}],"about":[{"href":"https:\/\/www.qxworld.eu\/es\/wp-json\/wp\/v2\/types\/product"}],"wp:featuredmedia":[{"embeddable":true,"href":"https:\/\/www.qxworld.eu\/es\/wp-json\/wp\/v2\/media\/361642"}],"wp:attachment":[{"href":"https:\/\/www.qxworld.eu\/es\/wp-json\/wp\/v2\/media?parent=361648"}],"wp:term":[{"taxonomy":"product_brand","embeddable":true,"href":"https:\/\/www.qxworld.eu\/es\/wp-json\/wp\/v2\/product_brand?post=361648"},{"taxonomy":"product_cat","embeddable":true,"href":"https:\/\/www.qxworld.eu\/es\/wp-json\/wp\/v2\/product_cat?post=361648"},{"taxonomy":"product_tag","embeddable":true,"href":"https:\/\/www.qxworld.eu\/es\/wp-json\/wp\/v2\/product_tag?post=361648"}],"curies":[{"name":"wp","href":"https:\/\/api.w.org\/{rel}","templated":true}]}}