{"id":362228,"date":"2026-01-26T12:18:30","date_gmt":"2026-01-26T11:18:30","guid":{"rendered":"https:\/\/www.qxworld.eu\/?post_type=product&#038;p=362228"},"modified":"2026-01-26T12:29:30","modified_gmt":"2026-01-26T11:29:30","slug":"el-suelo-pelvico-la-base-oculta","status":"publish","type":"product","link":"https:\/\/www.qxworld.eu\/es\/product\/the-pelvic-floor-the-hidden-foundation\/","title":{"rendered":"El suelo p\u00e9lvico: La base oculta"},"content":{"rendered":"<p>La funci\u00f3n del suelo p\u00e9lvico sigue siendo poco discutida, dejando a muchas personas sin el lenguaje o los conocimientos de salud para reconocer los problemas a tiempo. Este seminario web explora la anatom\u00eda y la funci\u00f3n del suelo p\u00e9lvico, los mitos y los s\u00edntomas comunes, c\u00f3mo la edad \/ gen\u00e9tica \/ embarazo afectan y lo que apoya la salud del suelo p\u00e9lvico a lo largo de la vida.<\/p>\n<p>Tenga en cuenta que para participar en este seminario web deber\u00e1 tener una cuenta de Zoom registrada. Puede registrarse en <a href=\"https:\/\/zoom.us\/signup\"><strong>aqu\u00ed<\/strong><\/a>. Adem\u00e1s, tenga en cuenta que la inscripci\u00f3n al seminario web se interrumpir\u00e1 30 minutos antes del inicio previsto.<\/p>","protected":false},"excerpt":{"rendered":"<p>Pelvic floor function is still under-discussed, leaving many people without the language or health literacy to recognize concerns early. This webinar explores pelvic floor anatomy and function, myths and common symptoms, how age\/genetics\/pregnancy affect it\u2014and what supports pelvic floor health across life. Please note that you will need to have a registered Zoom account in [&hellip;]<\/p>\n","protected":false},"featured_media":362232,"template":"","meta":{"_acf_changed":false,"_seopress_robots_primary_cat":"none","_seopress_titles_title":"","_seopress_titles_desc":"","_seopress_robots_index":""},"product_brand":[],"product_cat":[101],"product_tag":[],"class_list":{"0":"post-362228","1":"product","2":"type-product","3":"status-publish","4":"has-post-thumbnail","6":"product_cat-ticket","8":"first","9":"instock","10":"virtual","11":"taxable","12":"purchasable","13":"product-type-simple"},"bundled_by":[],"bundle_stock_status":"instock","bundle_stock_quantity":null,"bundle_virtual":false,"bundle_layout":"","bundle_add_to_cart_form_location":"","bundle_editable_in_cart":false,"bundle_sold_individually_context":"","bundle_item_grouping":"","bundle_min_size":"","bundle_max_size":"","bundle_price":[],"bundled_items":[],"bundle_sell_ids":[],"acf":[],"_links":{"self":[{"href":"https:\/\/www.qxworld.eu\/es\/wp-json\/wp\/v2\/product\/362228","targetHints":{"allow":["GET"]}}],"collection":[{"href":"https:\/\/www.qxworld.eu\/es\/wp-json\/wp\/v2\/product"}],"about":[{"href":"https:\/\/www.qxworld.eu\/es\/wp-json\/wp\/v2\/types\/product"}],"wp:featuredmedia":[{"embeddable":true,"href":"https:\/\/www.qxworld.eu\/es\/wp-json\/wp\/v2\/media\/362232"}],"wp:attachment":[{"href":"https:\/\/www.qxworld.eu\/es\/wp-json\/wp\/v2\/media?parent=362228"}],"wp:term":[{"taxonomy":"product_brand","embeddable":true,"href":"https:\/\/www.qxworld.eu\/es\/wp-json\/wp\/v2\/product_brand?post=362228"},{"taxonomy":"product_cat","embeddable":true,"href":"https:\/\/www.qxworld.eu\/es\/wp-json\/wp\/v2\/product_cat?post=362228"},{"taxonomy":"product_tag","embeddable":true,"href":"https:\/\/www.qxworld.eu\/es\/wp-json\/wp\/v2\/product_tag?post=362228"}],"curies":[{"name":"wp","href":"https:\/\/api.w.org\/{rel}","templated":true}]}}