{"id":365107,"date":"2026-02-11T10:29:30","date_gmt":"2026-02-11T09:29:30","guid":{"rendered":"https:\/\/www.qxworld.eu\/?post_type=product&#038;p=365107"},"modified":"2026-02-11T10:56:59","modified_gmt":"2026-02-11T09:56:59","slug":"volver-a-lo-basico-homeopatia-y-cuidados-holisticos-parte-4","status":"publish","type":"product","link":"https:\/\/www.qxworld.eu\/es\/product\/back-to-basics-homeopathy-and-holistic-care-part-4\/","title":{"rendered":"Volver a lo b\u00e1sico: Homeopat\u00eda y cuidados hol\u00edsticos - Parte 4."},"content":{"rendered":"<p>Elimine el ruido y vuelva a la ra\u00edz de la curaci\u00f3n con homeopat\u00eda y cuidados hol\u00edsticos.<\/p>\n<p>Tenga en cuenta que para participar en este seminario web deber\u00e1 tener una cuenta de Zoom registrada. Puede registrarse en <a href=\"https:\/\/zoom.us\/signup\" data-type=\"link\" data-id=\"https:\/\/zoom.us\/signup\"><strong>aqu\u00ed<\/strong><\/a>. Adem\u00e1s, tenga en cuenta que la inscripci\u00f3n al seminario web se interrumpir\u00e1 30 minutos antes del inicio previsto.<\/p>","protected":false},"excerpt":{"rendered":"<p>Elimine el ruido y vuelva a la curaci\u00f3n de ra\u00edz con homeopat\u00eda y cuidados hol\u00edsticos. Por favor, tenga en cuenta que necesitar\u00e1 tener una cuenta Zoom registrada para poder participar en este webinar. Puede registrarse aqu\u00ed. Adem\u00e1s, tenga en cuenta que el registro en el seminario web se detendr\u00e1 30 minutos antes del inicio programado.<\/p>","protected":false},"featured_media":365109,"template":"","meta":{"_acf_changed":false,"_seopress_robots_primary_cat":"none","_seopress_titles_title":"","_seopress_titles_desc":"","_seopress_robots_index":""},"product_brand":[],"product_cat":[101],"product_tag":[],"class_list":{"0":"post-365107","1":"product","2":"type-product","3":"status-publish","4":"has-post-thumbnail","6":"product_cat-ticket","8":"first","9":"instock","10":"virtual","11":"taxable","12":"purchasable","13":"product-type-simple"},"bundled_by":[],"bundle_stock_status":"instock","bundle_stock_quantity":null,"bundle_virtual":false,"bundle_layout":"","bundle_add_to_cart_form_location":"","bundle_editable_in_cart":false,"bundle_sold_individually_context":"","bundle_item_grouping":"","bundle_min_size":"","bundle_max_size":"","bundle_price":[],"bundled_items":[],"bundle_sell_ids":[],"acf":[],"_links":{"self":[{"href":"https:\/\/www.qxworld.eu\/es\/wp-json\/wp\/v2\/product\/365107","targetHints":{"allow":["GET"]}}],"collection":[{"href":"https:\/\/www.qxworld.eu\/es\/wp-json\/wp\/v2\/product"}],"about":[{"href":"https:\/\/www.qxworld.eu\/es\/wp-json\/wp\/v2\/types\/product"}],"wp:featuredmedia":[{"embeddable":true,"href":"https:\/\/www.qxworld.eu\/es\/wp-json\/wp\/v2\/media\/365109"}],"wp:attachment":[{"href":"https:\/\/www.qxworld.eu\/es\/wp-json\/wp\/v2\/media?parent=365107"}],"wp:term":[{"taxonomy":"product_brand","embeddable":true,"href":"https:\/\/www.qxworld.eu\/es\/wp-json\/wp\/v2\/product_brand?post=365107"},{"taxonomy":"product_cat","embeddable":true,"href":"https:\/\/www.qxworld.eu\/es\/wp-json\/wp\/v2\/product_cat?post=365107"},{"taxonomy":"product_tag","embeddable":true,"href":"https:\/\/www.qxworld.eu\/es\/wp-json\/wp\/v2\/product_tag?post=365107"}],"curies":[{"name":"wp","href":"https:\/\/api.w.org\/{rel}","templated":true}]}}