{"id":18294,"date":"2021-10-15T14:02:02","date_gmt":"2021-10-15T12:02:02","guid":{"rendered":"https:\/\/www.qxworld.eu\/?page_id=18294"},"modified":"2021-10-19T11:09:36","modified_gmt":"2021-10-19T09:09:36","slug":"omnis-update-old","status":"publish","type":"page","link":"https:\/\/www.qxworld.eu\/fr\/omnis-update-old\/","title":{"rendered":"Omnis Update [OLD]"},"content":{"rendered":"<h1 style=\"\">Faites un saut et consultez le tout nouveau site web de QX World !<\/h1>\n<h1 style=\"\">Faites un saut et consultez le tout nouveau site web de QX World !<\/h1>\n<p><span><img loading=\"lazy\" decoding=\"async\" alt=\"\" data-id=\"71\" data-init-width=\"1000\" data-init-height=\"417\" title=\"omnis_logo_wh\" src=\"https:\/\/www.qxworld.eu\/wp-content\/uploads\/2021\/10\/omnis_logo_wh-1.png\" data-width=\"457\" data-height=\"191\" style=\"\" width=\"457\" height=\"191\"><\/span><\/p>\n<h1 style=\"text-align: center;\">OMNIS EST ARRIVE<\/h1>\n<p style=\"text-align: center;\">UPDATE YOUR SCIO, EDUCTOR &amp; INDIGO DEVICES NOW!<\/p>\n<h2 style=\"text-align: center;\">POURQUOI UPGRADE ?<\/h2>\n<p><span style=\"\"><img loading=\"lazy\" decoding=\"async\" alt=\"\" data-id=\"18403\" data-init-width=\"1920\" data-init-height=\"1403\" title=\"webside_01\" src=\"https:\/\/www.qxworld.eu\/wp-content\/uploads\/2021\/10\/webside_01.jpg\" data-width=\"422\" data-height=\"308\" style=\"\" width=\"422\" height=\"308\" ml-d=\"0\" mt-d=\"-350.5315\"><\/span><\/p>\n<h4 style=\"\">UNE NOUVELLE PR\u00c9SENTATION ET UNE NOUVELLE EXP\u00c9RIENCE UTILISATEUR<\/h4>\n<p>An amazing facelift providing user friendliness, visually more attractive, using uniform backgrounds, reorganized and same size buttons, categorizing by\u00a0color\u00a0use background and much more!<\/p>\n<h4 style=\"\">RECONNAISSANCE AUTOMATIQUE DES APPAREILS<\/h4>\n<p>Reconnaissance automatique de l'appareil : le programme reconna\u00eet automatiquement l'appareil connect\u00e9, il n'est pas n\u00e9cessaire de d\u00e9finir le port de communication, vous pouvez brancher et d\u00e9brancher l'appareil pendant la session sans avoir \u00e0 fermer le programme principal !<\/p>\n<h4 style=\"\">ACTIVATION SIMPLIFI\u00c9E<\/h4>\n<p>Centralized update and activation from the QXSUBSPACE App. What does that mean? You will no longer need to start the program to activate!<\/p>\n<p>Activate in the App, then run your program with no interruptions, quick and easy!&nbsp;<\/p>\n<h4 style=\"\">RAPPORTS AM\u00c9LIOR\u00c9S<\/h4>\n<p style=\"\">Fonction Smart Report \u00e0 plusieurs niveaux, offrant au client et au th\u00e9rapeute des informations pr\u00e9cieuses et conformes !<\/p>\n<p><span><img loading=\"lazy\" decoding=\"async\" alt=\"\" data-id=\"18418\" data-init-width=\"1920\" data-init-height=\"1403\" title=\"webside_02\" src=\"https:\/\/www.qxworld.eu\/wp-content\/uploads\/2021\/10\/webside_02.jpg\" data-width=\"488\" data-height=\"357\" style=\"\" width=\"488\" height=\"357\" mt-d=\"0\"><\/span><span style=\"\"><img loading=\"lazy\" decoding=\"async\" alt=\"\" data-id=\"19422\" data-init-width=\"1920\" data-init-height=\"1403\" title=\"webside_03\" src=\"https:\/\/www.qxworld.eu\/wp-content\/uploads\/2021\/10\/webside_03.jpg\" data-width=\"534\" data-height=\"390\" style=\"\" width=\"534\" height=\"390\" ml-d=\"0\" mt-d=\"-350.5315\"><\/span><\/p>\n<h4>CHANGER DE LANGUE \u00c0 LA VOL\u00c9E<\/h4>\n<p dir=\"ltr\">Changement de langue en direct : passez de l'anglais \u00e0 une autre langue EN M\u00caME TEMPS que vous ex\u00e9cutez votre session !&nbsp;<\/p>\n<h4 style=\"\">FONCTIONNE AVEC ENCORE PLUS D'APPAREILS !<\/h4>\n<p dir=\"ltr\">Communication with the device completely rewritten to be faster, more efficient and adaptable to create compatibility with other operating systems like iOS, Mac, Linux, Android.<\/p>\n<h2 style=\"text-align: center;\">COMMENT METTRE \u00c0 NIVEAU ?<\/h2>\n<h1 style=\"\">Familiarisez-vous avec toutes les nouvelles fonctionnalit\u00e9s !<\/h1>\n<p style=\"\">T\u00e9l\u00e9chargez le guide de d\u00e9marrage d'OMNIS !<\/p>\n<h2 style=\"text-align: center;\">Bonuses!<\/h2>\n<p style=\"text-align: center;\">Nous vous avons pr\u00e9par\u00e9 quelques friandises suppl\u00e9mentaires !<\/p>\n<h4 data-hide=\"true\" style=\"text-align: center;\">OMNIS \u2013 A PORTAL TO A NEW DIMENSION<\/h4>\n<h4 data-hide=\"true\" style=\"text-align: center;\">MANUEL DE MISE \u00c0 NIVEAU D\u00c9TAILL\u00c9<\/h4>\n<h4 data-hide=\"true\" style=\"text-align: center;\">MANUEL OMNIS SMART REPORT<\/h4>\n<h4 data-hide=\"true\" style=\"text-align: center;\">LE NOUVEAU MANUEL DE SCAN DEGEN<\/h4>\n<h2 style=\"text-align: center;\">QXSTRIENS QUI AIMENT LES OMNIS<\/h2>\n<p><span><img loading=\"lazy\" decoding=\"async\" alt=\"\" data-id=\"2999\" data-init-width=\"250\" data-init-height=\"250\" title=\"Ommi_testimonial-7\" src=\"https:\/\/www.qxworld.eu\/wp-content\/uploads\/2021\/10\/Ommi_testimonial-7.jpg\" data-width=\"100\" data-height=\"100\" style=\"\" width=\"100\" height=\"100\"><\/span><\/p>\n<h5 style=\"text-align: center;\">Dr. Julia S., Baltimore<\/h5>\n<p style=\"\">\"OMNIS approfondit vraiment les connaissances que nous acqu\u00e9rons au cours de nos sessions, c'est certainement une am\u00e9lioration par rapport \u00e0 EDUCTOR64\".<\/p>\n<p><span><img loading=\"lazy\" decoding=\"async\" alt=\"\" data-id=\"2997\" data-init-width=\"250\" data-init-height=\"250\" title=\"Ommi_testimonial-5\" src=\"https:\/\/www.qxworld.eu\/wp-content\/uploads\/2021\/10\/Ommi_testimonial-5.jpg\" data-width=\"100\" data-height=\"100\" style=\"\" width=\"100\" height=\"100\"><\/span><\/p>\n<h5 style=\"text-align: center;\">Muhammad D., New Delhi<\/h5>\n<p style=\"\">\"Ce que j'appr\u00e9cie particuli\u00e8rement dans OMNIS, c'est la fa\u00e7on dont il int\u00e8gre tous ces modules complexes.<\/p>\n<p><span><img loading=\"lazy\" decoding=\"async\" alt=\"\" data-id=\"3001\" data-init-width=\"250\" data-init-height=\"250\" title=\"Ommi_testimonial-10\" src=\"https:\/\/www.qxworld.eu\/wp-content\/uploads\/2021\/10\/Ommi_testimonial-10.jpg\" data-width=\"100\" data-height=\"100\" style=\"\" width=\"100\" height=\"100\"><\/span><\/p>\n<h5 style=\"text-align: center;\">Genevi\u00e8ve A., Paris<\/h5>\n<p style=\"\">\"Facile \u00e0 utiliser, difficile \u00e0 ma\u00eetriser. Heureusement, les gens de QX et l'\u00e9norme quantit\u00e9 de mat\u00e9riel de formation m'aident \u00e0 me tenir au courant des nouvelles fonctionnalit\u00e9s.\"<\/p>\n<p style=\"text-align: center;\">Disclaimer on privacyTo respect the law on patient privacy and medical confidentiality, some names and illustrations were altered<\/p>\n<h2 style=\"\">Devenez un QXstrian !<\/h2>\n<p style=\"\">S'abonner \u00e0 notre lettre d'information !<\/p>","protected":false},"excerpt":{"rendered":"<p>Take a leap and check out the brand new website of QX World! Take a leap and check out the brand new website of QX World! OMNIS IS HERE UPDATE YOUR SCIO, EDUCTOR &amp; INDIGO DEVICES NOW! WHY UPGRADE? BRAND NEW LOOKS AND USER EXPERIENCE An amazing facelift providing user friendliness, visually more attractive, using [&hellip;]<\/p>\n","protected":false},"author":28,"featured_media":0,"parent":0,"menu_order":0,"comment_status":"closed","ping_status":"closed","template":"","meta":{"_acf_changed":false,"_seopress_robots_primary_cat":"","_seopress_titles_title":"","_seopress_titles_desc":"","_seopress_robots_index":"","footnotes":""},"class_list":["post-18294","page","type-page","status-publish","hentry"],"acf":[],"_links":{"self":[{"href":"https:\/\/www.qxworld.eu\/fr\/wp-json\/wp\/v2\/pages\/18294","targetHints":{"allow":["GET"]}}],"collection":[{"href":"https:\/\/www.qxworld.eu\/fr\/wp-json\/wp\/v2\/pages"}],"about":[{"href":"https:\/\/www.qxworld.eu\/fr\/wp-json\/wp\/v2\/types\/page"}],"author":[{"embeddable":true,"href":"https:\/\/www.qxworld.eu\/fr\/wp-json\/wp\/v2\/users\/28"}],"replies":[{"embeddable":true,"href":"https:\/\/www.qxworld.eu\/fr\/wp-json\/wp\/v2\/comments?post=18294"}],"version-history":[{"count":0,"href":"https:\/\/www.qxworld.eu\/fr\/wp-json\/wp\/v2\/pages\/18294\/revisions"}],"wp:attachment":[{"href":"https:\/\/www.qxworld.eu\/fr\/wp-json\/wp\/v2\/media?parent=18294"}],"curies":[{"name":"wp","href":"https:\/\/api.w.org\/{rel}","templated":true}]}}