{"id":211118,"date":"2024-01-24T11:15:05","date_gmt":"2024-01-24T09:15:05","guid":{"rendered":"https:\/\/www.qxworld.eu\/?page_id=211118"},"modified":"2024-01-24T11:16:11","modified_gmt":"2024-01-24T09:16:11","slug":"impressum","status":"publish","type":"page","link":"https:\/\/www.qxworld.eu\/fr\/impressum\/","title":{"rendered":"Impressum"},"content":{"rendered":"<div data-elementor-type=\"wp-page\" data-elementor-id=\"211118\" class=\"elementor elementor-211118\" data-elementor-post-type=\"page\">\n\t\t\t\t\t\t<section class=\"elementor-section elementor-top-section elementor-element elementor-element-3fbbc423 elementor-section-full_width elementor-section-height-default elementor-section-height-default\" data-id=\"3fbbc423\" data-element_type=\"section\" data-e-type=\"section\" data-settings=\"{&quot;background_background&quot;:&quot;classic&quot;,&quot;jet_parallax_layout_list&quot;:[]}\">\n\t\t\t\t\t\t<div class=\"elementor-container elementor-column-gap-default\">\n\t\t\t\t\t<div class=\"elementor-column elementor-col-100 elementor-top-column elementor-element elementor-element-3dd68391\" data-id=\"3dd68391\" data-element_type=\"column\" data-e-type=\"column\">\n\t\t\t<div class=\"elementor-widget-wrap elementor-element-populated\">\n\t\t\t\t\t\t<div class=\"elementor-element elementor-element-4899b041 elementor-widget elementor-widget-heading\" data-id=\"4899b041\" data-element_type=\"widget\" data-e-type=\"widget\" data-widget_type=\"heading.default\">\n\t\t\t\t<div class=\"elementor-widget-container\">\n\t\t\t\t\t<h1 class=\"elementor-heading-title elementor-size-default\">Impressum<\/h1>\t\t\t\t<\/div>\n\t\t\t\t<\/div>\n\t\t\t\t\t<\/div>\n\t\t<\/div>\n\t\t\t\t\t<\/div>\n\t\t<\/section>\n\t\t\t\t<section class=\"elementor-section elementor-top-section elementor-element elementor-element-940e4b6 elementor-section-full_width elementor-section-height-default elementor-section-height-default\" data-id=\"940e4b6\" data-element_type=\"section\" data-e-type=\"section\" data-settings=\"{&quot;background_background&quot;:&quot;classic&quot;,&quot;jet_parallax_layout_list&quot;:[]}\">\n\t\t\t\t\t\t<div class=\"elementor-container elementor-column-gap-default\">\n\t\t\t\t\t<div class=\"elementor-column elementor-col-100 elementor-top-column elementor-element elementor-element-edbb1d7\" data-id=\"edbb1d7\" data-element_type=\"column\" data-e-type=\"column\">\n\t\t\t<div class=\"elementor-widget-wrap elementor-element-populated\">\n\t\t\t\t\t\t<div class=\"elementor-element elementor-element-613ef46 elementor-widget elementor-widget-text-editor\" data-id=\"613ef46\" data-element_type=\"widget\" data-e-type=\"widget\" data-widget_type=\"text-editor.default\">\n\t\t\t\t<div class=\"elementor-widget-container\">\n\t\t\t\t\t\t\t\t\t<h4>Legal Information:<\/h4><p>\u00a0<\/p><p>Full Name of the Entity: QX WORLD LTD<br \/>Registered Address: Tin\u00f3di utca 1-3. A. \u00e9p. IV. em. 93. HUNGARY-1095 Budapest<br \/>Email: info@qxworld.eu<br \/>Phone: +1 (989) 681-1063<br \/>Additional Phone: +1 (856) 322-8589<\/p><p>\u00a0<\/p><h4>Company Registration:<\/h4><p>\u00a0<\/p><p>Registered in Hungary<br \/>Company Registration Number: 01-09-296566<br \/>Tax Number: 23957934-2-43<br \/>EU Tax number: HU23957934<\/p><p>\u00a0<\/p><p>\u00a0<\/p>\t\t\t\t\t\t\t\t<\/div>\n\t\t\t\t<\/div>\n\t\t\t\t\t<\/div>\n\t\t<\/div>\n\t\t\t\t\t<\/div>\n\t\t<\/section>\n\t\t\t\t<\/div>","protected":false},"excerpt":{"rendered":"<p>Impressum Informations juridiques :   Nom complet de l'entit\u00e9 : QX WORLD LTDRegistered Address : Tin\u00f3di utca 1-3. A. \u00e9p. IV. em. 93. HUNGARY-1095 BudapestEmail : info@qxworld.euPhone : +1 (989) 681-1063T\u00e9l\u00e9phone suppl\u00e9mentaire : +1 (856) 322-8589 Enregistrement de la soci\u00e9t\u00e9 :   Enregistr\u00e9e en HongrieNum\u00e9ro d'enregistrement de la soci\u00e9t\u00e9 : 01-09-296566Num\u00e9ro d'identification fiscale : 23957934-2-43Num\u00e9ro d'identification fiscale de l'UE : HU23957934 \u00a0 \u00a0<\/p>","protected":false},"author":1664,"featured_media":0,"parent":0,"menu_order":0,"comment_status":"closed","ping_status":"closed","template":"elementor_header_footer","meta":{"_acf_changed":false,"_seopress_robots_primary_cat":"","_seopress_titles_title":"","_seopress_titles_desc":"","_seopress_robots_index":"","footnotes":""},"class_list":["post-211118","page","type-page","status-publish","hentry"],"acf":[],"_links":{"self":[{"href":"https:\/\/www.qxworld.eu\/fr\/wp-json\/wp\/v2\/pages\/211118","targetHints":{"allow":["GET"]}}],"collection":[{"href":"https:\/\/www.qxworld.eu\/fr\/wp-json\/wp\/v2\/pages"}],"about":[{"href":"https:\/\/www.qxworld.eu\/fr\/wp-json\/wp\/v2\/types\/page"}],"author":[{"embeddable":true,"href":"https:\/\/www.qxworld.eu\/fr\/wp-json\/wp\/v2\/users\/1664"}],"replies":[{"embeddable":true,"href":"https:\/\/www.qxworld.eu\/fr\/wp-json\/wp\/v2\/comments?post=211118"}],"version-history":[{"count":4,"href":"https:\/\/www.qxworld.eu\/fr\/wp-json\/wp\/v2\/pages\/211118\/revisions"}],"predecessor-version":[{"id":211122,"href":"https:\/\/www.qxworld.eu\/fr\/wp-json\/wp\/v2\/pages\/211118\/revisions\/211122"}],"wp:attachment":[{"href":"https:\/\/www.qxworld.eu\/fr\/wp-json\/wp\/v2\/media?parent=211118"}],"curies":[{"name":"wp","href":"https:\/\/api.w.org\/{rel}","templated":true}]}}