{"id":1264,"date":"2021-04-15T11:11:55","date_gmt":"2021-04-15T09:11:55","guid":{"rendered":"https:\/\/qxworld.eu\/product\/import-placeholder-for-4508\/"},"modified":"2026-01-05T15:50:40","modified_gmt":"2026-01-05T14:50:40","slug":"s-enso","status":"publish","type":"product","link":"https:\/\/www.qxworld.eu\/fr\/product\/s-enso\/","title":{"rendered":"S-ENSO"},"content":{"rendered":"","protected":false},"excerpt":{"rendered":"<p>Contrairement \u00e0 la croyance populaire, le Lorem Ipsum n'est pas un texte al\u00e9atoire. Il trouve son origine dans un ouvrage de litt\u00e9rature latine classique datant de 45 avant J.-C., ce qui lui donne plus de 2 000 ans. Richard McClintock, professeur de latin au Hampden-Sydney College en Virginie, a recherch\u00e9 l'un des mots latins les plus obscurs, consectetur, dans un passage du Lorem Ipsum et, en parcourant les citations du mot dans la litt\u00e9rature classique, a d\u00e9couvert la source incontestable. Lorem Ipsum provient des sections 1.10.32 et 1.10.33 de l'ouvrage \"de Finibus Bonorum et Malorum\" (Les extr\u00eames du bien et du mal) de Cic\u00e9ron, \u00e9crit en 45 avant J\u00e9sus-Christ. Ce livre est un trait\u00e9 sur la th\u00e9orie de l'\u00e9thique, tr\u00e8s populaire \u00e0 la Renaissance. La premi\u00e8re ligne du Lorem Ipsum, \"Lorem ipsum dolor sit amet...\", provient d'une ligne de la section 1.10.32.<\/p>","protected":false},"featured_media":1291,"template":"","meta":{"_acf_changed":false,"_seopress_robots_primary_cat":"none","_seopress_titles_title":"","_seopress_titles_desc":"","_seopress_robots_index":""},"product_brand":[],"product_cat":[73,74,68,72],"product_tag":[],"class_list":{"0":"post-1264","1":"product","2":"type-product","3":"status-publish","4":"has-post-thumbnail","6":"product_cat-for-quex-ed-standalone","7":"product_cat-for-quex-s-standalone","8":"product_cat-softwares","9":"product_cat-standalone","11":"first","12":"instock","13":"virtual","14":"taxable","15":"purchasable","16":"product-type-simple"},"bundled_by":[],"bundle_stock_status":"instock","bundle_stock_quantity":null,"bundle_virtual":false,"bundle_layout":"","bundle_add_to_cart_form_location":"","bundle_editable_in_cart":false,"bundle_sold_individually_context":"","bundle_item_grouping":"","bundle_min_size":"","bundle_max_size":"","bundle_price":[],"bundled_items":[],"bundle_sell_ids":[],"acf":[],"_links":{"self":[{"href":"https:\/\/www.qxworld.eu\/fr\/wp-json\/wp\/v2\/product\/1264","targetHints":{"allow":["GET"]}}],"collection":[{"href":"https:\/\/www.qxworld.eu\/fr\/wp-json\/wp\/v2\/product"}],"about":[{"href":"https:\/\/www.qxworld.eu\/fr\/wp-json\/wp\/v2\/types\/product"}],"wp:featuredmedia":[{"embeddable":true,"href":"https:\/\/www.qxworld.eu\/fr\/wp-json\/wp\/v2\/media\/1291"}],"wp:attachment":[{"href":"https:\/\/www.qxworld.eu\/fr\/wp-json\/wp\/v2\/media?parent=1264"}],"wp:term":[{"taxonomy":"product_brand","embeddable":true,"href":"https:\/\/www.qxworld.eu\/fr\/wp-json\/wp\/v2\/product_brand?post=1264"},{"taxonomy":"product_cat","embeddable":true,"href":"https:\/\/www.qxworld.eu\/fr\/wp-json\/wp\/v2\/product_cat?post=1264"},{"taxonomy":"product_tag","embeddable":true,"href":"https:\/\/www.qxworld.eu\/fr\/wp-json\/wp\/v2\/product_tag?post=1264"}],"curies":[{"name":"wp","href":"https:\/\/api.w.org\/{rel}","templated":true}]}}