{"id":183667,"date":"2022-04-07T11:13:50","date_gmt":"2022-04-07T09:13:50","guid":{"rendered":"https:\/\/www.qxworld.eu\/?post_type=product&#038;p=183667"},"modified":"2022-04-07T11:13:52","modified_gmt":"2022-04-07T09:13:52","slug":"the-immune-strategies-enlightened-2","status":"publish","type":"product","link":"https:\/\/www.qxworld.eu\/fr\/product\/the-immune-strategies-enlightened\/","title":{"rendered":"The Immune strategies enlightened"},"content":{"rendered":"\u201cGo over the Immune System Strategies in ana exciting lecture that will cover:\r\n\r\n<!-- \/wp:post-content --><!-- wp:spacer {\"height\":11} -->\r\n<div class=\"wp-block-spacer\" style=\"height: 11px;\" aria-hidden=\"true\"><\/div>\r\n<!-- \/wp:spacer --><!-- wp:list {\"ordered\":true} -->\r\n<ol>\r\n \t<li>Insulin Resistance<\/li>\r\n \t<li>Low (\u201cSick\u201d) Thyroid Hormone Syndrome<\/li>\r\n \t<li>Leptin Resistance<\/li>\r\n \t<li>Cortisol Resistance or Deficiency<\/li>\r\n \t<li>Adrenalin and Noradrenalin (Catecholamins) Resistance or Deficiency And practical QUEX Device Applications!<\/li>\r\n<\/ol>","protected":false},"excerpt":{"rendered":"<p>\"Le syst\u00e8me immunitaire dans une conf\u00e9rence passionnante qui couvrira la r\u00e9sistance \u00e0 l'insuline : R\u00e9sistance \u00e0 l'insuline Syndrome de l'hormone thyro\u00efdienne basse (\"malade\") R\u00e9sistance \u00e0 la leptine R\u00e9sistance ou d\u00e9ficit en cortisol R\u00e9sistance ou d\u00e9ficit en adr\u00e9naline et noradr\u00e9naline (cat\u00e9cholamines) Et applications pratiques de l'appareil QUEX !<\/p>","protected":false},"featured_media":2639,"template":"","meta":{"_acf_changed":false,"_seopress_robots_primary_cat":"57","_seopress_titles_title":"","_seopress_titles_desc":"","_seopress_robots_index":""},"product_brand":[],"product_cat":[57],"product_tag":[],"class_list":{"0":"post-183667","1":"product","2":"type-product","3":"status-publish","4":"has-post-thumbnail","6":"product_cat-courses","8":"first","9":"instock","10":"taxable","11":"shipping-taxable","12":"purchasable","13":"product-type-simple"},"bundled_by":[],"bundle_stock_status":"instock","bundle_stock_quantity":null,"bundle_virtual":false,"bundle_layout":"","bundle_add_to_cart_form_location":"","bundle_editable_in_cart":false,"bundle_sold_individually_context":"","bundle_item_grouping":"","bundle_min_size":"","bundle_max_size":"","bundle_price":[],"bundled_items":[],"bundle_sell_ids":[],"acf":[],"_links":{"self":[{"href":"https:\/\/www.qxworld.eu\/fr\/wp-json\/wp\/v2\/product\/183667","targetHints":{"allow":["GET"]}}],"collection":[{"href":"https:\/\/www.qxworld.eu\/fr\/wp-json\/wp\/v2\/product"}],"about":[{"href":"https:\/\/www.qxworld.eu\/fr\/wp-json\/wp\/v2\/types\/product"}],"wp:featuredmedia":[{"embeddable":true,"href":"https:\/\/www.qxworld.eu\/fr\/wp-json\/wp\/v2\/media\/2639"}],"wp:attachment":[{"href":"https:\/\/www.qxworld.eu\/fr\/wp-json\/wp\/v2\/media?parent=183667"}],"wp:term":[{"taxonomy":"product_brand","embeddable":true,"href":"https:\/\/www.qxworld.eu\/fr\/wp-json\/wp\/v2\/product_brand?post=183667"},{"taxonomy":"product_cat","embeddable":true,"href":"https:\/\/www.qxworld.eu\/fr\/wp-json\/wp\/v2\/product_cat?post=183667"},{"taxonomy":"product_tag","embeddable":true,"href":"https:\/\/www.qxworld.eu\/fr\/wp-json\/wp\/v2\/product_tag?post=183667"}],"curies":[{"name":"wp","href":"https:\/\/api.w.org\/{rel}","templated":true}]}}