{"id":202569,"date":"2022-09-20T11:58:26","date_gmt":"2022-09-20T09:58:26","guid":{"rendered":"https:\/\/www.qxworld.eu\/product\/omnis-power-session-manifest-your-inherent-beauty-within-by-gage-tarrant\/"},"modified":"2023-01-17T10:55:29","modified_gmt":"2023-01-17T08:55:29","slug":"session-de-pouvoir-omnis-manifester-votre-beaute-inherente-a-linterieur-par-gage-tarrant-2","status":"publish","type":"product","link":"https:\/\/www.qxworld.eu\/fr\/product\/omnis-power-session-manifest-your-inherent-beauty-within-by-gage-tarrant\/","title":{"rendered":"Omnis Power Session - Manifestez votre beaut\u00e9 inh\u00e9rente ! par Gage Tarrant"},"content":{"rendered":"<p>D\u00e9couvrez comment la sant\u00e9 int\u00e9rieure m\u00e8ne \u00e0 la beaut\u00e9 ext\u00e9rieure avec notre S-enso, une approche innovante des protocoles d'am\u00e9lioration de la beaut\u00e9 non invasive.<\/p>\n<p>Laur\u00e9at de plusieurs prix dans l'industrie cosm\u00e9tique, S-enso permettra \u00e0 votre cabinet de se d\u00e9velopper et d'\u00e9voluer avec succ\u00e8s vers un v\u00e9ritable centre holistique avec la gamme de services la plus avanc\u00e9e et la plus compl\u00e8te du march\u00e9 !<\/p>","protected":false},"excerpt":{"rendered":"<p>D\u00e9couvrez comment la sant\u00e9 int\u00e9rieure m\u00e8ne \u00e0 la beaut\u00e9 ext\u00e9rieure avec notre S-enso, une approche innovante des protocoles non invasifs d'am\u00e9lioration de la beaut\u00e9. Laur\u00e9at de plusieurs prix dans l'industrie cosm\u00e9tique, S-enso permettra \u00e0 votre cabinet de se d\u00e9velopper et d'\u00e9voluer avec succ\u00e8s vers un centre v\u00e9ritablement holistique avec la gamme de services la plus avanc\u00e9e et la plus compl\u00e8te du march\u00e9 !<\/p>","protected":false},"featured_media":204241,"template":"","meta":{"_acf_changed":false,"_seopress_robots_primary_cat":"","_seopress_titles_title":"","_seopress_titles_desc":"","_seopress_robots_index":""},"product_brand":[],"product_cat":[101],"product_tag":[],"class_list":{"0":"post-202569","1":"product","2":"type-product","3":"status-publish","4":"has-post-thumbnail","6":"product_cat-ticket","8":"first","9":"instock","10":"virtual","11":"taxable","12":"purchasable","13":"product-type-simple"},"bundled_by":[],"bundle_stock_status":"instock","bundle_stock_quantity":null,"bundle_virtual":false,"bundle_layout":"","bundle_add_to_cart_form_location":"","bundle_editable_in_cart":false,"bundle_sold_individually_context":"","bundle_item_grouping":"","bundle_min_size":"","bundle_max_size":"","bundle_price":[],"bundled_items":[],"bundle_sell_ids":[],"acf":[],"_links":{"self":[{"href":"https:\/\/www.qxworld.eu\/fr\/wp-json\/wp\/v2\/product\/202569","targetHints":{"allow":["GET"]}}],"collection":[{"href":"https:\/\/www.qxworld.eu\/fr\/wp-json\/wp\/v2\/product"}],"about":[{"href":"https:\/\/www.qxworld.eu\/fr\/wp-json\/wp\/v2\/types\/product"}],"wp:featuredmedia":[{"embeddable":true,"href":"https:\/\/www.qxworld.eu\/fr\/wp-json\/wp\/v2\/media\/204241"}],"wp:attachment":[{"href":"https:\/\/www.qxworld.eu\/fr\/wp-json\/wp\/v2\/media?parent=202569"}],"wp:term":[{"taxonomy":"product_brand","embeddable":true,"href":"https:\/\/www.qxworld.eu\/fr\/wp-json\/wp\/v2\/product_brand?post=202569"},{"taxonomy":"product_cat","embeddable":true,"href":"https:\/\/www.qxworld.eu\/fr\/wp-json\/wp\/v2\/product_cat?post=202569"},{"taxonomy":"product_tag","embeddable":true,"href":"https:\/\/www.qxworld.eu\/fr\/wp-json\/wp\/v2\/product_tag?post=202569"}],"curies":[{"name":"wp","href":"https:\/\/api.w.org\/{rel}","templated":true}]}}