{"id":211496,"date":"2024-02-14T12:35:22","date_gmt":"2024-02-14T10:35:22","guid":{"rendered":"https:\/\/www.qxworld.eu\/?post_type=product&#038;p=211496"},"modified":"2024-08-26T12:08:24","modified_gmt":"2024-08-26T10:08:24","slug":"series-saisonnieres-bienvenue-a-notre-webinaire-sur-la-rediffusion-estivale","status":"publish","type":"product","link":"https:\/\/www.qxworld.eu\/fr\/product\/seasonal-series-welcome-to-our-summer-rediance-webinar\/","title":{"rendered":"Seasonal Series \u2013 Welcome to our Summer Radiance Webinar!"},"content":{"rendered":"<p>As the sun reaches its zenith and nature bursts into full bloom, summer invites us to embrace the warmth and vitality that surrounds us. In today\u2019s webinar, we dive into the principles of Traditional Chinese Medicine (TCM) to discover how we can harmonize our well-being with the energy of the summer season.<\/p>\n<p>&nbsp;<\/p>\n<p>L'\u00e9t\u00e9 est associ\u00e9 \u00e0 l'\u00e9l\u00e9ment Feu dans la MTC, incarnant la luminosit\u00e9, la chaleur et l'expansion vers l'ext\u00e9rieur. Le c\u0153ur et l'intestin gr\u00eale sont les organes li\u00e9s \u00e0 cette saison. Ils nous guident pour nourrir notre c\u0153ur et maintenir l'\u00e9quilibre au milieu de l'\u00e9nergie vibrante de l'\u00e9t\u00e9.<\/p>\n<p>&nbsp;<\/p>\n<p>In the concept of Yin and Yang, summer leans towards Yang energy. This calls for a focus on cooling and hydrating foods that help us stay balanced in the heat. By aligning our lifestyle and dietary choices with the wisdom of TCM, we can enhance our resilience and radiate with the energy of the season.<\/p>\n<p>&nbsp;<\/p>\n<p>Rejoignez-nous pour explorer le pouvoir nourrissant des aliments d'\u00e9t\u00e9 et les principes de la MTC qui peuvent nous guider vers un bien-\u00eatre optimal pendant cette saison d'abondance. Exploitons l'\u00e9clat de l'\u00e9t\u00e9 et cultivons un sentiment de vitalit\u00e9 dans l'esprit, le corps et l'\u00e2me.<\/p>\n<p>&nbsp;<\/p>\n<p>Together, let\u2019s shine bright and embrace the fullness of summer!<\/p>","protected":false},"excerpt":{"rendered":"<p>As the sun reaches its zenith and nature bursts into full bloom, summer invites us to embrace the warmth and vitality that surrounds us. In today&#8217;s webinar, we dive into the principles of Traditional Chinese Medicine (TCM) to discover how we can harmonize our well-being with the energy of the summer season. &nbsp; Summer is [&hellip;]<\/p>\n","protected":false},"featured_media":211492,"template":"","meta":{"_acf_changed":false,"_seopress_robots_primary_cat":"none","_seopress_titles_title":"","_seopress_titles_desc":"","_seopress_robots_index":""},"product_brand":[],"product_cat":[57],"product_tag":[],"class_list":{"0":"post-211496","1":"product","2":"type-product","3":"status-publish","4":"has-post-thumbnail","6":"product_cat-courses","8":"first","9":"instock","10":"taxable","11":"shipping-taxable","12":"purchasable","13":"product-type-simple"},"bundled_by":[],"bundle_stock_status":"instock","bundle_stock_quantity":null,"bundle_virtual":false,"bundle_layout":"","bundle_add_to_cart_form_location":"","bundle_editable_in_cart":false,"bundle_sold_individually_context":"","bundle_item_grouping":"","bundle_min_size":"","bundle_max_size":"","bundle_price":[],"bundled_items":[],"bundle_sell_ids":[],"acf":[],"_links":{"self":[{"href":"https:\/\/www.qxworld.eu\/fr\/wp-json\/wp\/v2\/product\/211496","targetHints":{"allow":["GET"]}}],"collection":[{"href":"https:\/\/www.qxworld.eu\/fr\/wp-json\/wp\/v2\/product"}],"about":[{"href":"https:\/\/www.qxworld.eu\/fr\/wp-json\/wp\/v2\/types\/product"}],"wp:featuredmedia":[{"embeddable":true,"href":"https:\/\/www.qxworld.eu\/fr\/wp-json\/wp\/v2\/media\/211492"}],"wp:attachment":[{"href":"https:\/\/www.qxworld.eu\/fr\/wp-json\/wp\/v2\/media?parent=211496"}],"wp:term":[{"taxonomy":"product_brand","embeddable":true,"href":"https:\/\/www.qxworld.eu\/fr\/wp-json\/wp\/v2\/product_brand?post=211496"},{"taxonomy":"product_cat","embeddable":true,"href":"https:\/\/www.qxworld.eu\/fr\/wp-json\/wp\/v2\/product_cat?post=211496"},{"taxonomy":"product_tag","embeddable":true,"href":"https:\/\/www.qxworld.eu\/fr\/wp-json\/wp\/v2\/product_tag?post=211496"}],"curies":[{"name":"wp","href":"https:\/\/api.w.org\/{rel}","templated":true}]}}