{"id":212337,"date":"2024-03-08T11:55:27","date_gmt":"2024-03-08T09:55:27","guid":{"rendered":"https:\/\/www.qxworld.eu\/?post_type=product&#038;p=212337"},"modified":"2025-05-26T00:00:03","modified_gmt":"2025-05-25T22:00:03","slug":"omnis-unveiled-step-into-the-fusion-of-holistic-health-science-beginners-manual-en-anglais","status":"publish","type":"product","link":"https:\/\/www.qxworld.eu\/fr\/product\/omnis-unveiled-step-into-the-fusion-of-holistic-health-science-beginners-manual\/","title":{"rendered":"OMNIS d\u00e9voil\u00e9 : La fusion de la sant\u00e9 holistique et de la science Manuel du d\u00e9butant"},"content":{"rendered":"<div class=\"elementor-element elementor-element-6b40c3a elementor-widget elementor-widget-text-editor\" data-id=\"6b40c3a\" data-element_type=\"widget\" data-widget_type=\"text-editor.default\">\n<div class=\"elementor-widget-container\">\n<div class=\"elementor-element elementor-element-6b40c3a elementor-widget elementor-widget-text-editor\" data-id=\"6b40c3a\" data-element_type=\"widget\" data-widget_type=\"text-editor.default\">\n<div class=\"elementor-widget-container\">\n<p>Plongez dans un tout nouveau cours, enrichi d'un contenu in\u00e9dit, de conseils essentiels, d'une vaste \u00e9tendue de mat\u00e9riel de lecture et d'informations vitales, le tout \u00e9l\u00e9gamment pr\u00e9sent\u00e9 dans un format de lecture au design magnifique, vous guidant vers un bien-\u00eatre holistique. Un cours vid\u00e9o est \u00e9galement disponible avec le manuel sur les sites suivants <a href=\"https:\/\/www.qxworld.eu\/product\/omnis-unveiled-step-into-the-fusion-of-holistic-health-science-beginners-guide\/\" target=\"_blank\" rel=\"noopener\">lien<\/a>.<\/p>\n<p>&nbsp;<\/p>\n<\/div>\n<\/div>\n<div class=\"elementor-element elementor-element-2589c76 elementor-widget elementor-widget-text-editor\" data-id=\"2589c76\" data-element_type=\"widget\" data-widget_type=\"text-editor.default\">\n<div class=\"elementor-widget-container\">\n<p>Notre objectif est de vous permettre d'exceller dans le domaine des soins de sant\u00e9 holistiques, de l'accompagnement du mode de vie et de l'orientation nutritionnelle. \u00c0 la fin de votre voyage avec ce guide, vous serez bien \u00e9quip\u00e9 pour fournir des conseils et des interventions complets \u00e0 ceux que vous servez.<\/p>\n<p>&nbsp;<\/p>\n<\/div>\n<\/div>\n<div class=\"elementor-element elementor-element-22eff2c elementor-widget elementor-widget-text-editor\" data-id=\"22eff2c\" data-element_type=\"widget\" data-widget_type=\"text-editor.default\">\n<div class=\"elementor-widget-container\">\n<p>Le cours vous aidera \u00e0 comprendre les relations complexes entre les syst\u00e8mes essentiels du corps humain, en utilisant notre logiciel OMNIS, et \u00e0 mieux comprendre ces interactions, ce qui vous aidera \u00e0 appliquer une approche \u00e0 multiples facettes pour relever les d\u00e9fis que vous rencontrez dans votre pratique.<\/p>\n<\/div>\n<p>&nbsp;<\/p>\n<div class=\"elementor-element elementor-element-6b40c3a elementor-widget elementor-widget-text-editor\" data-id=\"6b40c3a\" data-element_type=\"widget\" data-widget_type=\"text-editor.default\">\n<div class=\"elementor-widget-container\">\n<h4><strong>3 \u00e9tapes rapides pour obtenir votre <\/strong><b>Manuel num\u00e9rique<\/b><\/h4>\n<p>&nbsp;<\/p>\n<h5><strong>\u00c9TAPE 1 : Cr\u00e9ez votre compte Adobe gratuit<\/strong><\/h5>\n<p>Cela cr\u00e9era un\u00a0<a href=\"https:\/\/account.adobe.com\/\" target=\"_blank\" rel=\"noopener\">compte Adobe gratuit<\/a>\u00a0que vous pouvez utiliser pour acc\u00e9der \u00e0 vos livres<\/p>\n<p>&nbsp;<\/p>\n<h5><strong>\u00c9TAPE 2 : Installer Adobe Digital Editions sur votre appareil<\/strong><\/h5>\n<p>Vous devrez utiliser le\u00a0<a href=\"https:\/\/www.adobe.com\/solutions\/ebook\/digital-editions\/download.html\" target=\"_blank\" rel=\"noopener\">Adobe Digital Editions reader app<\/a>\u00a0pour consulter vos livres.<\/p>\n<p><a href=\"https:\/\/adedownload.adobe.com\/pub\/adobe\/digitaleditions\/ADE_4.5_Installer.exe\" target=\"_blank\" rel=\"noopener\">T\u00e9l\u00e9charger l'\u00e9dition num\u00e9rique Windows<\/a><\/p>\n<p><a href=\"https:\/\/adedownload.adobe.com\/pub\/adobe\/digitaleditions\/ADE_4.5_Installer.dmg\" target=\"_blank\" rel=\"noopener\">T\u00e9l\u00e9charger l'\u00e9dition num\u00e9rique Macintosh<\/a><\/p>\n<p>Pour plus d'options d'appareils, veuillez consulter le site\u00a0<a href=\"https:\/\/www.adobe.com\/solutions\/ebook\/digital-editions\/download.html\" target=\"_blank\" rel=\"noopener\">Page de t\u00e9l\u00e9chargement d'Adobe Digital Editions<\/a>.<\/p>\n<p>&nbsp;<\/p>\n<\/div>\n<\/div>\n<p>Veillez \u00e0 ne pas s\u00e9lectionner\u00a0<strong>Installer MacAfee Antivirus<\/strong>\u00a0pendant le processus d'installation, ce programme antivirus n'est pas compatible avec notre logiciel.<\/p>\n<p>Apr\u00e8s l'installation d'Adobe Digital Editions, ouvrez Adobe Digital Editions, allez dans Aide, s\u00e9lectionnez Autoriser l'ordinateur, puis connectez-vous \u00e0 l'aide de l'identifiant de votre compte Adobe cr\u00e9\u00e9 \u00e0 l'\u00c9TAPE 1.<\/p>\n<p>&nbsp;<\/p>\n<div class=\"elementor-element elementor-element-6b40c3a elementor-widget elementor-widget-text-editor\" data-id=\"6b40c3a\" data-element_type=\"widget\" data-widget_type=\"text-editor.default\">\n<div class=\"elementor-widget-container\">\n<h5><strong>ETAPE 3, T\u00e9l\u00e9chargez le fichier d'acc\u00e8s \u00e0 votre livre \u00e0 partir de votre menu de t\u00e9l\u00e9chargement.<\/strong><\/h5>\n<p>R\u00e9cup\u00e9rez votre fichier d'acc\u00e8s au livre soit par l'interm\u00e9diaire de l'application\u00a0<a href=\"https:\/\/www.qxworld.eu\/members\/downloads\/\" target=\"_blank\" rel=\"noopener\">menu de t\u00e9l\u00e9chargement<\/a>\u00a0ou en utilisant le lien fourni ci-dessus. Une fois t\u00e9l\u00e9charg\u00e9, ouvrez le fichier ACSM avec Adobe Digital Editions pour commencer \u00e0 profiter de votre livre.<\/p>\n<\/div>\n<\/div>\n<\/div>\n<\/div>\n<\/div>","protected":false},"excerpt":{"rendered":"<div class=\"elementor-element elementor-element-6b40c3a elementor-widget elementor-widget-text-editor\" data-id=\"6b40c3a\" data-element_type=\"widget\" data-widget_type=\"text-editor.default\">\n<div class=\"elementor-widget-container\">\n<p>Plongez dans un tout nouveau cours, enrichi d'un contenu in\u00e9dit, de conseils essentiels, d'une vaste \u00e9tendue de mat\u00e9riel de lecture et d'informations vitales, le tout \u00e9l\u00e9gamment pr\u00e9sent\u00e9 dans un format de lecture au design magnifique, vous guidant vers un bien-\u00eatre holistique. Un cours vid\u00e9o est \u00e9galement disponible avec le manuel sur les sites suivants <a href=\"https:\/\/www.qxworld.eu\/product\/omnis-unveiled-step-into-the-fusion-of-holistic-health-science-beginners-guide\/\" target=\"_blank\" rel=\"noopener\">lien<\/a>.<\/p>\n<\/div>\n<\/div>","protected":false},"featured_media":212895,"template":"","meta":{"_acf_changed":false,"_seopress_robots_primary_cat":"none","_seopress_titles_title":"","_seopress_titles_desc":"Immerse yourself in a brand-new course, enriched with never seen before content, essential tips, a vast expanse of reading material, and vital information, all elegantly presented in both video and reading format with a beautiful design, guiding you towards holistic wellness.Our aim is to empower you to excel in holistic healthcare, lifestyle coaching, and nutritional guidance. By the end of your journey with this guide, you\u2019ll be well-equipped to provide comprehensive advice and interventions to those you serve.The course will guide you through understanding the intricate relationships between the pivotal systems within the human body, using our OMNIS software, and gaining insights into these interactions, helping you apply a multifaceted approach to address the challenges you encounter in your practice.","_seopress_robots_index":""},"product_brand":[],"product_cat":[35],"product_tag":[],"class_list":{"0":"post-212337","1":"product","2":"type-product","3":"status-publish","4":"has-post-thumbnail","6":"product_cat-uncategorized","8":"first","9":"instock","10":"downloadable","11":"sold-individually","12":"taxable","13":"shipping-taxable","14":"purchasable","15":"product-type-simple"},"bundled_by":[],"bundle_stock_status":"instock","bundle_stock_quantity":null,"bundle_virtual":false,"bundle_layout":"","bundle_add_to_cart_form_location":"","bundle_editable_in_cart":false,"bundle_sold_individually_context":"","bundle_item_grouping":"","bundle_min_size":"","bundle_max_size":"","bundle_price":[],"bundled_items":[],"bundle_sell_ids":[],"acf":[],"_links":{"self":[{"href":"https:\/\/www.qxworld.eu\/fr\/wp-json\/wp\/v2\/product\/212337","targetHints":{"allow":["GET"]}}],"collection":[{"href":"https:\/\/www.qxworld.eu\/fr\/wp-json\/wp\/v2\/product"}],"about":[{"href":"https:\/\/www.qxworld.eu\/fr\/wp-json\/wp\/v2\/types\/product"}],"wp:featuredmedia":[{"embeddable":true,"href":"https:\/\/www.qxworld.eu\/fr\/wp-json\/wp\/v2\/media\/212895"}],"wp:attachment":[{"href":"https:\/\/www.qxworld.eu\/fr\/wp-json\/wp\/v2\/media?parent=212337"}],"wp:term":[{"taxonomy":"product_brand","embeddable":true,"href":"https:\/\/www.qxworld.eu\/fr\/wp-json\/wp\/v2\/product_brand?post=212337"},{"taxonomy":"product_cat","embeddable":true,"href":"https:\/\/www.qxworld.eu\/fr\/wp-json\/wp\/v2\/product_cat?post=212337"},{"taxonomy":"product_tag","embeddable":true,"href":"https:\/\/www.qxworld.eu\/fr\/wp-json\/wp\/v2\/product_tag?post=212337"}],"curies":[{"name":"wp","href":"https:\/\/api.w.org\/{rel}","templated":true}]}}