{"id":213539,"date":"2024-04-15T12:10:32","date_gmt":"2024-04-15T10:10:32","guid":{"rendered":"https:\/\/www.qxworld.eu\/product\/metamind-8-aging-beauty-through-inner-health-and-bi-face-the-multifaceted-symmetry\/"},"modified":"2024-05-16T09:55:20","modified_gmt":"2024-05-16T07:55:20","slug":"metamind-8-aging-beauty-through-inner-health-and-bi-face-the-multifaceted-symmetry-2","status":"publish","type":"product","link":"https:\/\/www.qxworld.eu\/fr\/product\/metamind-8-aging-beauty-through-inner-health-and-bi-face-the-multifaceted-symmetry\/","title":{"rendered":"METAMIND #8 - Vieillissement : La beaut\u00e9 par la sant\u00e9 int\u00e9rieure et Bi-Face, la sym\u00e9trie aux multiples facettes"},"content":{"rendered":"<p><span class=\"NormalTextRun SCXW54474130 BCX9\">Veuillez noter que vous devez disposer d'un compte Zoom enregistr\u00e9. <\/span><span class=\"NormalTextRun AdvancedProofingIssueV2Themed SCXW54474130 BCX9\">afin de<\/span> <span class=\"NormalTextRun SCXW54474130 BCX9\">participer<\/span><span class=\"NormalTextRun SCXW54474130 BCX9\"> dans ce <\/span><span class=\"NormalTextRun SCXW54474130 BCX9\">webinaire<\/span><span class=\"NormalTextRun SCXW54474130 BCX9\">. Vous pouvez vous inscrire ici : https:\/\/zoom.us\/signup. N'oubliez pas de vous connecter \u00e0 votre compte QX avant de vous inscrire. <\/span><span class=\"NormalTextRun SCXW54474130 BCX9\">l'achat<\/span><span class=\"NormalTextRun SCXW54474130 BCX9\"> votre billet, afin que vous puissiez avoir acc\u00e8s \u00e0 l'enregistrement de la r\u00e9union une fois qu'elle aura eu lieu. <\/span><span class=\"NormalTextRun ContextualSpellingAndGrammarErrorV2Themed SCXW54474130 BCX9\">aura<\/span><span class=\"NormalTextRun SCXW54474130 BCX9\"> ont \u00e9t\u00e9 t\u00e9l\u00e9charg\u00e9es.<\/span><\/p>","protected":false},"excerpt":{"rendered":"<p>Veuillez noter que vous devez disposer d'un compte Zoom pour participer \u00e0 ce webinaire. Vous pouvez vous inscrire ici : https:\/\/zoom.us\/signup. N'oubliez pas de vous connecter \u00e0 votre compte QX avant d'acheter votre billet, afin de pouvoir acc\u00e9der \u00e0 l'enregistrement de la r\u00e9union une fois qu'il aura \u00e9t\u00e9 t\u00e9l\u00e9charg\u00e9.<\/p>","protected":false},"featured_media":213540,"template":"","meta":{"_acf_changed":false,"_seopress_robots_primary_cat":"","_seopress_titles_title":"","_seopress_titles_desc":"","_seopress_robots_index":""},"product_brand":[],"product_cat":[101],"product_tag":[],"class_list":{"0":"post-213539","1":"product","2":"type-product","3":"status-publish","4":"has-post-thumbnail","6":"product_cat-ticket","8":"first","9":"instock","10":"virtual","11":"taxable","12":"purchasable","13":"product-type-simple"},"bundled_by":[],"bundle_stock_status":"instock","bundle_stock_quantity":null,"bundle_virtual":false,"bundle_layout":"","bundle_add_to_cart_form_location":"","bundle_editable_in_cart":false,"bundle_sold_individually_context":"","bundle_item_grouping":"","bundle_min_size":"","bundle_max_size":"","bundle_price":[],"bundled_items":[],"bundle_sell_ids":[],"acf":[],"_links":{"self":[{"href":"https:\/\/www.qxworld.eu\/fr\/wp-json\/wp\/v2\/product\/213539","targetHints":{"allow":["GET"]}}],"collection":[{"href":"https:\/\/www.qxworld.eu\/fr\/wp-json\/wp\/v2\/product"}],"about":[{"href":"https:\/\/www.qxworld.eu\/fr\/wp-json\/wp\/v2\/types\/product"}],"wp:featuredmedia":[{"embeddable":true,"href":"https:\/\/www.qxworld.eu\/fr\/wp-json\/wp\/v2\/media\/213540"}],"wp:attachment":[{"href":"https:\/\/www.qxworld.eu\/fr\/wp-json\/wp\/v2\/media?parent=213539"}],"wp:term":[{"taxonomy":"product_brand","embeddable":true,"href":"https:\/\/www.qxworld.eu\/fr\/wp-json\/wp\/v2\/product_brand?post=213539"},{"taxonomy":"product_cat","embeddable":true,"href":"https:\/\/www.qxworld.eu\/fr\/wp-json\/wp\/v2\/product_cat?post=213539"},{"taxonomy":"product_tag","embeddable":true,"href":"https:\/\/www.qxworld.eu\/fr\/wp-json\/wp\/v2\/product_tag?post=213539"}],"curies":[{"name":"wp","href":"https:\/\/api.w.org\/{rel}","templated":true}]}}