{"id":251656,"date":"2024-11-28T14:52:26","date_gmt":"2024-11-28T13:52:26","guid":{"rendered":"https:\/\/www.qxworld.eu\/product\/tackling-obesity-and-diabetes-conquering-sugar-addiction-for-better-health-copy\/"},"modified":"2025-06-02T12:01:56","modified_gmt":"2025-06-02T10:01:56","slug":"metamind-9-dig-into-the-wonders-of-past-lives-4","status":"publish","type":"product","link":"https:\/\/www.qxworld.eu\/fr\/product\/detoxification-and-organ-support\/","title":{"rendered":"D\u00e9toxification et soutien aux organes : Am\u00e9liorer les processus naturels de nettoyage de votre corps"},"content":{"rendered":"<p>Apprenez \u00e0 faciliter la d\u00e9sintoxication et \u00e0 renforcer le fonctionnement des organes. Am\u00e9liorez les processus naturels de d\u00e9sintoxication de votre corps, soutenez tous les organes principaux comme le foie et la sant\u00e9 des reins, et am\u00e9liorez votre bien-\u00eatre g\u00e9n\u00e9ral. Comprendre le r\u00f4le du biofeedback dans l'optimisation de la performance des organes et le maintien d'un environnement interne \u00e9quilibr\u00e9.<\/p>","protected":false},"excerpt":{"rendered":"<p>Apprenez \u00e0 faciliter la d\u00e9sintoxication et \u00e0 renforcer le fonctionnement des organes. Am\u00e9liorez les processus naturels de d\u00e9sintoxication de votre corps, soutenez tous les organes principaux comme le foie et la sant\u00e9 des reins, et am\u00e9liorez votre bien-\u00eatre g\u00e9n\u00e9ral. Comprendre le r\u00f4le du biofeedback dans l'optimisation de la performance des organes et le maintien d'un environnement interne \u00e9quilibr\u00e9.<\/p>","protected":false},"featured_media":251659,"template":"","meta":{"_acf_changed":false,"_seopress_robots_primary_cat":"none","_seopress_titles_title":"","_seopress_titles_desc":"","_seopress_robots_index":""},"product_brand":[],"product_cat":[101],"product_tag":[],"class_list":{"0":"post-251656","1":"product","2":"type-product","3":"status-publish","4":"has-post-thumbnail","6":"product_cat-ticket","8":"first","9":"instock","10":"virtual","11":"taxable","12":"purchasable","13":"product-type-simple"},"bundled_by":[],"bundle_stock_status":"instock","bundle_stock_quantity":null,"bundle_virtual":false,"bundle_layout":"","bundle_add_to_cart_form_location":"","bundle_editable_in_cart":false,"bundle_sold_individually_context":"","bundle_item_grouping":"","bundle_min_size":"","bundle_max_size":"","bundle_price":[],"bundled_items":[],"bundle_sell_ids":[],"acf":[],"_links":{"self":[{"href":"https:\/\/www.qxworld.eu\/fr\/wp-json\/wp\/v2\/product\/251656","targetHints":{"allow":["GET"]}}],"collection":[{"href":"https:\/\/www.qxworld.eu\/fr\/wp-json\/wp\/v2\/product"}],"about":[{"href":"https:\/\/www.qxworld.eu\/fr\/wp-json\/wp\/v2\/types\/product"}],"wp:featuredmedia":[{"embeddable":true,"href":"https:\/\/www.qxworld.eu\/fr\/wp-json\/wp\/v2\/media\/251659"}],"wp:attachment":[{"href":"https:\/\/www.qxworld.eu\/fr\/wp-json\/wp\/v2\/media?parent=251656"}],"wp:term":[{"taxonomy":"product_brand","embeddable":true,"href":"https:\/\/www.qxworld.eu\/fr\/wp-json\/wp\/v2\/product_brand?post=251656"},{"taxonomy":"product_cat","embeddable":true,"href":"https:\/\/www.qxworld.eu\/fr\/wp-json\/wp\/v2\/product_cat?post=251656"},{"taxonomy":"product_tag","embeddable":true,"href":"https:\/\/www.qxworld.eu\/fr\/wp-json\/wp\/v2\/product_tag?post=251656"}],"curies":[{"name":"wp","href":"https:\/\/api.w.org\/{rel}","templated":true}]}}