{"id":289691,"date":"2025-01-28T12:54:53","date_gmt":"2025-01-28T11:54:53","guid":{"rendered":"https:\/\/www.qxworld.eu\/?post_type=product&#038;p=289691"},"modified":"2025-06-09T00:00:03","modified_gmt":"2025-06-08T22:00:03","slug":"maitriser-le-biofeedback-quantique-avance-et-lintegration-omnis-un-guide-avance","status":"publish","type":"product","link":"https:\/\/www.qxworld.eu\/fr\/product\/mastering-advanced-quantum-biofeedback-and-omnis-integration-an-advanced-guide\/","title":{"rendered":"Ma\u00eetriser le biofeedback quantique avanc\u00e9 et l'int\u00e9gration d'OMNIS - Un guide avanc\u00e9"},"content":{"rendered":"<div class=\"elementor-element elementor-element-6b40c3a elementor-widget elementor-widget-text-editor\" data-id=\"6b40c3a\" data-element_type=\"widget\" data-widget_type=\"text-editor.default\">\n<div class=\"elementor-widget-container\">\n<div class=\"elementor-element elementor-element-6b40c3a elementor-widget elementor-widget-text-editor\" data-id=\"6b40c3a\" data-element_type=\"widget\" data-widget_type=\"text-editor.default\">\n<div class=\"elementor-widget-container\">\n<div class=\"elementor-element elementor-element-22eff2c elementor-widget elementor-widget-text-editor\" data-id=\"22eff2c\" data-element_type=\"widget\" data-widget_type=\"text-editor.default\">\n<p>Faites passer votre expertise en mati\u00e8re de sant\u00e9 holistique au niveau sup\u00e9rieur gr\u00e2ce \u00e0 cette formation avanc\u00e9e et \u00e0 ce guide. Ce cours est parfait pour ceux qui sont pr\u00eats \u00e0 lib\u00e9rer le plein potentiel du logiciel OMNIS, en plongeant dans ses panneaux et outils les plus avanc\u00e9s pour d\u00e9couvrir les liens complexes entre le corps, l'esprit, les \u00e9motions et l'\u00e2me.<\/p>\n<p>Vous apprendrez \u00e0 mener des enqu\u00eates approfondies, \u00e0 r\u00e9soudre des \u00e9nigmes sanitaires complexes et \u00e0 appliquer des techniques de pointe afin d'obtenir des informations approfondies et de cr\u00e9er des interventions pertinentes.<br \/>\nCe programme va au-del\u00e0 des bases et vous permet de naviguer et d'utiliser les fonctions les plus sophistiqu\u00e9es d'OMNIS. En ma\u00eetrisant ces outils, vous am\u00e9liorerez votre pr\u00e9cision et votre efficacit\u00e9, ce qui vous permettra de fournir des soins personnalis\u00e9s et efficaces \u00e0 vos clients.<\/p>\n<p>Cette formation vous permettra d'acqu\u00e9rir la confiance n\u00e9cessaire pour exploiter pleinement les capacit\u00e9s d'OMNIS et ouvrir de nouvelles possibilit\u00e9s dans le domaine de la sant\u00e9 holistique. Qu'il s'agisse de r\u00e9soudre des probl\u00e8mes complexes ou de fournir des informations plus approfondies, ce cours vous aidera \u00e0 \u00e9lever votre pratique \u00e0 un niveau enti\u00e8rement nouveau.<\/p>\n<\/div>\n<p>Vous pouvez acc\u00e9der au cours sous la rubrique <a href=\"https:\/\/www.qxworld.eu\/all-courses\/\" target=\"_blank\" rel=\"noopener\">tous les cours<\/a> ou dans le menu suivant <a href=\"https:\/\/www.qxworld.eu\/courses\/omnis-deep-dive-expert-strategies-in-biofeedback-wellness-and-holistic-science\/\" target=\"_blank\" rel=\"noopener\">lien<\/a><\/p>\n<p>&nbsp;<\/p>\n<h4><strong>3 \u00e9tapes rapides pour obtenir votre <\/strong><b>Manuel num\u00e9rique<\/b><\/h4>\n<p>&nbsp;<\/p>\n<h5><strong>\u00c9TAPE 1 : Cr\u00e9ez votre compte Adobe gratuit<\/strong><\/h5>\n<p>Cela cr\u00e9era un <a href=\"https:\/\/account.adobe.com\/\" target=\"_blank\" rel=\"noopener\">compte Adobe gratuit<\/a> que vous pouvez utiliser pour acc\u00e9der \u00e0 vos livres<\/p>\n<p>&nbsp;<\/p>\n<h5><strong>\u00c9TAPE 2 : Installer Adobe Digital Editions sur votre appareil<\/strong><\/h5>\n<p>Vous devrez utiliser le <a href=\"https:\/\/www.adobe.com\/solutions\/ebook\/digital-editions\/download.html\" target=\"_blank\" rel=\"noopener\">Adobe Digital Editions reader app<\/a> pour consulter vos livres.<\/p>\n<p><a href=\"https:\/\/adedownload.adobe.com\/pub\/adobe\/digitaleditions\/ADE_4.5_Installer.exe\" target=\"_blank\" rel=\"noopener\">T\u00e9l\u00e9charger l'\u00e9dition num\u00e9rique Windows<\/a><\/p>\n<p><a href=\"https:\/\/adedownload.adobe.com\/pub\/adobe\/digitaleditions\/ADE_4.5_Installer.dmg\" target=\"_blank\" rel=\"noopener\">T\u00e9l\u00e9charger l'\u00e9dition num\u00e9rique Macintosh<\/a><\/p>\n<p>Pour plus d'options d'appareils, veuillez consulter le site <a href=\"https:\/\/www.adobe.com\/solutions\/ebook\/digital-editions\/download.html\" target=\"_blank\" rel=\"noopener\">Page de t\u00e9l\u00e9chargement d'Adobe Digital Editions<\/a>.<\/p>\n<p>&nbsp;<\/p>\n<\/div>\n<\/div>\n<p>Veillez \u00e0 ne pas s\u00e9lectionner <strong>Installer MacAfee Antivirus<\/strong> pendant le processus d'installation, ce programme antivirus n'est pas compatible avec notre logiciel.<\/p>\n<p>Apr\u00e8s l'installation d'Adobe Digital Editions, ouvrez Adobe Digital Editions, allez dans Aide, s\u00e9lectionnez Autoriser l'ordinateur, puis connectez-vous \u00e0 l'aide de l'identifiant de votre compte Adobe cr\u00e9\u00e9 \u00e0 l'\u00c9TAPE 1.<\/p>\n<p>&nbsp;<\/p>\n<div class=\"elementor-element elementor-element-6b40c3a elementor-widget elementor-widget-text-editor\" data-id=\"6b40c3a\" data-element_type=\"widget\" data-widget_type=\"text-editor.default\">\n<div class=\"elementor-widget-container\">\n<h5><strong>ETAPE 3, T\u00e9l\u00e9chargez le fichier d'acc\u00e8s \u00e0 votre livre \u00e0 partir de votre menu de t\u00e9l\u00e9chargement.<\/strong><\/h5>\n<p>R\u00e9cup\u00e9rez votre fichier d'acc\u00e8s au livre soit par l'interm\u00e9diaire de l'application <a href=\"https:\/\/www.qxworld.eu\/members\/downloads\/ \" target=\"_blank\" rel=\"noopener\">menu de t\u00e9l\u00e9chargement<\/a> ou en utilisant le lien fourni ci-dessus. Une fois t\u00e9l\u00e9charg\u00e9, ouvrez le fichier ACSM avec Adobe Digital Editions pour commencer \u00e0 profiter de votre livre.<\/p>\n<\/div>\n<\/div>\n<\/div>\n<\/div>","protected":false},"excerpt":{"rendered":"<p>Faites passer votre expertise en mati\u00e8re de sant\u00e9 holistique au niveau sup\u00e9rieur gr\u00e2ce \u00e0 cette formation avanc\u00e9e et \u00e0 ce guide. Ce cours est parfait pour ceux qui sont pr\u00eats \u00e0 lib\u00e9rer le plein potentiel du logiciel OMNIS, en plongeant dans ses panneaux et outils les plus avanc\u00e9s pour d\u00e9couvrir les liens complexes entre le corps, l'esprit, les \u00e9motions et l'\u00e2me.<\/p>","protected":false},"featured_media":289707,"template":"","meta":{"_acf_changed":false,"_seopress_robots_primary_cat":"none","_seopress_titles_title":"","_seopress_titles_desc":"","_seopress_robots_index":""},"product_brand":[],"product_cat":[35],"product_tag":[],"class_list":{"0":"post-289691","1":"product","2":"type-product","3":"status-publish","4":"has-post-thumbnail","6":"product_cat-uncategorized","8":"first","9":"instock","10":"downloadable","11":"sold-individually","12":"taxable","13":"shipping-taxable","14":"purchasable","15":"product-type-simple"},"bundled_by":[],"bundle_stock_status":"instock","bundle_stock_quantity":null,"bundle_virtual":false,"bundle_layout":"","bundle_add_to_cart_form_location":"","bundle_editable_in_cart":false,"bundle_sold_individually_context":"","bundle_item_grouping":"","bundle_min_size":"","bundle_max_size":"","bundle_price":[],"bundled_items":[],"bundle_sell_ids":[],"acf":[],"_links":{"self":[{"href":"https:\/\/www.qxworld.eu\/fr\/wp-json\/wp\/v2\/product\/289691","targetHints":{"allow":["GET"]}}],"collection":[{"href":"https:\/\/www.qxworld.eu\/fr\/wp-json\/wp\/v2\/product"}],"about":[{"href":"https:\/\/www.qxworld.eu\/fr\/wp-json\/wp\/v2\/types\/product"}],"wp:featuredmedia":[{"embeddable":true,"href":"https:\/\/www.qxworld.eu\/fr\/wp-json\/wp\/v2\/media\/289707"}],"wp:attachment":[{"href":"https:\/\/www.qxworld.eu\/fr\/wp-json\/wp\/v2\/media?parent=289691"}],"wp:term":[{"taxonomy":"product_brand","embeddable":true,"href":"https:\/\/www.qxworld.eu\/fr\/wp-json\/wp\/v2\/product_brand?post=289691"},{"taxonomy":"product_cat","embeddable":true,"href":"https:\/\/www.qxworld.eu\/fr\/wp-json\/wp\/v2\/product_cat?post=289691"},{"taxonomy":"product_tag","embeddable":true,"href":"https:\/\/www.qxworld.eu\/fr\/wp-json\/wp\/v2\/product_tag?post=289691"}],"curies":[{"name":"wp","href":"https:\/\/api.w.org\/{rel}","templated":true}]}}