{"id":301621,"date":"2025-03-11T13:47:25","date_gmt":"2025-03-11T12:47:25","guid":{"rendered":"https:\/\/www.qxworld.eu\/?post_type=product&#038;p=301621"},"modified":"2025-03-11T13:54:49","modified_gmt":"2025-03-11T12:54:49","slug":"voie-holistique-maitriser-la-communication-avec-les-clients","status":"publish","type":"product","link":"https:\/\/www.qxworld.eu\/fr\/product\/holistic-path-mastering-client-communication\/","title":{"rendered":"Holistic Path - Ma\u00eetriser la communication avec les clients"},"content":{"rendered":"<p><strong>Bienvenue sur la voie holistique : Ma\u00eetriser la communication avec les clients Formation<\/strong><\/p>\n<p>Une communication efficace est au c\u0153ur d'une pratique r\u00e9ussie du biofeedback. Ce cours vous permettra d'acqu\u00e9rir les comp\u00e9tences n\u00e9cessaires pour utiliser un langage clair et percutant qui am\u00e9liore la compr\u00e9hension, la motivation et l'engagement du client. Vous explorerez \u00e9galement le r\u00f4le vital de l'\u00e9ducation dans l'autonomisation des clients et l'am\u00e9lioration des r\u00e9sultats.<\/p>\n<p>\u00c0 la fin de ce cours, vous disposerez des outils n\u00e9cessaires pour int\u00e9grer des strat\u00e9gies de communication efficaces et des principes \u00e9ducatifs dans votre pratique, afin de renforcer les relations avec vos clients et d'obtenir de meilleurs r\u00e9sultats.  Entamons ensemble ce voyage d'apprentissage transformateur !<\/p>","protected":false},"excerpt":{"rendered":"<p>Welcome to the Holistic Path: Mastering Client Communication Training Effective communication is at the heart of successful biofeedback practice. This course will equip you with the skills to use clear, impactful language that enhances client understanding, motivation, and engagement. You&#8217;ll also explore the vital role of education in empowering clients and improving outcomes. By the [&hellip;]<\/p>\n","protected":false},"featured_media":301615,"template":"","meta":{"_acf_changed":false,"_seopress_robots_primary_cat":"none","_seopress_titles_title":"","_seopress_titles_desc":"","_seopress_robots_index":""},"product_brand":[],"product_cat":[57],"product_tag":[],"class_list":{"0":"post-301621","1":"product","2":"type-product","3":"status-publish","4":"has-post-thumbnail","6":"product_cat-courses","8":"first","9":"instock","10":"taxable","11":"shipping-taxable","12":"purchasable","13":"product-type-simple"},"bundled_by":[],"bundle_stock_status":"instock","bundle_stock_quantity":null,"bundle_virtual":false,"bundle_layout":"","bundle_add_to_cart_form_location":"","bundle_editable_in_cart":false,"bundle_sold_individually_context":"","bundle_item_grouping":"","bundle_min_size":"","bundle_max_size":"","bundle_price":[],"bundled_items":[],"bundle_sell_ids":[],"acf":[],"_links":{"self":[{"href":"https:\/\/www.qxworld.eu\/fr\/wp-json\/wp\/v2\/product\/301621","targetHints":{"allow":["GET"]}}],"collection":[{"href":"https:\/\/www.qxworld.eu\/fr\/wp-json\/wp\/v2\/product"}],"about":[{"href":"https:\/\/www.qxworld.eu\/fr\/wp-json\/wp\/v2\/types\/product"}],"wp:featuredmedia":[{"embeddable":true,"href":"https:\/\/www.qxworld.eu\/fr\/wp-json\/wp\/v2\/media\/301615"}],"wp:attachment":[{"href":"https:\/\/www.qxworld.eu\/fr\/wp-json\/wp\/v2\/media?parent=301621"}],"wp:term":[{"taxonomy":"product_brand","embeddable":true,"href":"https:\/\/www.qxworld.eu\/fr\/wp-json\/wp\/v2\/product_brand?post=301621"},{"taxonomy":"product_cat","embeddable":true,"href":"https:\/\/www.qxworld.eu\/fr\/wp-json\/wp\/v2\/product_cat?post=301621"},{"taxonomy":"product_tag","embeddable":true,"href":"https:\/\/www.qxworld.eu\/fr\/wp-json\/wp\/v2\/product_tag?post=301621"}],"curies":[{"name":"wp","href":"https:\/\/api.w.org\/{rel}","templated":true}]}}