{"id":302051,"date":"2025-03-13T12:48:16","date_gmt":"2025-03-13T11:48:16","guid":{"rendered":"https:\/\/www.qxworld.eu\/?post_type=product&#038;p=302051"},"modified":"2025-05-29T11:33:05","modified_gmt":"2025-05-29T09:33:05","slug":"comprendre-ladd-add-add-hd","status":"publish","type":"product","link":"https:\/\/www.qxworld.eu\/fr\/product\/understanding-add-adhd-hd\/","title":{"rendered":"Comprendre le TDA, le TDAH et la MH : Strat\u00e9gies pour une gestion et un soutien efficaces"},"content":{"rendered":"<p>D\u00e9couvrez de nouvelles approches pour g\u00e9rer les troubles d\u00e9ficitaires de l'attention gr\u00e2ce \u00e0 des m\u00e9thodes de biofeedback qui am\u00e9liorent la concentration et r\u00e9duisent les sympt\u00f4mes. Explorez les techniques pour am\u00e9liorer la concentration, r\u00e9duire l'hyperactivit\u00e9 et g\u00e9rer les probl\u00e8mes de comportement.<\/p>","protected":false},"excerpt":{"rendered":"<p>D\u00e9couvrez de nouvelles approches pour g\u00e9rer les troubles d\u00e9ficitaires de l'attention gr\u00e2ce \u00e0 des m\u00e9thodes de biofeedback qui am\u00e9liorent la concentration et r\u00e9duisent les sympt\u00f4mes. Explorez les techniques pour am\u00e9liorer la concentration, r\u00e9duire l'hyperactivit\u00e9 et g\u00e9rer les probl\u00e8mes de comportement.<\/p>","protected":false},"featured_media":302022,"template":"","meta":{"_acf_changed":false,"_seopress_robots_primary_cat":"none","_seopress_titles_title":"","_seopress_titles_desc":"","_seopress_robots_index":""},"product_brand":[],"product_cat":[101],"product_tag":[],"class_list":{"0":"post-302051","1":"product","2":"type-product","3":"status-publish","4":"has-post-thumbnail","6":"product_cat-ticket","8":"first","9":"instock","10":"virtual","11":"taxable","12":"purchasable","13":"product-type-simple"},"bundled_by":[],"bundle_stock_status":"instock","bundle_stock_quantity":null,"bundle_virtual":false,"bundle_layout":"","bundle_add_to_cart_form_location":"","bundle_editable_in_cart":false,"bundle_sold_individually_context":"","bundle_item_grouping":"","bundle_min_size":"","bundle_max_size":"","bundle_price":[],"bundled_items":[],"bundle_sell_ids":[],"acf":[],"_links":{"self":[{"href":"https:\/\/www.qxworld.eu\/fr\/wp-json\/wp\/v2\/product\/302051","targetHints":{"allow":["GET"]}}],"collection":[{"href":"https:\/\/www.qxworld.eu\/fr\/wp-json\/wp\/v2\/product"}],"about":[{"href":"https:\/\/www.qxworld.eu\/fr\/wp-json\/wp\/v2\/types\/product"}],"wp:featuredmedia":[{"embeddable":true,"href":"https:\/\/www.qxworld.eu\/fr\/wp-json\/wp\/v2\/media\/302022"}],"wp:attachment":[{"href":"https:\/\/www.qxworld.eu\/fr\/wp-json\/wp\/v2\/media?parent=302051"}],"wp:term":[{"taxonomy":"product_brand","embeddable":true,"href":"https:\/\/www.qxworld.eu\/fr\/wp-json\/wp\/v2\/product_brand?post=302051"},{"taxonomy":"product_cat","embeddable":true,"href":"https:\/\/www.qxworld.eu\/fr\/wp-json\/wp\/v2\/product_cat?post=302051"},{"taxonomy":"product_tag","embeddable":true,"href":"https:\/\/www.qxworld.eu\/fr\/wp-json\/wp\/v2\/product_tag?post=302051"}],"curies":[{"name":"wp","href":"https:\/\/api.w.org\/{rel}","templated":true}]}}