{"id":338758,"date":"2025-08-05T14:40:37","date_gmt":"2025-08-05T12:40:37","guid":{"rendered":"https:\/\/www.qxworld.eu\/?post_type=product&#038;p=338758"},"modified":"2025-11-10T14:16:47","modified_gmt":"2025-11-10T13:16:47","slug":"webinaire-animal-boiterie-des-membres-anterieurs-chez-le-chien-le-chat-et-le-cheval","status":"publish","type":"product","link":"https:\/\/www.qxworld.eu\/fr\/product\/animal-webinar-front-limb-lameness-in-dog-cat-and-horse\/","title":{"rendered":"Webinaire sur les animaux - Boiterie des membres ant\u00e9rieurs chez le chien, le chat et le cheval"},"content":{"rendered":"<p>Un regard comparatif sur le diagnostic et la prise en charge de la boiterie du membre ant\u00e9rieur chez les diff\u00e9rentes esp\u00e8ces, \u00e0 partir de cas canins, f\u00e9lins et \u00e9quins.<\/p>","protected":false},"excerpt":{"rendered":"<p>Un regard comparatif sur le diagnostic et la prise en charge de la boiterie du membre ant\u00e9rieur chez les diff\u00e9rentes esp\u00e8ces, \u00e0 partir de cas canins, f\u00e9lins et \u00e9quins.<\/p>","protected":false},"featured_media":338761,"template":"","meta":{"_acf_changed":false,"_seopress_robots_primary_cat":"none","_seopress_titles_title":"Fundamentals of equine and canine skeleton.","_seopress_titles_desc":"","_seopress_robots_index":""},"product_brand":[],"product_cat":[101],"product_tag":[],"class_list":{"0":"post-338758","1":"product","2":"type-product","3":"status-publish","4":"has-post-thumbnail","6":"product_cat-ticket","8":"first","9":"instock","10":"virtual","11":"taxable","12":"purchasable","13":"product-type-simple"},"bundled_by":[],"bundle_stock_status":"instock","bundle_stock_quantity":null,"bundle_virtual":false,"bundle_layout":"","bundle_add_to_cart_form_location":"","bundle_editable_in_cart":false,"bundle_sold_individually_context":"","bundle_item_grouping":"","bundle_min_size":"","bundle_max_size":"","bundle_price":[],"bundled_items":[],"bundle_sell_ids":[],"acf":[],"_links":{"self":[{"href":"https:\/\/www.qxworld.eu\/fr\/wp-json\/wp\/v2\/product\/338758","targetHints":{"allow":["GET"]}}],"collection":[{"href":"https:\/\/www.qxworld.eu\/fr\/wp-json\/wp\/v2\/product"}],"about":[{"href":"https:\/\/www.qxworld.eu\/fr\/wp-json\/wp\/v2\/types\/product"}],"wp:featuredmedia":[{"embeddable":true,"href":"https:\/\/www.qxworld.eu\/fr\/wp-json\/wp\/v2\/media\/338761"}],"wp:attachment":[{"href":"https:\/\/www.qxworld.eu\/fr\/wp-json\/wp\/v2\/media?parent=338758"}],"wp:term":[{"taxonomy":"product_brand","embeddable":true,"href":"https:\/\/www.qxworld.eu\/fr\/wp-json\/wp\/v2\/product_brand?post=338758"},{"taxonomy":"product_cat","embeddable":true,"href":"https:\/\/www.qxworld.eu\/fr\/wp-json\/wp\/v2\/product_cat?post=338758"},{"taxonomy":"product_tag","embeddable":true,"href":"https:\/\/www.qxworld.eu\/fr\/wp-json\/wp\/v2\/product_tag?post=338758"}],"curies":[{"name":"wp","href":"https:\/\/api.w.org\/{rel}","templated":true}]}}