{"id":338777,"date":"2025-08-05T15:43:02","date_gmt":"2025-08-05T13:43:02","guid":{"rendered":"https:\/\/www.qxworld.eu\/?post_type=product&#038;p=338777"},"modified":"2025-12-10T15:47:22","modified_gmt":"2025-12-10T14:47:22","slug":"homeopathie-et-soins-holistiques-partie-2","status":"publish","type":"product","link":"https:\/\/www.qxworld.eu\/fr\/product\/homeopathy-and-holistic-care-part-2\/","title":{"rendered":"Retour aux sources : hom\u00e9opathie et soins holistiques - Partie 2."},"content":{"rendered":"<p id=\"agenda\">Coupez court au bruit - revenez \u00e0 la gu\u00e9rison par la racine gr\u00e2ce \u00e0 l'hom\u00e9opathie et aux soins holistiques.<\/p>","protected":false},"excerpt":{"rendered":"<p>Coupez court au bruit - revenez \u00e0 la gu\u00e9rison par la racine gr\u00e2ce \u00e0 l'hom\u00e9opathie et aux soins holistiques.<\/p>","protected":false},"featured_media":338781,"template":"","meta":{"_acf_changed":false,"_seopress_robots_primary_cat":"none","_seopress_titles_title":"","_seopress_titles_desc":"","_seopress_robots_index":""},"product_brand":[],"product_cat":[101],"product_tag":[],"class_list":{"0":"post-338777","1":"product","2":"type-product","3":"status-publish","4":"has-post-thumbnail","6":"product_cat-ticket","8":"first","9":"instock","10":"virtual","11":"taxable","12":"purchasable","13":"product-type-simple"},"bundled_by":[],"bundle_stock_status":"instock","bundle_stock_quantity":null,"bundle_virtual":false,"bundle_layout":"","bundle_add_to_cart_form_location":"","bundle_editable_in_cart":false,"bundle_sold_individually_context":"","bundle_item_grouping":"","bundle_min_size":"","bundle_max_size":"","bundle_price":[],"bundled_items":[],"bundle_sell_ids":[],"acf":[],"_links":{"self":[{"href":"https:\/\/www.qxworld.eu\/fr\/wp-json\/wp\/v2\/product\/338777","targetHints":{"allow":["GET"]}}],"collection":[{"href":"https:\/\/www.qxworld.eu\/fr\/wp-json\/wp\/v2\/product"}],"about":[{"href":"https:\/\/www.qxworld.eu\/fr\/wp-json\/wp\/v2\/types\/product"}],"wp:featuredmedia":[{"embeddable":true,"href":"https:\/\/www.qxworld.eu\/fr\/wp-json\/wp\/v2\/media\/338781"}],"wp:attachment":[{"href":"https:\/\/www.qxworld.eu\/fr\/wp-json\/wp\/v2\/media?parent=338777"}],"wp:term":[{"taxonomy":"product_brand","embeddable":true,"href":"https:\/\/www.qxworld.eu\/fr\/wp-json\/wp\/v2\/product_brand?post=338777"},{"taxonomy":"product_cat","embeddable":true,"href":"https:\/\/www.qxworld.eu\/fr\/wp-json\/wp\/v2\/product_cat?post=338777"},{"taxonomy":"product_tag","embeddable":true,"href":"https:\/\/www.qxworld.eu\/fr\/wp-json\/wp\/v2\/product_tag?post=338777"}],"curies":[{"name":"wp","href":"https:\/\/api.w.org\/{rel}","templated":true}]}}