{"id":346526,"date":"2025-09-22T12:45:47","date_gmt":"2025-09-22T10:45:47","guid":{"rendered":"https:\/\/www.qxworld.eu\/?post_type=product&#038;p=346526"},"modified":"2026-01-26T15:03:15","modified_gmt":"2026-01-26T14:03:15","slug":"webinaire-dhiver-sur-les-systemes-dorganes","status":"publish","type":"product","link":"https:\/\/www.qxworld.eu\/fr\/product\/winter-organ-system-webinar\/","title":{"rendered":"Hiver - Webinaire sur les syst\u00e8mes d'organes"},"content":{"rendered":"<p>D\u00e9couvrez comment les reins et la vessie soutiennent la sant\u00e9 des syst\u00e8mes urinaire, reproductif, squelettique et nerveux, tout en pr\u00e9servant nos r\u00e9serves d'\u00e9nergie les plus profondes.<\/p>","protected":false},"excerpt":{"rendered":"<p>D\u00e9couvrez comment les reins et la vessie soutiennent la sant\u00e9 des syst\u00e8mes urinaire, reproductif, squelettique et nerveux, tout en pr\u00e9servant nos r\u00e9serves d'\u00e9nergie les plus profondes.<\/p>","protected":false},"featured_media":346527,"template":"","meta":{"_acf_changed":false,"_seopress_robots_primary_cat":"none","_seopress_titles_title":"","_seopress_titles_desc":"","_seopress_robots_index":""},"product_brand":[],"product_cat":[101],"product_tag":[],"class_list":{"0":"post-346526","1":"product","2":"type-product","3":"status-publish","4":"has-post-thumbnail","6":"product_cat-ticket","8":"first","9":"instock","10":"virtual","11":"taxable","12":"purchasable","13":"product-type-simple"},"bundled_by":[],"bundle_stock_status":"instock","bundle_stock_quantity":null,"bundle_virtual":false,"bundle_layout":"","bundle_add_to_cart_form_location":"","bundle_editable_in_cart":false,"bundle_sold_individually_context":"","bundle_item_grouping":"","bundle_min_size":"","bundle_max_size":"","bundle_price":[],"bundled_items":[],"bundle_sell_ids":[],"acf":[],"_links":{"self":[{"href":"https:\/\/www.qxworld.eu\/fr\/wp-json\/wp\/v2\/product\/346526","targetHints":{"allow":["GET"]}}],"collection":[{"href":"https:\/\/www.qxworld.eu\/fr\/wp-json\/wp\/v2\/product"}],"about":[{"href":"https:\/\/www.qxworld.eu\/fr\/wp-json\/wp\/v2\/types\/product"}],"wp:featuredmedia":[{"embeddable":true,"href":"https:\/\/www.qxworld.eu\/fr\/wp-json\/wp\/v2\/media\/346527"}],"wp:attachment":[{"href":"https:\/\/www.qxworld.eu\/fr\/wp-json\/wp\/v2\/media?parent=346526"}],"wp:term":[{"taxonomy":"product_brand","embeddable":true,"href":"https:\/\/www.qxworld.eu\/fr\/wp-json\/wp\/v2\/product_brand?post=346526"},{"taxonomy":"product_cat","embeddable":true,"href":"https:\/\/www.qxworld.eu\/fr\/wp-json\/wp\/v2\/product_cat?post=346526"},{"taxonomy":"product_tag","embeddable":true,"href":"https:\/\/www.qxworld.eu\/fr\/wp-json\/wp\/v2\/product_tag?post=346526"}],"curies":[{"name":"wp","href":"https:\/\/api.w.org\/{rel}","templated":true}]}}