{"id":362228,"date":"2026-01-26T12:18:30","date_gmt":"2026-01-26T11:18:30","guid":{"rendered":"https:\/\/www.qxworld.eu\/?post_type=product&#038;p=362228"},"modified":"2026-01-26T12:29:30","modified_gmt":"2026-01-26T11:29:30","slug":"le-plancher-pelvien-la-base-cachee","status":"publish","type":"product","link":"https:\/\/www.qxworld.eu\/fr\/product\/the-pelvic-floor-the-hidden-foundation\/","title":{"rendered":"Le plancher pelvien : La fondation cach\u00e9e"},"content":{"rendered":"<p>La fonction du plancher pelvien est encore peu discut\u00e9e, ce qui fait que de nombreuses personnes n'ont pas les connaissances linguistiques ou sanitaires n\u00e9cessaires pour reconna\u00eetre rapidement les probl\u00e8mes. Ce webinaire explore l'anatomie et la fonction du plancher pelvien, les mythes et les sympt\u00f4mes courants, l'influence de l'\u00e2ge, de la g\u00e9n\u00e9tique et de la grossesse sur le plancher pelvien, et ce qui favorise la sant\u00e9 du plancher pelvien tout au long de la vie.<\/p>\n<p>Veuillez noter que vous devez disposer d'un compte Zoom pour participer \u00e0 ce webinaire. Vous pouvez vous inscrire <a href=\"https:\/\/zoom.us\/signup\"><strong>ici<\/strong><\/a>. De plus, veuillez noter que l'inscription au webinaire s'arr\u00eatera 30 minutes avant le d\u00e9but pr\u00e9vu.<\/p>","protected":false},"excerpt":{"rendered":"<p>Pelvic floor function is still under-discussed, leaving many people without the language or health literacy to recognize concerns early. This webinar explores pelvic floor anatomy and function, myths and common symptoms, how age\/genetics\/pregnancy affect it\u2014and what supports pelvic floor health across life. Please note that you will need to have a registered Zoom account in [&hellip;]<\/p>\n","protected":false},"featured_media":362232,"template":"","meta":{"_acf_changed":false,"_seopress_robots_primary_cat":"none","_seopress_titles_title":"","_seopress_titles_desc":"","_seopress_robots_index":""},"product_brand":[],"product_cat":[101],"product_tag":[],"class_list":{"0":"post-362228","1":"product","2":"type-product","3":"status-publish","4":"has-post-thumbnail","6":"product_cat-ticket","8":"first","9":"instock","10":"virtual","11":"taxable","12":"purchasable","13":"product-type-simple"},"bundled_by":[],"bundle_stock_status":"instock","bundle_stock_quantity":null,"bundle_virtual":false,"bundle_layout":"","bundle_add_to_cart_form_location":"","bundle_editable_in_cart":false,"bundle_sold_individually_context":"","bundle_item_grouping":"","bundle_min_size":"","bundle_max_size":"","bundle_price":[],"bundled_items":[],"bundle_sell_ids":[],"acf":[],"_links":{"self":[{"href":"https:\/\/www.qxworld.eu\/fr\/wp-json\/wp\/v2\/product\/362228","targetHints":{"allow":["GET"]}}],"collection":[{"href":"https:\/\/www.qxworld.eu\/fr\/wp-json\/wp\/v2\/product"}],"about":[{"href":"https:\/\/www.qxworld.eu\/fr\/wp-json\/wp\/v2\/types\/product"}],"wp:featuredmedia":[{"embeddable":true,"href":"https:\/\/www.qxworld.eu\/fr\/wp-json\/wp\/v2\/media\/362232"}],"wp:attachment":[{"href":"https:\/\/www.qxworld.eu\/fr\/wp-json\/wp\/v2\/media?parent=362228"}],"wp:term":[{"taxonomy":"product_brand","embeddable":true,"href":"https:\/\/www.qxworld.eu\/fr\/wp-json\/wp\/v2\/product_brand?post=362228"},{"taxonomy":"product_cat","embeddable":true,"href":"https:\/\/www.qxworld.eu\/fr\/wp-json\/wp\/v2\/product_cat?post=362228"},{"taxonomy":"product_tag","embeddable":true,"href":"https:\/\/www.qxworld.eu\/fr\/wp-json\/wp\/v2\/product_tag?post=362228"}],"curies":[{"name":"wp","href":"https:\/\/api.w.org\/{rel}","templated":true}]}}