{"id":362239,"date":"2026-01-26T13:06:54","date_gmt":"2026-01-26T12:06:54","guid":{"rendered":"https:\/\/www.qxworld.eu\/?post_type=product&#038;p=362239"},"modified":"2026-03-16T16:14:12","modified_gmt":"2026-03-16T15:14:12","slug":"comprendre-la-cptsd","status":"publish","type":"product","link":"https:\/\/www.qxworld.eu\/fr\/product\/understanding-cptsd\/","title":{"rendered":"Comprendre le CPTSD : Le traumatisme au-del\u00e0 des \u00e9v\u00e9nements isol\u00e9s"},"content":{"rendered":"<div data-v-85776206=\"\">\n<div data-v-85776206=\"\">\n<div class=\"split-line topic4Detail-item detail-item\" data-v-102c4052=\"\" data-v-85776206=\"\">\n<div class=\"zm-form-item mgb-md is-no-asterisk\" data-v-102c4052=\"\">\n<div class=\"zm-form-item__content\">\n<p id=\"agenda\" class=\"pdt-xs pdb-xs w-sp\" data-v-102c4052=\"\">Le SSPT complexe se d\u00e9veloppe \u00e0 la suite d'un traumatisme \u00e9motionnel ou relationnel continu plut\u00f4t qu'\u00e0 la suite d'un incident dramatique. Le syndrome de stress post-traumatique complexe touche de nombreuses personnes et est plus fr\u00e9quent qu'on ne le pense. Ce webinaire explore la fa\u00e7on dont il se d\u00e9veloppe, affectant la capacit\u00e9 \u00e0 g\u00e9rer la vie quotidienne, et comment les s\u00e9ances de biofeedback peuvent aider.<\/p>\n<\/div>\n<\/div>\n<\/div>\n<\/div>\n<\/div>","protected":false},"excerpt":{"rendered":"<p>Le SSPT complexe se d\u00e9veloppe \u00e0 la suite d'un traumatisme \u00e9motionnel ou relationnel continu plut\u00f4t qu'\u00e0 la suite d'un incident dramatique. Le syndrome de stress post-traumatique complexe touche de nombreuses personnes et est plus fr\u00e9quent qu'on ne le pense. Ce webinaire explore la fa\u00e7on dont il se d\u00e9veloppe, affectant la capacit\u00e9 \u00e0 g\u00e9rer la vie quotidienne, et comment les s\u00e9ances de biofeedback peuvent aider.<\/p>","protected":false},"featured_media":362240,"template":"","meta":{"_acf_changed":false,"_seopress_robots_primary_cat":"none","_seopress_titles_title":"Fundamentals of equine and canine skeleton.","_seopress_titles_desc":"","_seopress_robots_index":""},"product_brand":[],"product_cat":[101],"product_tag":[],"class_list":{"0":"post-362239","1":"product","2":"type-product","3":"status-publish","4":"has-post-thumbnail","6":"product_cat-ticket","8":"first","9":"instock","10":"virtual","11":"taxable","12":"purchasable","13":"product-type-simple"},"bundled_by":[],"bundle_stock_status":"instock","bundle_stock_quantity":null,"bundle_virtual":false,"bundle_layout":"","bundle_add_to_cart_form_location":"","bundle_editable_in_cart":false,"bundle_sold_individually_context":"","bundle_item_grouping":"","bundle_min_size":"","bundle_max_size":"","bundle_price":[],"bundled_items":[],"bundle_sell_ids":[],"acf":[],"_links":{"self":[{"href":"https:\/\/www.qxworld.eu\/fr\/wp-json\/wp\/v2\/product\/362239","targetHints":{"allow":["GET"]}}],"collection":[{"href":"https:\/\/www.qxworld.eu\/fr\/wp-json\/wp\/v2\/product"}],"about":[{"href":"https:\/\/www.qxworld.eu\/fr\/wp-json\/wp\/v2\/types\/product"}],"wp:featuredmedia":[{"embeddable":true,"href":"https:\/\/www.qxworld.eu\/fr\/wp-json\/wp\/v2\/media\/362240"}],"wp:attachment":[{"href":"https:\/\/www.qxworld.eu\/fr\/wp-json\/wp\/v2\/media?parent=362239"}],"wp:term":[{"taxonomy":"product_brand","embeddable":true,"href":"https:\/\/www.qxworld.eu\/fr\/wp-json\/wp\/v2\/product_brand?post=362239"},{"taxonomy":"product_cat","embeddable":true,"href":"https:\/\/www.qxworld.eu\/fr\/wp-json\/wp\/v2\/product_cat?post=362239"},{"taxonomy":"product_tag","embeddable":true,"href":"https:\/\/www.qxworld.eu\/fr\/wp-json\/wp\/v2\/product_tag?post=362239"}],"curies":[{"name":"wp","href":"https:\/\/api.w.org\/{rel}","templated":true}]}}