{"id":16886,"date":"2021-10-11T17:37:41","date_gmt":"2021-10-11T15:37:41","guid":{"rendered":"https:\/\/www.qxworld.eu\/?page_id=16886"},"modified":"2025-01-23T16:11:35","modified_gmt":"2025-01-23T15:11:35","slug":"subsrcibe","status":"publish","type":"page","link":"https:\/\/www.qxworld.eu\/hu\/subscribe\/","title":{"rendered":"Feliratkoz\u00e1s"},"content":{"rendered":"\t\t<div data-elementor-type=\"wp-page\" data-elementor-id=\"16886\" class=\"elementor elementor-16886\" data-elementor-post-type=\"page\">\n\t\t\t\t<div class=\"elementor-element elementor-element-3cde97a e-flex e-con-boxed e-con e-parent\" data-id=\"3cde97a\" data-element_type=\"container\" data-e-type=\"container\" data-settings=\"{&quot;background_background&quot;:&quot;classic&quot;,&quot;jet_parallax_layout_list&quot;:[]}\">\n\t\t\t\t\t<div class=\"e-con-inner\">\n\t\t<div class=\"elementor-element elementor-element-bb1c626 e-con-full e-flex e-con e-child\" data-id=\"bb1c626\" data-element_type=\"container\" data-e-type=\"container\" data-settings=\"{&quot;background_background&quot;:&quot;classic&quot;,&quot;jet_parallax_layout_list&quot;:[]}\">\n\t\t\t\t<div class=\"elementor-element elementor-element-d99e5bd elementor-widget elementor-widget-text-editor\" data-id=\"d99e5bd\" data-element_type=\"widget\" data-e-type=\"widget\" data-widget_type=\"text-editor.default\">\n\t\t\t\t<div class=\"elementor-widget-container\">\n\t\t\t\t\t\t\t\t\t<p>Sign Up for <strong>Our Newsletter<\/strong><\/p>\t\t\t\t\t\t\t\t<\/div>\n\t\t\t\t<\/div>\n\t\t\t\t<div class=\"elementor-element elementor-element-4df5292 elementor-widget elementor-widget-heading\" data-id=\"4df5292\" data-element_type=\"widget\" data-e-type=\"widget\" data-widget_type=\"heading.default\">\n\t\t\t\t<div class=\"elementor-widget-container\">\n\t\t\t\t\t<div class=\"elementor-heading-title elementor-size-default\">Subscribe to us to always stay in touch with us and get the latest news\nabout our company and all of our activities!<\/div>\t\t\t\t<\/div>\n\t\t\t\t<\/div>\n\t\t\t\t<div class=\"elementor-element elementor-element-e0dcb86 elementor-button-align-start elementor-widget elementor-widget-form\" data-id=\"e0dcb86\" data-element_type=\"widget\" data-e-type=\"widget\" data-settings=\"{&quot;step_next_label&quot;:&quot;Next&quot;,&quot;step_previous_label&quot;:&quot;Previous&quot;,&quot;button_width&quot;:&quot;100&quot;,&quot;step_type&quot;:&quot;number_text&quot;,&quot;step_icon_shape&quot;:&quot;circle&quot;}\" data-widget_type=\"form.default\">\n\t\t\t\t<div class=\"elementor-widget-container\">\n\t\t\t\t\t\t\t<form class=\"elementor-form\" method=\"post\" name=\"New Form\" aria-label=\"New Form\">\n\t\t\t<input type=\"hidden\" name=\"post_id\" value=\"16886\"\/>\n\t\t\t<input type=\"hidden\" name=\"form_id\" value=\"e0dcb86\"\/>\n\t\t\t<input type=\"hidden\" name=\"referer_title\" value=\"Subscribe\" \/>\n\n\t\t\t\t\t\t\t<input type=\"hidden\" name=\"queried_id\" value=\"16886\"\/>\n\t\t\t\n\t\t\t<div class=\"elementor-form-fields-wrapper elementor-labels-\">\n\t\t\t\t\t\t\t\t<div class=\"elementor-field-type-text elementor-field-group elementor-column elementor-field-group-name elementor-col-50\">\n\t\t\t\t\t\t\t\t\t\t\t\t<label for=\"form-field-name\" class=\"elementor-field-label elementor-screen-only\">\n\t\t\t\t\t\t\t\tFirst name\t\t\t\t\t\t\t<\/label>\n\t\t\t\t\t\t\t\t\t\t\t\t\t\t<input size=\"1\" type=\"text\" name=\"form_fields[name]\" id=\"form-field-name\" class=\"elementor-field elementor-size-sm  elementor-field-textual\" placeholder=\"First name*\">\n\t\t\t\t\t\t\t\t\t\t\t<\/div>\n\t\t\t\t\t\t\t\t<div class=\"elementor-field-type-text elementor-field-group elementor-column elementor-field-group-field_6e2a20a elementor-col-50\">\n\t\t\t\t\t\t\t\t\t\t\t\t<label for=\"form-field-field_6e2a20a\" class=\"elementor-field-label elementor-screen-only\">\n\t\t\t\t\t\t\t\tLast name\t\t\t\t\t\t\t<\/label>\n\t\t\t\t\t\t\t\t\t\t\t\t\t\t<input size=\"1\" type=\"text\" name=\"form_fields[field_6e2a20a]\" id=\"form-field-field_6e2a20a\" class=\"elementor-field elementor-size-sm  elementor-field-textual\" placeholder=\"Last name*\">\n\t\t\t\t\t\t\t\t\t\t\t<\/div>\n\t\t\t\t\t\t\t\t<div class=\"elementor-field-type-email elementor-field-group elementor-column elementor-field-group-email elementor-col-100 elementor-field-required\">\n\t\t\t\t\t\t\t\t\t\t\t\t<label for=\"form-field-email\" class=\"elementor-field-label elementor-screen-only\">\n\t\t\t\t\t\t\t\tEmail address\t\t\t\t\t\t\t<\/label>\n\t\t\t\t\t\t\t\t\t\t\t\t\t\t<input size=\"1\" type=\"email\" name=\"form_fields[email]\" id=\"form-field-email\" class=\"elementor-field elementor-size-sm  elementor-field-textual\" placeholder=\"Email address*\" required=\"required\">\n\t\t\t\t\t\t\t\t\t\t\t<\/div>\n\t\t\t\t\t\t\t\t<div class=\"elementor-field-type-select elementor-field-group elementor-column elementor-field-group-field_45daf6a elementor-col-100 elementor-field-required\">\n\t\t\t\t\t\t\t\t\t\t\t\t<label for=\"form-field-field_45daf6a\" class=\"elementor-field-label elementor-screen-only\">\n\t\t\t\t\t\t\t\tCountry\t\t\t\t\t\t\t<\/label>\n\t\t\t\t\t\t\t\t<div class=\"elementor-field elementor-select-wrapper remove-before \">\n\t\t\t<div class=\"select-caret-down-wrapper\">\n\t\t\t\t<i aria-hidden=\"true\" class=\"eicon-caret-down\"><\/i>\t\t\t<\/div>\n\t\t\t<select name=\"form_fields[field_45daf6a]\" id=\"form-field-field_45daf6a\" class=\"elementor-field-textual elementor-size-sm\" required=\"required\">\n\t\t\t\t\t\t\t\t\t<option value=\"AF\">Afghanistan<\/option>\n\t\t\t\t\t\t\t\t\t<option value=\"AL\">Albania<\/option>\n\t\t\t\t\t\t\t\t\t<option value=\"DZ\">Algeria<\/option>\n\t\t\t\t\t\t\t\t\t<option value=\"AS\">American Samoa<\/option>\n\t\t\t\t\t\t\t\t\t<option value=\"AD\">Andorra<\/option>\n\t\t\t\t\t\t\t\t\t<option value=\"AO\">Angola<\/option>\n\t\t\t\t\t\t\t\t\t<option value=\"AI\">Anguilla<\/option>\n\t\t\t\t\t\t\t\t\t<option value=\"AQ\">Antarctica<\/option>\n\t\t\t\t\t\t\t\t\t<option value=\"AG\">Antigua and Barbuda<\/option>\n\t\t\t\t\t\t\t\t\t<option value=\"AR\">Argentina<\/option>\n\t\t\t\t\t\t\t\t\t<option value=\"AM\">Armenia<\/option>\n\t\t\t\t\t\t\t\t\t<option value=\"AW\">Aruba<\/option>\n\t\t\t\t\t\t\t\t\t<option value=\"AU\">Australia<\/option>\n\t\t\t\t\t\t\t\t\t<option value=\"AT\">Austria<\/option>\n\t\t\t\t\t\t\t\t\t<option value=\"AZ\">Azerbaijan<\/option>\n\t\t\t\t\t\t\t\t\t<option value=\"BS\">Bahamas<\/option>\n\t\t\t\t\t\t\t\t\t<option value=\"BH\">Bahrain<\/option>\n\t\t\t\t\t\t\t\t\t<option value=\"BD\">Bangladesh<\/option>\n\t\t\t\t\t\t\t\t\t<option value=\"BB\">Barbados<\/option>\n\t\t\t\t\t\t\t\t\t<option value=\"BY\">Belarus<\/option>\n\t\t\t\t\t\t\t\t\t<option value=\"BE\">Belgium<\/option>\n\t\t\t\t\t\t\t\t\t<option value=\"BZ\">Belize<\/option>\n\t\t\t\t\t\t\t\t\t<option value=\"BJ\">Benin<\/option>\n\t\t\t\t\t\t\t\t\t<option value=\"BM\">Bermuda<\/option>\n\t\t\t\t\t\t\t\t\t<option value=\"BT\">Bhutan<\/option>\n\t\t\t\t\t\t\t\t\t<option value=\"BO\">Bolivia<\/option>\n\t\t\t\t\t\t\t\t\t<option value=\"BA\">Bosnia and Herzegovina<\/option>\n\t\t\t\t\t\t\t\t\t<option value=\"BW\">Botswana<\/option>\n\t\t\t\t\t\t\t\t\t<option value=\"BV\">Bouvet Island<\/option>\n\t\t\t\t\t\t\t\t\t<option value=\"BR\">Brazil<\/option>\n\t\t\t\t\t\t\t\t\t<option value=\"IO\">British Indian Ocean Territory<\/option>\n\t\t\t\t\t\t\t\t\t<option value=\"BN\">Brunei Darussalam<\/option>\n\t\t\t\t\t\t\t\t\t<option value=\"BG\">Bulgaria<\/option>\n\t\t\t\t\t\t\t\t\t<option value=\"BF\">Burkina Faso<\/option>\n\t\t\t\t\t\t\t\t\t<option value=\"BI\">Burundi<\/option>\n\t\t\t\t\t\t\t\t\t<option value=\"KH\">Cambodia<\/option>\n\t\t\t\t\t\t\t\t\t<option value=\"CM\">Cameroon<\/option>\n\t\t\t\t\t\t\t\t\t<option value=\"CA\">Canada<\/option>\n\t\t\t\t\t\t\t\t\t<option value=\"CV\">Cape Verde<\/option>\n\t\t\t\t\t\t\t\t\t<option value=\"KY\">Cayman Islands<\/option>\n\t\t\t\t\t\t\t\t\t<option value=\"CF\">Central African Republic<\/option>\n\t\t\t\t\t\t\t\t\t<option value=\"TD\">Chad<\/option>\n\t\t\t\t\t\t\t\t\t<option value=\"CL\">Chile<\/option>\n\t\t\t\t\t\t\t\t\t<option value=\"CN\">China<\/option>\n\t\t\t\t\t\t\t\t\t<option value=\"CX\">Christmas Island<\/option>\n\t\t\t\t\t\t\t\t\t<option value=\"CC\">Cocos (Keeling) Islands<\/option>\n\t\t\t\t\t\t\t\t\t<option value=\"CO\">Colombia<\/option>\n\t\t\t\t\t\t\t\t\t<option value=\"KM\">Comoros<\/option>\n\t\t\t\t\t\t\t\t\t<option value=\"CG\">Congo<\/option>\n\t\t\t\t\t\t\t\t\t<option value=\"CD\">Congo, the Democratic Republic of the<\/option>\n\t\t\t\t\t\t\t\t\t<option value=\"CK\">Cook Islands<\/option>\n\t\t\t\t\t\t\t\t\t<option value=\"CR\">Costa Rica<\/option>\n\t\t\t\t\t\t\t\t\t<option value=\"CI\">Cote D&#039;Ivoire<\/option>\n\t\t\t\t\t\t\t\t\t<option value=\"HR\">Croatia<\/option>\n\t\t\t\t\t\t\t\t\t<option value=\"CU\">Cuba<\/option>\n\t\t\t\t\t\t\t\t\t<option value=\"CY\">Cyprus<\/option>\n\t\t\t\t\t\t\t\t\t<option value=\"CZ\">Czech Republic<\/option>\n\t\t\t\t\t\t\t\t\t<option value=\"DK\">Denmark<\/option>\n\t\t\t\t\t\t\t\t\t<option value=\"DJ\">Djibouti<\/option>\n\t\t\t\t\t\t\t\t\t<option value=\"DM\">Dominica<\/option>\n\t\t\t\t\t\t\t\t\t<option value=\"DO\">Dominican Republic<\/option>\n\t\t\t\t\t\t\t\t\t<option value=\"EC\">Ecuador<\/option>\n\t\t\t\t\t\t\t\t\t<option value=\"EG\">Egypt<\/option>\n\t\t\t\t\t\t\t\t\t<option value=\"SV\">El Salvador<\/option>\n\t\t\t\t\t\t\t\t\t<option value=\"GQ\">Equatorial Guinea<\/option>\n\t\t\t\t\t\t\t\t\t<option value=\"ER\">Eritrea<\/option>\n\t\t\t\t\t\t\t\t\t<option value=\"EE\">Estonia<\/option>\n\t\t\t\t\t\t\t\t\t<option value=\"ET\">Ethiopia<\/option>\n\t\t\t\t\t\t\t\t\t<option value=\"FK\">Falkland Islands (Malvinas)<\/option>\n\t\t\t\t\t\t\t\t\t<option value=\"FO\">Faroe Islands<\/option>\n\t\t\t\t\t\t\t\t\t<option value=\"FJ\">Fiji<\/option>\n\t\t\t\t\t\t\t\t\t<option value=\"FI\">Finland<\/option>\n\t\t\t\t\t\t\t\t\t<option value=\"FR\">France<\/option>\n\t\t\t\t\t\t\t\t\t<option value=\"GF\">French Guiana<\/option>\n\t\t\t\t\t\t\t\t\t<option value=\"PF\">French Polynesia<\/option>\n\t\t\t\t\t\t\t\t\t<option value=\"TF\">French Southern Territories<\/option>\n\t\t\t\t\t\t\t\t\t<option value=\"GA\">Gabon<\/option>\n\t\t\t\t\t\t\t\t\t<option value=\"GM\">Gambia<\/option>\n\t\t\t\t\t\t\t\t\t<option value=\"GE\">Georgia<\/option>\n\t\t\t\t\t\t\t\t\t<option value=\"DE\">Germany<\/option>\n\t\t\t\t\t\t\t\t\t<option value=\"GH\">Ghana<\/option>\n\t\t\t\t\t\t\t\t\t<option value=\"GI\">Gibraltar<\/option>\n\t\t\t\t\t\t\t\t\t<option value=\"EL\">Greece<\/option>\n\t\t\t\t\t\t\t\t\t<option value=\"GL\">Greenland<\/option>\n\t\t\t\t\t\t\t\t\t<option value=\"GD\">Grenada<\/option>\n\t\t\t\t\t\t\t\t\t<option value=\"GP\">Guadeloupe<\/option>\n\t\t\t\t\t\t\t\t\t<option value=\"GU\">Guam<\/option>\n\t\t\t\t\t\t\t\t\t<option value=\"GT\">Guatemala<\/option>\n\t\t\t\t\t\t\t\t\t<option value=\"GN\">Guinea<\/option>\n\t\t\t\t\t\t\t\t\t<option value=\"GW\">Guinea-Bissau<\/option>\n\t\t\t\t\t\t\t\t\t<option value=\"GY\">Guyana<\/option>\n\t\t\t\t\t\t\t\t\t<option value=\"HT\">Haiti<\/option>\n\t\t\t\t\t\t\t\t\t<option value=\"HM\">Heard Island and Mcdonald Islands<\/option>\n\t\t\t\t\t\t\t\t\t<option value=\"VA\">Holy See (Vatican City State)<\/option>\n\t\t\t\t\t\t\t\t\t<option value=\"HN\">Honduras<\/option>\n\t\t\t\t\t\t\t\t\t<option value=\"HK\">Hong Kong<\/option>\n\t\t\t\t\t\t\t\t\t<option value=\"HU\">Hungary<\/option>\n\t\t\t\t\t\t\t\t\t<option value=\"IS\">Iceland<\/option>\n\t\t\t\t\t\t\t\t\t<option value=\"IN\">India<\/option>\n\t\t\t\t\t\t\t\t\t<option value=\"ID\">Indonesia<\/option>\n\t\t\t\t\t\t\t\t\t<option value=\"IR\">Iran, Islamic Republic of<\/option>\n\t\t\t\t\t\t\t\t\t<option value=\"IQ\">Iraq<\/option>\n\t\t\t\t\t\t\t\t\t<option value=\"IE\">Ireland<\/option>\n\t\t\t\t\t\t\t\t\t<option value=\"IL\">Israel<\/option>\n\t\t\t\t\t\t\t\t\t<option value=\"IT\">Italy<\/option>\n\t\t\t\t\t\t\t\t\t<option value=\"JM\">Jamaica<\/option>\n\t\t\t\t\t\t\t\t\t<option value=\"JP\">Japan<\/option>\n\t\t\t\t\t\t\t\t\t<option value=\"JO\">Jordan<\/option>\n\t\t\t\t\t\t\t\t\t<option value=\"KZ\">Kazakhstan<\/option>\n\t\t\t\t\t\t\t\t\t<option value=\"KE\">Kenya<\/option>\n\t\t\t\t\t\t\t\t\t<option value=\"KI\">Kiribati<\/option>\n\t\t\t\t\t\t\t\t\t<option value=\"KP\">Korea, Democratic People&#039;s Republic of<\/option>\n\t\t\t\t\t\t\t\t\t<option value=\"KR\">Korea, Republic of<\/option>\n\t\t\t\t\t\t\t\t\t<option value=\"KW\">Kuwait<\/option>\n\t\t\t\t\t\t\t\t\t<option value=\"KG\">Kyrgyzstan<\/option>\n\t\t\t\t\t\t\t\t\t<option value=\"LA\">Lao People&#039;s Democratic Republic<\/option>\n\t\t\t\t\t\t\t\t\t<option value=\"LV\">Latvia<\/option>\n\t\t\t\t\t\t\t\t\t<option value=\"LB\">Lebanon<\/option>\n\t\t\t\t\t\t\t\t\t<option value=\"LS\">Lesotho<\/option>\n\t\t\t\t\t\t\t\t\t<option value=\"LR\">Liberia<\/option>\n\t\t\t\t\t\t\t\t\t<option value=\"LY\">Libyan Arab Jamahiriya<\/option>\n\t\t\t\t\t\t\t\t\t<option value=\"LI\">Liechtenstein<\/option>\n\t\t\t\t\t\t\t\t\t<option value=\"LT\">Lithuania<\/option>\n\t\t\t\t\t\t\t\t\t<option value=\"LU\">Luxembourg<\/option>\n\t\t\t\t\t\t\t\t\t<option value=\"MO\">Macao<\/option>\n\t\t\t\t\t\t\t\t\t<option value=\"MK\">Macedonia, the Former Yugoslav Republic of<\/option>\n\t\t\t\t\t\t\t\t\t<option value=\"MG\">Madagascar<\/option>\n\t\t\t\t\t\t\t\t\t<option value=\"MW\">Malawi<\/option>\n\t\t\t\t\t\t\t\t\t<option value=\"MY\">Malaysia<\/option>\n\t\t\t\t\t\t\t\t\t<option value=\"MV\">Maldives<\/option>\n\t\t\t\t\t\t\t\t\t<option value=\"ML\">Mali<\/option>\n\t\t\t\t\t\t\t\t\t<option value=\"MT\">Malta<\/option>\n\t\t\t\t\t\t\t\t\t<option value=\"MH\">Marshall Islands<\/option>\n\t\t\t\t\t\t\t\t\t<option value=\"MQ\">Martinique<\/option>\n\t\t\t\t\t\t\t\t\t<option value=\"MR\">Mauritania<\/option>\n\t\t\t\t\t\t\t\t\t<option value=\"MU\">Mauritius<\/option>\n\t\t\t\t\t\t\t\t\t<option value=\"YT\">Mayotte<\/option>\n\t\t\t\t\t\t\t\t\t<option value=\"MX\">Mexico<\/option>\n\t\t\t\t\t\t\t\t\t<option value=\"FM\">Micronesia, Federated States of<\/option>\n\t\t\t\t\t\t\t\t\t<option value=\"MD\">Moldova, Republic of<\/option>\n\t\t\t\t\t\t\t\t\t<option value=\"MC\">Monaco<\/option>\n\t\t\t\t\t\t\t\t\t<option value=\"MN\">Mongolia<\/option>\n\t\t\t\t\t\t\t\t\t<option value=\"MS\">Montserrat<\/option>\n\t\t\t\t\t\t\t\t\t<option value=\"MA\">Morocco<\/option>\n\t\t\t\t\t\t\t\t\t<option value=\"MZ\">Mozambique<\/option>\n\t\t\t\t\t\t\t\t\t<option value=\"MM\">Myanmar<\/option>\n\t\t\t\t\t\t\t\t\t<option value=\"NA\">Namibia<\/option>\n\t\t\t\t\t\t\t\t\t<option value=\"NR\">Nauru<\/option>\n\t\t\t\t\t\t\t\t\t<option value=\"NP\">Nepal<\/option>\n\t\t\t\t\t\t\t\t\t<option value=\"NL\">Netherlands<\/option>\n\t\t\t\t\t\t\t\t\t<option value=\"AN\">Netherlands Antilles<\/option>\n\t\t\t\t\t\t\t\t\t<option value=\"NC\">New Caledonia<\/option>\n\t\t\t\t\t\t\t\t\t<option value=\"NZ\">New Zealand<\/option>\n\t\t\t\t\t\t\t\t\t<option value=\"NI\">Nicaragua<\/option>\n\t\t\t\t\t\t\t\t\t<option value=\"NE\">Niger<\/option>\n\t\t\t\t\t\t\t\t\t<option value=\"NG\">Nigeria<\/option>\n\t\t\t\t\t\t\t\t\t<option value=\"NU\">Niue<\/option>\n\t\t\t\t\t\t\t\t\t<option value=\"NF\">Norfolk Island<\/option>\n\t\t\t\t\t\t\t\t\t<option value=\"MP\">Northern Mariana Islands<\/option>\n\t\t\t\t\t\t\t\t\t<option value=\"NO\">Norway<\/option>\n\t\t\t\t\t\t\t\t\t<option value=\"OM\">Oman<\/option>\n\t\t\t\t\t\t\t\t\t<option value=\"PK\">Pakistan<\/option>\n\t\t\t\t\t\t\t\t\t<option value=\"PW\">Palau<\/option>\n\t\t\t\t\t\t\t\t\t<option value=\"PS\">Palestinian Territory, Occupied<\/option>\n\t\t\t\t\t\t\t\t\t<option value=\"PA\">Panama<\/option>\n\t\t\t\t\t\t\t\t\t<option value=\"PG\">Papua New Guinea<\/option>\n\t\t\t\t\t\t\t\t\t<option value=\"PY\">Paraguay<\/option>\n\t\t\t\t\t\t\t\t\t<option value=\"PE\">Peru<\/option>\n\t\t\t\t\t\t\t\t\t<option value=\"PH\">Philippines<\/option>\n\t\t\t\t\t\t\t\t\t<option value=\"PN\">Pitcairn<\/option>\n\t\t\t\t\t\t\t\t\t<option value=\"PL\">Poland<\/option>\n\t\t\t\t\t\t\t\t\t<option value=\"PT\">Portugal<\/option>\n\t\t\t\t\t\t\t\t\t<option value=\"PR\">Puerto Rico<\/option>\n\t\t\t\t\t\t\t\t\t<option value=\"QA\">Qatar<\/option>\n\t\t\t\t\t\t\t\t\t<option value=\"RE\">Reunion<\/option>\n\t\t\t\t\t\t\t\t\t<option value=\"RO\">Romania<\/option>\n\t\t\t\t\t\t\t\t\t<option value=\"RU\">Russian Federation<\/option>\n\t\t\t\t\t\t\t\t\t<option value=\"RW\">Rwanda<\/option>\n\t\t\t\t\t\t\t\t\t<option value=\"SH\">Saint Helena<\/option>\n\t\t\t\t\t\t\t\t\t<option value=\"KN\">Saint Kitts and Nevis<\/option>\n\t\t\t\t\t\t\t\t\t<option value=\"LC\">Saint Lucia<\/option>\n\t\t\t\t\t\t\t\t\t<option value=\"PM\">Saint Pierre and Miquelon<\/option>\n\t\t\t\t\t\t\t\t\t<option value=\"VC\">Saint Vincent and the Grenadines<\/option>\n\t\t\t\t\t\t\t\t\t<option value=\"WS\">Samoa<\/option>\n\t\t\t\t\t\t\t\t\t<option value=\"SM\">San Marino<\/option>\n\t\t\t\t\t\t\t\t\t<option value=\"ST\">Sao Tome and Principe<\/option>\n\t\t\t\t\t\t\t\t\t<option value=\"SA\">Saudi Arabia<\/option>\n\t\t\t\t\t\t\t\t\t<option value=\"SN\">Senegal<\/option>\n\t\t\t\t\t\t\t\t\t<option value=\"CS\">Serbia and Montenegro<\/option>\n\t\t\t\t\t\t\t\t\t<option value=\"SC\">Seychelles<\/option>\n\t\t\t\t\t\t\t\t\t<option value=\"SL\">Sierra Leone<\/option>\n\t\t\t\t\t\t\t\t\t<option value=\"SG\">Singapore<\/option>\n\t\t\t\t\t\t\t\t\t<option value=\"SK\">Slovakia<\/option>\n\t\t\t\t\t\t\t\t\t<option value=\"SI\">Slovenia<\/option>\n\t\t\t\t\t\t\t\t\t<option value=\"SB\">Solomon Islands<\/option>\n\t\t\t\t\t\t\t\t\t<option value=\"SO\">Somalia<\/option>\n\t\t\t\t\t\t\t\t\t<option value=\"ZA\">South Africa<\/option>\n\t\t\t\t\t\t\t\t\t<option value=\"GS\">South Georgia and the South Sandwich Islands<\/option>\n\t\t\t\t\t\t\t\t\t<option value=\"ES\">Spain<\/option>\n\t\t\t\t\t\t\t\t\t<option value=\"LK\">Sri Lanka<\/option>\n\t\t\t\t\t\t\t\t\t<option value=\"SD\">Sudan<\/option>\n\t\t\t\t\t\t\t\t\t<option value=\"SR\">Suriname<\/option>\n\t\t\t\t\t\t\t\t\t<option value=\"SJ\">Svalbard and Jan Mayen<\/option>\n\t\t\t\t\t\t\t\t\t<option value=\"SZ\">Swaziland<\/option>\n\t\t\t\t\t\t\t\t\t<option value=\"SE\">Sweden<\/option>\n\t\t\t\t\t\t\t\t\t<option value=\"CH\">Switzerland<\/option>\n\t\t\t\t\t\t\t\t\t<option value=\"SY\">Syrian Arab Republic<\/option>\n\t\t\t\t\t\t\t\t\t<option value=\"TW\">Taiwan, Province of China<\/option>\n\t\t\t\t\t\t\t\t\t<option value=\"TJ\">Tajikistan<\/option>\n\t\t\t\t\t\t\t\t\t<option value=\"TZ\">Tanzania, United Republic of<\/option>\n\t\t\t\t\t\t\t\t\t<option value=\"TH\">Thailand<\/option>\n\t\t\t\t\t\t\t\t\t<option value=\"TL\">Timor-Leste<\/option>\n\t\t\t\t\t\t\t\t\t<option value=\"TG\">Togo<\/option>\n\t\t\t\t\t\t\t\t\t<option value=\"TK\">Tokelau<\/option>\n\t\t\t\t\t\t\t\t\t<option value=\"TO\">Tonga<\/option>\n\t\t\t\t\t\t\t\t\t<option value=\"TT\">Trinidad and Tobago<\/option>\n\t\t\t\t\t\t\t\t\t<option value=\"TN\">Tunisia<\/option>\n\t\t\t\t\t\t\t\t\t<option value=\"TR\">Turkey<\/option>\n\t\t\t\t\t\t\t\t\t<option value=\"TM\">Turkmenistan<\/option>\n\t\t\t\t\t\t\t\t\t<option value=\"TC\">Turks and Caicos Islands<\/option>\n\t\t\t\t\t\t\t\t\t<option value=\"TV\">Tuvalu<\/option>\n\t\t\t\t\t\t\t\t\t<option value=\"UG\">Uganda<\/option>\n\t\t\t\t\t\t\t\t\t<option value=\"UA\">Ukraine<\/option>\n\t\t\t\t\t\t\t\t\t<option value=\"AE\">United Arab Emirates<\/option>\n\t\t\t\t\t\t\t\t\t<option value=\"GB\">United Kingdom<\/option>\n\t\t\t\t\t\t\t\t\t<option value=\"US\">United States<\/option>\n\t\t\t\t\t\t\t\t\t<option value=\"UM\">United States Minor Outlying Islands<\/option>\n\t\t\t\t\t\t\t\t\t<option value=\"UY\">Uruguay<\/option>\n\t\t\t\t\t\t\t\t\t<option value=\"UZ\">Uzbekistan<\/option>\n\t\t\t\t\t\t\t\t\t<option value=\"VU\">Vanuatu<\/option>\n\t\t\t\t\t\t\t\t\t<option value=\"VE\">Venezuela<\/option>\n\t\t\t\t\t\t\t\t\t<option value=\"VN\">Viet Nam<\/option>\n\t\t\t\t\t\t\t\t\t<option value=\"VG\">Virgin Islands, British<\/option>\n\t\t\t\t\t\t\t\t\t<option value=\"VI\">Virgin Islands, U.s.<\/option>\n\t\t\t\t\t\t\t\t\t<option value=\"WF\">Wallis and Futuna<\/option>\n\t\t\t\t\t\t\t\t\t<option value=\"EH\">Western Sahara<\/option>\n\t\t\t\t\t\t\t\t\t<option value=\"YE\">Yemen<\/option>\n\t\t\t\t\t\t\t\t\t<option value=\"ZM\">Zambia<\/option>\n\t\t\t\t\t\t\t\t\t<option value=\"ZW\">Zimbabwe<\/option>\n\t\t\t\t\t\t\t\t\t<option value=\"Country*\">Country*<\/option>\n\t\t\t\t\t\t\t<\/select>\n\t\t<\/div>\n\t\t\t\t\t\t<\/div>\n\t\t\t\t\t\t\t\t<div class=\"elementor-field-type-html elementor-field-group elementor-column elementor-field-group-field_e060f7f elementor-col-100\">\n\t\t\t\t\t<div style=\"color:#000; font-size:14px; text-align:justify;\"><p>By checking the box below, I consent to receiving notifications from QX World Kft. about its products, services, events, and related promotions via email. I am aware that I can withdraw my consent at any time (i.e., unsubscribe from these communications) using the unsubscribe link provided in the emails. For more information about data processing, please refer to our website <a title=\"privacy notice\" href=\"\/privacy-policy\/\" style=\"color:#fff; font-weight:bolder\">privacy notice<\/a>.<\/p><\/div>\t\t\t\t<\/div>\n\t\t\t\t\t\t\t\t<div class=\"elementor-field-type-acceptance elementor-field-group elementor-column elementor-field-group-field_93cd94f elementor-col-100\">\n\t\t\t\t\t\t\t\t\t\t\t\t<label for=\"form-field-field_93cd94f\" class=\"elementor-field-label elementor-screen-only\">\n\t\t\t\t\t\t\t\tOpt in\t\t\t\t\t\t\t<\/label>\n\t\t\t\t\t\t\t\t<div class=\"elementor-field-subgroup\">\n\t\t\t<span class=\"elementor-field-option\">\n\t\t\t\t<input type=\"checkbox\" name=\"form_fields[field_93cd94f]\" id=\"form-field-field_93cd94f\" class=\"elementor-field elementor-size-sm  elementor-acceptance-field\" checked=\"checked\">\n\t\t\t\t<label for=\"form-field-field_93cd94f\"><span style=\"\">I consent to receiving direct marketing communications from QX World Kft. via email. <\/span><\/label>\t\t\t<\/span>\n\t\t<\/div>\n\t\t\t\t\t\t<\/div>\n\t\t\t\t\t\t\t\t<div class=\"elementor-field-group elementor-column elementor-field-type-submit elementor-col-100 e-form__buttons\">\n\t\t\t\t\t<button class=\"elementor-button elementor-size-sm\" type=\"submit\">\n\t\t\t\t\t\t<span class=\"elementor-button-content-wrapper\">\n\t\t\t\t\t\t\t\t\t\t\t\t\t\t\t\t\t\t\t\t\t\t<span class=\"elementor-button-text\">Subscribe<\/span>\n\t\t\t\t\t\t\t\t\t\t\t\t\t<\/span>\n\t\t\t\t\t<\/button>\n\t\t\t\t<\/div>\n\t\t\t<\/div>\n\t\t<\/form>\n\t\t\t\t\t\t<\/div>\n\t\t\t\t<\/div>\n\t\t\t\t<\/div>\n\t\t\t\t\t<\/div>\n\t\t\t\t<\/div>\n\t\t\t\t<\/div>\n\t\t","protected":false},"excerpt":{"rendered":"<p>Iratkozzon fel h\u00edrlevel\u00fcnkre Iratkozzon fel, hogy mindig kapcsolatban maradjon vel\u00fcnk, \u00e9s \u00e9rtes\u00fclj\u00f6n a legfrissebb h\u00edrekr\u0151l c\u00e9g\u00fcnkr\u0151l \u00e9s minden tev\u00e9kenys\u00e9g\u00fcnkr\u0151l!<\/p>","protected":false},"author":27,"featured_media":0,"parent":0,"menu_order":0,"comment_status":"closed","ping_status":"closed","template":"elementor_header_footer","meta":{"_acf_changed":false,"_seopress_robots_primary_cat":"","_seopress_titles_title":"","_seopress_titles_desc":"","_seopress_robots_index":"","footnotes":""},"class_list":["post-16886","page","type-page","status-publish","hentry"],"acf":[],"_links":{"self":[{"href":"https:\/\/www.qxworld.eu\/hu\/wp-json\/wp\/v2\/pages\/16886","targetHints":{"allow":["GET"]}}],"collection":[{"href":"https:\/\/www.qxworld.eu\/hu\/wp-json\/wp\/v2\/pages"}],"about":[{"href":"https:\/\/www.qxworld.eu\/hu\/wp-json\/wp\/v2\/types\/page"}],"author":[{"embeddable":true,"href":"https:\/\/www.qxworld.eu\/hu\/wp-json\/wp\/v2\/users\/27"}],"replies":[{"embeddable":true,"href":"https:\/\/www.qxworld.eu\/hu\/wp-json\/wp\/v2\/comments?post=16886"}],"version-history":[{"count":3,"href":"https:\/\/www.qxworld.eu\/hu\/wp-json\/wp\/v2\/pages\/16886\/revisions"}],"predecessor-version":[{"id":289261,"href":"https:\/\/www.qxworld.eu\/hu\/wp-json\/wp\/v2\/pages\/16886\/revisions\/289261"}],"wp:attachment":[{"href":"https:\/\/www.qxworld.eu\/hu\/wp-json\/wp\/v2\/media?parent=16886"}],"curies":[{"name":"wp","href":"https:\/\/api.w.org\/{rel}","templated":true}]}}