{"id":18294,"date":"2021-10-15T14:02:02","date_gmt":"2021-10-15T12:02:02","guid":{"rendered":"https:\/\/www.qxworld.eu\/?page_id=18294"},"modified":"2021-10-19T11:09:36","modified_gmt":"2021-10-19T09:09:36","slug":"omnis-update-old","status":"publish","type":"page","link":"https:\/\/www.qxworld.eu\/hu\/omnis-update-old\/","title":{"rendered":"Omnis Update [OLD]"},"content":{"rendered":"<h1 style=\"\">Ugorjon egyet \u00e9s n\u00e9zze meg a QX World vadonat\u00faj weboldal\u00e1t!<\/h1>\n<h1 style=\"\">Ugorjon egyet \u00e9s n\u00e9zze meg a QX World vadonat\u00faj weboldal\u00e1t!<\/h1>\n<p><span><img loading=\"lazy\" decoding=\"async\" alt=\"\" data-id=\"71\" data-init-width=\"1000\" data-init-height=\"417\" title=\"omnis_logo_wh\" src=\"https:\/\/www.qxworld.eu\/wp-content\/uploads\/2021\/10\/omnis_logo_wh-1.png\" data-width=\"457\" data-height=\"191\" style=\"\" width=\"457\" height=\"191\"><\/span><\/p>\n<h1 style=\"text-align: center;\">Az OMNIS m\u00e1r el\u00e9rhet\u0151<\/h1>\n<p style=\"text-align: center;\">Ha \u00d6nnek van SCIO, EDUCTOR vagy INDIGO k\u00e9sz\u00fcl\u00e9ke friss\u00edtsen most!<\/p>\n<h2 style=\"text-align: center;\">MI\u00c9RT UPGRADE?<\/h2>\n<p><span style=\"\"><img loading=\"lazy\" decoding=\"async\" alt=\"\" data-id=\"18403\" data-init-width=\"1920\" data-init-height=\"1403\" title=\"webside_01\" src=\"https:\/\/www.qxworld.eu\/wp-content\/uploads\/2021\/10\/webside_01.jpg\" data-width=\"422\" data-height=\"308\" style=\"\" width=\"422\" height=\"308\" ml-d=\"0\" mt-d=\"-350.5315\"><\/span><\/p>\n<h4 style=\"\">VADONAT\u00daJ MEGJELEN\u00c9S \u00c9S FELHASZN\u00c1L\u00d3I \u00c9LM\u00c9NY<\/h4>\n<p>An amazing facelift providing user friendliness, visually more attractive, using uniform backgrounds, reorganized and same size buttons, categorizing by\u00a0color\u00a0use background and much more!<\/p>\n<h4 style=\"\">AUTOMATIKUS ESZK\u00d6ZFELISMER\u00c9S<\/h4>\n<p>Automatikus eszk\u00f6zfelismer\u00e9s: a program automatikusan felismeri a csatlakoztatott eszk\u00f6zt, nem kell be\u00e1ll\u00edtani a kommunik\u00e1ci\u00f3s portot, az eszk\u00f6zt a munkamenet sor\u00e1n be- \u00e9s kih\u00fazhatja an\u00e9lk\u00fcl, hogy be kellene z\u00e1rnia a f\u0151programot!<\/p>\n<h4 style=\"\">RACIONALIZ\u00c1LT AKTIV\u00c1L\u00c1S<\/h4>\n<p>Centralized update and activation from the QXSUBSPACE App. What does that mean? You will no longer need to start the program to activate!<\/p>\n<p>Activate in the App, then run your program with no interruptions, quick and easy!&nbsp;<\/p>\n<h4 style=\"\">KIB\u0150V\u00cdTETT JELENT\u00c9ST\u00c9TEL<\/h4>\n<p style=\"\">T\u00f6bbr\u00e9teg\u0171 Smart Report funkci\u00f3, amely \u00e9rt\u00e9kes \u00e9s szab\u00e1lyos inform\u00e1ci\u00f3kat ny\u00fajt a kliensnek \u00e9s a terapeut\u00e1nak!<\/p>\n<p><span><img loading=\"lazy\" decoding=\"async\" alt=\"\" data-id=\"18418\" data-init-width=\"1920\" data-init-height=\"1403\" title=\"webside_02\" src=\"https:\/\/www.qxworld.eu\/wp-content\/uploads\/2021\/10\/webside_02.jpg\" data-width=\"488\" data-height=\"357\" style=\"\" width=\"488\" height=\"357\" mt-d=\"0\"><\/span><span style=\"\"><img loading=\"lazy\" decoding=\"async\" alt=\"\" data-id=\"19422\" data-init-width=\"1920\" data-init-height=\"1403\" title=\"webside_03\" src=\"https:\/\/www.qxworld.eu\/wp-content\/uploads\/2021\/10\/webside_03.jpg\" data-width=\"534\" data-height=\"390\" style=\"\" width=\"534\" height=\"390\" ml-d=\"0\" mt-d=\"-350.5315\"><\/span><\/p>\n<h4>NYELVV\u00c1LT\u00c1S MENET K\u00d6ZBEN<\/h4>\n<p dir=\"ltr\">\u00c9l\u0151 nyelvv\u00e1lt\u00f3: v\u00e1ltson angolr\u00f3l egy m\u00e1sik nyelvre, mik\u00f6zben a munkamenet fut!&nbsp;<\/p>\n<h4 style=\"\">M\u00c9G T\u00d6BB ESZK\u00d6ZZEL M\u0170K\u00d6DIK!<\/h4>\n<p dir=\"ltr\">Communication with the device completely rewritten to be faster, more efficient and adaptable to create compatibility with other operating systems like iOS, Mac, Linux, Android.<\/p>\n<h2 style=\"text-align: center;\">HOGYAN LEHET FRISS\u00cdTENI?<\/h2>\n<h1 style=\"\">Ismerkedjen meg az \u00f6sszes \u00faj funkci\u00f3val!<\/h1>\n<p style=\"\">T\u00f6ltse le az OMNIS kickstart \u00fatmutat\u00f3t!<\/p>\n<h2 style=\"text-align: center;\">Bonuses!<\/h2>\n<p style=\"text-align: center;\">K\u00e9sz\u00edtett\u00fcnk n\u00e9h\u00e1ny tov\u00e1bbi finoms\u00e1got az \u00d6n sz\u00e1m\u00e1ra!<\/p>\n<h4 data-hide=\"true\" style=\"text-align: center;\">OMNIS \u2013 A PORTAL TO A NEW DIMENSION<\/h4>\n<h4 data-hide=\"true\" style=\"text-align: center;\">R\u00c9SZLETES FRISS\u00cdT\u00c9SI K\u00c9ZIK\u00d6NYV<\/h4>\n<h4 data-hide=\"true\" style=\"text-align: center;\">OMNIS SMART REPORT K\u00c9ZIK\u00d6NYV<\/h4>\n<h4 data-hide=\"true\" style=\"text-align: center;\">AZ \u00daJ DEGEN SCAN K\u00c9ZIK\u00d6NYV<\/h4>\n<h2 style=\"text-align: center;\">QXSTRIANS AKIK SZERETIK AZ OMNIT<\/h2>\n<p><span><img loading=\"lazy\" decoding=\"async\" alt=\"\" data-id=\"2999\" data-init-width=\"250\" data-init-height=\"250\" title=\"Ommi_testimonial-7\" src=\"https:\/\/www.qxworld.eu\/wp-content\/uploads\/2021\/10\/Ommi_testimonial-7.jpg\" data-width=\"100\" data-height=\"100\" style=\"\" width=\"100\" height=\"100\"><\/span><\/p>\n<h5 style=\"text-align: center;\">Dr. Julia S., Baltimore<\/h5>\n<p style=\"\">\"Az OMNIS val\u00f3ban elm\u00e9ly\u00edti az \u00fcl\u00e9seink sor\u00e1n szerzett betekint\u00e9st, \u00e9s mindenk\u00e9ppen el\u0151rel\u00e9p\u00e9s az EDUCTOR64-hez k\u00e9pest.\"<\/p>\n<p><span><img loading=\"lazy\" decoding=\"async\" alt=\"\" data-id=\"2997\" data-init-width=\"250\" data-init-height=\"250\" title=\"Ommi_testimonial-5\" src=\"https:\/\/www.qxworld.eu\/wp-content\/uploads\/2021\/10\/Ommi_testimonial-5.jpg\" data-width=\"100\" data-height=\"100\" style=\"\" width=\"100\" height=\"100\"><\/span><\/p>\n<h5 style=\"text-align: center;\">Dr. Muhammad D., \u00dajdelhi<\/h5>\n<p style=\"\">\"Az OMNIS-ban k\u00fcl\u00f6n\u00f6sen tetszik az, ahogyan ezeket az \u00f6sszetett modulokat integr\u00e1lja.\"<\/p>\n<p><span><img loading=\"lazy\" decoding=\"async\" alt=\"\" data-id=\"3001\" data-init-width=\"250\" data-init-height=\"250\" title=\"Ommi_testimonial-10\" src=\"https:\/\/www.qxworld.eu\/wp-content\/uploads\/2021\/10\/Ommi_testimonial-10.jpg\" data-width=\"100\" data-height=\"100\" style=\"\" width=\"100\" height=\"100\"><\/span><\/p>\n<h5 style=\"text-align: center;\">Genevieve A., P\u00e1rizs<\/h5>\n<p style=\"\">\"K\u00f6nny\u0171 haszn\u00e1lni, neh\u00e9z elsaj\u00e1t\u00edtani. Szerencs\u00e9re a QX munkat\u00e1rsai \u00e9s az \u00f3ri\u00e1si mennyis\u00e9g\u0171 oktat\u00e1si anyag seg\u00edt, hogy l\u00e9p\u00e9st tartsak az \u00faj funkci\u00f3kkal.\"<\/p>\n<p style=\"text-align: center;\">Disclaimer on privacyTo respect the law on patient privacy and medical confidentiality, some names and illustrations were altered<\/p>\n<h2 style=\"\">Legy\u00e9l QXstrian!<\/h2>\n<p style=\"\">Iratkozzon fel h\u00edrlevel\u00fcnkre!<\/p>","protected":false},"excerpt":{"rendered":"<p>Take a leap and check out the brand new website of QX World! Take a leap and check out the brand new website of QX World! OMNIS IS HERE UPDATE YOUR SCIO, EDUCTOR &amp; INDIGO DEVICES NOW! WHY UPGRADE? BRAND NEW LOOKS AND USER EXPERIENCE An amazing facelift providing user friendliness, visually more attractive, using [&hellip;]<\/p>\n","protected":false},"author":28,"featured_media":0,"parent":0,"menu_order":0,"comment_status":"closed","ping_status":"closed","template":"","meta":{"_acf_changed":false,"_seopress_robots_primary_cat":"","_seopress_titles_title":"","_seopress_titles_desc":"","_seopress_robots_index":"","footnotes":""},"class_list":["post-18294","page","type-page","status-publish","hentry"],"acf":[],"_links":{"self":[{"href":"https:\/\/www.qxworld.eu\/hu\/wp-json\/wp\/v2\/pages\/18294","targetHints":{"allow":["GET"]}}],"collection":[{"href":"https:\/\/www.qxworld.eu\/hu\/wp-json\/wp\/v2\/pages"}],"about":[{"href":"https:\/\/www.qxworld.eu\/hu\/wp-json\/wp\/v2\/types\/page"}],"author":[{"embeddable":true,"href":"https:\/\/www.qxworld.eu\/hu\/wp-json\/wp\/v2\/users\/28"}],"replies":[{"embeddable":true,"href":"https:\/\/www.qxworld.eu\/hu\/wp-json\/wp\/v2\/comments?post=18294"}],"version-history":[{"count":0,"href":"https:\/\/www.qxworld.eu\/hu\/wp-json\/wp\/v2\/pages\/18294\/revisions"}],"wp:attachment":[{"href":"https:\/\/www.qxworld.eu\/hu\/wp-json\/wp\/v2\/media?parent=18294"}],"curies":[{"name":"wp","href":"https:\/\/api.w.org\/{rel}","templated":true}]}}