{"id":1921,"date":"2021-04-27T11:20:32","date_gmt":"2021-04-27T09:20:32","guid":{"rendered":"https:\/\/qxworld.eu\/?page_id=1921"},"modified":"2026-01-29T09:26:39","modified_gmt":"2026-01-29T08:26:39","slug":"visszaterites-visszaterites","status":"publish","type":"page","link":"https:\/\/www.qxworld.eu\/hu\/refund-return\/","title":{"rendered":"Visszat\u00e9r\u00edt\u00e9s \u00e9s visszak\u00fcld\u00e9s"},"content":{"rendered":"<div data-elementor-type=\"wp-page\" data-elementor-id=\"1921\" class=\"elementor elementor-1921\" data-elementor-post-type=\"page\">\n\t\t\t\t\t\t<section class=\"elementor-section elementor-top-section elementor-element elementor-element-3fbbc423 elementor-section-full_width elementor-section-height-default elementor-section-height-default\" data-id=\"3fbbc423\" data-element_type=\"section\" data-e-type=\"section\" data-settings=\"{&quot;background_background&quot;:&quot;classic&quot;,&quot;jet_parallax_layout_list&quot;:[]}\">\n\t\t\t\t\t\t<div class=\"elementor-container elementor-column-gap-default\">\n\t\t\t\t\t<div class=\"elementor-column elementor-col-100 elementor-top-column elementor-element elementor-element-3dd68391\" data-id=\"3dd68391\" data-element_type=\"column\" data-e-type=\"column\">\n\t\t\t<div class=\"elementor-widget-wrap elementor-element-populated\">\n\t\t\t\t\t\t<div class=\"elementor-element elementor-element-4899b041 elementor-widget elementor-widget-heading\" data-id=\"4899b041\" data-element_type=\"widget\" data-e-type=\"widget\" data-widget_type=\"heading.default\">\n\t\t\t\t<div class=\"elementor-widget-container\">\n\t\t\t\t\t<h1 class=\"elementor-heading-title elementor-size-default\">Visszat\u00e9r\u00edt\u00e9s \u00e9s visszat\u00e9r\u00edt\u00e9s<\/h1>\t\t\t\t<\/div>\n\t\t\t\t<\/div>\n\t\t\t\t\t<\/div>\n\t\t<\/div>\n\t\t\t\t\t<\/div>\n\t\t<\/section>\n\t\t\t\t<section class=\"elementor-section elementor-top-section elementor-element elementor-element-940e4b6 elementor-section-full_width elementor-section-height-default elementor-section-height-default\" data-id=\"940e4b6\" data-element_type=\"section\" data-e-type=\"section\" data-settings=\"{&quot;background_background&quot;:&quot;classic&quot;,&quot;jet_parallax_layout_list&quot;:[]}\">\n\t\t\t\t\t\t<div class=\"elementor-container elementor-column-gap-default\">\n\t\t\t\t\t<div class=\"elementor-column elementor-col-100 elementor-top-column elementor-element elementor-element-edbb1d7\" data-id=\"edbb1d7\" data-element_type=\"column\" data-e-type=\"column\">\n\t\t\t<div class=\"elementor-widget-wrap elementor-element-populated\">\n\t\t\t\t\t\t<div class=\"elementor-element elementor-element-613ef46 elementor-widget elementor-widget-text-editor\" data-id=\"613ef46\" data-element_type=\"widget\" data-e-type=\"widget\" data-widget_type=\"text-editor.default\">\n\t\t\t\t<div class=\"elementor-widget-container\">\n\t\t\t\t\t\t\t\t\t<p>K\u00f6sz\u00f6nj\u00fck, hogy a qxworld.eu-n\u00e1l v\u00e1s\u00e1rolt! Rem\u00e9lj\u00fck, hogy kellemes volt a tapasztalat, \u00e9s rem\u00e9lj\u00fck, hogy hamarosan tal\u00e1lkozunk! C\u00e9g\u00fcnk arra t\u00f6rekszik, hogy a legmagasabb min\u0151s\u00e9gi sz\u00ednvonalat \u00e9rje el \u00e9s nagyszer\u0171 v\u00e1s\u00e1rl\u00e1si \u00e9lm\u00e9nyt biztos\u00edtson!<\/p><p>\u00a0<\/p><p>Ha azonban nem teljesen el\u00e9gedett a v\u00e1s\u00e1rl\u00e1ssal, az al\u00e1bbiakban a visszak\u00fcld\u00e9sre, visszat\u00e9r\u00edt\u00e9sre \u00e9s sz\u00e1ll\u00edt\u00e1sra vonatkoz\u00f3 felt\u00e9teleinket tal\u00e1lja.<\/p><p>\u00a0<\/p><p>A term\u00e9k visszak\u00fcld\u00e9s\u00e9re 15 napt\u00e1ri nap \u00e1ll rendelkez\u00e9s\u00e9re a k\u00e9zhezv\u00e9telt\u0151l sz\u00e1m\u00edtva. A visszak\u00fcld\u00e9sre val\u00f3 jogosults\u00e1g felt\u00e9tele, hogy a term\u00e9knek nem haszn\u00e1ltnak \u00e9s ugyanolyan \u00e1llapotban kell lennie, mint ahogyan azt megkapta. A term\u00e9knek az eredeti csomagol\u00e1sban kell lennie, \u00e9s rendelkeznie kell a v\u00e1s\u00e1rl\u00e1st igazol\u00f3 sz\u00e1ml\u00e1val vagy bizonylattal.<\/p><p>\u00a0<\/p><p>Amint megkapjuk a term\u00e9ket, megvizsg\u00e1ljuk azt, \u00e9s \u00e9rtes\u00edtj\u00fck \u00d6nt, hogy megkaptuk a visszak\u00fcld\u00f6tt term\u00e9ket. Azonnal \u00e9rtes\u00edtj\u00fck \u00d6nt a visszat\u00e9r\u00edt\u00e9s st\u00e1tusz\u00e1r\u00f3l, miut\u00e1n megvizsg\u00e1ltuk a term\u00e9ket. Ha a visszak\u00fcld\u00e9st j\u00f3v\u00e1hagytuk, kezdem\u00e9nyezz\u00fck a visszat\u00e9r\u00edt\u00e9st a hitelk\u00e1rty\u00e1j\u00e1ra (vagy az eredeti fizet\u00e9si m\u00f3dra). A j\u00f3v\u00e1\u00edr\u00e1st 30 napon bel\u00fcl megkapja, a k\u00e1rtyakibocs\u00e1t\u00f3 szab\u00e1lyait\u00f3l f\u00fcgg\u0151en.<\/p><p>\u00a0<\/p><p>A term\u00e9k visszak\u00fcld\u00e9s\u00e9nek sz\u00e1ll\u00edt\u00e1si k\u00f6lts\u00e9geit \u00d6n maga viseli. A sz\u00e1ll\u00edt\u00e1si k\u00f6lts\u00e9gek nem visszat\u00e9r\u00edthet\u0151k. Ha visszat\u00e9r\u00edt\u00e9st kap, a visszak\u00fcld\u00e9s k\u00f6lts\u00e9ge levon\u00e1sra ker\u00fcl a visszat\u00e9r\u00edt\u00e9sb\u0151l.<\/p>\t\t\t\t\t\t\t\t<\/div>\n\t\t\t\t<\/div>\n\t\t\t\t\t<\/div>\n\t\t<\/div>\n\t\t\t\t\t<\/div>\n\t\t<\/section>\n\t\t\t\t<\/div>","protected":false},"excerpt":{"rendered":"<p>Refund &amp; return Thank you for shopping at qxworld.eu! We hope your experience was pleasant and we hope to see you soon! Our company strives to reach the highest standards of quality and ensure a great shopping experience! \u00a0 However if you are not entirely satisfied with your purchase, below you have our terms and [&hellip;]<\/p>\n","protected":false},"author":1,"featured_media":0,"parent":0,"menu_order":0,"comment_status":"closed","ping_status":"closed","template":"elementor_header_footer","meta":{"_acf_changed":false,"_seopress_robots_primary_cat":"","_seopress_titles_title":"","_seopress_titles_desc":"","_seopress_robots_index":"","footnotes":""},"class_list":["post-1921","page","type-page","status-publish","hentry"],"acf":[],"_links":{"self":[{"href":"https:\/\/www.qxworld.eu\/hu\/wp-json\/wp\/v2\/pages\/1921","targetHints":{"allow":["GET"]}}],"collection":[{"href":"https:\/\/www.qxworld.eu\/hu\/wp-json\/wp\/v2\/pages"}],"about":[{"href":"https:\/\/www.qxworld.eu\/hu\/wp-json\/wp\/v2\/types\/page"}],"author":[{"embeddable":true,"href":"https:\/\/www.qxworld.eu\/hu\/wp-json\/wp\/v2\/users\/1"}],"replies":[{"embeddable":true,"href":"https:\/\/www.qxworld.eu\/hu\/wp-json\/wp\/v2\/comments?post=1921"}],"version-history":[{"count":6,"href":"https:\/\/www.qxworld.eu\/hu\/wp-json\/wp\/v2\/pages\/1921\/revisions"}],"predecessor-version":[{"id":362460,"href":"https:\/\/www.qxworld.eu\/hu\/wp-json\/wp\/v2\/pages\/1921\/revisions\/362460"}],"wp:attachment":[{"href":"https:\/\/www.qxworld.eu\/hu\/wp-json\/wp\/v2\/media?parent=1921"}],"curies":[{"name":"wp","href":"https:\/\/api.w.org\/{rel}","templated":true}]}}