{"id":1927,"date":"2021-04-27T11:31:51","date_gmt":"2021-04-27T09:31:51","guid":{"rendered":"https:\/\/qxworld.eu\/?page_id=1927"},"modified":"2021-04-27T11:35:25","modified_gmt":"2021-04-27T09:35:25","slug":"disclaimer","status":"publish","type":"page","link":"https:\/\/www.qxworld.eu\/hu\/disclaimer\/","title":{"rendered":"Jogi nyilatkozat"},"content":{"rendered":"<div data-elementor-type=\"wp-page\" data-elementor-id=\"1927\" class=\"elementor elementor-1927\" data-elementor-post-type=\"page\">\n\t\t\t\t\t\t<section class=\"elementor-section elementor-top-section elementor-element elementor-element-3fbbc423 elementor-section-full_width elementor-section-height-default elementor-section-height-default\" data-id=\"3fbbc423\" data-element_type=\"section\" data-e-type=\"section\" data-settings=\"{&quot;background_background&quot;:&quot;classic&quot;,&quot;jet_parallax_layout_list&quot;:[]}\">\n\t\t\t\t\t\t<div class=\"elementor-container elementor-column-gap-default\">\n\t\t\t\t\t<div class=\"elementor-column elementor-col-100 elementor-top-column elementor-element elementor-element-3dd68391\" data-id=\"3dd68391\" data-element_type=\"column\" data-e-type=\"column\">\n\t\t\t<div class=\"elementor-widget-wrap elementor-element-populated\">\n\t\t\t\t\t\t<div class=\"elementor-element elementor-element-4899b041 elementor-widget elementor-widget-heading\" data-id=\"4899b041\" data-element_type=\"widget\" data-e-type=\"widget\" data-widget_type=\"heading.default\">\n\t\t\t\t<div class=\"elementor-widget-container\">\n\t\t\t\t\t<h1 class=\"elementor-heading-title elementor-size-default\">Jogi nyilatkozat<\/h1>\t\t\t\t<\/div>\n\t\t\t\t<\/div>\n\t\t\t\t\t<\/div>\n\t\t<\/div>\n\t\t\t\t\t<\/div>\n\t\t<\/section>\n\t\t\t\t<section class=\"elementor-section elementor-top-section elementor-element elementor-element-940e4b6 elementor-section-full_width elementor-section-height-default elementor-section-height-default\" data-id=\"940e4b6\" data-element_type=\"section\" data-e-type=\"section\" data-settings=\"{&quot;background_background&quot;:&quot;classic&quot;,&quot;jet_parallax_layout_list&quot;:[]}\">\n\t\t\t\t\t\t<div class=\"elementor-container elementor-column-gap-default\">\n\t\t\t\t\t<div class=\"elementor-column elementor-col-100 elementor-top-column elementor-element elementor-element-edbb1d7\" data-id=\"edbb1d7\" data-element_type=\"column\" data-e-type=\"column\">\n\t\t\t<div class=\"elementor-widget-wrap elementor-element-populated\">\n\t\t\t\t\t\t<div class=\"elementor-element elementor-element-613ef46 elementor-widget elementor-widget-text-editor\" data-id=\"613ef46\" data-element_type=\"widget\" data-e-type=\"widget\" data-widget_type=\"text-editor.default\">\n\t\t\t\t<div class=\"elementor-widget-container\">\n\t\t\t\t\t\t\t\t\t<p>The information contained on www.qxsubspace.com is for general information purposes only. QX World KFT assumes no responsibility for errors or omissions in the contents on this website.<\/p><p>\u00a0<\/p><p>In no event shall QX World KFT be liable for any special, direct, indirect, consequential, or incidental damages or any damages whatsoever, whether in an action of contract, negligence or other tort, arising out of or in connection with the use of and contents of this website. We reserve the right to make additions, deletions, or modification to the contents on the website at any time without prior notice. QX World KFT does not warrant that the website is free of viruses or other harmful components.<\/p><p>\u00a0<\/p><p>QX World KFT, is registered in Hungary under company number 01-09-296566, EU VAT number: HU23957934 and with our registered office at Tinodi street 1-3, A. building, IV floor, door 93, 1095 Budapest, Hungary.<\/p><p>\u00a0<\/p><p>Kapcsolatba l\u00e9phet vel\u00fcnk a info@qxsubspace.com c\u00edmen vagy telefonon a +1 (989) 681-1063 vagy +36 (21) 252-3799 vagy +1 (347) 480-1549 vagy +36 (21) 252-3799 sz\u00e1mon.<\/p><p>\u00a0<\/p><p><strong>Szeretn\u00e9nk megk\u00f6sz\u00f6nni, hogy megl\u00e1togatta honlapunkat! T\u00e1j\u00e9koztatnunk kell, hogy ha tov\u00e1bbra is b\u00f6ng\u00e9szi \u00e9s haszn\u00e1lja ezt a weboldalt, ezzel elismeri, hogy elolvasta \u00e9s meg\u00e9rtette a felhaszn\u00e1l\u00e1si felt\u00e9teleket \u00e9s az adatv\u00e9delmi szab\u00e1lyzatunkat, elfogadja ezeket a meg\u00e1llapod\u00e1sokat, \u00e9s beleegyezik, hogy betartja \u00e9s mag\u00e1ra n\u00e9zve k\u00f6telez\u0151nek tekinti azokat. Ha nem \u00e9rt egyet a jelen felt\u00e9telek b\u00e1rmely r\u00e9sz\u00e9vel, k\u00e9rj\u00fck, ne haszn\u00e1lja weboldalunkat.<\/strong><\/p>\t\t\t\t\t\t\t\t<\/div>\n\t\t\t\t<\/div>\n\t\t\t\t\t<\/div>\n\t\t<\/div>\n\t\t\t\t\t<\/div>\n\t\t<\/section>\n\t\t\t\t<\/div>","protected":false},"excerpt":{"rendered":"<p>Disclaimer The information contained on www.qxsubspace.com is for general information purposes only. QX World KFT assumes no responsibility for errors or omissions in the contents on this website. \u00a0 In no event shall QX World KFT be liable for any special, direct, indirect, consequential, or incidental damages or any damages whatsoever, whether in an action [&hellip;]<\/p>\n","protected":false},"author":1,"featured_media":0,"parent":0,"menu_order":0,"comment_status":"closed","ping_status":"closed","template":"elementor_header_footer","meta":{"_acf_changed":false,"_seopress_robots_primary_cat":"","_seopress_titles_title":"","_seopress_titles_desc":"","_seopress_robots_index":"","footnotes":""},"class_list":["post-1927","page","type-page","status-publish","hentry"],"acf":[],"_links":{"self":[{"href":"https:\/\/www.qxworld.eu\/hu\/wp-json\/wp\/v2\/pages\/1927","targetHints":{"allow":["GET"]}}],"collection":[{"href":"https:\/\/www.qxworld.eu\/hu\/wp-json\/wp\/v2\/pages"}],"about":[{"href":"https:\/\/www.qxworld.eu\/hu\/wp-json\/wp\/v2\/types\/page"}],"author":[{"embeddable":true,"href":"https:\/\/www.qxworld.eu\/hu\/wp-json\/wp\/v2\/users\/1"}],"replies":[{"embeddable":true,"href":"https:\/\/www.qxworld.eu\/hu\/wp-json\/wp\/v2\/comments?post=1927"}],"version-history":[{"count":0,"href":"https:\/\/www.qxworld.eu\/hu\/wp-json\/wp\/v2\/pages\/1927\/revisions"}],"wp:attachment":[{"href":"https:\/\/www.qxworld.eu\/hu\/wp-json\/wp\/v2\/media?parent=1927"}],"curies":[{"name":"wp","href":"https:\/\/api.w.org\/{rel}","templated":true}]}}